{"id":10311,"date":"2020-02-21T10:34:24","date_gmt":"2020-02-21T09:34:24","guid":{"rendered":"https:\/\/estudios.umh.es\/?page_id=10311"},"modified":"2026-02-16T12:55:09","modified_gmt":"2026-02-16T11:55:09","slug":"verificacion-de-titulos-oficiales","status":"publish","type":"page","link":"https:\/\/estudios.umh.es\/ca\/expedicion-titulos\/verificacion-de-titulos-oficiales\/","title":{"rendered":"VERIFICACI\u00d3 DE T\u00cdTULOS OFICIAL MITJAN\u00c7ANT LA WEB DEL MINISTERI COMPETENT"},"content":{"rendered":"<p><span style=\"font-family: 'Arial',sans-serif;font-size: 12pt\"><span dir=\"auto\" style=\"vertical-align: inherit\"><span dir=\"auto\" style=\"vertical-align: inherit\">Us informem que la verificaci\u00f3 dels t\u00edtols oficials obtinguts a Espanya es pot realitzar a trav\u00e9s del Ministeri competent.&nbsp; <\/span><\/span><\/span><span style=\"font-family: Calibri\"><span style=\"font-family: 'Arial',sans-serif;font-size: 12pt\"><span dir=\"auto\" style=\"vertical-align: inherit\"><span dir=\"auto\" style=\"vertical-align: inherit\">En aquest lloc web es poden verificar els t\u00edtols oficials obtinguts a Espanya a partir de l&#8217;any 1991.&nbsp;<\/span><\/span><\/span><\/span><span dir=\"auto\" style=\"vertical-align: inherit\"><span dir=\"auto\" style=\"vertical-align: inherit\"> La persona titulada pot accedir al Registre Nacional de T\u00edtols i autoritzar un tercer mitjan\u00e7ant la generaci\u00f3 d&#8217;un codi que li donar\u00e0 acc\u00e9s a les dades. Tamb\u00e9 s&#8217;ofereix l&#8217;opci\u00f3 de generar un PDF amb la relaci\u00f3 dels t\u00edtols obtinguts, al peu de p\u00e0gina dels quals apareix el codi generat i l&#8217;enlla\u00e7 directe per a la seva verificaci\u00f3 per tercers.<\/span><\/span><\/p>\n<p><span dir=\"auto\" style=\"vertical-align: inherit\"><span dir=\"auto\" style=\"vertical-align: inherit\">El procediment \u00e9s el seg\u00fcent:&nbsp;<\/span><\/span><\/p>\n<ul>\n<li><a href=\"https:\/\/universidades.sede.gob.es\/pagina\/index\/directorio\/consulta_titulos\" target=\"_blank\" rel=\"noopener\"><span dir=\"auto\" style=\"vertical-align: inherit\"><span dir=\"auto\" style=\"vertical-align: inherit\">Generaci\u00f3 de codi<\/span><\/span><img loading=\"lazy\" class=\"alignnone wp-image-31436 size-full\" src=\"https:\/\/estudios.umh.es\/files\/2021\/11\/abre-en-nueva-ventana.png\" alt=\"(obriu en nova finestra)\" width=\"15\" height=\"15\"><\/a><span dir=\"auto\" style=\"vertical-align: inherit\"><span dir=\"auto\" style=\"vertical-align: inherit\"> per part de la persona titulada. Haureu de fer clic a l&#8217;enlla\u00e7 facilitat, accedir al servei on-line i identificar-se de forma electr\u00f2nica. Un cop generat el codi, la persona interessada podr\u00e0 compartir-lo amb tercers mitjan\u00e7ant el PDF generat o, remetent el codi a qui correspongui.<\/span><\/span><\/li>\n<li><span dir=\"auto\" style=\"vertical-align: inherit\"><span dir=\"auto\" style=\"vertical-align: inherit\">Les entitats o empreses poden realitzar la <\/span><\/span><a href=\"https:\/\/sede.educacion.gob.es\/registrotitulos\/\" target=\"_blank\" rel=\"noopener\"><span dir=\"auto\" style=\"vertical-align: inherit\"><span dir=\"auto\" style=\"vertical-align: inherit\">verificaci\u00f3 del t\u00edtol<\/span><\/span><img loading=\"lazy\" class=\"alignnone wp-image-31436 size-full\" src=\"https:\/\/estudios.umh.es\/files\/2021\/11\/abre-en-nueva-ventana.png\" alt=\"(obriu en nova finestra)\" width=\"15\" height=\"15\"><\/a><span dir=\"auto\" style=\"vertical-align: inherit\"><span dir=\"auto\" style=\"vertical-align: inherit\"> . El codi generat t\u00e9 un termini de validesa establert per la persona interessada.<\/span><\/span><\/li>\n<\/ul>\n<p><\/p>","protected":false},"excerpt":{"rendered":"<p>Us informem que la verificaci\u00f3 dels t\u00edtols oficials obtinguts a Espanya es pot realitzar a trav\u00e9s del Ministeri competent.&nbsp; En aquest lloc web es poden verificar els t\u00edtols oficials obtinguts a Espanya a partir de l&#8217;any 1991.&nbsp; La persona titulada pot accedir al Registre Nacional de T\u00edtols i autoritzar un tercer mitjan\u00e7ant la generaci\u00f3 d&#8217;un [&#8230;]<\/p>\n","protected":false},"author":1688,"featured_media":0,"parent":24,"menu_order":21,"comment_status":"closed","ping_status":"closed","template":"","meta":{"ngg_post_thumbnail":0,"_links_to":"","_links_to_target":""},"_links":{"self":[{"href":"https:\/\/estudios.umh.es\/ca\/wp-json\/wp\/v2\/pages\/10311"}],"collection":[{"href":"https:\/\/estudios.umh.es\/ca\/wp-json\/wp\/v2\/pages"}],"about":[{"href":"https:\/\/estudios.umh.es\/ca\/wp-json\/wp\/v2\/types\/page"}],"author":[{"embeddable":true,"href":"https:\/\/estudios.umh.es\/ca\/wp-json\/wp\/v2\/users\/1688"}],"replies":[{"embeddable":true,"href":"https:\/\/estudios.umh.es\/ca\/wp-json\/wp\/v2\/comments?post=10311"}],"version-history":[{"count":0,"href":"https:\/\/estudios.umh.es\/ca\/wp-json\/wp\/v2\/pages\/10311\/revisions"}],"up":[{"embeddable":true,"href":"https:\/\/estudios.umh.es\/ca\/wp-json\/wp\/v2\/pages\/24"}],"wp:attachment":[{"href":"https:\/\/estudios.umh.es\/ca\/wp-json\/wp\/v2\/media?parent=10311"}],"curies":[{"name":"wp","href":"https:\/\/api.w.org\/{rel}","templated":true}]}}