{"id":107,"date":"2014-03-24T11:52:22","date_gmt":"2014-03-24T11:52:22","guid":{"rendered":"http:\/\/estudios.zeus.umh.es\/?page_id=107"},"modified":"2025-11-25T14:14:04","modified_gmt":"2025-11-25T13:14:04","slug":"plazos-de-anulacion-de-matricula","status":"publish","type":"page","link":"https:\/\/estudios.umh.es\/ca\/anulacion-de-matricula\/plazos-de-anulacion-de-matricula\/","title":{"rendered":"TERMINIS D&#8217;ANUL\u00b7LACI\u00d3 DE MATR\u00cdCULA I SOL\u00b7LICITUD"},"content":{"rendered":"<p>Els per\u00edodes establits en el calendari acad\u00e8mic de la UMH del curs acad\u00e8mic 2025\/2026, per a l&#8217;anul\u00b7laci\u00f3 de la matr\u00edcula s\u00f3n els seg\u00fcents:<\/p>\n<p style=\"text-align: left\">Estudiants de Grau i M\u00e0ster:<\/p>\n<ul style=\"text-align: left\">\n<li>Anul\u00b7laci\u00f3 de la matr\u00edcula amb devoluci\u00f3 de preus p\u00fablics: fins el 31 d&#8217;octubre de 2025. <strong>Sol\u00b7licitud:<\/strong> Des de l&#8217;acc\u00e9s identificat: Anul\u00b7laci\u00f3 volunt\u00e0ria de matr\u00edcula.<\/li>\n<li>Anul\u00b7laci\u00f3 de la matr\u00edcula per causes de for\u00e7a major: des del 1 de novembre de 2025 fins a la finalitzaci\u00f3 del curs acad\u00e8mic 2025\/2026. <a href=\"https:\/\/sede.umh.es\/ca\/procedimientos\/instancia-general\/\" target=\"_blank\" rel=\"noopener\">Sol\u00b7licitud<img src=\"https:\/\/estudios.umh.es\/files\/2021\/11\/abre-en-nueva-ventana.png\" alt=\"(abre en nueva ventana)\"><\/a> dirigida al Vicerectorat d&#8217;Estudiants i Coordinaci\u00f3, indicant el motiu i adjuntant la documentaci\u00f3 acreditativa.<\/li>\n<\/ul>\n<p style=\"text-align: left\">Estudiants de Doctorat:<\/p>\n<ul>\n<li style=\"text-align: left\">Anul\u00b7laci\u00f3 de la matr\u00edcula amb devoluci\u00f3 de preus p\u00fablics: fins el 1 de decembre de 2025. <strong>Sol\u00b7licitud:<\/strong> Des de l&#8217;acc\u00e9s identificat: Anul\u00b7laci\u00f3 volunt\u00e0ria de matr\u00edcula.<\/li>\n<li style=\"text-align: left\">Anul\u00b7laci\u00f3 de la matr\u00edcula per causes de for\u00e7a major: desde el 2 de diciembre de 2025 hasta la finalizaci\u00f3n del curso acad\u00e9mico 2025\/2026.&nbsp; <a href=\"https:\/\/sede.umh.es\/ca\/procedimientos\/instancia-general\/\" target=\"_blank\" rel=\"noopener\">Sol\u00b7licitud<img src=\"https:\/\/estudios.umh.es\/files\/2021\/11\/abre-en-nueva-ventana.png\" alt=\"(abre en nueva ventana)\"><\/a> &nbsp;dirigida al Vicerectorat d&#8217;Estudiants i Coordinaci\u00f3, indicant el motiu i adjuntant la documentaci\u00f3 acreditativa.<\/li>\n<\/ul>\n<p><\/p>","protected":false},"excerpt":{"rendered":"<p>Els per\u00edodes establits en el calendari acad\u00e8mic de la UMH del curs acad\u00e8mic 2025\/2026, per a l&#8217;anul\u00b7laci\u00f3 de la matr\u00edcula s\u00f3n els seg\u00fcents:<br \/>\nEstudiants de Grau i M\u00e0ster:<\/p>\n<p>Anul\u00b7laci\u00f3 de la matr\u00edcula amb devoluci\u00f3 de preus p\u00fablics: fins el 31 d&#8217;octubre de 2025. Sol\u00b7licitud: Des de l&#8217;acc\u00e9s identificat: Anul\u00b7laci\u00f3 volunt\u00e0ria de matr\u00edcula.<br \/>\nAnul\u00b7laci\u00f3 de la matr\u00edcula per causes [&#8230;]<\/p>\n","protected":false},"author":219,"featured_media":0,"parent":89,"menu_order":20,"comment_status":"closed","ping_status":"open","template":"","meta":{"ngg_post_thumbnail":0,"_links_to":"","_links_to_target":""},"_links":{"self":[{"href":"https:\/\/estudios.umh.es\/ca\/wp-json\/wp\/v2\/pages\/107"}],"collection":[{"href":"https:\/\/estudios.umh.es\/ca\/wp-json\/wp\/v2\/pages"}],"about":[{"href":"https:\/\/estudios.umh.es\/ca\/wp-json\/wp\/v2\/types\/page"}],"author":[{"embeddable":true,"href":"https:\/\/estudios.umh.es\/ca\/wp-json\/wp\/v2\/users\/219"}],"replies":[{"embeddable":true,"href":"https:\/\/estudios.umh.es\/ca\/wp-json\/wp\/v2\/comments?post=107"}],"version-history":[{"count":0,"href":"https:\/\/estudios.umh.es\/ca\/wp-json\/wp\/v2\/pages\/107\/revisions"}],"up":[{"embeddable":true,"href":"https:\/\/estudios.umh.es\/ca\/wp-json\/wp\/v2\/pages\/89"}],"wp:attachment":[{"href":"https:\/\/estudios.umh.es\/ca\/wp-json\/wp\/v2\/media?parent=107"}],"curies":[{"name":"wp","href":"https:\/\/api.w.org\/{rel}","templated":true}]}}