{"id":11649,"date":"2021-03-30T11:11:20","date_gmt":"2021-03-30T09:11:20","guid":{"rendered":"https:\/\/estudios.umh.es\/?page_id=11649"},"modified":"2026-03-31T09:42:45","modified_gmt":"2026-03-31T07:42:45","slug":"informacion-proteccion-de-datos","status":"publish","type":"page","link":"https:\/\/estudios.umh.es\/ca\/presentacion\/informacion-proteccion-de-datos\/","title":{"rendered":"INFORMACI\u00d3 SOBRE PROTECCI\u00d3 DE DADES"},"content":{"rendered":"<p><\/p>\n<ul>\n<li><span dir=\"auto\" style=\"vertical-align: inherit\"><span dir=\"auto\" style=\"vertical-align: inherit\">AEROC\u00c0MERES<\/span><\/span>\n<ul>\n<li><a href=\"https:\/\/estudios.umh.es\/files\/2026\/01\/Proteccion-de-datos_UMH_Aerocamaras_Matricula.pdf\"><span dir=\"auto\" style=\"vertical-align: inherit\"><span dir=\"auto\" style=\"vertical-align: inherit\">Protecci\u00f3 de dades UMH Aerocambras SL Matr\u00edcula. PDF. 150KB (castell\u00e0)<\/span><\/span><\/a><span dir=\"auto\" style=\"vertical-align: inherit\"><span dir=\"auto\" style=\"vertical-align: inherit\">&nbsp;.<\/span><\/span><\/li>\n<li><a href=\"https:\/\/estudios.umh.es\/files\/2026\/01\/Proteccion-de-datos_UMH_Aerocamaras_Profesorado_Direccion.pdf\"><span dir=\"auto\" style=\"vertical-align: inherit\"><span dir=\"auto\" style=\"vertical-align: inherit\">Protecci\u00f3 de dades UMH Aerocambras SL Professorat i Adre\u00e7a.PDF.150KB (castell\u00e0).<\/span><\/span><\/a><\/li>\n<li><a href=\"https:\/\/estudios.umh.es\/files\/2026\/01\/Consentimiento-expreso-menores-CFP-Piloto-de-Drones-Avanzado.pdf\"><span dir=\"auto\" style=\"vertical-align: inherit\"><span dir=\"auto\" style=\"vertical-align: inherit\">Document d&#8217;autoritzaci\u00f3 de protecci\u00f3 de dades (consentiment expr\u00e9s menors) Certificat de Formaci\u00f3 Permanent &#8220;Pilot de Drons Avan\u00e7at&#8221;.PDF.105KB (castell\u00e0).<\/span><\/span><\/a><\/li>\n<\/ul>\n<\/li>\n<li><span dir=\"auto\" style=\"vertical-align: inherit\"><span dir=\"auto\" style=\"vertical-align: inherit\">IR_GROUP TEACH AND BEAUTY ACADEMY SLU<\/span><\/span>\n<ul>\n<li><a href=\"https:\/\/estudios.umh.es\/files\/2023\/09\/Proteccion-de-datos_UMH_IR-GROUP-TEACH-AND-BEAUTY-ACADEMY-SLU_Matricula.pdf\"><span dir=\"auto\" style=\"vertical-align: inherit\"><span dir=\"auto\" style=\"vertical-align: inherit\">Protecci\u00f3 de dades_UMH_IR GROUP TEACH AND BEAUTY ACADEMY SLU_Matr\u00edcula.PDF.164KB (castell\u00e0)<\/span><\/span><\/a><\/li>\n<li><a href=\"https:\/\/estudios.umh.es\/files\/2023\/09\/Proteccion-de-datos_UMH_IR-GROUP-TEACH-AND-BEAUTY-ACADEMY-SLU_Profesorado_Direccion.pdf\"><span dir=\"auto\" style=\"vertical-align: inherit\"><span dir=\"auto\" style=\"vertical-align: inherit\">Protecci\u00f3 de dades_UMH_IR GROUP TEACH AND BEAUTY ACADEMY SLU_Professorat_Direcci\u00f3.PDF.164KB (castell\u00e0)<\/span><\/span><\/a><\/li>\n<\/ul>\n<\/li>\n<li><span dir=\"auto\" style=\"vertical-align: inherit\"><span dir=\"auto\" style=\"vertical-align: inherit\">CONSULTE<\/span><\/span>\n<ul>\n<li><a href=\"https:\/\/estudios.umh.es\/files\/2023\/04\/Proteccion-de-datos-Videollamadas-consulte.pdf\"><span dir=\"auto\" style=\"vertical-align: inherit\"><span dir=\"auto\" style=\"vertical-align: inherit\">Descarrega el document d&#8217;autoritzaci\u00f3 Protecci\u00f3 de dades Videotrucades_blog Consulte.PDF. 108 KB (castell\u00e0)<\/span><\/span><\/a><\/li>\n<\/ul>\n<\/li>\n<li><span dir=\"auto\" style=\"vertical-align: inherit\"><span dir=\"auto\" style=\"vertical-align: inherit\">CUINANT INTEL\u00b7LIG\u00c8NCIA ARTIFICIAL AMB PYTHON<\/span><\/span>\n<ul>\n<li><a href=\"https:\/\/estudios.umh.es\/files\/2021\/04\/Consentimiento-expreso-menores-cursos-UMH.pdf\" target=\"_blank\" rel=\"noopener noreferrer\"><span dir=\"auto\" style=\"vertical-align: inherit\"><span dir=\"auto\" style=\"vertical-align: inherit\">Descarrega el document d&#8217;autoritzaci\u00f3 protecci\u00f3 dades curs Cuinant Intel\u00b7lig\u00e8ncia Artificial amb Python. PDF. 106 KB (castell\u00e0)<\/span><\/span><\/a><\/li>\n<li><a href=\"https:\/\/estudios.umh.es\/files\/2021\/04\/Segunda-capa_blog_protecci\u00f3n-datos-Cocinando-Inteligencia-Artificial-con-Python.pdf\" target=\"_blank\" rel=\"noopener noreferrer\"><span dir=\"auto\" style=\"vertical-align: inherit\"><span dir=\"auto\" style=\"vertical-align: inherit\">Descarregar les cl\u00e0usules d&#8217;informaci\u00f3 referents al curs Cuinant Intel\u00b7lig\u00e8ncia Artificial amb Python. PDF. 109 KB (castell\u00e0)&nbsp;<\/span><\/span><\/a><\/li>\n<\/ul>\n<\/li>\n<\/ul>\n<p><\/p>","protected":false},"excerpt":{"rendered":"<p>AEROC\u00c0MERES<\/p>\n<p>Protecci\u00f3 de dades UMH Aerocambras SL Matr\u00edcula. PDF. 150KB (castell\u00e0)&nbsp;.<br \/>\nProtecci\u00f3 de dades UMH Aerocambras SL Professorat i Adre\u00e7a.PDF.150KB (castell\u00e0).<br \/>\nDocument d&#8217;autoritzaci\u00f3 de protecci\u00f3 de dades (consentiment expr\u00e9s menors) Certificat de Formaci\u00f3 Permanent &#8220;Pilot de Drons Avan\u00e7at&#8221;.PDF.105KB (castell\u00e0).<\/p>\n<p>IR_GROUP TEACH AND BEAUTY ACADEMY SLU<\/p>\n<p>Protecci\u00f3 de dades_UMH_IR GROUP TEACH AND BEAUTY ACADEMY SLU_Matr\u00edcula.PDF.164KB (castell\u00e0)<br \/>\nProtecci\u00f3 de dades_UMH_IR GROUP TEACH AND [&#8230;]<\/p>\n","protected":false},"author":9,"featured_media":0,"parent":166,"menu_order":55,"comment_status":"closed","ping_status":"closed","template":"","meta":{"ngg_post_thumbnail":0,"_links_to":"","_links_to_target":""},"_links":{"self":[{"href":"https:\/\/estudios.umh.es\/ca\/wp-json\/wp\/v2\/pages\/11649"}],"collection":[{"href":"https:\/\/estudios.umh.es\/ca\/wp-json\/wp\/v2\/pages"}],"about":[{"href":"https:\/\/estudios.umh.es\/ca\/wp-json\/wp\/v2\/types\/page"}],"author":[{"embeddable":true,"href":"https:\/\/estudios.umh.es\/ca\/wp-json\/wp\/v2\/users\/9"}],"replies":[{"embeddable":true,"href":"https:\/\/estudios.umh.es\/ca\/wp-json\/wp\/v2\/comments?post=11649"}],"version-history":[{"count":0,"href":"https:\/\/estudios.umh.es\/ca\/wp-json\/wp\/v2\/pages\/11649\/revisions"}],"up":[{"embeddable":true,"href":"https:\/\/estudios.umh.es\/ca\/wp-json\/wp\/v2\/pages\/166"}],"wp:attachment":[{"href":"https:\/\/estudios.umh.es\/ca\/wp-json\/wp\/v2\/media?parent=11649"}],"curies":[{"name":"wp","href":"https:\/\/api.w.org\/{rel}","templated":true}]}}