{"id":12029,"date":"2021-06-01T11:25:27","date_gmt":"2021-06-01T09:25:27","guid":{"rendered":"https:\/\/estudios.umh.es\/?page_id=12029"},"modified":"2026-04-27T09:43:42","modified_gmt":"2026-04-27T07:43:42","slug":"expedicion-titulos-propios","status":"publish","type":"page","link":"https:\/\/estudios.umh.es\/ca\/expedicion-titulos\/expedicion-titulos-propios\/","title":{"rendered":"EXPEDICI\u00d3 DE T\u00cdTOLS PROPIS, CERTIFICATS DE FORMACI\u00d3 CONT\u00cdNUA I MICROCREDENCIALS UNIVERSIT\u00c0RIES"},"content":{"rendered":"<p><\/p>\n<div align=\"center\">\n<h3 style=\"text-align: left\">INFORMACI\u00d3 SOBRE L&#8217;EXPEDICI\u00d3 DE T\u00cdTOLS PROPIS DE LA UMH<\/h3>\n<p style=\"text-align: left\">En aquest apartat pots obtindre la informaci\u00f3 necess\u00e0ria per a la tramitaci\u00f3 dels t\u00edtols propis de la UMH. Els T\u00edtols Propis s\u00f3n aquells estudis que imparteix la universitat d&#8217;acord amb la seua autonomia universit\u00e0ria.<\/p>\n<\/div>\n<ul style=\"text-align: left\">\n<li><a href=\"https:\/\/estudios.umh.es\/ca\/procedimiento-de-solicitud-de-expedicion-de-titulo-propio\/\" rel=\"noopener noreferrer\">SOL\u00b7LICITUD D&#8217;EXPEDICI\u00d3<\/a><\/li>\n<li><a href=\"https:\/\/estudios.umh.es\/ca\/retirada-del-titulo-propio\/\" rel=\"noopener noreferrer\">RECOLLIDA DEL T\u00cdTOL PROPI<\/a><\/li>\n<li><a href=\"https:\/\/estudios.umh.es\/ca\/solicitud-de-duplicado\/\" rel=\"noopener noreferrer\">SOL\u00b7LICITUD DE DUPLICAT DEL T\u00cdTOL PROPI<\/a><\/li>\n<li><a href=\"https:\/\/estudios.umh.es\/ca\/tasas\/\" rel=\"noopener noreferrer\">TAXES D&#8217;EXPEDICI\u00d3 DE T\u00cdTOLS PROPIS<\/a><\/li>\n<li><a href=\"https:\/\/estudios.umh.es\/ca\/legalizacion-de-titulos-de-estudio-propios-de-la-umh\/\" rel=\"noopener noreferrer\">PROCEDIMENT DE LEGALITZACI\u00d3 DE T\u00cdTOLS PROPIS<\/a><\/li>\n<\/ul>\n<h3 style=\"text-align: left\">INFORMACI\u00d3 SOBRE L&#8217;EXPEDICI\u00d3 DE CERTIFICATS DE FORMACI\u00d3 PERMANENT I MICROCREDENCIALS UNIVERSIT\u00c0RIES DE LA UMH<\/h3>\n<p style=\"text-align: left\">Els Certificats de Formaci\u00f3 Permanent i les Microcredencials Universit\u00e0ries s\u00f3n ensenyaments de menor duraci\u00f3 i caracter\u00edstiques que els T\u00edtols Propis que imparteix la universitat d&#8217;acord amb la seua autonomia universit\u00e0ria. <a href=\"https:\/\/estudios.umh.es\/ca\/diplomas-formacion-permanente\/\" rel=\"noopener\">Consulta tot el referent a l&#8217;emisi\u00f3 dels certificats d&#8217;aquests ensenyaments.<\/a><\/p>\n<p><\/p>","protected":false},"excerpt":{"rendered":"<p>INFORMACI\u00d3 SOBRE L&#8217;EXPEDICI\u00d3 DE T\u00cdTOLS PROPIS DE LA UMH<br \/>\nEn aquest apartat pots obtindre la informaci\u00f3 necess\u00e0ria per a la tramitaci\u00f3 dels t\u00edtols propis de la UMH. Els T\u00edtols Propis s\u00f3n aquells estudis que imparteix la universitat d&#8217;acord amb la seua autonomia universit\u00e0ria.<\/p>\n<p>SOL\u00b7LICITUD D&#8217;EXPEDICI\u00d3<br \/>\nRECOLLIDA DEL T\u00cdTOL PROPI<br \/>\nSOL\u00b7LICITUD DE DUPLICAT DEL T\u00cdTOL PROPI<br \/>\nTAXES D&#8217;EXPEDICI\u00d3 DE T\u00cdTOLS PROPIS<br \/>\nPROCEDIMENT [&#8230;]<\/p>\n","protected":false},"author":9,"featured_media":0,"parent":24,"menu_order":20,"comment_status":"closed","ping_status":"closed","template":"","meta":{"ngg_post_thumbnail":0,"_links_to":"","_links_to_target":""},"_links":{"self":[{"href":"https:\/\/estudios.umh.es\/ca\/wp-json\/wp\/v2\/pages\/12029"}],"collection":[{"href":"https:\/\/estudios.umh.es\/ca\/wp-json\/wp\/v2\/pages"}],"about":[{"href":"https:\/\/estudios.umh.es\/ca\/wp-json\/wp\/v2\/types\/page"}],"author":[{"embeddable":true,"href":"https:\/\/estudios.umh.es\/ca\/wp-json\/wp\/v2\/users\/9"}],"replies":[{"embeddable":true,"href":"https:\/\/estudios.umh.es\/ca\/wp-json\/wp\/v2\/comments?post=12029"}],"version-history":[{"count":0,"href":"https:\/\/estudios.umh.es\/ca\/wp-json\/wp\/v2\/pages\/12029\/revisions"}],"up":[{"embeddable":true,"href":"https:\/\/estudios.umh.es\/ca\/wp-json\/wp\/v2\/pages\/24"}],"wp:attachment":[{"href":"https:\/\/estudios.umh.es\/ca\/wp-json\/wp\/v2\/media?parent=12029"}],"curies":[{"name":"wp","href":"https:\/\/api.w.org\/{rel}","templated":true}]}}