{"id":13144,"date":"2022-01-18T08:28:39","date_gmt":"2022-01-18T07:28:39","guid":{"rendered":"https:\/\/estudios.umh.es\/?page_id=13144"},"modified":"2026-03-24T12:54:40","modified_gmt":"2026-03-24T11:54:40","slug":"evaluacion-y-progreso-y-permanencia-del-estudiantado-en-la-umh","status":"publish","type":"page","link":"https:\/\/estudios.umh.es\/ca\/presentacion\/normativas\/evaluacion-y-progreso-y-permanencia-del-estudiantado-en-la-umh\/","title":{"rendered":"AVALUACI\u00d3 I PROGR\u00c9S I PERMAN\u00c8NCIA DE L&#8217;ESTUDIANTAT DE LA UMH"},"content":{"rendered":"<p>Normatives pr\u00f2pies de la UMH que regix l&#8217;avaluaci\u00f3 de l&#8217;estudiantat en els estudis oficials; aix\u00ed com, el seu progr\u00e9s i perman\u00e8ncia en estos.<\/p>\n<ul>\n<li><a href=\"https:\/\/estudios.umh.es\/files\/2022\/01\/Normativa-progreso-y-permanencia_UMH_cast_Consolidada-1.pdf\" target=\"_blank\" rel=\"noopener\">Normativa sobre condicions de progr\u00e9s i perman\u00e8ncia de la UMH. PDF.269kB (versi\u00f3 en castell\u00e0) <\/a><img src=\"https:\/\/estudios.umh.es\/files\/2021\/11\/abre-en-nueva-ventana.png\" alt=\"(abre en nueva ventana)\"><\/li>\n<li><a href=\"https:\/\/estudios.umh.es\/files\/2015\/09\/8275_Normativa-Evaluaci\u00f3n.pdf\" target=\"_blank\" rel=\"noopener\">Normativa d&#8217;avaluaci\u00f3 dels estudiants de la UMH. PDF.177kB (versi\u00f3 en castell\u00e0)<\/a><img src=\"https:\/\/estudios.umh.es\/files\/2021\/11\/abre-en-nueva-ventana.png\" alt=\"(abre en nueva ventana)\"><\/li>\n<li><a href=\"https:\/\/estudios.umh.es\/files\/2024\/04\/publicacio\u0301n-calificaciones-Proteccio\u0301n-Datos.pdf\" target=\"_blank\" rel=\"noopener\">Instrucci\u00f3 de la Secret\u00e0ria General per a la publicaci\u00f3 de les qualificacions dels ex\u00e0mens en la UMH-25 d&#8217;octubre de 2019. PDF.139kB (versi\u00f3 en castell\u00e0)<img src=\"https:\/\/estudios.umh.es\/files\/2021\/11\/abre-en-nueva-ventana.png\" alt=\"(abre en nueva ventana)\"><\/a><\/li>\n<\/ul>\n<p><\/p>","protected":false},"excerpt":{"rendered":"<p>Normatives pr\u00f2pies de la UMH que regix l&#8217;avaluaci\u00f3 de l&#8217;estudiantat en els estudis oficials; aix\u00ed com, el seu progr\u00e9s i perman\u00e8ncia en estos.<\/p>\n<p>Normativa sobre condicions de progr\u00e9s i perman\u00e8ncia de la UMH. PDF.269kB (versi\u00f3 en castell\u00e0)<br \/>\nNormativa d&#8217;avaluaci\u00f3 dels estudiants de la UMH. PDF.177kB (versi\u00f3 en castell\u00e0)<br \/>\nInstrucci\u00f3 de la Secret\u00e0ria General per a la publicaci\u00f3 [&#8230;]<\/p>\n","protected":false},"author":9,"featured_media":0,"parent":31,"menu_order":0,"comment_status":"closed","ping_status":"closed","template":"","meta":{"ngg_post_thumbnail":0,"_links_to":"","_links_to_target":""},"_links":{"self":[{"href":"https:\/\/estudios.umh.es\/ca\/wp-json\/wp\/v2\/pages\/13144"}],"collection":[{"href":"https:\/\/estudios.umh.es\/ca\/wp-json\/wp\/v2\/pages"}],"about":[{"href":"https:\/\/estudios.umh.es\/ca\/wp-json\/wp\/v2\/types\/page"}],"author":[{"embeddable":true,"href":"https:\/\/estudios.umh.es\/ca\/wp-json\/wp\/v2\/users\/9"}],"replies":[{"embeddable":true,"href":"https:\/\/estudios.umh.es\/ca\/wp-json\/wp\/v2\/comments?post=13144"}],"version-history":[{"count":0,"href":"https:\/\/estudios.umh.es\/ca\/wp-json\/wp\/v2\/pages\/13144\/revisions"}],"up":[{"embeddable":true,"href":"https:\/\/estudios.umh.es\/ca\/wp-json\/wp\/v2\/pages\/31"}],"wp:attachment":[{"href":"https:\/\/estudios.umh.es\/ca\/wp-json\/wp\/v2\/media?parent=13144"}],"curies":[{"name":"wp","href":"https:\/\/api.w.org\/{rel}","templated":true}]}}