{"id":14023,"date":"2022-05-05T13:34:34","date_gmt":"2022-05-05T11:34:34","guid":{"rendered":"https:\/\/estudios.umh.es\/?page_id=14023"},"modified":"2025-09-04T08:15:45","modified_gmt":"2025-09-04T06:15:45","slug":"instrucciones-de-matricula-de-grado-estudiantes-de-nuevo-ingreso","status":"publish","type":"page","link":"https:\/\/estudios.umh.es\/ca\/instrucciones-de-matricula-de-grado-estudiantes-de-nuevo-ingreso\/","title":{"rendered":"Instruccions de matr\u00edcula de Grau. Estudiants de nou ingr\u00e9s. Curs 2025\/2026."},"content":{"rendered":"<p>Informaci\u00f3 per a formalitzar la matr\u00edcula dels estudiants de nou ingr\u00e9s en el curs 2025\/2026.<\/p>\n<iframe  style=\"display: block; margin: 0px auto;\"  id=\"_ytid_76193\"  width=\"480\" height=\"270\"  data-origwidth=\"480\" data-origheight=\"270\" src=\"https:\/\/www.youtube.com\/embed\/K43vWf02FOo?enablejsapi=1&autoplay=0&cc_load_policy=0&cc_lang_pref=&iv_load_policy=1&loop=0&modestbranding=0&rel=1&fs=1&playsinline=0&autohide=2&theme=dark&color=red&controls=1&\" class=\"__youtube_prefs__  no-lazyload\" title=\"YouTube player\"  allow=\"accelerometer; autoplay; clipboard-write; encrypted-media; gyroscope; picture-in-picture\" allowfullscreen data-no-lazy=\"1\" data-skipgform_ajax_framebjll=\"\"><\/iframe>\n<h3>1. TERMINIS<\/h3>\n<p>Els terminis establits pel<a href=\"https:\/\/estudios.umh.es\/files\/2025\/06\/Calendario-Academico-2025_2026_3.pdf\" target=\"_blank\" rel=\"noopener\"><strong>&nbsp;Calendari Acad\u00e8mic<\/strong><\/a> de la universitat per a realitzar la matr\u00edcula s\u00f3n els seg\u00fcents:<\/p>\n<ul>\n<li>Termini de matr\u00edcula d&#8217;estudiants de nou ingr\u00e9s: 11 al 16 de juliol de 2025.<\/li>\n<li><a href=\"https:\/\/estudios.umh.es\/ca\/matricula-parcial-en-grados-y-masteres\/\">Sol\u00b7licitud de matr\u00edcula parcial<\/a>:\n<ul>\n<li>Termini ordinari: 1 al 15 de setembre de 2025.<\/li>\n<li>Termini extraordinari: 1 al 15 d&#8217;octubre de 2025.<\/li>\n<\/ul>\n<\/li>\n<li>Ampliaci\u00f3 matr\u00edcula estudiants que han sol\u00b7licitat reconeixement de cr\u00e8dits: des de l&#8217;endem\u00e0 de la presentaci\u00f3 de la sol\u00b7licitud fins al 22 de setembre de 2025.<\/li>\n<li>Ampliaci\u00f3 extraordin\u00e0ria de matr\u00edcula: 7 al 14 de gener de 2026.<\/li>\n<li>Anul\u00b7laci\u00f3 de matr\u00edcula:\n<ul>\n<li>Termini general amb devoluci\u00f3 de preus p\u00fablics: fins al 31 d&#8217;octubre de 2025.<\/li>\n<li>Termini extraordinari per causa de for\u00e7a major: des de l&#8217;1 de novembre fins a la finalitzaci\u00f3 del curs acad\u00e8mic.<\/li>\n<\/ul>\n<\/li>\n<\/ul>\n<h3>2. COM FER LA MATR\u00cdCULA<\/h3>\n<ul>\n<li>Rebr\u00e0s un SMS i un correu electr\u00f2nic amb la informaci\u00f3 necess\u00e0ria perqu\u00e8 pugues accedir a l&#8217;aplicaci\u00f3 <a href=\"https:\/\/matricula.umh.es\/\" target=\"_blank\" rel=\"noopener\">d&#8217;automatr\u00edcula<img loading=\"lazy\" class=\"alignnone wp-image-31436 size-full\" src=\"https:\/\/estudios.umh.es\/files\/2021\/11\/abre-en-nueva-ventana.png\" alt=\"(abre en nueva ventana)\" width=\"15\" height=\"15\"><\/a><\/li>\n<li>IMPORTANT:&nbsp; Si no formalitzes la matr\u00edcula en el per\u00edode indicat perdr\u00e0s la pla\u00e7a assignada en el proc\u00e9s de preinscripci\u00f3 i el dret de matr\u00edcula.<\/li>\n<\/ul>\n<h3>3. HORARIS DE LES ASSIGNATURES<\/h3>\n<p>Consulta els <a href=\"https:\/\/universite.umh.es\/mihorario\/\" target=\"_blank\" rel=\"noopener\">horaris<img loading=\"lazy\" class=\"alignnone wp-image-31436 size-full\" src=\"https:\/\/estudios.umh.es\/files\/2021\/11\/abre-en-nueva-ventana.png\" alt=\"(abre en nueva ventana)\" width=\"15\" height=\"15\"><\/a> de les assignatures que vols matricular-te.<\/p>\n<h3>4. DOCUMENTACI\u00d3&nbsp;<\/h3>\n<ul>\n<li>Document d&#8217;identificaci\u00f3 personal: DNI, NIE o passaport.<\/li>\n<li>SEPA: document d&#8217;autoritzaci\u00f3 de la domiciliaci\u00f3 banc\u00e0ria. L&#8217;has de descarregar quan formalitzes l&#8217;automatr\u00edcula.<\/li>\n<li>Documentaci\u00f3 acad\u00e8mica d&#8217;acord amb la via d&#8217;acc\u00e9s:\n<ul>\n<li>PAU Comunitat Valenciana.&nbsp;\n<ul>\n<li>Targeta de les proves d&#8217;acc\u00e9s a la universitat.<\/li>\n<\/ul>\n<\/li>\n<li>PAU altres comunitats aut\u00f2nomes.\n<ul>\n<li>Targeta de les proves d&#8217;acc\u00e9s a la universitat.<\/li>\n<li>Justificant del pagament dels drets de trasllat d&#8217;expedient.<\/li>\n<li>Aquest tr\u00e0mit s&#8217;ha de realitzar en la universitat en la qual s&#8217;ha realitzat la selectivitat. En el cas d&#8217;haver iniciat anteriorment estudis universitaris, has de realitzar-lo en el centre universitari d&#8217;origen. En el teu <a href=\"https:\/\/autentica.umh.es\/SAML2\/SSOService.php?SAMLRequest=fZLLTsMwEEV%2FJfK%2BedUpitVECu2CSoVGTWDBBjnplFhK7OCxC%2Fw9TVMKLOjaM%2Bf6Hs0cedf2LLOmkVt4s4DG%2Behaiez0kBCrJVMcBTLJO0BmalZk92sWuj7rtTKqVi1xMkTQRii5UBJtB7oAfRA1PG7XCWmM6ZF5npXiABqFAdd2jQvoFY2oKtWCaVxE5Q3g0Ms3RUmc5fEnQvKB%2BUPg1oA0ouYXwGmjKDbnPLdveuKslgl5gYDvY0ppVdNotvensU93N7Mopv4sppEfH8cQLawkGi5NQkI%2FDCd%2BNAmjMgjYNGRT%2Bkyc%2FFzxVsidkK%2FXfVTjELK7sswnY4%2BnofHQ4ThA0vlglZ2C9S%2FP17H8Wy5J%2F1eJF5Vz71fImNizhyN1tcxVK%2BpPJ2tb9b7QwA0kJCBeOq78PYP0Cw%3D%3D&amp;RelayState=ss%3Amem%3A73f614890cacad8994cfae83667edab2caf9d3a2b819dcd0e56b36c4928c453b\" target=\"_blank\" rel=\"noopener\">acc\u00e9s identificat<img loading=\"lazy\" class=\"alignnone wp-image-31436 size-full\" src=\"https:\/\/estudios.umh.es\/files\/2021\/11\/abre-en-nueva-ventana.png\" alt=\"(abre en nueva ventana)\" width=\"15\" height=\"15\"><\/a> de la p\u00e0gina web de la UMH es pot accedir al document justificatiu d&#8217;estar matriculat en el t\u00edtol de grau de la UMH: l&#8217;aplicaci\u00f3 es denomina \u201cAcreditaci\u00f3 Matr\u00edcula\u201d.<\/li>\n<\/ul>\n<\/li>\n<li>Sistemes educatius estrangers.\n<ul>\n<li>Acreditaci\u00f3 per a estudiants internacionals expedida per la UNED. L&#8217;estudiantat amb acreditaci\u00f3 provisional de la UNED haur\u00e0 de presentar la definitiva en el termini d&#8217;un mes des de l&#8217;emissi\u00f3 d&#8217;esta. El dia 15 d&#8217;octubre de 2025 es donar\u00e0 de baixa en matr\u00edcula a tot l&#8217;estudiantat de la UNED que a eixa data no l&#8217;haja presentada, excepte a aquells\/as que estiguen pendents de l&#8217;homologaci\u00f3 del seu batxillerat per conducta de pa\u00efsos sense conveni d&#8217;acc\u00e9s.<\/li>\n<\/ul>\n<\/li>\n<li>Ensenyaments superiors no universitaris.\n<ul>\n<li>T\u00edtol i certificaci\u00f3 acad\u00e8mica del t\u00edtol de t\u00e8cnic superior.<\/li>\n<li>Targeta de les proves d&#8217;acc\u00e9s a la universitat: en el cas d&#8217;haver realitzat la prova en la fase volunt\u00e0ria.<\/li>\n<\/ul>\n<\/li>\n<li>Majors de 25 anys.\n<ul>\n<li>Targeta d&#8217;haver superat les proves d&#8217;acc\u00e9s per a majors de 25 anys.<\/li>\n<li>Si no s&#8217;ha superat la prova en la UMH: justificant de pagament dels drets de trasllat de la universitat en la qual s&#8217;haja fet&nbsp;la prova.<\/li>\n<\/ul>\n<\/li>\n<li>Majors de 40 anys.\n<ul>\n<li>Targeta d&#8217;haver superat les proves d&#8217;acc\u00e9s per a majors de 40 anys en la UMH.<\/li>\n<\/ul>\n<\/li>\n<li>Majors de 45 anys.\n<ul>\n<li>Targeta d&#8217;haver superat les proves d&#8217;acc\u00e9s per a majors de 45 anys en la UMH.<\/li>\n<\/ul>\n<\/li>\n<li>Titulats universitaris.\n<ul>\n<li>T\u00edtol universitari oficial.<\/li>\n<li>Certificaci\u00f3 acad\u00e8mica de notes.<\/li>\n<\/ul>\n<\/li>\n<li>Admissi\u00f3 amb estudis universitaris parcials.\n<ul>\n<li>Notificaci\u00f3 de la resoluci\u00f3 d&#8217;admissi\u00f3 del Vicerector d&#8217;Estudiants i Coordinaci\u00f3.<\/li>\n<\/ul>\n<\/li>\n<li>Sense selectivitat (plans antics).\n<ul>\n<li>Llibre de qualificaci\u00f3 escolar on conste la superaci\u00f3 del COU amb anterioritat al curs acad\u00e8mic 1974\/1975, del Curs Preuniversitari i de la Prova de Maduresa, o del Batxillerat de plans anteriors a 1953.<\/li>\n<\/ul>\n<\/li>\n<\/ul>\n<\/li>\n<li>Documentaci\u00f3 acreditativa de l&#8217;exempci\u00f3 o bonificaci\u00f3 que l&#8217;estudiant poguera ser beneficiari.<\/li>\n<li>La Universitat podr\u00e0 requerir en qualsevol moment la presentaci\u00f3 de la documentaci\u00f3 original a l&#8217;efecte de la seua verificaci\u00f3. La falta de veracitat de la informaci\u00f3 o el falsejament de la documentaci\u00f3 presentada comportar\u00e0 la invalidesa de tots els actes administratius dictats a tenor d&#8217;aquesta informaci\u00f3 o documentaci\u00f3, sense perjudici de la responsabilitat que de tal circumst\u00e0ncia poguera derivar-se.<\/li>\n<\/ul>\n<h3>5. LLOC DE PRESENTACI\u00d3 DE LA DOCUMENTACI\u00d3&nbsp;<\/h3>\n<p>L&#8217;aportaci\u00f3 de la documentaci\u00f3 es realitzar\u00e0 a trav\u00e9s del teu<a href=\"https:\/\/autentica.umh.es\/SAML2\/SSOService.php?SAMLRequest=fZLLTsMwEEV%2FJfK%2BedUpitVECu2CSoVGTWDBBjnplFhK7OCxC%2Fw9TVMKLOjaM%2Bf6Hs0cedf2LLOmkVt4s4DG%2Behaiez0kBCrJVMcBTLJO0BmalZk92sWuj7rtTKqVi1xMkTQRii5UBJtB7oAfRA1PG7XCWmM6ZF5npXiABqFAdd2jQvoFY2oKtWCaVxE5Q3g0Ms3RUmc5fEnQvKB%2BUPg1oA0ouYXwGmjKDbnPLdveuKslgl5gYDvY0ppVdNotvensU93N7Mopv4sppEfH8cQLawkGi5NQkI%2FDCd%2BNAmjMgjYNGRT%2Bkyc%2FFzxVsidkK%2FXfVTjELK7sswnY4%2BnofHQ4ThA0vlglZ2C9S%2FP17H8Wy5J%2F1eJF5Vz71fImNizhyN1tcxVK%2BpPJ2tb9b7QwA0kJCBeOq78PYP0Cw%3D%3D&amp;RelayState=ss%3Amem%3A73f614890cacad8994cfae83667edab2caf9d3a2b819dcd0e56b36c4928c453b\" target=\"_blank\" rel=\"noopener\"> acc\u00e9s identificat<\/a><img loading=\"lazy\" class=\"alignnone wp-image-31436 size-full\" src=\"https:\/\/estudios.umh.es\/files\/2021\/11\/abre-en-nueva-ventana.png\" alt=\"(abre en nueva ventana)\" width=\"15\" height=\"15\"> mitjan\u00e7ant l&#8217;aplicaci\u00f3 denominada \u201cAdjuntar documentaci\u00f3 matr\u00edcula\u201d.<\/p>\n<h3>6. TERMINI DE PRESENTACI\u00d3 DE LA DOCUMENTACI\u00d3&nbsp;<\/h3>\n<p>El termini de presentaci\u00f3 de la documentaci\u00f3 ser\u00e0 de 5 dies des de l&#8217;endem\u00e0 a la realitzaci\u00f3 de la teua matr\u00edcula.<\/p>\n<h3>7. TARJETA UNIVERSIT\u00c0RIA<\/h3>\n<p>Despr\u00e9s de formalitzar la matr\u00edcula, la tarjeta universit\u00e0ria estar\u00e0 disponible en l\u2019App UMH en l\u2019apartat Targeta Virtual.<\/p>\n<h3>8. OBTENCI\u00d3 DE LA FOTOGRAFIA PER A LA TARJETA UNIVERSIT\u00c0RIA<\/h3>\n<ul>\n<li>CAMPUS D&#8217; ELX:\n<ul>\n<li>Termini: Del 15 de setembre al 10 d&#8217;octubre de 2025&nbsp;<\/li>\n<li>Lloc: Edifici Arenals (enfront de la cafeteria)<\/li>\n<li>Horari:\n<ul>\n<li>matins: de dilluns a divendres de 09:00 a 14:00 hores<\/li>\n<li>vesprades: de dilluns a dijous de 15:00 a 17:00 hores<\/li>\n<\/ul>\n<\/li>\n<\/ul>\n<\/li>\n<li>CAMPUS DE SANT JOAN D&#8217;ALACANT:\n<ul>\n<li>Termini: Del 22 de setembre de 2024 al 5 d&#8217;octubre de 2025&nbsp;<\/li>\n<li>Lloc: Edifici Marie Curie (hall)<\/li>\n<li>Horari:\n<ul>\n<li>matins: de dillluns a divendres de 09:00 a 14:00 hores<\/li>\n<li>vesprades: de dilluns a dijous de 15:00 a 17:00 hores<\/li>\n<\/ul>\n<\/li>\n<\/ul>\n<\/li>\n<li>ALS CAMPUS D&#8217;ALTEA I ORIOLA:&nbsp; a trav\u00e9s de l&#8217;app UMH.<\/li>\n<\/ul>\n<h3>9. EXEMPCIONS I BONIFICACIONS<\/h3>\n<p>Les exempcions i bonificacions aplicables al preu de la matr\u00edcula s\u00f3n les seg\u00fcents:<\/p>\n<ul>\n<li>Fam\u00edlia nombrosa \/ Fam\u00edlia monoparental.\n<ul>\n<li>Deducci\u00f3 en el preu de la matr\u00edcula: Categoria general 50% \/ Categoria especial 100%.<\/li>\n<li>Documentaci\u00f3 que s&#8217;ha d&#8217;aportar: T\u00edtol de fam\u00edlia nombrosa actualitzat (no \u00e9s v\u00e0lid el carnet individual llevat que conste el nombre de fills de la fam\u00edlia). En el cas de fam\u00edlia monoparental el t\u00edtol o carnet acreditatiu.<\/li>\n<\/ul>\n<\/li>\n<li>Discapacitat igual o superior al 33% o equiparats (pensionistes de la Seguretat Social que tinguen reconeguda una incapacitat permanent en el grau de total, absoluta o gran invalidesa i els pensionistes de classes passives que tinguen reconeguda una pensi\u00f3 de jubilaci\u00f3 o de retir per incapacitat permanent per al servici o inutilitat)\/ V\u00edctimes de la viol\u00e8ncia de g\u00e8nere \/ V\u00edctimes del terrorisme \/ Sistema de protecci\u00f3 de menors o sistema judicial de reeducaci\u00f3 \/ Situaci\u00f3 d&#8217;exclusi\u00f3 social \/ Matr\u00edcula d&#8217;Honor en Batxillerat o Cicle Formatiu de Grau Superior \/ Premi Extraordinari de Batxillerat \/ Ingr\u00e9s m\u00ednim vital \/ Participants en operacions internacionals de pau i seguretat amb lesions invalidants \/ Persones refugiades o amb protecci\u00f3 subsidi\u00e0ria \/ Renda valenciana d&#8217;inclusi\u00f3.\n<ul>\n<li>Deducci\u00f3 en el&nbsp; preu de la matr\u00edcula: 100%.<\/li>\n<li>Documentaci\u00f3 que s&#8217;ha d&#8217;aportar: La documentaci\u00f3 acreditativa que certifique les situacions exposades.<\/li>\n<\/ul>\n<\/li>\n<\/ul>\n<h3>10. BEQUES<\/h3>\n<ul>\n<li>Beca del Ministeri d&#8217;Educaci\u00f3 i Formaci\u00f3 Professional.\n<ul>\n<li><a href=\"https:\/\/estudios.umh.es\/mecd\/\">Consulta d&#8217;informaci\u00f3.<\/a><\/li>\n<li>Si l&#8217;estudiant t\u00e9 cr\u00e8dits reconeguts haur\u00e0 d&#8217;ampliar la matr\u00edcula fins a 60 ECTS. En cas contrari la beca nom\u00e9s cobrir\u00e0 l&#8217;import de la matr\u00edcula i la quantia variable m\u00ednima.<\/li>\n<li>La quantia de la beca cobreix l&#8217;import dels cr\u00e8dits que t&#8217;hages matriculat per primera vegada. No contempla els cr\u00e8dits reconeguts.<\/li>\n<\/ul>\n<\/li>\n<li>Beca de la Conselleria competent.\n<ul>\n<li><a href=\"https:\/\/estudios.umh.es\/becas-conselleria-de-educacion-universidades-y-empleo\/\">Consulta d&#8217;informaci\u00f3.<\/a><\/li>\n<li>Aquestes beques cobreixen taxes de primera matr\u00edcula i amb car\u00e0cter excepcional i, sempre que hi haja disponibilitat pressupost\u00e0ria, taxes de segones matr\u00edcules.<\/li>\n<\/ul>\n<\/li>\n<li>Beca de la UMH per al finan\u00e7ament de la matr\u00edcula d&#8217;estudis oficials.\n<ul>\n<li>Quan se sol\u00b7licita: Es ha d&#8217;esperar que es publique la convocat\u00f2ria. No has d&#8217;indicar-ho en la matr\u00edcula.<\/li>\n<li>Important: Has de tindre en compte que haur\u00e0s de pagar la teua matr\u00edcula abans de la resoluci\u00f3 de la beca de la UMH. Si finalment se&#8217;t concedeix la beca, sol\u00b7licitar\u00e0s la devoluci\u00f3 de l&#8217;import abonat en el Centre de Gesti\u00f3 de Campus corresponent.&nbsp;<\/li>\n<li><a href=\"https:\/\/estudios.umh.es\/plan-de-becas-y-ayudas-de-la-umh\/\">Consulta d&#8217;informaci\u00f3.<\/a><\/li>\n<\/ul>\n<\/li>\n<\/ul>\n<h3>11. FORMES DE PAGAMENT DE L&#8217;IMPORT DE LA MATR\u00cdCULA<\/h3>\n<ul>\n<li>Coneix els preus p\u00fablics:\n<ul>\n<li>Preus de matr\u00edcula de <a href=\"https:\/\/estudios.umh.es\/ca\/precio-de-la-matricula-primer-curso-curso\/\">primer curs.<\/a><\/li>\n<\/ul>\n<\/li>\n<li>Pagament domiciliat. El c\u00e0rrec de cada mensualitat es realitzar\u00e0 el primer dia h\u00e0bil de cada mes.&nbsp;\n<ul>\n<li>Terminis:&nbsp;\n<ul>\n<li>U. Mes de c\u00e0rrec: Octubre.<\/li>\n<li>Dos. Mesos de c\u00e0rrec: Octubre i abril.<\/li>\n<li>Quatre. Mesos de c\u00e0rrec: Octubre, desembre, febrer i abril.\n<ul>\n<li>Observacions: Si se sol\u00b7licita beca i aquesta \u00e9s denegada abans del mes de mar\u00e7, es canviar\u00e0 a \u201cPagament domiciliat en 8 mesos\u201d. Aix\u00f2 comportar\u00e0 que es puga pagar la matr\u00edcula cada mes fins al mes de maig proporcionalment. En el cas que es denegue la beca en els mesos d&#8217;abril a agost es canviar\u00e0 la forma&nbsp;de pagament a \u201cUn termini en efectiu\u201d.<\/li>\n<\/ul>\n<\/li>\n<li>Huit. Mesos de c\u00e0rrec: Setembre, octubre, novembre, desembre, gener, febrer, mar\u00e7 i abril.\n<ul>\n<li>Observacions: Si se sol\u00b7licita beca i aquesta \u00e9s denegada en els mesos de maig a agost es canviar\u00e0 la forma&nbsp;de pagament a \u201cUn termini en efectiu\u201d.<\/li>\n<\/ul>\n<\/li>\n<\/ul>\n<\/li>\n<li>Document SEPA: L&#8217;elecci\u00f3 de la domiciliaci\u00f3 del pagament comporta la signatura d&#8217;un document d&#8217;autoritzaci\u00f3 de la domiciliaci\u00f3 (SEPA). Aquest document estar\u00e0 accessible quan formalitzes la matr\u00edcula. S&#8217;ha d&#8217;aportar amb la resta de la documentaci\u00f3 requerida. Si no s&#8217;hi aporta&nbsp;es canviar\u00e0 la forma de pagament a \u201cUn termini en efectiu\u201d.<\/li>\n<\/ul>\n<\/li>\n<li>Pagament en efectiu.\n<ul>\n<li>Terminis:\n<ul>\n<li>U: Durant 15 dies des de la data de la matr\u00edcula.<\/li>\n<li>Dos:&nbsp;\n<ul>\n<li>Primer rebut: durant 15 dies des de la data de la matr\u00edcula.<\/li>\n<li>Segon rebut: durant la primera quinzena del mes d&#8217;abril.<\/li>\n<\/ul>\n<\/li>\n<\/ul>\n<\/li>\n<\/ul>\n<\/li>\n<\/ul>\n<h3>12. RECONEIXEMENT DE CR\u00c8DITS<\/h3>\n<p><a href=\"https:\/\/estudios.umh.es\/reconocimiento-creditos\/\">Informaci\u00f3 sobre el reconeixement de cr\u00e8dits.<\/a><\/p>\n<h3>13. PROGR\u00c9S I PERMAN\u00c8NCIA EN ELS TEUS ESTUDIS<\/h3>\n<ul>\n<li>Perman\u00e8ncia: Els estudiants matriculats per primera vegada de qualsevol pla d&#8217;estudis, hauran de superar, com a m\u00ednim, 6 cr\u00e8dits ECTS per a tindre dret a continuar cursant els mateixos estudis en aquesta Universitat.<\/li>\n<li>Incompliment: En el cas de no superar aqueix m\u00ednim, procedir\u00e0 una nova matriculaci\u00f3 en la mateixa titulaci\u00f3 i en el mateix centre, per una sola vegada i pr\u00e8via autoritzaci\u00f3 del Rector, si l&#8217;estudiant acredita l&#8217;exist\u00e8ncia d&#8217;una causa justificada.<\/li>\n<li><a href=\"https:\/\/estudios.umh.es\/criterios-de-permanencia\/\">M\u00e9s informaci\u00f3 sobre el progr\u00e9s i perman\u00e8ncia.<\/a><\/li>\n<\/ul>\n<h3>14. ANUL\u00b7LACI\u00d3 DE MATR\u00cdCULA<\/h3>\n<ul>\n<li>Anul\u00b7laci\u00f3 per admissi\u00f3 en un altre grau: En el cas que sigues adm\u00e9s en un altre grau has d&#8217;anul\u00b7lar la matr\u00edcula des del teu <a href=\"https:\/\/autentica.umh.es\/SAML2\/SSOService.php?SAMLRequest=fZLLTsMwEEV%2FJfK%2BedUpitVECu2CSoVGTWDBBjnplFhK7OCxC%2Fw9TVMKLOjaM%2Bf6Hs0cedf2LLOmkVt4s4DG%2Behaiez0kBCrJVMcBTLJO0BmalZk92sWuj7rtTKqVi1xMkTQRii5UBJtB7oAfRA1PG7XCWmM6ZF5npXiABqFAdd2jQvoFY2oKtWCaVxE5Q3g0Ms3RUmc5fEnQvKB%2BUPg1oA0ouYXwGmjKDbnPLdveuKslgl5gYDvY0ppVdNotvensU93N7Mopv4sppEfH8cQLawkGi5NQkI%2FDCd%2BNAmjMgjYNGRT%2Bkyc%2FFzxVsidkK%2FXfVTjELK7sswnY4%2BnofHQ4ThA0vlglZ2C9S%2FP17H8Wy5J%2F1eJF5Vz71fImNizhyN1tcxVK%2BpPJ2tb9b7QwA0kJCBeOq78PYP0Cw%3D%3D&amp;RelayState=ss%3Amem%3A73f614890cacad8994cfae83667edab2caf9d3a2b819dcd0e56b36c4928c453b\" target=\"_blank\" rel=\"noopener\">acc\u00e9s identificat<img loading=\"lazy\" class=\"alignnone wp-image-31436 size-full\" src=\"https:\/\/estudios.umh.es\/files\/2021\/11\/abre-en-nueva-ventana.png\" alt=\"(abre en nueva ventana)\" width=\"15\" height=\"15\"><\/a> en l&#8217;apartat \u201cAnul\u00b7laci\u00f3 volunt\u00e0ria de matr\u00edcula\u201d.<\/li>\n<li>Aix\u00ed mateix en el cas que decidisques no estar matriculat per qualsevol altra circumst\u00e0ncia tamb\u00e9 has d&#8217;anul\u00b7lar la teua matr\u00edcula des del teu <a href=\"https:\/\/autentica.umh.es\/SAML2\/SSOService.php?SAMLRequest=fZLLTsMwEEV%2FJfK%2BedUpitVECu2CSoVGTWDBBjnplFhK7OCxC%2Fw9TVMKLOjaM%2Bf6Hs0cedf2LLOmkVt4s4DG%2Behaiez0kBCrJVMcBTLJO0BmalZk92sWuj7rtTKqVi1xMkTQRii5UBJtB7oAfRA1PG7XCWmM6ZF5npXiABqFAdd2jQvoFY2oKtWCaVxE5Q3g0Ms3RUmc5fEnQvKB%2BUPg1oA0ouYXwGmjKDbnPLdveuKslgl5gYDvY0ppVdNotvensU93N7Mopv4sppEfH8cQLawkGi5NQkI%2FDCd%2BNAmjMgjYNGRT%2Bkyc%2FFzxVsidkK%2FXfVTjELK7sswnY4%2BnofHQ4ThA0vlglZ2C9S%2FP17H8Wy5J%2F1eJF5Vz71fImNizhyN1tcxVK%2BpPJ2tb9b7QwA0kJCBeOq78PYP0Cw%3D%3D&amp;RelayState=ss%3Amem%3A73f614890cacad8994cfae83667edab2caf9d3a2b819dcd0e56b36c4928c453b\" target=\"_blank\" rel=\"noopener\">acc\u00e9s identificat<img loading=\"lazy\" class=\"alignnone wp-image-31436 size-full\" src=\"https:\/\/estudios.umh.es\/files\/2021\/11\/abre-en-nueva-ventana.png\" alt=\"(abre en nueva ventana)\" width=\"15\" height=\"15\"><\/a> en l&#8217;apartat \u201cAnul\u00b7laci\u00f3 volunt\u00e0ria de matr\u00edcula\u201d.<\/li>\n<\/ul>\n<p><\/p>","protected":false},"excerpt":{"rendered":"<p>Informaci\u00f3 per a formalitzar la matr\u00edcula dels estudiants de nou ingr\u00e9s en el curs 2025\/2026.<\/p>\n<p>1. TERMINIS<br \/>\nEls terminis establits pel&nbsp;Calendari Acad\u00e8mic de la universitat per a realitzar la matr\u00edcula s\u00f3n els seg\u00fcents:<\/p>\n<p>Termini de matr\u00edcula d&#8217;estudiants de nou ingr\u00e9s: 11 al 16 de juliol de 2025.<br \/>\nSol\u00b7licitud de matr\u00edcula parcial:<\/p>\n<p>Termini ordinari: 1 al 15 de setembre de 2025.<br \/>\nTermini [&#8230;]<\/p>\n","protected":false},"author":9,"featured_media":0,"parent":0,"menu_order":0,"comment_status":"closed","ping_status":"closed","template":"","meta":{"ngg_post_thumbnail":0,"_links_to":"","_links_to_target":""},"_links":{"self":[{"href":"https:\/\/estudios.umh.es\/ca\/wp-json\/wp\/v2\/pages\/14023"}],"collection":[{"href":"https:\/\/estudios.umh.es\/ca\/wp-json\/wp\/v2\/pages"}],"about":[{"href":"https:\/\/estudios.umh.es\/ca\/wp-json\/wp\/v2\/types\/page"}],"author":[{"embeddable":true,"href":"https:\/\/estudios.umh.es\/ca\/wp-json\/wp\/v2\/users\/9"}],"replies":[{"embeddable":true,"href":"https:\/\/estudios.umh.es\/ca\/wp-json\/wp\/v2\/comments?post=14023"}],"version-history":[{"count":0,"href":"https:\/\/estudios.umh.es\/ca\/wp-json\/wp\/v2\/pages\/14023\/revisions"}],"wp:attachment":[{"href":"https:\/\/estudios.umh.es\/ca\/wp-json\/wp\/v2\/media?parent=14023"}],"curies":[{"name":"wp","href":"https:\/\/api.w.org\/{rel}","templated":true}]}}