{"id":14024,"date":"2022-05-12T16:32:49","date_gmt":"2022-05-12T14:32:49","guid":{"rendered":"https:\/\/estudios.umh.es\/?page_id=14024"},"modified":"2025-09-04T08:17:13","modified_gmt":"2025-09-04T06:17:13","slug":"instrucciones-de-matricula-de-grado-estudiantes-de-2o-curso-y-posteriores","status":"publish","type":"page","link":"https:\/\/estudios.umh.es\/ca\/instrucciones-de-matricula-de-grado-estudiantes-de-2o-curso-y-posteriores\/","title":{"rendered":"Instruccions de matr\u00edcula de Grau. Estudiants de 2n curs i posteriors. Curs 2025\/2026."},"content":{"rendered":"<p><\/p>\n<h3>1. TERMINIS<\/h3>\n<p>Els terminis establits pel<a href=\"https:\/\/estudios.umh.es\/files\/2025\/06\/Calendario-Academico-2025_2026_3.pdf\" target=\"_blank\" rel=\"noopener\"><strong> Calendari Acad\u00e8mic<\/strong><\/a> de la universitat per a realitzar la matr\u00edcula, segons la Facultat o Escola a la qual est\u00e0 adscrit el t\u00edtol de grau, s\u00f3n els seg\u00fcents:<\/p>\n<ul>\n<li>Facultat de Farm\u00e0cia i Facultat de Medicina: 22 de juliol de 2025.<\/li>\n<li>Resta de centres: a partir del 22 de juliol i fins al 25 de juliol de 2025.<\/li>\n<\/ul>\n<h3>2. COM FER LA MATR\u00cdCULA<\/h3>\n<ul>\n<li>Rebr\u00e0s la cita de la teua matr\u00edcula a trav\u00e9s dels seg\u00fcents mitjans electr\u00f2nics el mateix dia d&#8217;inici de la teua matr\u00edcula:\n<ul>\n<li>Correu electr\u00f2nic dirigit tant al teu compte de correu personal com al teu compte de correu universit\u00e0ria.<\/li>\n<li>UMH App: Notificaci\u00f3 a trav\u00e9s de l&#8217;aplicaci\u00f3 de la UMH per a dispositius m\u00f2bils. Si no disposes de l&#8217;aplicaci\u00f3, pots descarregar-la de la botiga per al teu dispositiu m\u00f2bil.<\/li>\n<li>Notificaci\u00f3 a trav\u00e9s del teu acc\u00e9s identificat <a href=\"https:\/\/universite.umh.es\" target=\"_blank\" rel=\"noopener\">(https:\/\/universite.umh.es)<img loading=\"lazy\" class=\"alignnone wp-image-31436 size-full\" src=\"https:\/\/estudios.umh.es\/files\/2021\/11\/abre-en-nueva-ventana.png\" alt=\"(abre en nueva ventana)\" width=\"15\" height=\"15\"><\/a><\/li>\n<\/ul>\n<\/li>\n<li>La matr\u00edcula s&#8217;ha de realitzar telem\u00e0ticament a trav\u00e9s de la seg\u00fcent aplicaci\u00f3:<a href=\"https:\/\/matricula.umh.es\/\" target=\"_blank\" rel=\"noopener\"> automatr\u00edcula<img loading=\"lazy\" class=\"alignnone wp-image-31436 size-full\" src=\"https:\/\/estudios.umh.es\/files\/2021\/11\/abre-en-nueva-ventana.png\" alt=\"(abre en nueva ventana)\" width=\"15\" height=\"15\"><\/a><\/li>\n<li>Matr\u00edcula d&#8217;assignatures optatives: L&#8217;adjudicaci\u00f3 d&#8217;assignatures optatives dependr\u00e0 del criteri de prioritzaci\u00f3 de matr\u00edcula. En el cas que no s&#8217;assigne l&#8217;assignatura optativa seleccionada, l&#8217;estudiant formar\u00e0 part d&#8217;una llista d&#8217;espera. En el proc\u00e9s de reajustament de matr\u00edcula es gestionar\u00e0 les llistes d&#8217;espera d&#8217;acord amb les places vacants que es produ\u00efsquen. Tenen prefer\u00e8ncia els estudiants que li resten un menor nombre de cr\u00e8dits per a finalitzar els seus estudis. A igualtat de cr\u00e8dits tenen prefer\u00e8ncia els estudiants de major nota.<\/li>\n<\/ul>\n<h3>3. HORARIS DE LES ASSIGNATURES<\/h3>\n<p>Consulta els <a href=\"https:\/\/universite.umh.es\/mihorario\/\" target=\"_blank\" rel=\"noopener\">horaris<img loading=\"lazy\" class=\"alignnone wp-image-31436 size-full\" src=\"https:\/\/estudios.umh.es\/files\/2021\/11\/abre-en-nueva-ventana.png\" alt=\"(abre en nueva ventana)\" width=\"15\" height=\"15\"><\/a> de les assignatures que vols matricular-te.<\/p>\n<h3>4. DOCUMENTACI\u00d3<\/h3>\n<ul>\n<li>No \u00e9s necessari entregar cap documentaci\u00f3 en la matr\u00edcula.<\/li>\n<li>Excepci\u00f3:&nbsp;\n<ul>\n<li>Documentaci\u00f3 requerida per a acreditar l&#8217;exempci\u00f3 o la bonificaci\u00f3 en el preu de la matr\u00edcula. La Universitat podr\u00e0 requerir en qualsevol moment la presentaci\u00f3 de la documentaci\u00f3 original a l&#8217;efecte de la seua verificaci\u00f3. La falta de veracitat de la informaci\u00f3 o el falsejament de la documentaci\u00f3 presentada comportar\u00e0 la invalidesa de tots els actes administratius dictats a tenor d&#8217;aquesta informaci\u00f3 o documentaci\u00f3, sense perjudici de la responsabilitat que de tal circumst\u00e0ncia poguera derivar-se.<\/li>\n<li>Autoritzaci\u00f3 de la domiciliaci\u00f3 banc\u00e0ria de les taxes de matr\u00edcula (SEPA) en els seg\u00fcents casos:\n<ul>\n<li>En el cas de canviar el n\u00famero de compte banc\u00e0ria donat en el curs acad\u00e8mic anterior.<\/li>\n<li>Seleccionar la domiciliaci\u00f3 banc\u00e0ria quan en el curs acad\u00e8mic anterior el m\u00e8tode de pagament seleccionat era el de \u201cpagament en efectiu\u201d.<\/li>\n<\/ul>\n<\/li>\n<\/ul>\n<\/li>\n<\/ul>\n<h3>5. LLOC DE PRESENTACI\u00d3 DE LA DOCUMENTACI\u00d3&nbsp;<\/h3>\n<p>L&#8217;aportaci\u00f3 de la documentaci\u00f3 es realitzar\u00e0 a trav\u00e9s del teu acc\u00e9s identificat mitjan\u00e7ant l&#8217;aplicaci\u00f3 denominada \u201cAdjuntar documentaci\u00f3 matr\u00edcula\u201d.<\/p>\n<h3>6. TERMINI DE PRESENTACI\u00d3 DE LA DOCUMENTACI\u00d3&nbsp;<\/h3>\n<p>El termini de presentaci\u00f3 de la documentaci\u00f3 ser\u00e0 de 5 dies des de l&#8217;endem\u00e0 a la realitzaci\u00f3 de la teua matr\u00edcula.<\/p>\n<h3>7. EXEMPCIONS I BONIFICACIONS<\/h3>\n<p>Les exempcions i bonificacions aplicables al preu de la matr\u00edcula s\u00f3n les seg\u00fcents:<\/p>\n<ul>\n<li>Fam\u00edlia nombrosa \/ Fam\u00edlia monoparental.\n<ul>\n<li>Deducci\u00f3 en el preu de la matr\u00edcula: Categoria general 50% \/ Categoria especial 100%.<\/li>\n<li>Documentaci\u00f3 que s&#8217;ha d&#8217;aportar: T\u00edtol de fam\u00edlia nombrosa actualitzat (no \u00e9s v\u00e0lid el carnet individual llevat que conste el nombre de fills de la fam\u00edlia). En el cas de fam\u00edlia monoparental el t\u00edtol o carnet acreditatiu.<\/li>\n<\/ul>\n<\/li>\n<li>Discapacitat igual o superior al 33% o equiparats (pensionistes de la Seguretat Social que tinguen reconeguda una incapacitat permanent en el grau de total, absoluta o gran invalidesa i els pensionistes de classes passives que tinguen reconeguda una pensi\u00f3 de jubilaci\u00f3 o de retir per incapacitat permanent per al servici o inutilitat)\/ V\u00edctimes de la viol\u00e8ncia de g\u00e8nere \/ V\u00edctimes del terrorisme \/ Sistema de protecci\u00f3 de menors o sistema judicial de reeducaci\u00f3 \/ Situaci\u00f3 d&#8217;exclusi\u00f3 social \/ Matr\u00edcula d&#8217;Honor en Batxillerat o Cicle Formatiu de Grau Superior \/ Premi Extraordinari de Batxillerat \/ Ingr\u00e9s m\u00ednim vital \/ Participants en operacions internacionals de pau i seguretat amb lesions invalidants \/ Persones refugiades o amb protecci\u00f3 subsidi\u00e0ria \/ Renda valenciana d&#8217;inclusi\u00f3.\n<ul>\n<li>Deducci\u00f3 en el preu de la matr\u00edcula:&nbsp; 100%.<\/li>\n<li>Documentaci\u00f3 que s&#8217;ha d&#8217;aportar: La documentaci\u00f3 acreditativa que certifique les situacions exposades.<\/li>\n<\/ul>\n<\/li>\n<\/ul>\n<h3>8. OBTENCI\u00d3 DE LA FOTOGRAFIA PER A LA TARJETA UNIVERSIT\u00c0RIA<\/h3>\n<ul>\n<li>CAMPUS D\u2019 ELX:\n<ul>\n<li>Termini: Del 15 de setembre al 10 d&#8217;octubre de 2024&nbsp;<\/li>\n<li>Lloc: Edifici L&#8217;Altet (enfront de la cafeteria)<\/li>\n<li>Horari:\n<ul>\n<li>matins: de dilluns a divendres de 09:00 a 14:00 hores<\/li>\n<li>vesprades: de dilluns a dijous de 15:00 a 17:00 hores<\/li>\n<\/ul>\n<\/li>\n<\/ul>\n<\/li>\n<li>CAMPUS DE SANT JOAN D&#8217;ALACANT:\n<ul>\n<li>Termini: Del 22 de setembre al 5 d&#8217;octubre de 2025<\/li>\n<li>Lloc: Edifici Marie Curie (hall)<\/li>\n<li>Horari:\n<ul>\n<li>matins: de dillluns a divendres de 09:00 a 14:00 hores<\/li>\n<li>vesprades: de dilluns a dijous de 15:00 a 17:00 hores<\/li>\n<\/ul>\n<\/li>\n<\/ul>\n<\/li>\n<li>ALS CAMPUS D&#8217;ALTEA I ORIOLA:&nbsp; a trav\u00e9s de l&#8217;app UMH.<\/li>\n<\/ul>\n<h3>9. BEQUES<\/h3>\n<ul>\n<li>Beca del Ministeri d&#8217;Educaci\u00f3 i Formaci\u00f3 Professional.\n<ul>\n<li><a href=\"https:\/\/estudios.umh.es\/mecd\/\">Consulta d&#8217;informaci\u00f3.<\/a><\/li>\n<li>Si l&#8217;estudiant t\u00e9 cr\u00e8dits reconeguts haur\u00e0 d&#8217;ampliar la matr\u00edcula fins a 60 ECTS. En cas contrari la beca nom\u00e9s cobrir\u00e0 l&#8217;import de la matr\u00edcula i la quantia variable m\u00ednima.<\/li>\n<li>La quantia de la beca cobreix l&#8217;import dels cr\u00e8dits que t&#8217;hages matriculat per primera vegada. No contempla els cr\u00e8dits reconeguts.<\/li>\n<\/ul>\n<\/li>\n<li>Beca de la Conselleria competent.\n<ul>\n<li><a href=\"https:\/\/estudios.umh.es\/conselleria\/\">Consulta d&#8217;informaci\u00f3.<\/a><\/li>\n<li>Aquestes beques cobreixen taxes de primera matr\u00edcula i amb car\u00e0cter excepcional i, sempre que hi haja disponibilitat pressupost\u00e0ria, taxes de segones matr\u00edcules.<\/li>\n<\/ul>\n<\/li>\n<li>Beca de la UMH per al finan\u00e7ament de la matr\u00edcula d&#8217;estudis oficials.\n<ul>\n<li>Quan se sol\u00b7licita: s&#8217;ha d&#8217;esperar que es publique la convocat\u00f2ria. No has d&#8217;indicar-ho en la matr\u00edcula.<\/li>\n<li>Important: Has de tindre en compte que haur\u00e0s de pagar la teua matr\u00edcula abans de la resoluci\u00f3 de la beca de la UMH. Si finalment se&#8217;t concedeix la beca, sol\u00b7licitar\u00e0s la devoluci\u00f3 de l&#8217;import abonat en el Centre de Gesti\u00f3 de Campus corresponent.<\/li>\n<li><a href=\"https:\/\/estudios.umh.es\/plan-de-becas-umh\/\">Consulta d&#8217;informaci\u00f3.<\/a><\/li>\n<\/ul>\n<\/li>\n<\/ul>\n<h3>10. FORMES DE PAGAMENT L&#8217;IMPORT DE LA MATR\u00cdCULA<\/h3>\n<ul>\n<li>Coneix els preus p\u00fablics:\n<ul>\n<li>Preus de matr\u00edcula de <a href=\"https:\/\/estudios.umh.es\/ca\/precio-de-la-matricula-segundo-curso-y-posteriores\/\">segon curs i posteriors.<\/a><\/li>\n<\/ul>\n<\/li>\n<li>Pagament domiciliat. El c\u00e0rrec de cada mensualitat es realitzar\u00e0 el primer dia h\u00e0bil de cada mes.\n<ul>\n<li>Terminis:\n<ul>\n<li>U. Mes de c\u00e0rrec: Octubre.<\/li>\n<li>Dos. Mes de c\u00e0rrec: Octubre i abril.<\/li>\n<li>Quatre. Mes de c\u00e0rrec: Octubre, desembre, febrer i abril.\n<ul>\n<li>Observacions: Si se sol\u00b7licita beca i aquesta \u00e9s denegada abans del mes de mar\u00e7, es canviar\u00e0 a \u201cPagament domiciliat en 8 mesos\u201d. Aix\u00f2 comportar\u00e0 que es puga pagar la matr\u00edcula cada mes fins al mes de maig proporcionalment. En el cas que es denegue la beca en els mesos d&#8217;abril a agost es canviar\u00e0 el m\u00e8tode de pagament a \u201cUn termini en efectiu\u201d.<\/li>\n<\/ul>\n<\/li>\n<li>Huit. Mes de c\u00e0rrec: Setembre, octubre, novembre, desembre, gener, febrer, mar\u00e7 i abril.\n<ul>\n<li>Observacions: Si se sol\u00b7licita beca i aquesta \u00e9s denegada en els mesos de maig a agost es canviar\u00e0 el m\u00e8tode de pagament a \u201cUn termini en efectiu\u201d.<\/li>\n<\/ul>\n<\/li>\n<\/ul>\n<\/li>\n<li>Document SEPA: L&#8217;elecci\u00f3 de la domiciliaci\u00f3 del pagament comporta la signatura d&#8217;un document d&#8217;autoritzaci\u00f3 de la domiciliaci\u00f3 (SEPA). Aquest document estar\u00e0 accessible quan formalitzes la matr\u00edcula. S&#8217;ha d&#8217;aportar amb la resta de la documentaci\u00f3 requerida. Si no s&#8217;hi aporta es canviar\u00e0 la forma de pagament a \u201cUn termini en efectiu\u201d.<\/li>\n<\/ul>\n<\/li>\n<li>Pagament en efectiu.\n<ul>\n<li>Terminis:\n<ul>\n<li>U: Durant 15 dies des de la data de la matr\u00edcula.<\/li>\n<li>Dos:\n<ul>\n<li>Primer rebut: durant 15 dies des de la data de la matr\u00edcula.<\/li>\n<li>Segon rebut: durant la primera quinzena del mes d&#8217;abril.<\/li>\n<\/ul>\n<\/li>\n<\/ul>\n<\/li>\n<\/ul>\n<\/li>\n<\/ul>\n<h3>11. RECONEIXEMENT DE CR\u00c8DITS<\/h3>\n<p><a href=\"https:\/\/estudios.umh.es\/ca\/reconocimiento-creditos\/\">Informaci\u00f3 sobre el reconeixement de cr\u00e8dits.<\/a><\/p>\n<h3>12. PROGR\u00c9S I PERMAN\u00c8NCIA EN ELS TEUS ESTUDIS<\/h3>\n<ul>\n<li>Perman\u00e8ncia: S&#8217;ha de superar com a m\u00ednim, entre el curs en el qual est\u00e0s matriculat i el seg\u00fcent, el 50% dels cr\u00e8dits matriculats; o b\u00e9, el 75% en el curs seg\u00fcent.<\/li>\n<li>Incompliment:&nbsp;\n<ul>\n<li>Estudiants a temps complet (estar matriculat entre m\u00e9s de 36 i 78 ECTS): nom\u00e9s podr\u00e0 matricular-se en els dos cursos acad\u00e8mics seg\u00fcents a temps parcial.<\/li>\n<li>Estudiants a temps parcial (estar matriculat entre 12 i 36 ECTS): s&#8217;hauran d&#8217;abandonar els estudis.<\/li>\n<\/ul>\n<\/li>\n<li><a href=\"https:\/\/estudios.umh.es\/ca\/criterios-de-permanencia\/\">M\u00e9s informaci\u00f3 sobre el progr\u00e9s i perman\u00e8ncia.<\/a><\/li>\n<\/ul>\n<h3>13. ANUL\u00b7LACI\u00d3 DE MATR\u00cdCULA<\/h3>\n<p>Els per\u00edodes establits per a l&#8217;anul\u00b7laci\u00f3 de la matr\u00edcula s\u00f3n els seg\u00fcents:<\/p>\n<ul>\n<li>Anul\u00b7laci\u00f3 de matr\u00edcula amb devoluci\u00f3 de preus p\u00fablics: Fins al 31 d&#8217;octubre de 2025.<\/li>\n<li>Anul\u00b7laci\u00f3 de matr\u00edcula per causes de for\u00e7a major: Des de l&#8217;1 de novembre de 2025 fins a la finalitzaci\u00f3 del curs acad\u00e8mic 2025\/2026.<\/li>\n<\/ul>\n<p>&nbsp;<\/p>","protected":false},"excerpt":{"rendered":"<p>1. TERMINIS<br \/>\nEls terminis establits pel Calendari Acad\u00e8mic de la universitat per a realitzar la matr\u00edcula, segons la Facultat o Escola a la qual est\u00e0 adscrit el t\u00edtol de grau, s\u00f3n els seg\u00fcents:<\/p>\n<p>Facultat de Farm\u00e0cia i Facultat de Medicina: 22 de juliol de 2025.<br \/>\nResta de centres: a partir del 22 de juliol i fins al 25 [&#8230;]<\/p>\n","protected":false},"author":11555,"featured_media":0,"parent":0,"menu_order":0,"comment_status":"closed","ping_status":"closed","template":"","meta":{"ngg_post_thumbnail":0,"_links_to":"","_links_to_target":""},"_links":{"self":[{"href":"https:\/\/estudios.umh.es\/ca\/wp-json\/wp\/v2\/pages\/14024"}],"collection":[{"href":"https:\/\/estudios.umh.es\/ca\/wp-json\/wp\/v2\/pages"}],"about":[{"href":"https:\/\/estudios.umh.es\/ca\/wp-json\/wp\/v2\/types\/page"}],"author":[{"embeddable":true,"href":"https:\/\/estudios.umh.es\/ca\/wp-json\/wp\/v2\/users\/11555"}],"replies":[{"embeddable":true,"href":"https:\/\/estudios.umh.es\/ca\/wp-json\/wp\/v2\/comments?post=14024"}],"version-history":[{"count":0,"href":"https:\/\/estudios.umh.es\/ca\/wp-json\/wp\/v2\/pages\/14024\/revisions"}],"wp:attachment":[{"href":"https:\/\/estudios.umh.es\/ca\/wp-json\/wp\/v2\/media?parent=14024"}],"curies":[{"name":"wp","href":"https:\/\/api.w.org\/{rel}","templated":true}]}}