{"id":14418,"date":"2022-06-14T09:08:47","date_gmt":"2022-06-14T07:08:47","guid":{"rendered":"https:\/\/estudios.umh.es\/?page_id=14418"},"modified":"2024-06-13T16:03:55","modified_gmt":"2024-06-13T14:03:55","slug":"preguntas-frecuentes-sobre-reconocimiento-de-creditos-de-estudios-de-master-universitario","status":"publish","type":"page","link":"https:\/\/estudios.umh.es\/ca\/preguntas-frecuentes-sobre-reconocimiento-de-creditos-de-estudios-de-master-universitario\/","title":{"rendered":"<span lang=\"es\">(Espa\u00f1ol) PREGUNTAS FRECUENTES SOBRE RECONOCIMIENTO DE CR\u00c9DITOS DE ESTUDIOS DE M\u00c1STER UNIVERSITARIO<\/span>"},"content":{"rendered":"<p class=\"qtranxs-available-languages-message qtranxs-available-languages-message-ca\">Ho sentim, aquesta entrada es troba disponible \u00fanicament en <a href=\"https:\/\/estudios.umh.es\/es\/wp-json\/wp\/v2\/pages\/14418\" class=\"qtranxs-available-language-link qtranxs-available-language-link-es\" title=\"Espa\u00f1ol\">Espanyol Europeu<\/a>.<\/p>","protected":false},"excerpt":{"rendered":"<p>Ho sentim, aquesta entrada es troba disponible \u00fanicament en Espanyol Europeu.<\/p>\n","protected":false},"author":9,"featured_media":0,"parent":0,"menu_order":0,"comment_status":"closed","ping_status":"closed","template":"","meta":{"ngg_post_thumbnail":0,"_links_to":"","_links_to_target":""},"_links":{"self":[{"href":"https:\/\/estudios.umh.es\/ca\/wp-json\/wp\/v2\/pages\/14418"}],"collection":[{"href":"https:\/\/estudios.umh.es\/ca\/wp-json\/wp\/v2\/pages"}],"about":[{"href":"https:\/\/estudios.umh.es\/ca\/wp-json\/wp\/v2\/types\/page"}],"author":[{"embeddable":true,"href":"https:\/\/estudios.umh.es\/ca\/wp-json\/wp\/v2\/users\/9"}],"replies":[{"embeddable":true,"href":"https:\/\/estudios.umh.es\/ca\/wp-json\/wp\/v2\/comments?post=14418"}],"version-history":[{"count":0,"href":"https:\/\/estudios.umh.es\/ca\/wp-json\/wp\/v2\/pages\/14418\/revisions"}],"wp:attachment":[{"href":"https:\/\/estudios.umh.es\/ca\/wp-json\/wp\/v2\/media?parent=14418"}],"curies":[{"name":"wp","href":"https:\/\/api.w.org\/{rel}","templated":true}]}}