{"id":149,"date":"2014-04-03T06:45:06","date_gmt":"2014-04-03T06:45:06","guid":{"rendered":"http:\/\/estudios.zeus.umh.es\/?page_id=149"},"modified":"2025-12-17T09:52:54","modified_gmt":"2025-12-17T08:52:54","slug":"matricula-de-masters","status":"publish","type":"page","link":"https:\/\/estudios.umh.es\/ca\/matriculacion\/matricula-de-masters\/","title":{"rendered":"M\u00e0ster"},"content":{"rendered":"<p>MATR\u00cdCULA<\/p>\n<p>Estudiants de nou ingr\u00e9s:<\/p>\n<p>1\u00ba Termini: del 24 de juliol al 28 de juliol de 2018&nbsp;<strong>a las 17 hores.<\/strong><\/p>\n<p>2\u00ba Termini: del 25 de setembre al 30 de setembre de 2018&nbsp;<strong>a las 17 hores.<\/strong><\/p>\n<p>Estudiants matriculats anteriorment:<\/p>\n<p>\u00danic termini: del 21 al 25 de setembre de 2018<\/p>\n<p>Estudiants de 2\u00ba curs del M\u00e0ster en Advocacia: del 27 de juny al 6 de juliol de 2018<\/p>\n<p>La matriculaci\u00f3 es realitzar\u00e0 en:<\/p>\n<p><a href=\"http:\/\/matricula.umh.es\/\"><img loading=\"lazy\" class=\"size-full wp-image-691 aligncenter\" src=\"https:\/\/estudios.umh.es\/files\/2014\/04\/APLICACI\u00d3N-AUTOMATRICULA.png\" alt=\"APLICACI\u00d3N-AUTOMATRICULA\" width=\"162\" height=\"56\"><\/a><\/p>\n<iframe  style=\"display: block; margin: 0px auto;\"  id=\"_ytid_37243\"  width=\"480\" height=\"270\"  data-origwidth=\"480\" data-origheight=\"270\" src=\"https:\/\/www.youtube.com\/embed\/X8Y38uqRWds\">www.youtube.com\/watch?enablejsapi=1&autoplay=0&cc_load_policy=0&cc_lang_pref=&iv_load_policy=1&loop=0&modestbranding=0&rel=1&fs=1&playsinline=0&autohide=2&theme=dark&color=red&controls=1&\" class=\"__youtube_prefs__  no-lazyload\" title=\"YouTube player\"  allow=\"accelerometer; autoplay; clipboard-write; encrypted-media; gyroscope; picture-in-picture\" allowfullscreen data-no-lazy=\"1\" data-skipgform_ajax_framebjll=\"\"><\/iframe>\n<p>Les instruccions de matriculaci\u00f3 i el PIN es notificaran individualment als\/les nous\/as estudiants admesos\/as per correu electr\u00f2nic i\/o SMS.<\/p>\n<p><strong>Titulacions amb exc\u00e9s de demanda:<\/strong><\/p>\n<hr style=\"color: #c50606\">\n<p>Si NO formalitza la matr\u00edcula en el per\u00edode indicat perdr\u00e0 la pla\u00e7a assignada i perdr\u00e0 el dret de matriculaci\u00f3<\/p>\n<p>Segons es vagin produint vacants, se citar\u00e0 als\/les estudiants de la llista d&#8217;espera amb un SMS i\/o correu electr\u00f2nic concedint-los un termini de matr\u00edcula, que en el cas de no utilitzar-se comportar\u00e0 la p\u00e8rdua de la pla\u00e7a.<\/p>\n<p><strong>Documentaci\u00f3 a presentar, si escau:<\/strong><\/p>\n<hr style=\"color: #c50606\">\n<p>(s&#8217;aportar\u00e0 original i fotoc\u00f2pia de la documentaci\u00f3)<\/p>\n<p>1. Estudiants amb dret a matr\u00edcula gratu\u00efta total o parcial<\/p>\n<p>1.1.&nbsp; Fam\u00edlia nombrosa<\/p>\n<p>General: bonificaci\u00f3 50%<\/p>\n<p>Especial: exempci\u00f3 total<\/p>\n<p>Documentaci\u00f3 a aportar: t\u00edtol de fam\u00edlia nombrosa actualitzat.<\/p>\n<p>Nota important: si tens el t\u00edtol en tramitaci\u00f3 haur\u00e0s d&#8217;acreditar-ho i presentar el mateix abans del 31 de desembre de 2018; en cas contrari, no produir\u00e0 efectes en el curs acad\u00e8mic 2018\/2019.<\/p>\n<p>1.2. Estudiants afectats per una discapacitat<\/p>\n<p>Igual o superior al 33%: exempci\u00f3 total<\/p>\n<p>Documentaci\u00f3 a aportar: certificat de minusvalidesa expedit per l&#8217;\u00f2rgan competent de la CCAA.<\/p>\n<p>1.3. Estudiants membres de fam\u00edlia monoparental<\/p>\n<p>Fam\u00edlia Monoparental General: 50%<\/p>\n<p>Fam\u00edlia Monoparental Especial: exempci\u00f3 total<\/p>\n<p>Documentaci\u00f3 a aportar: carnet de fam\u00edlia monoparental en vigor durant el curs acad\u00e8mic.<\/p>\n<p>1.4. Estudiants v\u00edctimes de bandes armades i elements terroristes<\/p>\n<p>Exempci\u00f3 total els\/les estudiants v\u00edctimes de bandes armades i elements terroristes, aix\u00ed com els seus c\u00f2njuges no separats legalment i fills i filles.<\/p>\n<p>Documentaci\u00f3 a presentar: document oficial que ho acrediti.<\/p>\n<p>1.5. Estudiants v\u00edctimes de viol\u00e8ncia de g\u00e8nere<\/p>\n<p>Exempci\u00f3 total els\/les estudiants v\u00edctimes d&#8217;actes de viol\u00e8ncia de g\u00e8nere, aix\u00ed com els fills i filles al seu c\u00e0rrec menors de 25 anys.<\/p>\n<p>Documentaci\u00f3 a presentar: document oficial que ho acrediti.<\/p>\n<p>2. Estudiants que sol\u00b7liciten beca (MEC i\/o Generalitat)<\/p>\n<p>3. Becaris FPI o FPU hauran de presentar la credencial o la publicaci\u00f3 en el BOE.<\/p>\n<p>Nota 1: per a matricular-te com a becari has d&#8217;entregar la sol\u00b7licitud junt amb la documentaci\u00f3 de la beca, si \u00e9s el cas, en la data prevista en la convocat\u00f2ria. Si no l&#8217;entregues abonar\u00e0s l&#8217;import total de la mateixa.<\/p>","protected":false},"excerpt":{"rendered":"<p>MATR\u00cdCULA<br \/>\nEstudiants de nou ingr\u00e9s:<br \/>\n1\u00ba Termini: del 24 de juliol al 28 de juliol de 2018&nbsp;a las 17 hores.<br \/>\n2\u00ba Termini: del 25 de setembre al 30 de setembre de 2018&nbsp;a las 17 hores.<br \/>\nEstudiants matriculats anteriorment:<br \/>\n\u00danic termini: del 21 al 25 de setembre de 2018<br \/>\nEstudiants de 2\u00ba curs del M\u00e0ster en Advocacia: del 27 de juny al [&#8230;]<\/p>\n","protected":false},"author":219,"featured_media":0,"parent":21,"menu_order":20,"comment_status":"closed","ping_status":"open","template":"","meta":{"ngg_post_thumbnail":0,"_links_to":"","_links_to_target":""},"_links":{"self":[{"href":"https:\/\/estudios.umh.es\/ca\/wp-json\/wp\/v2\/pages\/149"}],"collection":[{"href":"https:\/\/estudios.umh.es\/ca\/wp-json\/wp\/v2\/pages"}],"about":[{"href":"https:\/\/estudios.umh.es\/ca\/wp-json\/wp\/v2\/types\/page"}],"author":[{"embeddable":true,"href":"https:\/\/estudios.umh.es\/ca\/wp-json\/wp\/v2\/users\/219"}],"replies":[{"embeddable":true,"href":"https:\/\/estudios.umh.es\/ca\/wp-json\/wp\/v2\/comments?post=149"}],"version-history":[{"count":0,"href":"https:\/\/estudios.umh.es\/ca\/wp-json\/wp\/v2\/pages\/149\/revisions"}],"up":[{"embeddable":true,"href":"https:\/\/estudios.umh.es\/ca\/wp-json\/wp\/v2\/pages\/21"}],"wp:attachment":[{"href":"https:\/\/estudios.umh.es\/ca\/wp-json\/wp\/v2\/media?parent=149"}],"curies":[{"name":"wp","href":"https:\/\/api.w.org\/{rel}","templated":true}]}}