{"id":15085,"date":"2022-12-02T15:08:40","date_gmt":"2022-12-02T14:08:40","guid":{"rendered":"https:\/\/estudios.umh.es\/?page_id=15085"},"modified":"2023-01-16T09:33:20","modified_gmt":"2023-01-16T08:33:20","slug":"videos-informativos-de-la-aplicacion-de-seguimiento","status":"publish","type":"page","link":"https:\/\/estudios.umh.es\/ca\/doctorado\/videos-informativos-de-la-aplicacion-de-seguimiento\/","title":{"rendered":"<span lang=\"es\">(Espa\u00f1ol) PRESENTACI\u00d3N Y V\u00cdDEOS INFORMATIVOS DE LA APLICACI\u00d3N DE SEGUIMIENTO<\/span>"},"content":{"rendered":"<p class=\"qtranxs-available-languages-message qtranxs-available-languages-message-ca\">Ho sentim, aquesta entrada es troba disponible \u00fanicament en <a href=\"https:\/\/estudios.umh.es\/es\/wp-json\/wp\/v2\/pages\/15085\" class=\"qtranxs-available-language-link qtranxs-available-language-link-es\" title=\"Espa\u00f1ol\">Espanyol Europeu<\/a>.<\/p>","protected":false},"excerpt":{"rendered":"<p>Ho sentim, aquesta entrada es troba disponible \u00fanicament en Espanyol Europeu.<\/p>\n","protected":false},"author":127,"featured_media":0,"parent":25,"menu_order":100,"comment_status":"closed","ping_status":"closed","template":"","meta":{"ngg_post_thumbnail":0,"_links_to":"","_links_to_target":""},"_links":{"self":[{"href":"https:\/\/estudios.umh.es\/ca\/wp-json\/wp\/v2\/pages\/15085"}],"collection":[{"href":"https:\/\/estudios.umh.es\/ca\/wp-json\/wp\/v2\/pages"}],"about":[{"href":"https:\/\/estudios.umh.es\/ca\/wp-json\/wp\/v2\/types\/page"}],"author":[{"embeddable":true,"href":"https:\/\/estudios.umh.es\/ca\/wp-json\/wp\/v2\/users\/127"}],"replies":[{"embeddable":true,"href":"https:\/\/estudios.umh.es\/ca\/wp-json\/wp\/v2\/comments?post=15085"}],"version-history":[{"count":0,"href":"https:\/\/estudios.umh.es\/ca\/wp-json\/wp\/v2\/pages\/15085\/revisions"}],"up":[{"embeddable":true,"href":"https:\/\/estudios.umh.es\/ca\/wp-json\/wp\/v2\/pages\/25"}],"wp:attachment":[{"href":"https:\/\/estudios.umh.es\/ca\/wp-json\/wp\/v2\/media?parent=15085"}],"curies":[{"name":"wp","href":"https:\/\/api.w.org\/{rel}","templated":true}]}}