{"id":155,"date":"2014-04-03T06:56:41","date_gmt":"2014-04-03T06:56:41","guid":{"rendered":"http:\/\/estudios.zeus.umh.es\/?page_id=155"},"modified":"2026-03-12T10:20:43","modified_gmt":"2026-03-12T09:20:43","slug":"pruebas-de-acceso-desde-bachillerato-y-cfgs","status":"publish","type":"page","link":"https:\/\/estudios.umh.es\/ca\/acceso\/grados\/pruebas-de-acceso\/pruebas-de-acceso-desde-bachillerato-y-cfgs\/","title":{"rendered":"PROVA D&#8217;ACC\u00c9S A LA UNIVERSITAT (PAU)"},"content":{"rendered":"<p><\/p>\n<h3 style=\"text-align: left\" align=\"center\">ESTRUCTURA DE LA PROVA SI ERES ESTUDIANT DE BATXILLERAT<\/h3>\n<ul>\n<li style=\"text-align: justify\">Prova d&#8217;Acc\u00e9s o Fase obligat\u00f2ria: En la fase obligat\u00f2ria l&#8217;estudiantat s&#8217;examinar\u00e0 de 5 assignatures (excepte en els casos d&#8217;exempci\u00f3 d&#8217;alguna d&#8217;elles): a) Llengua Castellana i Literatura II b) Valenci\u00e0:Llengua i Literatura II c) Hist\u00f2ria d&#8217;Espanya o Hist\u00f2ria de la Filosofia (l&#8217;estudiantat triar\u00e0 una de les dos en el moment de la formalitzaci\u00f3 de la matr\u00edcula de les PAU) d) Llengua Estrangera II (l&#8217;estudiantat podr\u00e0 triar entre: Alemany, Ingl\u00e9s, Franc\u00e9s o Itali\u00e0 e) La mat\u00e8ria espec\u00edfica obligat\u00f2ria de segon curs de Batxillerat de la modalitat i, si \u00e9s el cas, via cursada. La nota d&#8217;esta fase obligat\u00f2ria de la PAU ser\u00e0 la mitjana d&#8217;estes 5 assignatures, i haur\u00e0 de ser igual o superior a 4 punts. La nota d&#8217;acc\u00e9s ser\u00e0 la mitjana ponderada establida per normativa: el 60% per a la qualificaci\u00f3 final de batxillerat i el 40% per a la nota de la fase obligat\u00f2ria de la PAU. S&#8217;entendr\u00e0 que es reunixen els requisits d&#8217;acc\u00e9s quan el resultat d&#8217;esta ponderaci\u00f3 siga igual o superior a 5 punts.<\/li>\n<\/ul>\n<ul>\n<li style=\"text-align: justify\">Admissi\u00f3 o Fase volunt\u00e0ria: L&#8217;estudiantat pot examinanar-se en esta fase d&#8217;assignatures que servisquen per a ponderacions, qualssevol de les 33 possibles amb examen a la PAU, sempre que siguen diferents de les que tinga en la seua Fase Obligat\u00f2ria de la prova d&#8217;acc\u00e9s, per a poder augmentar la seua qualificaci\u00f3 d&#8217;admissi\u00f3 fins a un m\u00e0xim de 14 punts. Pot examinar-se, en esta Fase, de les assignatures que vulga, les haja cursades o no, fins a un m\u00e0xim de tres, o de 4 si una d&#8217;elles \u00e9s un idioma estranger. Cada una de les mat\u00e8ries de les quals s&#8217;examine l&#8217;alumnat en esta fase es qualificar\u00e0 de 0 a 10 punts i podr\u00e0 ser tinguda en compte per a l&#8217;admissi\u00f3 a les diferents titulacions oficials de Grau quan s&#8217;obtinga en ella una qualificaci\u00f3 igual o superior a 5 punts.<\/li>\n<\/ul>\n<h3>ESTRUCTURA DE LA PROVA SI ERES ESTUDIANT DE CICLES FORMATIUS DE GRAU SUPERIOR<\/h3>\n<p>La qualificaci\u00f3 del Cicle Formatiu de Grau Superior ser\u00e0 equivalent a la nota d&#8217;acc\u00e9s a la Universitat dels estudiants de Batxillerat. Podran presentar-se als ex\u00e0mens d&#8217;un m\u00e0xim de 3 assignatures , de les quals trien entre les 33 possibles, o de 4 si una d&#8217;elles \u00e9s un idioma estranger, per a poder augmentar la seua qualificaci\u00f3 d&#8217;admissi\u00f3 fins a un m\u00e0xim de 14 punts.<\/p>\n<h3>INFORMACI\u00d3 ADDICIONAL<\/h3>\n<ul>\n<li><a href=\"https:\/\/estudios.umh.es\/normativa-pau\/\" rel=\"noopener\">Normatives relatives a les proves d&#8217;acc\u00e9s a la universitat.<\/a><\/li>\n<li><a style=\"text-align: center\" href=\"https:\/\/universitats.gva.es\/va\/preguntas-frecuentes-pau\" target=\"_blank\" rel=\"noopener\">Preguntes freq\u00fcents en relaci\u00f3 a l&#8217;acc\u00e9s i admissi\u00f3 a la universitat en el curs 2025\/2026.PDF<img loading=\"lazy\" class=\"alignnone wp-image-31436 size-full\" src=\"https:\/\/estudios.umh.es\/files\/2021\/11\/abre-en-nueva-ventana.png\" alt=\"(abre en nueva ventana)\" width=\"15\" height=\"15\"><\/a><\/li>\n<li><a style=\"text-align: center\" href=\"https:\/\/universitats.gva.es\/documents\/389338055\/389340585\/Preguntes+freqents+PAU+V5_cast.pdf\/36bfd838-d653-4969-f80e-3c26c9d93ce1?t=1733909774191\" target=\"_blank\" rel=\"noopener\">Preguntes freq\u00fcents sobre l&#8217;exempci\u00f3 del valenci\u00e0 en les proves d&#8217;acc\u00e9s a la universitat en el curs <img loading=\"lazy\" class=\"alignnone wp-image-31436 size-full\" src=\"https:\/\/estudios.umh.es\/files\/2021\/11\/abre-en-nueva-ventana.png\" alt=\"(abre en nueva ventana)\" width=\"15\" height=\"15\"><\/a><\/li>\n<li><a href=\"https:\/\/universitats.gva.es\/documents\/389338055\/389339982\/Horario_PAU_2026.pdf\/50ab62a0-18cf-e860-394b-a665c0fc5998?t=1762169825859\" target=\"_blank\" rel=\"noopener\">Consulta els horaris<img loading=\"lazy\" class=\"alignnone wp-image-31436 size-full\" src=\"https:\/\/estudios.umh.es\/files\/2021\/11\/abre-en-nueva-ventana.png\" alt=\"(abre en nueva ventana)\" width=\"15\" height=\"15\"><\/a><\/li>\n<li><a href=\"https:\/\/estudios.umh.es\/files\/2025\/06\/Fechas-de-interes.pdf\" target=\"_blank\" rel=\"noopener\">Consulta les dates d&#8217;inter\u00e9s PAU2025. 230kB<img loading=\"lazy\" class=\"alignnone wp-image-31436 size-full\" src=\"https:\/\/estudios.umh.es\/files\/2021\/11\/abre-en-nueva-ventana.png\" alt=\"(abre en nueva ventana)\" width=\"15\" height=\"15\"><\/a><\/li>\n<li><a href=\"https:\/\/universitats.gva.es\/es\/caracteristiques-examens-criteris-generals-correccio-i-models-examen-pau-2026\" target=\"_blank\" rel=\"noopener\">Caracter\u00edstiques dels Ex\u00e0mens, Criteris Generals de Correcci\u00f3 i Models d&#8217;Examen de les Assignatures de la PAU<\/a><a href=\"https:\/\/estudios.umh.es\/files\/2023\/01\/FECHAS-DE-INTERES.pdf\" target=\"_blank\" rel=\"noopener\"><img loading=\"lazy\" class=\"alignnone wp-image-31436 size-full\" src=\"https:\/\/estudios.umh.es\/files\/2021\/11\/abre-en-nueva-ventana.png\" alt=\"(abre en nueva ventana)\" width=\"15\" height=\"15\"><\/a><\/li>\n<li><a href=\"https:\/\/universitats.gva.es\/va\/informacio-guies-i-examens-proves-acces-cursos-anteriors\" target=\"_blank\" rel=\"noopener\">Consulta ex\u00e0mens de convocat\u00f2ries anteriors<img loading=\"lazy\" class=\"alignnone wp-image-31436 size-full\" src=\"https:\/\/estudios.umh.es\/files\/2021\/11\/abre-en-nueva-ventana.png\" alt=\"(abre en nueva ventana)\" width=\"15\" height=\"15\"><\/a><\/li>\n<li><a style=\"text-align: center\" href=\"https:\/\/appweb.edu.gva.es\/paseu\/login.sec\" target=\"_blank\" rel=\"noopener\">Portal de l&#8217;alumne<img loading=\"lazy\" class=\"alignnone wp-image-31436 size-full\" src=\"https:\/\/estudios.umh.es\/files\/2021\/11\/abre-en-nueva-ventana.png\" alt=\"(abre en nueva ventana)\" width=\"15\" height=\"15\"><\/a><\/li>\n<li><a style=\"text-align: center\" href=\"http:\/\/bancdelaselectivitat.edu.umh.es\/\" target=\"_blank\" rel=\"noopener\">Banc d&#8217;ex\u00e0mens de selectivitat de la UMH<img loading=\"lazy\" class=\"alignnone wp-image-31436 size-full\" src=\"https:\/\/estudios.umh.es\/files\/2021\/11\/abre-en-nueva-ventana.png\" alt=\"(abre en nueva ventana)\" width=\"15\" height=\"15\"><\/a><\/li>\n<li style=\"text-align: left\"><a href=\"https:\/\/dogv.gva.es\/datos\/2025\/11\/12\/pdf\/2025_45963_va.pdf\" target=\"_blank\" rel=\"noopener\">RESOLUCI\u00d3 de 10 de novembre de 2025, conjunta de la Direcci\u00f3 General d&#8217;Innovaci\u00f3 i Inclusi\u00f3 Educativa i de la Direcci\u00f3 General d&#8217;Universitats, per la qual es dicten instruccions per a l&#8217;adaptaci\u00f3 en les proves d&#8217;acc\u00e9s a les universitats p\u00fabliques valencianes per a les persones amb necessitats espec\u00edfiques de suport educatiu<\/a><a href=\"http:\/\/www.ceice.gva.es\/va\/web\/universidad\/informacion-pau\" target=\"_blank\" rel=\"noopener\">.<img loading=\"lazy\" class=\"alignnone wp-image-31436 size-full\" src=\"https:\/\/estudios.umh.es\/files\/2021\/11\/abre-en-nueva-ventana.png\" alt=\"(abre en nueva ventana)\" width=\"15\" height=\"15\"><\/a><\/li>\n<li><a href=\"https:\/\/estudios.umh.es\/reuniones-coordinacion-centros-de-secundaria-2022\/\" target=\"_blank\" rel=\"noopener\">Reunions Coordinaci\u00f3 Centres Secund\u00e0ria 2022<img loading=\"lazy\" class=\"alignnone wp-image-31436 size-full\" src=\"https:\/\/estudios.umh.es\/files\/2021\/11\/abre-en-nueva-ventana.png\" alt=\"(abre en nueva ventana)\" width=\"15\" height=\"15\"><\/a><\/li>\n<\/ul>\n<h3>DOCUMENTS SOBRE LES COMISSIONS DE MAT\u00c8RIA, ESTAD\u00cdSTIQUES PAU, ESPECIALISTES DE MAT\u00c8RIA I TRIBUNALS<\/h3>\n<ul>\n<li><a href=\"https:\/\/estudios.umh.es\/ca\/documentos-materias\/\" rel=\"noopener\">Documents de les comissions de mat\u00e8ries<\/a><\/li>\n<li><a style=\"text-align: center\" href=\"https:\/\/innova.gva.es\/va\/web\/universidad\/estadisticas\" target=\"_blank\" rel=\"noopener\">Estad\u00edstiques sobre les PAU realitzades en la Comunitat Valenciana<img loading=\"lazy\" class=\"alignnone wp-image-31436 size-full\" src=\"https:\/\/estudios.umh.es\/files\/2021\/11\/abre-en-nueva-ventana.png\" alt=\"(abre en nueva ventana)\" width=\"15\" height=\"15\"><\/a><\/li>\n<li><a style=\"text-align: center\" href=\"https:\/\/estudios.umh.es\/files\/2023\/01\/15-Especialistas_-UMH_PAU_2022_2023.pdf\" target=\"_blank\" rel=\"noopener\">Relaci\u00f3 d&#8217;especialistes que intervenen en les PAU.PDF.76kB<img loading=\"lazy\" class=\"alignnone wp-image-31436 size-full\" src=\"https:\/\/estudios.umh.es\/files\/2021\/11\/abre-en-nueva-ventana.png\" alt=\"(abre en nueva ventana)\" width=\"15\" height=\"15\"><\/a><\/li>\n<\/ul>\n<p>&nbsp;<\/p>\n<table class=\" alignleft\" style=\"border: none\" align=\"center\">\n<tbody style=\"border: none\">\n<tr style=\"border: none\">\n<td style=\"border: none;text-align: center\">&nbsp;<\/td>\n<td style=\"border: none;text-align: center\">&nbsp;<\/td>\n<td style=\"border: none;text-align: center\">&nbsp;<\/td>\n<\/tr>\n<\/tbody>\n<\/table>\n<p><\/p>","protected":false},"excerpt":{"rendered":"<p>ESTRUCTURA DE LA PROVA SI ERES ESTUDIANT DE BATXILLERAT<\/p>\n<p>Prova d&#8217;Acc\u00e9s o Fase obligat\u00f2ria: En la fase obligat\u00f2ria l&#8217;estudiantat s&#8217;examinar\u00e0 de 5 assignatures (excepte en els casos d&#8217;exempci\u00f3 d&#8217;alguna d&#8217;elles): a) Llengua Castellana i Literatura II b) Valenci\u00e0:Llengua i Literatura II c) Hist\u00f2ria d&#8217;Espanya o Hist\u00f2ria de la Filosofia (l&#8217;estudiantat triar\u00e0 una de les dos en [&#8230;]<\/p>\n","protected":false},"author":219,"featured_media":0,"parent":77,"menu_order":10,"comment_status":"closed","ping_status":"open","template":"","meta":{"ngg_post_thumbnail":0,"_links_to":"","_links_to_target":""},"_links":{"self":[{"href":"https:\/\/estudios.umh.es\/ca\/wp-json\/wp\/v2\/pages\/155"}],"collection":[{"href":"https:\/\/estudios.umh.es\/ca\/wp-json\/wp\/v2\/pages"}],"about":[{"href":"https:\/\/estudios.umh.es\/ca\/wp-json\/wp\/v2\/types\/page"}],"author":[{"embeddable":true,"href":"https:\/\/estudios.umh.es\/ca\/wp-json\/wp\/v2\/users\/219"}],"replies":[{"embeddable":true,"href":"https:\/\/estudios.umh.es\/ca\/wp-json\/wp\/v2\/comments?post=155"}],"version-history":[{"count":0,"href":"https:\/\/estudios.umh.es\/ca\/wp-json\/wp\/v2\/pages\/155\/revisions"}],"up":[{"embeddable":true,"href":"https:\/\/estudios.umh.es\/ca\/wp-json\/wp\/v2\/pages\/77"}],"wp:attachment":[{"href":"https:\/\/estudios.umh.es\/ca\/wp-json\/wp\/v2\/media?parent=155"}],"curies":[{"name":"wp","href":"https:\/\/api.w.org\/{rel}","templated":true}]}}