{"id":156,"date":"2014-04-03T07:01:51","date_gmt":"2014-04-03T07:01:51","guid":{"rendered":"http:\/\/estudios.zeus.umh.es\/?page_id=156"},"modified":"2025-02-06T13:34:03","modified_gmt":"2025-02-06T12:34:03","slug":"grados","status":"publish","type":"page","link":"https:\/\/estudios.umh.es\/ca\/acceso\/grados\/","title":{"rendered":"GRAUS"},"content":{"rendered":"<p><\/p>\n<p style=\"text-align: left\">En aquest apartat podr\u00e0s consultar les diferents vies d&#8217;acc\u00e9s i els procediments d&#8217;admissi\u00f3 als estudis de grau, d&#8217;acord amb el <a href=\"https:\/\/www.boe.es\/buscar\/act.php?id=BOE-A-2024-11858&amp;p=20240612&amp;tn=2\">Reial Decret 534\/2024, d&#8217;11 de juny, pel qual es regulen els requisits d&#8217;acc\u00e9s a les ensenyances universit\u00e0ries oficials de Grau, les caracter\u00edstiques b\u00e0siques de la prova d&#8217;acc\u00e9s i la normativa b\u00e0sica dels procediments d&#8217;admissi\u00f3<\/a><a href=\"https:\/\/www.boe.es\/buscar\/act.php?id=BOE-A-2014-6008\" target=\"_blank\" rel=\"noopener noreferrer\"><img loading=\"lazy\" class=\"alignnone wp-image-31436 size-full\" src=\"https:\/\/estudios.umh.es\/files\/2021\/11\/abre-en-nueva-ventana.png\" alt=\"(abre en nueva ventana)\" width=\"15\" height=\"15\"><\/a>.<\/p>\n<ul>\n<li style=\"text-align: left\"><a href=\"https:\/\/estudios.umh.es\/ca\/acceso\/grados\/pruebas-de-acceso\/\" rel=\"noopener noreferrer\">PROVES D\u00b4ACC\u00c9S<\/a><\/li>\n<li style=\"text-align: left\"><a href=\"https:\/\/estudios.umh.es\/ca\/acceso\/grados\/preinscripcion-universitaria\/\" rel=\"noopener noreferrer\">PREINSCRIPCI\u00d3 UNIVERSIT\u00c0RIA<\/a><\/li>\n<li style=\"text-align: left\"><a href=\"https:\/\/estudios.umh.es\/ca\/gestion-de-listas-de-espera\/\" rel=\"noopener noreferrer\">LLISTES D\u00b4ESPERA<\/a><\/li>\n<li style=\"text-align: left\"><a href=\"https:\/\/estudios.umh.es\/ca\/acceso\/grados\/pruebas-de-acceso\/acceso-con-estudios-extranjeros\/\" rel=\"noopener noreferrer\">ACC\u00c9S AMB ESTUDIS PREUNIVERSITARIS ESTRANGERS<\/a><\/li>\n<li style=\"text-align: left\"><a href=\"https:\/\/estudios.umh.es\/ca\/acceso\/grados\/admisioncontinuacionestudios\/\" rel=\"noopener noreferrer\">ADMISI\u00d3 AMB ESTUDIS UNIVERSITARIS PARCIALS ESPANYOLS O ESTRANGERS<\/a><\/li>\n<\/ul>\n<p><\/p>","protected":false},"excerpt":{"rendered":"<p>En aquest apartat podr\u00e0s consultar les diferents vies d&#8217;acc\u00e9s i els procediments d&#8217;admissi\u00f3 als estudis de grau, d&#8217;acord amb el Reial Decret 534\/2024, d&#8217;11 de juny, pel qual es regulen els requisits d&#8217;acc\u00e9s a les ensenyances universit\u00e0ries oficials de Grau, les caracter\u00edstiques b\u00e0siques de la prova d&#8217;acc\u00e9s i la normativa b\u00e0sica dels procediments d&#8217;admissi\u00f3.<\/p>\n<p>PROVES D\u00b4ACC\u00c9S<br \/>\nPREINSCRIPCI\u00d3 [&#8230;]<\/p>\n","protected":false},"author":219,"featured_media":0,"parent":20,"menu_order":5,"comment_status":"closed","ping_status":"open","template":"","meta":{"ngg_post_thumbnail":0,"_links_to":"","_links_to_target":""},"_links":{"self":[{"href":"https:\/\/estudios.umh.es\/ca\/wp-json\/wp\/v2\/pages\/156"}],"collection":[{"href":"https:\/\/estudios.umh.es\/ca\/wp-json\/wp\/v2\/pages"}],"about":[{"href":"https:\/\/estudios.umh.es\/ca\/wp-json\/wp\/v2\/types\/page"}],"author":[{"embeddable":true,"href":"https:\/\/estudios.umh.es\/ca\/wp-json\/wp\/v2\/users\/219"}],"replies":[{"embeddable":true,"href":"https:\/\/estudios.umh.es\/ca\/wp-json\/wp\/v2\/comments?post=156"}],"version-history":[{"count":0,"href":"https:\/\/estudios.umh.es\/ca\/wp-json\/wp\/v2\/pages\/156\/revisions"}],"up":[{"embeddable":true,"href":"https:\/\/estudios.umh.es\/ca\/wp-json\/wp\/v2\/pages\/20"}],"wp:attachment":[{"href":"https:\/\/estudios.umh.es\/ca\/wp-json\/wp\/v2\/media?parent=156"}],"curies":[{"name":"wp","href":"https:\/\/api.w.org\/{rel}","templated":true}]}}