{"id":157,"date":"2014-04-03T07:02:33","date_gmt":"2014-04-03T07:02:33","guid":{"rendered":"http:\/\/estudios.zeus.umh.es\/?page_id=157"},"modified":"2026-02-17T16:43:27","modified_gmt":"2026-02-17T15:43:27","slug":"masters","status":"publish","type":"page","link":"https:\/\/estudios.umh.es\/ca\/acceso\/masters\/","title":{"rendered":"M\u00c0STER UNIVERSITARI"},"content":{"rendered":"<p><\/p>\n<div class=\"col\">&nbsp;<\/div>\n<div class=\"w-100\">Els ensenyaments de M\u00e0ster Universitari tenen com a objectiu l&#8217;adquisici\u00f3 per part de l&#8217;estudiant d&#8217;una formaci\u00f3 avan\u00e7ada, de car\u00e0cter especialitzat o multidisciplinari, orientats a l&#8217;especialitzaci\u00f3 acad\u00e8mica o professional, o b\u00e9 promoure la iniciaci\u00f3 en tasques investigadores. La superaci\u00f3 daquests ensenyaments donar\u00e0 dret a lobtenci\u00f3 del t\u00edtol de M\u00e0ster Universitari.<\/div>\n<div class=\"col\">\n<div class=\"text-cuerpo\">\n<p><span dir=\"auto\" style=\"vertical-align: inherit\"><span dir=\"auto\" style=\"vertical-align: inherit\">Consulta els&nbsp; <\/span><\/span><a href=\"https:\/\/umh.es\/contenido\/Estudios\/:Master_Oficial_CSig\/datos_es.html\" target=\"_blank\" rel=\"noopener noreferrer\"><span dir=\"auto\" style=\"vertical-align: inherit\"><span dir=\"auto\" style=\"vertical-align: inherit\">t\u00edtols que ofereix la UMH<\/span><\/span><\/a><\/p>\n<h3><span dir=\"auto\" style=\"vertical-align: inherit\"><span dir=\"auto\" style=\"vertical-align: inherit\">INFORMACI\u00d3 GENERAL DE PREINSCRIPCI\u00d3<\/span><\/span><\/h3>\n<ul>\n<li><a href=\"https:\/\/estudios.umh.es\/acceso\/masters\/acceso-y-admision\/\" target=\"_blank\" rel=\"noopener\"><span dir=\"auto\" style=\"vertical-align: inherit\"><span dir=\"auto\" style=\"vertical-align: inherit\">ACC\u00c9S I ADMISSI\u00d3<\/span><\/span><\/a><\/li>\n<li><a href=\"https:\/\/estudios.umh.es\/instrucciones-de-preinscripcion-master-universitario\/\" target=\"_blank\" rel=\"noopener\"><span dir=\"auto\" style=\"vertical-align: inherit\"><span dir=\"auto\" style=\"vertical-align: inherit\">INSTRUCCIONS PER A LA PREINSCRIPCI\u00d3 DE M\u00c0STERS UNIVERSITARIS<\/span><\/span><\/a><\/li>\n<li><a href=\"https:\/\/estudios.umh.es\/video-informativo-sobre-el-procedimiento-de-preinscripcion-de-master\/\" target=\"_blank\" rel=\"noopener\"><span dir=\"auto\" style=\"vertical-align: inherit\"><span dir=\"auto\" style=\"vertical-align: inherit\">V\u00cdDEO INFORMATIU SOBRE EL PROCEDIMENT DE PREINSCRIPCI\u00d3 DE M\u00c0STER<\/span><\/span><\/a><\/li>\n<li><a href=\"https:\/\/estudios.umh.es\/admision-condicionada-a-master-universitario\/\" target=\"_blank\" rel=\"noopener\"><span dir=\"auto\" style=\"vertical-align: inherit\"><span dir=\"auto\" style=\"vertical-align: inherit\">ADMISSI\u00d3 CONDICIONADA EN M\u00c0STER<\/span><\/span><\/a><\/li>\n<\/ul>\n<p data-wp-editing=\"1\"><a href=\"https:\/\/estudios.umh.es\/faq-preguntas-frecuentes-preinscripcion-master\/\" target=\"_blank\" rel=\"noopener\"><img loading=\"lazy\" class=\"\" src=\"https:\/\/estudios.umh.es\/files\/2025\/02\/FAQ-12pequeno-azul.jpg\" width=\"53\" height=\"51\"><span dir=\"auto\" style=\"vertical-align: inherit\"><span dir=\"auto\" style=\"vertical-align: inherit\">PREGUNTES FREQ\u00dcENTS PREINSCRIPCI\u00d3 DE M\u00c0STER<\/span><\/span><\/a><\/p>\n<h3><span dir=\"auto\" style=\"vertical-align: inherit\"><span dir=\"auto\" style=\"vertical-align: inherit\">INFORMACI\u00d3 PREINSCRIPCI\u00d3 M\u00c0STER ESTUDIANTAT AMB T\u00cdTOL ESTRANGER&nbsp;<\/span><\/span><\/h3>\n<ul>\n<li><a href=\"https:\/\/estudios.umh.es\/acceso\/masters\/acceso-con-estudios-universitarios-extranjeros\/\" rel=\"noopener noreferrer\"><span dir=\"auto\" style=\"vertical-align: inherit\"><span dir=\"auto\" style=\"vertical-align: inherit\">ACC\u00c9S AMB ESTUDIS UNIVERSITARIS ESTRANGERS<\/span><\/span><\/a>&nbsp;<\/li>\n<li><a href=\"https:\/\/estudios.umh.es\/video-informativo-sobre-el-procedimiento-de-preinscripcion-estudiantado-extranjero-de-master\/\" target=\"_blank\" rel=\"noopener\"><span dir=\"auto\" style=\"vertical-align: inherit\"><span dir=\"auto\" style=\"vertical-align: inherit\">V\u00cdDEO INFORMATIU SOBRE EL PROCEDIMENT DE PREINSCRIPCI\u00d3 ESTUDIANTAT ESTRANGER DE M\u00c0STER<\/span><\/span><\/a><\/li>\n<\/ul>\n<p data-wp-editing=\"1\"><a href=\"https:\/\/estudios.umh.es\/faq-preguntas-frecuentes-estudiantes-con-titulo-extranjero-master\/\" target=\"_blank\" rel=\"noopener\"><img loading=\"lazy\" class=\"\" src=\"https:\/\/estudios.umh.es\/files\/2025\/02\/FAQ-12pequeno-azul.jpg\" width=\"53\" height=\"51\"><span dir=\"auto\" style=\"vertical-align: inherit\"><span dir=\"auto\" style=\"vertical-align: inherit\">PREGUNTES FREQ\u00dcENTS ESTUDIANTAT AMB T\u00cdTOL ESTRANGER<\/span><\/span><\/a><\/p>\n<h3><span dir=\"auto\" style=\"vertical-align: inherit\"><span dir=\"auto\" style=\"vertical-align: inherit\">INFORMACI\u00d3 ADDICIONAL PREINSCRIPCI\u00d3 M\u00c0STER<\/span><\/span><\/h3>\n<ul>\n<li><a href=\"https:\/\/estudios.umh.es\/acceso\/masters\/master-en-formacion-del-profesorado-abierto-plazo-preinscripicon\/\" target=\"_blank\" rel=\"noopener\"><span dir=\"auto\" style=\"vertical-align: inherit\"><span dir=\"auto\" style=\"vertical-align: inherit\">INFORMACI\u00d3 M\u00c0STER EN FORMACI\u00d3 DEL PROFESSORAT D&#8217;ESO I BATXILLERAT, FP I E.IDIOMES 2025-2026<\/span><\/span><\/a><\/li>\n<li><a href=\"https:\/\/estudios.umh.es\/acceso\/masters\/procedimiento-solicitud-acceso-master-universitario-en-psicologia-general-sanitaria-con-estudios-universitarios-extranjeros\/\"><span dir=\"auto\" style=\"vertical-align: inherit\"><span dir=\"auto\" style=\"vertical-align: inherit\">ACC\u00c9S AL M\u00c0STER UNIVERSITARI EN PSICOLOGIA GENERAL SANIT\u00c0RIA AMB ESTUDIS&nbsp; <\/span><\/span><\/a><a href=\"https:\/\/estudios.umh.es\/acceso\/masters\/procedimiento-solicitud-acceso-master-universitario-en-psicologia-general-sanitaria-con-estudios-universitarios-extranjeros\/\"><span dir=\"auto\" style=\"vertical-align: inherit\"><span dir=\"auto\" style=\"vertical-align: inherit\">UNIVERSITARIS ESTRANGERS<\/span><\/span><\/a><a href=\"https:\/\/estudios.umh.es\/acceso\/masters\/preinscripcion\/\" target=\"_blank\" rel=\"noopener\">&nbsp;<\/a><\/li>\n<li><a href=\"https:\/\/estudios.umh.es\/procedimiento-de-reconocimiento-de-creditos-estudiantado-matriculado-en-el-master-universitario-en-formacion-del-profesorado-a-los-licenciados-en-pedagogia-y-psicopedagogia\/\" target=\"_blank\" rel=\"noopener\"><span dir=\"auto\" style=\"vertical-align: inherit\"><span dir=\"auto\" style=\"vertical-align: inherit\">PROCEDIMENT DE RECONEIXEMENT DE CR\u00c8DITS ESTUDIANTAT MATRICULAT AL M\u00c0STER UNIVERSITARI EN FORMACI\u00d3 DEL PROFESSORAT PER A LLICENCIATS EN PEDAGOGIA I PSICOPEDAGOGIA<\/span><\/span><\/a><\/li>\n<\/ul>\n<\/div>\n<\/div>\n<p><\/p>","protected":false},"excerpt":{"rendered":"<p>&nbsp;<br \/>\nEls ensenyaments de M\u00e0ster Universitari tenen com a objectiu l&#8217;adquisici\u00f3 per part de l&#8217;estudiant d&#8217;una formaci\u00f3 avan\u00e7ada, de car\u00e0cter especialitzat o multidisciplinari, orientats a l&#8217;especialitzaci\u00f3 acad\u00e8mica o professional, o b\u00e9 promoure la iniciaci\u00f3 en tasques investigadores. La superaci\u00f3 daquests ensenyaments donar\u00e0 dret a lobtenci\u00f3 del t\u00edtol de M\u00e0ster Universitari.<\/p>\n<p>Consulta els&nbsp; t\u00edtols que ofereix la UMH<br \/>\nINFORMACI\u00d3 [&#8230;]<\/p>\n","protected":false},"author":219,"featured_media":0,"parent":20,"menu_order":10,"comment_status":"closed","ping_status":"open","template":"","meta":{"ngg_post_thumbnail":0,"_links_to":"","_links_to_target":""},"_links":{"self":[{"href":"https:\/\/estudios.umh.es\/ca\/wp-json\/wp\/v2\/pages\/157"}],"collection":[{"href":"https:\/\/estudios.umh.es\/ca\/wp-json\/wp\/v2\/pages"}],"about":[{"href":"https:\/\/estudios.umh.es\/ca\/wp-json\/wp\/v2\/types\/page"}],"author":[{"embeddable":true,"href":"https:\/\/estudios.umh.es\/ca\/wp-json\/wp\/v2\/users\/219"}],"replies":[{"embeddable":true,"href":"https:\/\/estudios.umh.es\/ca\/wp-json\/wp\/v2\/comments?post=157"}],"version-history":[{"count":0,"href":"https:\/\/estudios.umh.es\/ca\/wp-json\/wp\/v2\/pages\/157\/revisions"}],"up":[{"embeddable":true,"href":"https:\/\/estudios.umh.es\/ca\/wp-json\/wp\/v2\/pages\/20"}],"wp:attachment":[{"href":"https:\/\/estudios.umh.es\/ca\/wp-json\/wp\/v2\/media?parent=157"}],"curies":[{"name":"wp","href":"https:\/\/api.w.org\/{rel}","templated":true}]}}