{"id":16114,"date":"2023-06-01T13:55:57","date_gmt":"2023-06-01T11:55:57","guid":{"rendered":"https:\/\/estudios.umh.es\/?page_id=16114"},"modified":"2026-03-02T13:05:16","modified_gmt":"2026-03-02T12:05:16","slug":"ministerio-de-educacion-y-formacion-profesional","status":"publish","type":"page","link":"https:\/\/estudios.umh.es\/ca\/ministerio-de-educacion-y-formacion-profesional\/","title":{"rendered":"BEQUES MINISTERI D&#8217;EDUCACI\u00d3, FORMACI\u00d3 PROFESSIONAL I ESPORTS"},"content":{"rendered":"<p><span dir=\"auto\" style=\"vertical-align: inherit\"><span dir=\"auto\" style=\"vertical-align: inherit\">Des d&#8217;aquesta p\u00e0gina s&#8217;obt\u00e9 informaci\u00f3 sobre les beques i els ajuts convocats per aquest ministeri, en l&#8217;\u00e0mbit de l&#8217;ensenyament universitari:<\/span><\/span><\/p>\n<ul>\n<li><a href=\"https:\/\/estudios.umh.es\/mecd\/\"><span dir=\"auto\" style=\"vertical-align: inherit\"><span dir=\"auto\" style=\"vertical-align: inherit\">Beques i ajuts per cursar estudis universitaris de Grau i m\u00e0ster<\/span><\/span><\/a><\/li>\n<li><a href=\"https:\/\/estudios.umh.es\/becas-de-colaboracion\/\"><span dir=\"auto\" style=\"vertical-align: inherit\"><span dir=\"auto\" style=\"vertical-align: inherit\">Beques de col\u00b7laboraci\u00f3<\/span><\/span><\/a><\/li>\n<\/ul>\n<p><\/p>","protected":false},"excerpt":{"rendered":"<p>Des d&#8217;aquesta p\u00e0gina s&#8217;obt\u00e9 informaci\u00f3 sobre les beques i els ajuts convocats per aquest ministeri, en l&#8217;\u00e0mbit de l&#8217;ensenyament universitari:<\/p>\n<p>Beques i ajuts per cursar estudis universitaris de Grau i m\u00e0ster<br \/>\nBeques de col\u00b7laboraci\u00f3<\/p>\n","protected":false},"author":10,"featured_media":0,"parent":0,"menu_order":11,"comment_status":"closed","ping_status":"closed","template":"","meta":{"ngg_post_thumbnail":0,"_links_to":"","_links_to_target":""},"_links":{"self":[{"href":"https:\/\/estudios.umh.es\/ca\/wp-json\/wp\/v2\/pages\/16114"}],"collection":[{"href":"https:\/\/estudios.umh.es\/ca\/wp-json\/wp\/v2\/pages"}],"about":[{"href":"https:\/\/estudios.umh.es\/ca\/wp-json\/wp\/v2\/types\/page"}],"author":[{"embeddable":true,"href":"https:\/\/estudios.umh.es\/ca\/wp-json\/wp\/v2\/users\/10"}],"replies":[{"embeddable":true,"href":"https:\/\/estudios.umh.es\/ca\/wp-json\/wp\/v2\/comments?post=16114"}],"version-history":[{"count":0,"href":"https:\/\/estudios.umh.es\/ca\/wp-json\/wp\/v2\/pages\/16114\/revisions"}],"wp:attachment":[{"href":"https:\/\/estudios.umh.es\/ca\/wp-json\/wp\/v2\/media?parent=16114"}],"curies":[{"name":"wp","href":"https:\/\/api.w.org\/{rel}","templated":true}]}}