{"id":16118,"date":"2023-06-01T13:58:44","date_gmt":"2023-06-01T11:58:44","guid":{"rendered":"https:\/\/estudios.umh.es\/?page_id=16118"},"modified":"2026-03-03T09:52:42","modified_gmt":"2026-03-03T08:52:42","slug":"becas-de-colaboracion","status":"publish","type":"page","link":"https:\/\/estudios.umh.es\/ca\/becas-de-colaboracion\/","title":{"rendered":"Beques de Col\u00b7laboraci\u00f3 d&#8217;Estudiants en Departaments Universitaris"},"content":{"rendered":"<p><span dir=\"auto\" style=\"vertical-align: inherit\"><span dir=\"auto\" style=\"vertical-align: inherit\">Altres convocat\u00f2ries del Ministeri d&#8217;Educaci\u00f3 i Formaci\u00f3 Professional que us poden interessar: Beques de Col\u00b7laboraci\u00f3 d&#8217;Estudiants en Departaments Universitaris.<\/span><\/span><\/p>\n<h3><span dir=\"auto\" style=\"vertical-align: inherit\"><span dir=\"auto\" style=\"vertical-align: inherit\">BEQUES DE COL\u00b7LABORACI\u00d3 DEL CURS 2025\/2026.<\/span><\/span><\/h3>\n<ul>\n<li><a href=\"https:\/\/www.educacionfpydeportes.gob.es\/servicios-al-ciudadano\/catalogo\/general\/99\/998142\/ficha\/998142-2025.html\"><span dir=\"auto\" style=\"vertical-align: inherit\"><span dir=\"auto\" style=\"vertical-align: inherit\">Informaci\u00f3 sobre la convocat\u00f2ria<\/span><\/span><\/a><\/li>\n<li><a href=\"https:\/\/estudios.umh.es\/files\/2025\/06\/bil-Cert.-CAA-475.2025-Becas-Ministerio-2025-26-1.pdf\"><span dir=\"auto\" style=\"vertical-align: inherit\"><span dir=\"auto\" style=\"vertical-align: inherit\">Acord del Consell Social sobre l\u201fassignaci\u00f3 de les beques entre Departaments. 577 KB. PDF<\/span><\/span><\/a><\/li>\n<li><a href=\"https:\/\/estudios.umh.es\/files\/2025\/06\/Convocatoria-Becas-Colaboracion-2025-26-FIRMADA.pdf\"><span dir=\"auto\" style=\"vertical-align: inherit\"><span dir=\"auto\" style=\"vertical-align: inherit\">Consulta la convocat\u00f2ria de les beques de col\u00b7laboraci\u00f3.<\/span><\/span><\/a><\/li>\n<li><a href=\"https:\/\/estudios.umh.es\/files\/2025\/06\/Extracto-Becas-Colaboracion-2025-26-BOE-B-2025-20985.pdf\"><span dir=\"auto\" style=\"vertical-align: inherit\"><span dir=\"auto\" style=\"vertical-align: inherit\">Consulteu l&#8217;extracte de la convocat\u00f2ria de les beques de col\u00b7laboraci\u00f3.<\/span><\/span><\/a><br \/>\n<span dir=\"auto\" style=\"vertical-align: inherit\"><span dir=\"auto\" style=\"vertical-align: inherit\"> Termini de presentaci\u00f3 de sol\u00b7licituds: De l&#8217;11 de juny al 16 de setembre del 2025<\/span><\/span><\/li>\n<li><a href=\"https:\/\/boumh.umh.es\/files\/2025\/09\/ES_U05500001_2025_DOCH-0000000000000000000327737.pdf\"><span dir=\"auto\" style=\"vertical-align: inherit\"><span dir=\"auto\" style=\"vertical-align: inherit\">Proposta provisional de concessi\u00f3 de beques de col\u00b7laboraci\u00f3 destudiants en departaments universitaris. PDF 214,33 KB<\/span><\/span><\/a><\/li>\n<li><span dir=\"auto\" style=\"vertical-align: inherit\"><span dir=\"auto\" style=\"vertical-align: inherit\">Termini de presentaci\u00f3 d&#8217;al\u00b7legacions: De l&#8217;1 al 15 d&#8217;octubre del 2025<\/span><\/span><\/li>\n<li><a href=\"https:\/\/boumh.umh.es\/files\/2025\/10\/ES_U05500001_2025_DOCH-0000000000000000000351558.pdf\"><span dir=\"auto\" style=\"vertical-align: inherit\"><span dir=\"auto\" style=\"vertical-align: inherit\">Llistat definitiu de concessi\u00f3 de beques de col\u00b7laboraci\u00f3 d&#8217;estudiants a departaments universitaris, curs 2025\/2026. PDF 234,79 KB<\/span><\/span><\/a><\/li>\n<li><a href=\"https:\/\/www.educacionfpydeportes.gob.es\/servicios-al-ciudadano\/catalogo\/general\/99\/998142\/ficha\/998142-2025.html\"><span dir=\"auto\" style=\"vertical-align: inherit\"><span dir=\"auto\" style=\"vertical-align: inherit\">Resoluci\u00f3 de concessi\u00f3.&nbsp;<\/span><\/span><\/a><img loading=\"lazy\" class=\"alignnone wp-image-31436 size-full\" src=\"https:\/\/estudios.umh.es\/files\/2021\/11\/abre-en-nueva-ventana.png\" alt=\"(obriu en nova finestra)\" width=\"15\" height=\"15\"><\/li>\n<li><span dir=\"auto\" style=\"vertical-align: inherit\"><span dir=\"auto\" style=\"vertical-align: inherit\">Pla\u00e7a de presentaci\u00f3 de recurs: Del 7 de novembre al 9 de desembre de 2025. <\/span><\/span><a href=\"https:\/\/www.educacionfpydeportes.gob.es\/servicios-al-ciudadano\/catalogo\/general\/19\/1932903\/ficha\/1932903.html\"><span dir=\"auto\" style=\"vertical-align: inherit\"><span dir=\"auto\" style=\"vertical-align: inherit\">Acc\u00e9s al tr\u00e0mit<\/span><\/span><\/a><\/li>\n<\/ul>\n<p>&nbsp;<\/p>\n<h3><span dir=\"auto\" style=\"vertical-align: inherit\"><span dir=\"auto\" style=\"vertical-align: inherit\">BEQUES DE COL\u00b7LABORACI\u00d3 DEL CURS 2024\/2025.<\/span><\/span><\/h3>\n<ul>\n<li><a href=\"https:\/\/www.educacionfpydeportes.gob.es\/servicios-al-ciudadano\/catalogo\/general\/99\/998142\/ficha\/948142-2024.html\"><span dir=\"auto\" style=\"vertical-align: inherit\"><span dir=\"auto\" style=\"vertical-align: inherit\">Informaci\u00f3 sobre la convocat\u00f2ria<\/span><\/span><\/a><\/li>\n<li><a href=\"https:\/\/boumh.umh.es\/files\/2024\/05\/ES_U05500001_2024_DOCH-0000000000000000000166061.pdf\"><span dir=\"auto\" style=\"vertical-align: inherit\"><span dir=\"auto\" style=\"vertical-align: inherit\">Acord del Consell Social sobre l\u201fassignaci\u00f3 de les beques entre Departaments. 388,69 KB. PDF<\/span><\/span><\/a><img loading=\"lazy\" class=\"alignnone wp-image-31436 size-full\" src=\"https:\/\/estudios.umh.es\/files\/2021\/11\/abre-en-nueva-ventana.png\" alt=\"(obriu en nova finestra)\" width=\"15\" height=\"15\"><\/li>\n<li><a href=\"https:\/\/estudios.umh.es\/files\/2024\/06\/Convocatoria-Becas-Colaboracion-2024-2025-Firmada.pdf\"><span dir=\"auto\" style=\"vertical-align: inherit\"><span dir=\"auto\" style=\"vertical-align: inherit\">Consulta la convocat\u00f2ria de les beques de col\u00b7laboraci\u00f3.&nbsp;<\/span><\/span><\/a><\/li>\n<li><a href=\"https:\/\/estudios.umh.es\/files\/2024\/06\/Extracto-Beca-de-Colaboracon-2024-2025-BOE-B-2024-19649.pdf\"><span dir=\"auto\" style=\"vertical-align: inherit\"><span dir=\"auto\" style=\"vertical-align: inherit\">Consulteu l&#8217;extracte de la convocat\u00f2ria de les beques de col\u00b7laboraci\u00f3.<\/span><\/span><\/a><\/li>\n<li><span dir=\"auto\" style=\"vertical-align: inherit\"><span dir=\"auto\" style=\"vertical-align: inherit\">Termini de presentaci\u00f3 de sol\u00b7licituds: De l&#8217;11 de juny al 17 de setembre de 2024<\/span><\/span><\/li>\n<li><a href=\"https:\/\/boumh.umh.es\/propuesta-provisional-de-concesion-de-las-becas-de-colaboracion-de-estudiantes-en-departamentos-universitarios-curso-2024-2025\/\"><span dir=\"auto\" style=\"vertical-align: inherit\"><span dir=\"auto\" style=\"vertical-align: inherit\">Proposta provisional de concessi\u00f3 de beques de col\u00b7laboraci\u00f3 d&#8217;estudiants a departaments universitaris<\/span><\/span><\/a><\/li>\n<li><span dir=\"auto\" style=\"vertical-align: inherit\"><span dir=\"auto\" style=\"vertical-align: inherit\">Termini de presentaci\u00f3 d&#8217;al\u00b7legacions: Del 8 al 22 d&#8217;octubre del 2024<\/span><\/span><\/li>\n<li><a href=\"https:\/\/www.educacionfpydeportes.gob.es\/servicios-al-ciudadano\/catalogo\/general\/99\/998142\/ficha\/948142-2024.html\"><span dir=\"auto\" style=\"vertical-align: inherit\"><span dir=\"auto\" style=\"vertical-align: inherit\">Resoluci\u00f3 de concessi\u00f3.&nbsp;<\/span><\/span><\/a><\/li>\n<li><span dir=\"auto\" style=\"vertical-align: inherit\"><span dir=\"auto\" style=\"vertical-align: inherit\">Pla\u00e7a de presentaci\u00f3 de recurs: Del 6 de novembre al 5 de desembre de 2024. <\/span><\/span><a href=\"https:\/\/www.educacionfpydeportes.gob.es\/servicios-al-ciudadano\/catalogo\/general\/19\/1932903\/ficha\/1932903.html\"><span dir=\"auto\" style=\"vertical-align: inherit\"><span dir=\"auto\" style=\"vertical-align: inherit\">Acc\u00e9s al tr\u00e0mit<\/span><\/span><\/a><\/li>\n<\/ul>\n<p><\/p>","protected":false},"excerpt":{"rendered":"<p>Altres convocat\u00f2ries del Ministeri d&#8217;Educaci\u00f3 i Formaci\u00f3 Professional que us poden interessar: Beques de Col\u00b7laboraci\u00f3 d&#8217;Estudiants en Departaments Universitaris.<br \/>\nBEQUES DE COL\u00b7LABORACI\u00d3 DEL CURS 2025\/2026.<\/p>\n<p>Informaci\u00f3 sobre la convocat\u00f2ria<br \/>\nAcord del Consell Social sobre l\u201fassignaci\u00f3 de les beques entre Departaments. 577 KB. PDF<br \/>\nConsulta la convocat\u00f2ria de les beques de col\u00b7laboraci\u00f3.<br \/>\nConsulteu l&#8217;extracte de la convocat\u00f2ria de les beques de [&#8230;]<\/p>\n","protected":false},"author":10,"featured_media":0,"parent":0,"menu_order":12,"comment_status":"closed","ping_status":"closed","template":"","meta":{"ngg_post_thumbnail":0,"_links_to":"","_links_to_target":""},"_links":{"self":[{"href":"https:\/\/estudios.umh.es\/ca\/wp-json\/wp\/v2\/pages\/16118"}],"collection":[{"href":"https:\/\/estudios.umh.es\/ca\/wp-json\/wp\/v2\/pages"}],"about":[{"href":"https:\/\/estudios.umh.es\/ca\/wp-json\/wp\/v2\/types\/page"}],"author":[{"embeddable":true,"href":"https:\/\/estudios.umh.es\/ca\/wp-json\/wp\/v2\/users\/10"}],"replies":[{"embeddable":true,"href":"https:\/\/estudios.umh.es\/ca\/wp-json\/wp\/v2\/comments?post=16118"}],"version-history":[{"count":0,"href":"https:\/\/estudios.umh.es\/ca\/wp-json\/wp\/v2\/pages\/16118\/revisions"}],"wp:attachment":[{"href":"https:\/\/estudios.umh.es\/ca\/wp-json\/wp\/v2\/media?parent=16118"}],"curies":[{"name":"wp","href":"https:\/\/api.w.org\/{rel}","templated":true}]}}