{"id":16234,"date":"2023-06-28T10:07:40","date_gmt":"2023-06-28T08:07:40","guid":{"rendered":"https:\/\/estudios.umh.es\/?page_id=16234"},"modified":"2026-01-08T13:17:57","modified_gmt":"2026-01-08T12:17:57","slug":"precio-de-la-matricula-segundo-curso-y-posteriores","status":"publish","type":"page","link":"https:\/\/estudios.umh.es\/ca\/precio-de-la-matricula-segundo-curso-y-posteriores\/","title":{"rendered":"Preu de la matr\u00edcula. Segon Curs i posteriors. Curs 2025\/2026."},"content":{"rendered":"<p><strong>* Preus pendents de l\u2019aprovaci\u00f3 del Decret de Taxes del Consell per prestaci\u00f3 de servicis acad\u00e8mics universitaris per al curs 2025\/2026.<\/strong><\/p>\n<p>Es mostra el preu del cr\u00e8dit en primera matr\u00edcula, d&#8217;acord amb el <a href=\"https:\/\/dogv.gva.es\/datos\/2024\/08\/12\/pdf\/2024_8314_es.pdf\" target=\"_blank\" rel=\"noopener\">Decret 101\/2024, de 2 d&#8217;agost, del Consell<\/a><a href=\"https:\/\/universite.umh.es\/SGRA\/catalogo\/consulta.aspx\" target=\"_blank\" rel=\"noopener\"><img loading=\"lazy\" class=\"alignnone wp-image-31436 size-full\" src=\"https:\/\/estudios.umh.es\/files\/2021\/11\/abre-en-nueva-ventana.png\" alt=\"(abre en nueva ventana)\" width=\"15\" height=\"15\"><\/a>, pel qual es regulen els preus p\u00fablics dels servicis acad\u00e8mics i complementaris universitaris. Entre par\u00e8ntesi s&#8217;indica el preu del cr\u00e8dit si et matricules 2, 3, 4 o m\u00e9s vegades de la mateixa assignatura.&nbsp;<\/p>\n<ul>\n<li>Administraci\u00f3 i Direcci\u00f3 d\u2019Empreses: 12,79 \u20ac (25,51 \u20ac \/ 54,11 \u20ac \/ 72,14 \u20ac)<\/li>\n<li>Belles Arts: 17,34 \u20ac (34,55 \u20ac \/ 73,32 \u20ac \/ 97,76 \u20ac)<\/li>\n<li>Biotecnologia: 17,34 \u20ac (34,55 \u20ac \/ 73,32 \u20ac \/ 97,76 \u20ac)<\/li>\n<li>Ci\u00e8ncia i Tecnologia dels Aliments: 17,34 \u20ac (34,55 \u20ac \/ 73,32 \u20ac \/ 97,76 \u20ac)<\/li>\n<li>Ci\u00e8ncies Ambientals: 17,34 \u20ac (34,55 \u20ac \/ 73,32 \u20ac \/ 97,76 \u20ac)<\/li>\n<li>Ci\u00e8ncies de l&#8217;Activitat F\u00edsica i de l&#8217;Esport: 14,03 \u20ac (27,96 \u20ac\/ 59,33 \u20ac\/ 79,10 \u20ac)<\/li>\n<li>Ci\u00e8ncies Pol\u00edtiques i Gesti\u00f3 P\u00fablica: 12,79 \u20ac (25,51 \u20ac \/ 54,11 \u20ac \/ 72,14 \u20ac)<\/li>\n<li>Comunicaci\u00f3 Audiovisual: 14,03 \u20ac (27,96 \u20ac\/ 59,33 \u20ac\/ 79,10 \u20ac)<\/li>\n<li>Doble grau: Comunicaci\u00f3 Audiovisual i Periodisme: 14,03 \u20ac (27,96 \u20ac\/ 59,33 \u20ac\/ 79,10 \u20ac)<\/li>\n<li>Dret: 12,79 \u20ac (25,51 \u20ac \/ 54,11 \u20ac \/ 72,14 \u20ac)<\/li>\n<li>Doble grau: Dret i Administraci\u00f3 i Direcci\u00f3 d&#8217;Empreses: 12,79 \u20ac (25,51 \u20ac \/ 54,11 \u20ac \/ 72,14 \u20ac)<\/li>\n<li>Estad\u00edstica Empresarial: 12,79 \u20ac (25,51 \u20ac \/ 54,11 \u20ac \/ 72,14 \u20ac)<\/li>\n<li>Farm\u00e0cia: 18,00 \u20ac (36,06 \u20ac\/ 76,51 \u20ac\/ 102,01 \u20ac)<\/li>\n<li>Fisioter\u00e0pia: 18,00 \u20ac (36,06 \u20ac\/ 76,51 \u20ac\/ 102,01 \u20ac)<\/li>\n<li>Enginyeria Agroaliment\u00e0ria i Agroambiental: 17,34 \u20ac (34,55 \u20ac \/ 73,32 \u20ac \/ 97,76 \u20ac)<\/li>\n<li>Enginyeria de Tecnologies de Telecomunicaci\u00f3: 17,34 \u20ac (34,55 \u20ac \/ 73,32 \u20ac \/ 97,76 \u20ac)<\/li>\n<li>Enginyenia El\u00e8ctrica: 17,34 \u20ac (34,55 \u20ac \/ 73,32 \u20ac \/ 97,76 \u20ac)<\/li>\n<li>Enginyeria Electr\u00f2nica i Autom\u00e0tica Industrial: 17,34 \u20ac (34,55 \u20ac \/ 73,32 \u20ac \/ 97,76 \u20ac)<\/li>\n<li>Enginyeria Inform\u00e0tica en Tecnologies de la Informaci\u00f3: 17,34 \u20ac (34,55 \u20ac \/ 73,32 \u20ac \/ 97,76 \u20ac)<\/li>\n<li>Enginyeria Mec\u00e0nica: 17,34 \u20ac (34,55 \u20ac \/ 73,32 \u20ac \/ 97,76 \u20ac)<\/li>\n<li>Medicina: 18,00 \u20ac (36,06 \u20ac\/ 76,51 \u20ac\/ 102,01 \u20ac)<\/li>\n<li>Periodisme: 14,03 \u20ac (27,96 \u20ac\/ 59,33 \u20ac\/ 79,10 \u20ac)<\/li>\n<li>Podologia: 18,00 \u20ac (36,06 \u20ac\/ 76,51 \u20ac\/ 102,01 \u20ac)<\/li>\n<li>Psicologia: 14,03 \u20ac (27,96 \u20ac\/ 59,33 \u20ac\/ 79,10 \u20ac)<\/li>\n<li>Relacions Laborals i Recursos Humans: 12,79 \u20ac (25,51 \u20ac \/ 54,11 \u20ac \/ 72,14 \u20ac)<\/li>\n<li>Seguretat P\u00fablica i Privada: 12,79 \u20ac (25,51 \u20ac \/ 54,11 \u20ac \/ 72,14 \u20ac)<\/li>\n<li>Ter\u00e0pia Ocupacional: 18,00 \u20ac (36,06 \u20ac\/ 76,51 \u20ac\/ 102,01 \u20ac)<\/li>\n<\/ul>\n<h6>Els preus dels tr\u00e0mits administratius s\u00f3n els seg\u00fcents:&nbsp;<\/h6>\n<ul>\n<li>Obertura d\u2019Expedient Acad\u00e8mic per inici d\u2019estudis en un centre i trasllat: 27,34 \u20ac<\/li>\n<li>Expedici\u00f3 de Certificats Acad\u00e8mics: 27,34 \u20ac<\/li>\n<li>Expedici\u00f3, manteniment o actualitzaci\u00f3 de Targetes d\u2019Identitat: 5,87 \u20ac<\/li>\n<li>Asseguran\u00e7a Volunt\u00e0ria: 10,52 \u20ac<\/li>\n<li>Asseguran\u00e7a Escolar: 1,12 \u20ac<\/li>\n<\/ul>\n<h6>Preus per a estudiantat estranger no comunitari i no resident que haja formalitzat la matr\u00edcula en el mateix t\u00edtol oficial de la UMH a partir del curs 2024-25.<\/h6>\n<p>A l&#8217;estudiantat estranger que no tinga la condici\u00f3 de resident, exclosos els nacionals d&#8217;Estats membres de la Uni\u00f3 Europea i aquells als qui els siga aplicable el r\u00e8gim comunitari, se&#8217;ls aplicar\u00e0 el doble dels preus indicats anteriorment.<\/p>","protected":false},"excerpt":{"rendered":"<p>* Preus pendents de l\u2019aprovaci\u00f3 del Decret de Taxes del Consell per prestaci\u00f3 de servicis acad\u00e8mics universitaris per al curs 2025\/2026.<br \/>\nEs mostra el preu del cr\u00e8dit en primera matr\u00edcula, d&#8217;acord amb el Decret 101\/2024, de 2 d&#8217;agost, del Consell, pel qual es regulen els preus p\u00fablics dels servicis acad\u00e8mics i complementaris universitaris. Entre par\u00e8ntesi s&#8217;indica [&#8230;]<\/p>\n","protected":false},"author":21955,"featured_media":0,"parent":0,"menu_order":0,"comment_status":"closed","ping_status":"closed","template":"","meta":{"ngg_post_thumbnail":0,"_links_to":"","_links_to_target":""},"_links":{"self":[{"href":"https:\/\/estudios.umh.es\/ca\/wp-json\/wp\/v2\/pages\/16234"}],"collection":[{"href":"https:\/\/estudios.umh.es\/ca\/wp-json\/wp\/v2\/pages"}],"about":[{"href":"https:\/\/estudios.umh.es\/ca\/wp-json\/wp\/v2\/types\/page"}],"author":[{"embeddable":true,"href":"https:\/\/estudios.umh.es\/ca\/wp-json\/wp\/v2\/users\/21955"}],"replies":[{"embeddable":true,"href":"https:\/\/estudios.umh.es\/ca\/wp-json\/wp\/v2\/comments?post=16234"}],"version-history":[{"count":0,"href":"https:\/\/estudios.umh.es\/ca\/wp-json\/wp\/v2\/pages\/16234\/revisions"}],"wp:attachment":[{"href":"https:\/\/estudios.umh.es\/ca\/wp-json\/wp\/v2\/media?parent=16234"}],"curies":[{"name":"wp","href":"https:\/\/api.w.org\/{rel}","templated":true}]}}