{"id":16436,"date":"2023-07-20T15:56:56","date_gmt":"2023-07-20T13:56:56","guid":{"rendered":"https:\/\/estudios.umh.es\/?page_id=16436"},"modified":"2025-07-04T13:58:31","modified_gmt":"2025-07-04T11:58:31","slug":"informacion-matricula-master-universitario-en-formacion-del-profesorado-de-educacion-secundaria-obligatoria-y-bachillerato-formacion-profesional-y-ensenanzas-de-idiomas-por-la-universidad-miguel-hern","status":"publish","type":"page","link":"https:\/\/estudios.umh.es\/ca\/matriculacion\/matricula-de-masters\/informacion-matricula-master-universitario-en-formacion-del-profesorado-de-educacion-secundaria-obligatoria-y-bachillerato-formacion-profesional-y-ensenanzas-de-idiomas-por-la-universidad-miguel-hern\/","title":{"rendered":"<span lang=\"es\">(Espa\u00f1ol) Informaci\u00f3n matr\u00edcula M\u00e1ster Universitario en Formaci\u00f3n del Profesorado de Educaci\u00f3n Secundaria Obligatoria y Bachillerato, Formaci\u00f3n Profesional y Ense\u00f1anzas de Idiomas por la Universidad Miguel Hern\u00e1ndez de Elche<\/span>"},"content":{"rendered":"<p class=\"qtranxs-available-languages-message qtranxs-available-languages-message-ca\">Ho sentim, aquesta entrada es troba disponible \u00fanicament en <a href=\"https:\/\/estudios.umh.es\/es\/wp-json\/wp\/v2\/pages\/16436\" class=\"qtranxs-available-language-link qtranxs-available-language-link-es\" title=\"Espa\u00f1ol\">Espanyol Europeu<\/a>.<\/p>","protected":false},"excerpt":{"rendered":"<p>Ho sentim, aquesta entrada es troba disponible \u00fanicament en Espanyol Europeu.<\/p>\n","protected":false},"author":127,"featured_media":0,"parent":149,"menu_order":0,"comment_status":"closed","ping_status":"closed","template":"","meta":{"ngg_post_thumbnail":0,"_links_to":"","_links_to_target":""},"_links":{"self":[{"href":"https:\/\/estudios.umh.es\/ca\/wp-json\/wp\/v2\/pages\/16436"}],"collection":[{"href":"https:\/\/estudios.umh.es\/ca\/wp-json\/wp\/v2\/pages"}],"about":[{"href":"https:\/\/estudios.umh.es\/ca\/wp-json\/wp\/v2\/types\/page"}],"author":[{"embeddable":true,"href":"https:\/\/estudios.umh.es\/ca\/wp-json\/wp\/v2\/users\/127"}],"replies":[{"embeddable":true,"href":"https:\/\/estudios.umh.es\/ca\/wp-json\/wp\/v2\/comments?post=16436"}],"version-history":[{"count":0,"href":"https:\/\/estudios.umh.es\/ca\/wp-json\/wp\/v2\/pages\/16436\/revisions"}],"up":[{"embeddable":true,"href":"https:\/\/estudios.umh.es\/ca\/wp-json\/wp\/v2\/pages\/149"}],"wp:attachment":[{"href":"https:\/\/estudios.umh.es\/ca\/wp-json\/wp\/v2\/media?parent=16436"}],"curies":[{"name":"wp","href":"https:\/\/api.w.org\/{rel}","templated":true}]}}