{"id":16566,"date":"2023-09-13T10:06:28","date_gmt":"2023-09-13T08:06:28","guid":{"rendered":"https:\/\/estudios.umh.es\/?page_id=16566"},"modified":"2026-04-20T13:12:18","modified_gmt":"2026-04-20T11:12:18","slug":"curso-de-nivelacion-programa-de-fisica-campus-de-sant-joan-d-alacant","status":"publish","type":"page","link":"https:\/\/estudios.umh.es\/ca\/curso-de-nivelacion-programa-de-fisica-campus-de-sant-joan-d-alacant\/","title":{"rendered":"Curs d&#8217;Anivellament. Programa de F\u00edsica. Campus de Sant Joan d&#8217;Alacant"},"content":{"rendered":"<p>Consulta el temari del curs d&#8217;anivellament F\u00edsic que s&#8217;impartix al Campus de Sant Joan d&#8217;Alacant.<\/p>\n<h3>Programa:<\/h3>\n<p>1. Unitats, canvi d&#8217;unitats, sistema m\u00e8tric, prefixos.<br \/>\n2. Vectors. Propietats dels vectors.<br \/>\n3. Moviment rectilini uniforme. Resoluci\u00f3 de problemes.<br \/>\n4. Moviment rectilini uniformement accelerat o *decelerado. Resoluci\u00f3 de problemes.<br \/>\n5. Lleis de Newton: Tipus de forces. Resoluci\u00f3 de problemes amb diversos objectes. Pla inclinat. Components d&#8217;una for\u00e7a, i m\u00f2dul.<br \/>\n6. Treball i Energia cin\u00e8tica. Llei de conservaci\u00f3 de l&#8217;energia. Resoluci\u00f3 de problemes.<br \/>\n7. Canvis d&#8217;unitats en termodin\u00e0mica, i resoluci\u00f3 de problemes.<br \/>\n8. Moviment harm\u00f2nic simple. Resoluci\u00f3 de problemes.<br \/>\n9. Moviment ondulatori simple. Resoluci\u00f3 de problemes.<br \/>\n10.&nbsp;Resoluci\u00f3 de problemes en el que els alumnes:<br \/>\n&nbsp; &nbsp; &nbsp; &nbsp;* calculen per\u00edmetres, \u00e0rees i volums;<br \/>\n&nbsp; &nbsp; &nbsp; &nbsp;* realitzen operacions amb fraccions, pot\u00e8ncies, logaritmes;<br \/>\n&nbsp; &nbsp; &nbsp; &nbsp;* resolguen equacions (primer i segon grau, sistemes d&#8217;equacions, equacions exponencials, equacions logar\u00edtmiques);<br \/>\n&nbsp; &nbsp; &nbsp; &nbsp;* empren funcions trigonom\u00e8triques;<br \/>\n&nbsp; &nbsp; &nbsp; &nbsp;* facen \u00fas de la calculadora (radians, graus, exponencials\u2026).<\/p>\n<h3>Professorat:<\/h3>\n<ul>\n<li>Sandra Caballero Dom\u00ednguez<\/li>\n<li>Etelvina Andreu S\u00e1nchez<\/li>\n<\/ul>\n<p><\/p>","protected":false},"excerpt":{"rendered":"<p>Consulta el temari del curs d&#8217;anivellament F\u00edsic que s&#8217;impartix al Campus de Sant Joan d&#8217;Alacant.<br \/>\nPrograma:<br \/>\n1. Unitats, canvi d&#8217;unitats, sistema m\u00e8tric, prefixos.<br \/>\n2. Vectors. Propietats dels vectors.<br \/>\n3. Moviment rectilini uniforme. Resoluci\u00f3 de problemes.<br \/>\n4. Moviment rectilini uniformement accelerat o *decelerado. Resoluci\u00f3 de problemes.<br \/>\n5. Lleis de Newton: Tipus de forces. Resoluci\u00f3 de problemes amb diversos objectes. Pla inclinat. Components [&#8230;]<\/p>\n","protected":false},"author":21955,"featured_media":0,"parent":0,"menu_order":0,"comment_status":"closed","ping_status":"closed","template":"","meta":{"ngg_post_thumbnail":0,"_links_to":"","_links_to_target":""},"_links":{"self":[{"href":"https:\/\/estudios.umh.es\/ca\/wp-json\/wp\/v2\/pages\/16566"}],"collection":[{"href":"https:\/\/estudios.umh.es\/ca\/wp-json\/wp\/v2\/pages"}],"about":[{"href":"https:\/\/estudios.umh.es\/ca\/wp-json\/wp\/v2\/types\/page"}],"author":[{"embeddable":true,"href":"https:\/\/estudios.umh.es\/ca\/wp-json\/wp\/v2\/users\/21955"}],"replies":[{"embeddable":true,"href":"https:\/\/estudios.umh.es\/ca\/wp-json\/wp\/v2\/comments?post=16566"}],"version-history":[{"count":0,"href":"https:\/\/estudios.umh.es\/ca\/wp-json\/wp\/v2\/pages\/16566\/revisions"}],"wp:attachment":[{"href":"https:\/\/estudios.umh.es\/ca\/wp-json\/wp\/v2\/media?parent=16566"}],"curies":[{"name":"wp","href":"https:\/\/api.w.org\/{rel}","templated":true}]}}