{"id":16568,"date":"2023-09-13T11:20:35","date_gmt":"2023-09-13T09:20:35","guid":{"rendered":"https:\/\/estudios.umh.es\/?page_id=16568"},"modified":"2025-09-03T13:02:57","modified_gmt":"2025-09-03T11:02:57","slug":"curso-de-nivelacion-horario-de-fisica-campus-de-sant-joan-dalacant","status":"publish","type":"page","link":"https:\/\/estudios.umh.es\/ca\/curso-de-nivelacion-horario-de-fisica-campus-de-sant-joan-dalacant\/","title":{"rendered":"<span lang=\"es\">(Espa\u00f1ol) Curso de Nivelaci\u00f3n. Horario de F\u00edsica. Campus de Sant Joan d&#8217;Alacant<\/span>"},"content":{"rendered":"<p class=\"qtranxs-available-languages-message qtranxs-available-languages-message-ca\">Ho sentim, aquesta entrada es troba disponible \u00fanicament en <a href=\"https:\/\/estudios.umh.es\/es\/wp-json\/wp\/v2\/pages\/16568\" class=\"qtranxs-available-language-link qtranxs-available-language-link-es\" title=\"Espa\u00f1ol\">Espanyol Europeu<\/a>.<\/p>","protected":false},"excerpt":{"rendered":"<p>Ho sentim, aquesta entrada es troba disponible \u00fanicament en Espanyol Europeu.<\/p>\n","protected":false},"author":21955,"featured_media":0,"parent":0,"menu_order":0,"comment_status":"closed","ping_status":"closed","template":"","meta":{"ngg_post_thumbnail":0,"_links_to":"","_links_to_target":""},"_links":{"self":[{"href":"https:\/\/estudios.umh.es\/ca\/wp-json\/wp\/v2\/pages\/16568"}],"collection":[{"href":"https:\/\/estudios.umh.es\/ca\/wp-json\/wp\/v2\/pages"}],"about":[{"href":"https:\/\/estudios.umh.es\/ca\/wp-json\/wp\/v2\/types\/page"}],"author":[{"embeddable":true,"href":"https:\/\/estudios.umh.es\/ca\/wp-json\/wp\/v2\/users\/21955"}],"replies":[{"embeddable":true,"href":"https:\/\/estudios.umh.es\/ca\/wp-json\/wp\/v2\/comments?post=16568"}],"version-history":[{"count":0,"href":"https:\/\/estudios.umh.es\/ca\/wp-json\/wp\/v2\/pages\/16568\/revisions"}],"wp:attachment":[{"href":"https:\/\/estudios.umh.es\/ca\/wp-json\/wp\/v2\/media?parent=16568"}],"curies":[{"name":"wp","href":"https:\/\/api.w.org\/{rel}","templated":true}]}}