{"id":166,"date":"2014-04-07T07:31:47","date_gmt":"2014-04-07T07:31:47","guid":{"rendered":"http:\/\/estudios.zeus.umh.es\/novedades-2\/"},"modified":"2026-03-04T13:28:24","modified_gmt":"2026-03-04T12:28:24","slug":"presentacion","status":"publish","type":"page","link":"https:\/\/estudios.umh.es\/ca\/presentacion\/","title":{"rendered":"PRESENTACI\u00d3"},"content":{"rendered":"<p><\/p>\n<p style=\"text-align: justify\"><a href=\"https:\/\/estudios.umh.es\/files\/2014\/05\/rectorado-internacional.jpg\"><img loading=\"lazy\" class=\"size-medium wp-image-683 alignright\" src=\"https:\/\/estudios.umh.es\/files\/2014\/05\/rectorado-internacional-300x111.jpg\" alt=\"rectorado-internacional\" width=\"300\" height=\"111\" srcset=\"https:\/\/estudios.umh.es\/files\/2014\/05\/rectorado-internacional-300x111.jpg 300w, https:\/\/estudios.umh.es\/files\/2014\/05\/rectorado-internacional.jpg 600w\" sizes=\"(max-width: 300px) 100vw, 300px\" \/><\/a>El Servei de Gesti\u00f3 d\u2019Estudis de la Universitat Miguel Hern\u00e1ndez d\u2019Elx \u00e9s el Servei encarregat de la coordinaci\u00f3 i gesti\u00f3 administrativa dels estudis que s\u2019imparteixen a la universitat.<\/p>\n<p style=\"text-align: justify\">El Servei coordina i gestiona tots els procediments relacionats amb l\u2019Acc\u00e9s, la Preinscripci\u00f3, la Matr\u00edcula, les Beques i l\u2019Expedici\u00f3 de T\u00edtols Oficials i Propis, la verificaci\u00f3 i modificaci\u00f3n dels estudis de Grau, M\u00e0ster Universitari i Doctorat. Aix\u00ed mateix, coordina i gestiona les ensenyances de formaci\u00f3 permanent de la universitat i la formaci\u00f3 del professorat universitari.<\/p>\n<p><\/p>","protected":false},"excerpt":{"rendered":"<p>P\u00e1gina de novedades de la unidad organizativa<\/p>\n","protected":false},"author":1,"featured_media":0,"parent":0,"menu_order":1,"comment_status":"closed","ping_status":"closed","template":"","meta":{"ngg_post_thumbnail":0,"_links_to":"","_links_to_target":""},"_links":{"self":[{"href":"https:\/\/estudios.umh.es\/ca\/wp-json\/wp\/v2\/pages\/166"}],"collection":[{"href":"https:\/\/estudios.umh.es\/ca\/wp-json\/wp\/v2\/pages"}],"about":[{"href":"https:\/\/estudios.umh.es\/ca\/wp-json\/wp\/v2\/types\/page"}],"author":[{"embeddable":true,"href":"https:\/\/estudios.umh.es\/ca\/wp-json\/wp\/v2\/users\/1"}],"replies":[{"embeddable":true,"href":"https:\/\/estudios.umh.es\/ca\/wp-json\/wp\/v2\/comments?post=166"}],"version-history":[{"count":0,"href":"https:\/\/estudios.umh.es\/ca\/wp-json\/wp\/v2\/pages\/166\/revisions"}],"wp:attachment":[{"href":"https:\/\/estudios.umh.es\/ca\/wp-json\/wp\/v2\/media?parent=166"}],"curies":[{"name":"wp","href":"https:\/\/api.w.org\/{rel}","templated":true}]}}