{"id":16945,"date":"2023-12-19T11:16:52","date_gmt":"2023-12-19T10:16:52","guid":{"rendered":"https:\/\/estudios.umh.es\/?page_id=16945"},"modified":"2026-03-16T13:49:31","modified_gmt":"2026-03-16T12:49:31","slug":"curso-de-nivelacion-programa-de-dibujo-tecnico-campus-de-elche","status":"publish","type":"page","link":"https:\/\/estudios.umh.es\/ca\/curso-de-nivelacion-programa-de-dibujo-tecnico-campus-de-elche\/","title":{"rendered":"Curs d&#8217;Anivellament. Programa de Dibuix T\u00e8cnic. Campus d&#8217;Elx"},"content":{"rendered":"<p><span dir=\"auto\" style=\"vertical-align: inherit\"><span dir=\"auto\" style=\"vertical-align: inherit\">Consulta el temari del curs d&#8217;anivellament Dibuix T\u00e8cnic que s&#8217;imparteix al campus d&#8217;Elx el segon semestre del curs 2025\/2026.<\/span><\/span><\/p>\n<h3><span dir=\"auto\" style=\"vertical-align: inherit\"><span dir=\"auto\" style=\"vertical-align: inherit\">Programa:<\/span><\/span><\/h3>\n<h5><span dir=\"auto\" style=\"vertical-align: inherit\"><span dir=\"auto\" style=\"vertical-align: inherit\">Tema 1: Geometria plana: Rep\u00e0s de conceptes.<\/span><\/span><\/h5>\n<ul>\n<li><span dir=\"auto\" style=\"vertical-align: inherit\"><span dir=\"auto\" style=\"vertical-align: inherit\">1.0. Teoremes del catet. Trigonometria b\u00e0sica del triangle.<\/span><\/span><\/li>\n<li><span dir=\"auto\" style=\"vertical-align: inherit\"><span dir=\"auto\" style=\"vertical-align: inherit\">1.1. Arc capa\u00e7.<\/span><\/span><\/li>\n<li><span dir=\"auto\" style=\"vertical-align: inherit\"><span dir=\"auto\" style=\"vertical-align: inherit\">1.2. Tang\u00e8ncies resoltes per dilataci\u00f3, pot\u00e8ncia i homot\u00e8cia.<\/span><\/span><\/li>\n<li><span dir=\"auto\" style=\"vertical-align: inherit\"><span dir=\"auto\" style=\"vertical-align: inherit\">1.3. Pol\u00edgons: nomenclatura i elements notables.<\/span><\/span><\/li>\n<li><span dir=\"auto\" style=\"vertical-align: inherit\"><span dir=\"auto\" style=\"vertical-align: inherit\">1.4. Homot\u00e8cia i Escales. Relacions Geom\u00e8triques: Igualtat, Semblan\u00e7a, Equival\u00e8ncia.<\/span><\/span><\/li>\n<li style=\"list-style-type: none\">&nbsp;<\/li>\n<\/ul>\n<h5><span dir=\"auto\" style=\"vertical-align: inherit\"><span dir=\"auto\" style=\"vertical-align: inherit\">&nbsp;Tema 2: Geometria descriptiva: Rep\u00e0s de conceptes.<\/span><\/span><\/h5>\n<ul>\n<li><span dir=\"auto\" style=\"vertical-align: inherit\"><span dir=\"auto\" style=\"vertical-align: inherit\">2.0. Fonaments del sistema di\u00e8dric, axonom\u00e8tric i c\u00f2nic.<\/span><\/span><\/li>\n<li><span dir=\"auto\" style=\"vertical-align: inherit\"><span dir=\"auto\" style=\"vertical-align: inherit\">2.1. Teoremes de les tres perpendiculars, Dandel\u00ed.<\/span><\/span><\/li>\n<li><span dir=\"auto\" style=\"vertical-align: inherit\"><span dir=\"auto\" style=\"vertical-align: inherit\">2.2. Representaci\u00f3 per projeccions o traces.<\/span><\/span><\/li>\n<li><span dir=\"auto\" style=\"vertical-align: inherit\"><span dir=\"auto\" style=\"vertical-align: inherit\">2.3. Posicions caracter\u00edstiques: de punta, projectant\u2026<\/span><\/span><\/li>\n<li><span dir=\"auto\" style=\"vertical-align: inherit\"><span dir=\"auto\" style=\"vertical-align: inherit\">2.4. Definici\u00f3, terminologia dels pol\u00ededres regulars i les seccions principals, sense entrar a la seva representaci\u00f3 di\u00e8drica.<\/span><\/span><\/li>\n<li><span dir=\"auto\" style=\"vertical-align: inherit\"><span dir=\"auto\" style=\"vertical-align: inherit\">2.5. Geometries de revoluci\u00f3, superf\u00edcies piramidals, prism\u00e0tiques, cil\u00edndriques i c\u00f2niques. Seccions, homologia.<\/span><\/span><\/li>\n<li style=\"list-style-type: none\">&nbsp;<\/li>\n<\/ul>\n<h5><span dir=\"auto\" style=\"vertical-align: inherit\"><span dir=\"auto\" style=\"vertical-align: inherit\">&nbsp;Tema 3: Representaci\u00f3 gr\u00e0fica.<\/span><\/span><\/h5>\n<ul>\n<li><span dir=\"auto\" style=\"vertical-align: inherit\"><span dir=\"auto\" style=\"vertical-align: inherit\">3. 1. Normalitzaci\u00f3.<\/span><\/span>\n<ul>\n<li><span dir=\"auto\" style=\"vertical-align: inherit\"><span dir=\"auto\" style=\"vertical-align: inherit\">3.1.1. Generalitats.<\/span><\/span><\/li>\n<li><span dir=\"auto\" style=\"vertical-align: inherit\"><span dir=\"auto\" style=\"vertical-align: inherit\">3.1.2. La Norma UNEIX.<\/span><\/span><\/li>\n<\/ul>\n<ul>\n<li><span dir=\"auto\" style=\"vertical-align: inherit\"><span dir=\"auto\" style=\"vertical-align: inherit\">3.2.4. Elecci\u00f3 de formats.<\/span><\/span><\/li>\n<li><span dir=\"auto\" style=\"vertical-align: inherit\"><span dir=\"auto\" style=\"vertical-align: inherit\">3.2.5. Marges i requadres.<\/span><\/span><\/li>\n<li><span dir=\"auto\" style=\"vertical-align: inherit\"><span dir=\"auto\" style=\"vertical-align: inherit\">3.2.6. Quadre de retolaci\u00f3.<\/span><\/span><\/li>\n<li><span dir=\"auto\" style=\"vertical-align: inherit\"><span dir=\"auto\" style=\"vertical-align: inherit\">3.3. Retolaci\u00f3.<\/span><\/span><\/li>\n<li><span dir=\"auto\" style=\"vertical-align: inherit\"><span dir=\"auto\" style=\"vertical-align: inherit\">3.4. L\u00ednies normalitzades.<\/span><\/span><\/li>\n<\/ul>\n<\/li>\n<\/ul>\n<h5><span dir=\"auto\" style=\"vertical-align: inherit\"><span dir=\"auto\" style=\"vertical-align: inherit\">Tema 4: Dibuix industrial.<\/span><\/span><\/h5>\n<ul>\n<li><span dir=\"auto\" style=\"vertical-align: inherit\"><span dir=\"auto\" style=\"vertical-align: inherit\">4.1. Sistema de projecci\u00f3.<\/span><\/span><\/li>\n<li><span dir=\"auto\" style=\"vertical-align: inherit\"><span dir=\"auto\" style=\"vertical-align: inherit\">4.2. Vistes.<\/span><\/span>\n<ul>\n<li><span dir=\"auto\" style=\"vertical-align: inherit\"><span dir=\"auto\" style=\"vertical-align: inherit\">4.2.1. Denominaci\u00f3.<\/span><\/span><\/li>\n<li><span dir=\"auto\" style=\"vertical-align: inherit\"><span dir=\"auto\" style=\"vertical-align: inherit\">4.2.2. Situaci\u00f3.<\/span><\/span><\/li>\n<li><span dir=\"auto\" style=\"vertical-align: inherit\"><span dir=\"auto\" style=\"vertical-align: inherit\">4.2.3. Elecci\u00f3 de vistes.<\/span><\/span><\/li>\n<li><span dir=\"auto\" style=\"vertical-align: inherit\"><span dir=\"auto\" style=\"vertical-align: inherit\">4.2.4. Croquitzaci\u00f3.<\/span><\/span><\/li>\n<li><span dir=\"auto\" style=\"vertical-align: inherit\"><span dir=\"auto\" style=\"vertical-align: inherit\">4.2.5. Obtenci\u00f3 de la tercera vista.<\/span><\/span><\/li>\n<li><span dir=\"auto\" style=\"vertical-align: inherit\"><span dir=\"auto\" style=\"vertical-align: inherit\">4.2.6. Obtenci\u00f3 de perspectives a partir de vistes.<\/span><\/span><\/li>\n<li><span dir=\"auto\" style=\"vertical-align: inherit\"><span dir=\"auto\" style=\"vertical-align: inherit\">4.2.7. Acotaci\u00f3.<\/span><\/span><\/li>\n<\/ul>\n<\/li>\n<li><span dir=\"auto\" style=\"vertical-align: inherit\"><span dir=\"auto\" style=\"vertical-align: inherit\">4.3. Talls i seccions definici\u00f3.<\/span><\/span>\n<ul>\n<li><span dir=\"auto\" style=\"vertical-align: inherit\"><span dir=\"auto\" style=\"vertical-align: inherit\">4.3.1. Introducci\u00f3.<\/span><\/span><\/li>\n<li><span dir=\"auto\" style=\"vertical-align: inherit\"><span dir=\"auto\" style=\"vertical-align: inherit\">4.3.2. Ratllat.<\/span><\/span><\/li>\n<li><span dir=\"auto\" style=\"vertical-align: inherit\"><span dir=\"auto\" style=\"vertical-align: inherit\">4.3.3. Tipus de talls.<\/span><\/span><\/li>\n<li><span dir=\"auto\" style=\"vertical-align: inherit\"><span dir=\"auto\" style=\"vertical-align: inherit\">4.3.4. Tipus de seccions.<\/span><\/span><\/li>\n<\/ul>\n<\/li>\n<\/ul>\n<h5><span dir=\"auto\" style=\"vertical-align: inherit\"><span dir=\"auto\" style=\"vertical-align: inherit\">Tema 5: Acotaci\u00f3 <\/span><\/span><strong><span dir=\"auto\" style=\"vertical-align: inherit\"><span dir=\"auto\" style=\"vertical-align: inherit\">.<\/span><\/span><\/strong><\/h5>\n<ul>\n<li><span dir=\"auto\" style=\"vertical-align: inherit\"><span dir=\"auto\" style=\"vertical-align: inherit\">5.1. El proc\u00e9s de mesura.<\/span><\/span><\/li>\n<li><span dir=\"auto\" style=\"vertical-align: inherit\"><span dir=\"auto\" style=\"vertical-align: inherit\">5.2. M\u00e8tode d&#8217;acotaci\u00f3.<\/span><\/span><\/li>\n<li><span dir=\"auto\" style=\"vertical-align: inherit\"><span dir=\"auto\" style=\"vertical-align: inherit\">5.3. Acotaci\u00f3 de diferents elements geom\u00e8trics.<\/span><\/span>\n<ul>\n<li><span dir=\"auto\" style=\"vertical-align: inherit\"><span dir=\"auto\" style=\"vertical-align: inherit\">5.3.1. Cercles, radis, arcs, quadrats, esferes.<\/span><\/span><\/li>\n<\/ul>\n<\/li>\n<li><span dir=\"auto\" style=\"vertical-align: inherit\"><span dir=\"auto\" style=\"vertical-align: inherit\">5.4. Disposici\u00f3 de les quotes.<\/span><\/span><\/li>\n<li><span dir=\"auto\" style=\"vertical-align: inherit\"><span dir=\"auto\" style=\"vertical-align: inherit\">5.5. Tipus d&#8217;acotaci\u00f3 segons la utilitat.<\/span><\/span><\/li>\n<\/ul>\n<h5><span dir=\"auto\" style=\"vertical-align: inherit\"><span dir=\"auto\" style=\"vertical-align: inherit\">Tema 6: Introducci\u00f3 al dibuix de conjunts i rep\u00e0s general<\/span><\/span><\/h5>\n<h3><span dir=\"auto\" style=\"vertical-align: inherit\"><span dir=\"auto\" style=\"vertical-align: inherit\">Professorat:<\/span><\/span><\/h3>\n<ul>\n<li><span dir=\"auto\" style=\"vertical-align: inherit\"><span dir=\"auto\" style=\"vertical-align: inherit\">Crist\u00f3bal Melgarejo Romero<\/span><\/span><\/li>\n<li><span dir=\"auto\" style=\"vertical-align: inherit\"><span dir=\"auto\" style=\"vertical-align: inherit\">Carolina Senabre Blanes<\/span><\/span><\/li>\n<\/ul>\n<p><\/p>","protected":false},"excerpt":{"rendered":"<p>Consulta el temari del curs d&#8217;anivellament Dibuix T\u00e8cnic que s&#8217;imparteix al campus d&#8217;Elx el segon semestre del curs 2025\/2026.<br \/>\nPrograma:<br \/>\nTema 1: Geometria plana: Rep\u00e0s de conceptes.<\/p>\n<p>1.0. Teoremes del catet. Trigonometria b\u00e0sica del triangle.<br \/>\n1.1. Arc capa\u00e7.<br \/>\n1.2. Tang\u00e8ncies resoltes per dilataci\u00f3, pot\u00e8ncia i homot\u00e8cia.<br \/>\n1.3. Pol\u00edgons: nomenclatura i elements notables.<br \/>\n1.4. Homot\u00e8cia i Escales. Relacions Geom\u00e8triques: Igualtat, Semblan\u00e7a, Equival\u00e8ncia.<br \/>\n&nbsp;<\/p>\n<p>&nbsp;Tema 2: [&#8230;]<\/p>\n","protected":false},"author":21955,"featured_media":0,"parent":0,"menu_order":0,"comment_status":"closed","ping_status":"closed","template":"","meta":{"ngg_post_thumbnail":0,"_links_to":"","_links_to_target":""},"_links":{"self":[{"href":"https:\/\/estudios.umh.es\/ca\/wp-json\/wp\/v2\/pages\/16945"}],"collection":[{"href":"https:\/\/estudios.umh.es\/ca\/wp-json\/wp\/v2\/pages"}],"about":[{"href":"https:\/\/estudios.umh.es\/ca\/wp-json\/wp\/v2\/types\/page"}],"author":[{"embeddable":true,"href":"https:\/\/estudios.umh.es\/ca\/wp-json\/wp\/v2\/users\/21955"}],"replies":[{"embeddable":true,"href":"https:\/\/estudios.umh.es\/ca\/wp-json\/wp\/v2\/comments?post=16945"}],"version-history":[{"count":0,"href":"https:\/\/estudios.umh.es\/ca\/wp-json\/wp\/v2\/pages\/16945\/revisions"}],"wp:attachment":[{"href":"https:\/\/estudios.umh.es\/ca\/wp-json\/wp\/v2\/media?parent=16945"}],"curies":[{"name":"wp","href":"https:\/\/api.w.org\/{rel}","templated":true}]}}