{"id":17305,"date":"2024-03-04T15:03:01","date_gmt":"2024-03-04T14:03:01","guid":{"rendered":"https:\/\/estudios.umh.es\/?page_id=17305"},"modified":"2026-01-14T14:26:10","modified_gmt":"2026-01-14T13:26:10","slug":"procedimiento-solicitud-acceso-master-universitario-en-psicologia-general-sanitaria-con-estudios-universitarios-extranjeros","status":"publish","type":"page","link":"https:\/\/estudios.umh.es\/ca\/acceso\/masters\/procedimiento-solicitud-acceso-master-universitario-en-psicologia-general-sanitaria-con-estudios-universitarios-extranjeros\/","title":{"rendered":"Procediment sol\u00b7licitud acc\u00e9s M\u00e0ster Universitari en Psicologia General Sanit\u00e0ria amb estudis universitaris estrangers"},"content":{"rendered":"<p class=\"qtranxs-available-languages-message qtranxs-available-languages-message-ca\">Ho sentim, aquesta entrada es troba disponible \u00fanicament en <a href=\"https:\/\/estudios.umh.es\/es\/wp-json\/wp\/v2\/pages\/17305\" class=\"qtranxs-available-language-link qtranxs-available-language-link-es\" title=\"Espa\u00f1ol\">Espanyol Europeu<\/a>.<\/p>","protected":false},"excerpt":{"rendered":"<p>Ho sentim, aquesta entrada es troba disponible \u00fanicament en Espanyol Europeu.<\/p>\n","protected":false},"author":127,"featured_media":0,"parent":157,"menu_order":5,"comment_status":"closed","ping_status":"closed","template":"","meta":{"ngg_post_thumbnail":0,"_links_to":"","_links_to_target":""},"_links":{"self":[{"href":"https:\/\/estudios.umh.es\/ca\/wp-json\/wp\/v2\/pages\/17305"}],"collection":[{"href":"https:\/\/estudios.umh.es\/ca\/wp-json\/wp\/v2\/pages"}],"about":[{"href":"https:\/\/estudios.umh.es\/ca\/wp-json\/wp\/v2\/types\/page"}],"author":[{"embeddable":true,"href":"https:\/\/estudios.umh.es\/ca\/wp-json\/wp\/v2\/users\/127"}],"replies":[{"embeddable":true,"href":"https:\/\/estudios.umh.es\/ca\/wp-json\/wp\/v2\/comments?post=17305"}],"version-history":[{"count":0,"href":"https:\/\/estudios.umh.es\/ca\/wp-json\/wp\/v2\/pages\/17305\/revisions"}],"up":[{"embeddable":true,"href":"https:\/\/estudios.umh.es\/ca\/wp-json\/wp\/v2\/pages\/157"}],"wp:attachment":[{"href":"https:\/\/estudios.umh.es\/ca\/wp-json\/wp\/v2\/media?parent=17305"}],"curies":[{"name":"wp","href":"https:\/\/api.w.org\/{rel}","templated":true}]}}