{"id":17332,"date":"2024-03-01T13:45:14","date_gmt":"2024-03-01T12:45:14","guid":{"rendered":"https:\/\/estudios.umh.es\/?page_id=17332"},"modified":"2026-03-03T09:04:58","modified_gmt":"2026-03-03T08:04:58","slug":"plan-de-becas-y-ayudas-de-la-umh","status":"publish","type":"page","link":"https:\/\/estudios.umh.es\/ca\/plan-de-becas-y-ayudas-de-la-umh\/","title":{"rendered":"PLA DE BEQUES I AJUDES UMH"},"content":{"rendered":"<p><\/p>\n<h4><a href=\"https:\/\/boumh.umh.es\/files\/2025\/12\/bil-RCOGO-259-25-Not.-acu.-Plan-de-Becas-y-Ayudas-vr.-Estudiantes-y-Coord.-copia-autentica.pdf\"><span dir=\"auto\" style=\"vertical-align: inherit\"><span dir=\"auto\" style=\"vertical-align: inherit\">XIV PLA DE BEQUES I AJUDES UMH 900.15 KB.<\/span><\/span><\/a>&nbsp;<img loading=\"lazy\" class=\"alignnone wp-image-31436 size-full\" src=\"https:\/\/estudios.umh.es\/files\/2021\/11\/abre-en-nueva-ventana.png\" alt=\"(obriu en nova finestra)\" width=\"15\" height=\"15\"><\/h4>\n<p><span dir=\"auto\" style=\"vertical-align: inherit\"><span dir=\"auto\" style=\"vertical-align: inherit\">La UMH a trav\u00e9s del Pla de Beques i Ajudes facilita l&#8217;acc\u00e9s de l&#8217;estudiantat a les titulacions universit\u00e0ries oficials ofertes per la UMH, finan\u00e7ant les matr\u00edcules de l&#8217;estudiantat matriculat en ensenyaments de grau i de m\u00e0ster oficial.<\/span><\/span><\/p>\n<p><span dir=\"auto\" style=\"vertical-align: inherit\"><span dir=\"auto\" style=\"vertical-align: inherit\">Aquest Pla ofereix cada curs acad\u00e8mic diverses beques o ajudes el r\u00e8gim de les quals de presentaci\u00f3 i adjudicaci\u00f3 ve fixat en la respectiva convocat\u00f2ria. Actualment el Pla es compon de les convocat\u00f2ries seg\u00fcents:<\/span><\/span><\/p>\n<ul>\n<li><a href=\"https:\/\/estudios.umh.es\/becas-para-la-financiacion-de-la-matricula-de-estudiantes-de-grado-y-master-universitario\/\"><span dir=\"auto\" style=\"vertical-align: inherit\"><span dir=\"auto\" style=\"vertical-align: inherit\">Beques per al finan\u00e7ament de la matr\u00edcula dels estudiants de grau i m\u00e0ster universitari.<\/span><\/span><img loading=\"lazy\" class=\"alignnone wp-image-31436 size-full\" style=\"color: #333333\" src=\"https:\/\/estudios.umh.es\/files\/2021\/11\/abre-en-nueva-ventana.png\" alt=\"(obriu en nova finestra)\" width=\"15\" height=\"15\"><br \/>\n<\/a><\/li>\n<li><a href=\"https:\/\/estudios.umh.es\/ayudas-para-sufragar-gastos-de-manutencion-programa-de-comedor-universitario\/\"><span dir=\"auto\" style=\"vertical-align: inherit\"><span dir=\"auto\" style=\"vertical-align: inherit\">Ajuts per sufragar despeses de manutenci\u00f3: programa de menjador universitari.<\/span><\/span><img loading=\"lazy\" class=\"alignnone wp-image-31436 size-full\" style=\"color: #333333\" src=\"https:\/\/estudios.umh.es\/files\/2021\/11\/abre-en-nueva-ventana.png\" alt=\"(obriu en nova finestra)\" width=\"15\" height=\"15\"><br \/>\n<\/a><\/li>\n<li><a href=\"https:\/\/estudios.umh.es\/ayuda-para-sufragar-gastos-de-transporte\/\"><span dir=\"auto\" style=\"vertical-align: inherit\"><span dir=\"auto\" style=\"vertical-align: inherit\">Ajuts per sufragar despeses de transport: ajuts al transport universitari.<\/span><\/span><img loading=\"lazy\" class=\"alignnone wp-image-31436 size-full\" style=\"color: #333333\" src=\"https:\/\/estudios.umh.es\/files\/2021\/11\/abre-en-nueva-ventana.png\" alt=\"(obriu en nova finestra)\" width=\"15\" height=\"15\"><br \/>\n<\/a><a href=\"https:\/\/estudios.umh.es\/ayudas-para-estudiantes-de-excelencia-academica\/\"><span dir=\"auto\" style=\"vertical-align: inherit\"><span dir=\"auto\" style=\"vertical-align: inherit\">Ajuts per a estudiant d&#8217;excel\u00b7l\u00e8ncia acad\u00e8mica.<\/span><\/span><img loading=\"lazy\" class=\"alignnone wp-image-31436 size-full\" style=\"color: #333333\" src=\"https:\/\/estudios.umh.es\/files\/2021\/11\/abre-en-nueva-ventana.png\" alt=\"(obriu en nova finestra)\" width=\"15\" height=\"15\"><br \/>\n<\/a><\/li>\n<\/ul>\n<div class=\"col col-lg-8 order-first order-lg-2\">\n<div class=\"row\">\n<div class=\"col\">\n<div class=\"text-cuerpo\">\n<p><span dir=\"auto\" style=\"vertical-align: inherit\"><span dir=\"auto\" style=\"vertical-align: inherit\">Altres convocat\u00f2ries:&nbsp;<\/span><\/span><\/p>\n<ul>\n<li><a href=\"https:\/\/estudios.umh.es\/becas\/colaboracion-umh\/\" rel=\"noopener noreferrer\"><span dir=\"auto\" style=\"vertical-align: inherit\"><span dir=\"auto\" style=\"vertical-align: inherit\">Informa&#8217;t sobre les beques de col\u00b7laboraci\u00f3 de la UMH.<\/span><\/span><\/a><\/li>\n<li><a href=\"https:\/\/estudios.umh.es\/becas\/otras-becas-umh\/\" rel=\"noopener noreferrer\"><span dir=\"auto\" style=\"vertical-align: inherit\"><span dir=\"auto\" style=\"vertical-align: inherit\">Informa&#8217;t sobre altres beques de la UMH.<\/span><\/span><\/a><\/li>\n<\/ul>\n<\/div>\n<\/div>\n<\/div>\n<\/div>\n<p>&nbsp;<\/p>","protected":false},"excerpt":{"rendered":"<p>XIV PLA DE BEQUES I AJUDES UMH 900.15 KB.&nbsp;<br \/>\nLa UMH a trav\u00e9s del Pla de Beques i Ajudes facilita l&#8217;acc\u00e9s de l&#8217;estudiantat a les titulacions universit\u00e0ries oficials ofertes per la UMH, finan\u00e7ant les matr\u00edcules de l&#8217;estudiantat matriculat en ensenyaments de grau i de m\u00e0ster oficial.<br \/>\nAquest Pla ofereix cada curs acad\u00e8mic diverses beques o ajudes el [&#8230;]<\/p>\n","protected":false},"author":10,"featured_media":0,"parent":0,"menu_order":0,"comment_status":"closed","ping_status":"closed","template":"","meta":{"ngg_post_thumbnail":0,"_links_to":"","_links_to_target":""},"_links":{"self":[{"href":"https:\/\/estudios.umh.es\/ca\/wp-json\/wp\/v2\/pages\/17332"}],"collection":[{"href":"https:\/\/estudios.umh.es\/ca\/wp-json\/wp\/v2\/pages"}],"about":[{"href":"https:\/\/estudios.umh.es\/ca\/wp-json\/wp\/v2\/types\/page"}],"author":[{"embeddable":true,"href":"https:\/\/estudios.umh.es\/ca\/wp-json\/wp\/v2\/users\/10"}],"replies":[{"embeddable":true,"href":"https:\/\/estudios.umh.es\/ca\/wp-json\/wp\/v2\/comments?post=17332"}],"version-history":[{"count":0,"href":"https:\/\/estudios.umh.es\/ca\/wp-json\/wp\/v2\/pages\/17332\/revisions"}],"wp:attachment":[{"href":"https:\/\/estudios.umh.es\/ca\/wp-json\/wp\/v2\/media?parent=17332"}],"curies":[{"name":"wp","href":"https:\/\/api.w.org\/{rel}","templated":true}]}}