{"id":17338,"date":"2024-02-28T17:50:36","date_gmt":"2024-02-28T16:50:36","guid":{"rendered":"https:\/\/estudios.umh.es\/?page_id=17338"},"modified":"2026-03-24T14:21:15","modified_gmt":"2026-03-24T13:21:15","slug":"ayuda-para-sufragar-gastos-de-transporte","status":"publish","type":"page","link":"https:\/\/estudios.umh.es\/ca\/ayuda-para-sufragar-gastos-de-transporte\/","title":{"rendered":"AJUDA PER COBRIR LES DESPESES DE TRANSPORT: SUBVENCI\u00d3 PER AL TRANSPORT"},"content":{"rendered":"<p><span dir=\"auto\" style=\"vertical-align: inherit\"><span dir=\"auto\" style=\"vertical-align: inherit\">Els ajuts al transport universitari suposaran una quantia econ\u00f2mica que no excedir\u00e0 dels l\u00edmits establerts al Pla de Beques i Ajuts de la UMH. Els ajuts seran adjudicats entre l&#8217;estudiantat de la UMH que estigui cursant estudis oficials de grau. Per a l&#8217;adjudicaci\u00f3 de les ajudes es tindran en consideraci\u00f3 criteris de nivell econ\u00f2mic familiars i de dist\u00e0ncia entre la localitat de resid\u00e8ncia de la unitat familiar i la localitat on s&#8217;ubiqui el centre on estigui matriculada la persona benefici\u00e0ria.<\/span><\/span><\/p>\n<p><span dir=\"auto\" style=\"vertical-align: inherit\"><span dir=\"auto\" style=\"vertical-align: inherit\">Els ajuts no seran compatibles amb altres ajuts de la UMH, o d&#8217;altres institucions, que tinguin la mateixa finalitat.<\/span><\/span><\/p>\n<p><span dir=\"auto\" style=\"vertical-align: inherit\"><span dir=\"auto\" style=\"vertical-align: inherit\">Les ajudes es concretaran mitjan\u00e7ant convocat\u00f2ria p\u00fablica del Vicerectorat d&#8217;Estudiants i Coordinaci\u00f3, on s&#8217;establiran els requisits i el procediment d&#8217;adjudicaci\u00f3 de les mateixes.<\/span><\/span><\/p>\n<h2><span dir=\"auto\" style=\"vertical-align: inherit\"><span dir=\"auto\" style=\"vertical-align: inherit\">Curs Acad\u00e8mic 2025\/2026<\/span><\/span><\/h2>\n<ul>\n<li><a href=\"https:\/\/boumh.umh.es\/files\/2026\/03\/RR_00695_2026.pdf\"><span dir=\"auto\" style=\"vertical-align: inherit\"><span dir=\"auto\" style=\"vertical-align: inherit\">Convocat\u00f2ria. 1.89 MB PDF<\/span><\/span><\/a>&nbsp;<img loading=\"lazy\" class=\"alignnone wp-image-31436\" src=\"https:\/\/estudios.umh.es\/files\/2021\/11\/abre-en-nueva-ventana.png\" alt=\"(obriu en nova finestra)\" width=\"15\" height=\"15\"><\/li>\n<li><span dir=\"auto\" style=\"vertical-align: inherit\"><span dir=\"auto\" style=\"vertical-align: inherit\">Publicaci\u00f3 DOGV.&nbsp;<\/span><\/span><img loading=\"lazy\" class=\"alignnone wp-image-31436\" src=\"https:\/\/estudios.umh.es\/files\/2021\/11\/abre-en-nueva-ventana.png\" alt=\"(obriu en nova finestra)\" width=\"15\" height=\"15\"><\/li>\n<li><span dir=\"auto\" style=\"vertical-align: inherit\"><span dir=\"auto\" style=\"vertical-align: inherit\">Termini de presentaci\u00f3 de sol\u00b7licituds: Tancat. Pendent de Publicaci\u00f3 DOGV.<\/span><\/span><\/li>\n<li><span dir=\"auto\" style=\"vertical-align: inherit\"><span dir=\"auto\" style=\"vertical-align: inherit\">Procediment de presentaci\u00f3 de sol\u00b7licituds: Se sol\u00b7licita a trav\u00e9s de la Seu electr\u00f2nica, Cat\u00e0leg de procediments i serveis, apartat Gesti\u00f3 d&#8217;Estudis, accedint al <\/span><\/span><a href=\"https:\/\/sede.umh.es\/procedimientos\/becas-ayudas-de-estudio-propias\/\"><span dir=\"auto\" style=\"vertical-align: inherit\"><span dir=\"auto\" style=\"vertical-align: inherit\">tr\u00e0mit Beques, Ajuts d&#8217;Estudi-Propies.<\/span><\/span><\/a><img loading=\"lazy\" class=\"alignnone wp-image-31436\" src=\"https:\/\/estudios.umh.es\/files\/2021\/11\/abre-en-nueva-ventana.png\" alt=\"(obriu en nova finestra)\" width=\"15\" height=\"15\"><\/li>\n<li><span dir=\"auto\" style=\"vertical-align: inherit\"><span dir=\"auto\" style=\"vertical-align: inherit\">Llista de sol\u00b7licituds admeses i excloses a tr\u00e0mit (El llistat de sol\u00b7licituds admeses i excloses a tr\u00e0mit NO implica la concessi\u00f3 de l&#8217;ajut):&nbsp;<\/span><\/span>\n<ul>\n<li><span dir=\"auto\" style=\"vertical-align: inherit\"><span dir=\"auto\" style=\"vertical-align: inherit\">Llista provisional.&nbsp;&nbsp;<\/span><\/span><\/li>\n<li><span dir=\"auto\" style=\"vertical-align: inherit\"><span dir=\"auto\" style=\"vertical-align: inherit\">Al\u00b7legacions: Tancat<\/span><\/span><\/li>\n<li><span dir=\"auto\" style=\"vertical-align: inherit\"><span dir=\"auto\" style=\"vertical-align: inherit\">Procediment per a l&#8217;esmena d&#8217;errors o l&#8217;aportaci\u00f3 de la documentaci\u00f3 requerida: Les persones excloses que hagin realitzat la seva sol\u00b7licitud d&#8217;admissi\u00f3 en aquest procediment mitjan\u00e7ant la Seu Electr\u00f2nica, han d&#8217;esmenar els errors o formular les reclamacions a trav\u00e9s del mateix expedient electr\u00f2nic, que es troba a \u00abEls meus tr\u00e0mits\/Els meus expedients\u00bb. Punxant a \u00abDetall\u00bb de l&#8217;expedient, opci\u00f3 \u00abSubsanar\/altres tr\u00e0mits\u00bb. La resta de persones excloses hauran d&#8217;esmenar per escrit a trav\u00e9s de les oficines de Registre de la UMH o mitjan\u00e7ant les vies establertes a l&#8217;article 16 de la Llei 39\/2015, d&#8217;1 d&#8217;octubre, del Procediment Administratiu Com\u00fa de les Administracions P\u00fabliques.<\/span><\/span><\/li>\n<li><span dir=\"auto\" style=\"vertical-align: inherit\"><span dir=\"auto\" style=\"vertical-align: inherit\">Llistat definitiu. PDF&nbsp;<\/span><\/span><\/li>\n<\/ul>\n<\/li>\n<li><span dir=\"auto\" style=\"vertical-align: inherit\"><span dir=\"auto\" style=\"vertical-align: inherit\">Resoluci\u00f3 de Concessi\u00f3:<\/span><\/span>\n<ul>\n<li><span dir=\"auto\" style=\"vertical-align: inherit\"><span dir=\"auto\" style=\"vertical-align: inherit\">Proposta de concessi\u00f3 provisional de la convocat\u00f2ria del Programa dajuts al transport universitari per al curs acad\u00e8mic&nbsp;<\/span><\/span><\/li>\n<li><span dir=\"auto\" style=\"vertical-align: inherit\"><span dir=\"auto\" style=\"vertical-align: inherit\">Resoluci\u00f3 definitiva de concessi\u00f3 PDF<\/span><\/span><\/li>\n<\/ul>\n<\/li>\n<\/ul>\n<p>&nbsp;<\/p>\n<h3><a href=\"https:\/\/estudios.umh.es\/preguntas-frecuentes-programa-de-ayudas-al-transporte\/\"><span dir=\"auto\" style=\"vertical-align: inherit\"><span dir=\"auto\" style=\"vertical-align: inherit\">Preguntes freq\u00fcents<\/span><\/span><\/a><\/h3>\n<h3><a href=\"https:\/\/estudios.umh.es\/?page_id=17445&amp;preview=true\"><span dir=\"auto\" style=\"vertical-align: inherit\"><span dir=\"auto\" style=\"vertical-align: inherit\">Consulta les convocat\u00f2ries dels anys anteriors<\/span><\/span><\/a><\/h3>\n<p><\/p>","protected":false},"excerpt":{"rendered":"<p>Els ajuts al transport universitari suposaran una quantia econ\u00f2mica que no excedir\u00e0 dels l\u00edmits establerts al Pla de Beques i Ajuts de la UMH. Els ajuts seran adjudicats entre l&#8217;estudiantat de la UMH que estigui cursant estudis oficials de grau. Per a l&#8217;adjudicaci\u00f3 de les ajudes es tindran en consideraci\u00f3 criteris de nivell econ\u00f2mic familiars [&#8230;]<\/p>\n","protected":false},"author":10,"featured_media":0,"parent":0,"menu_order":0,"comment_status":"closed","ping_status":"closed","template":"","meta":{"ngg_post_thumbnail":0,"_links_to":"","_links_to_target":""},"_links":{"self":[{"href":"https:\/\/estudios.umh.es\/ca\/wp-json\/wp\/v2\/pages\/17338"}],"collection":[{"href":"https:\/\/estudios.umh.es\/ca\/wp-json\/wp\/v2\/pages"}],"about":[{"href":"https:\/\/estudios.umh.es\/ca\/wp-json\/wp\/v2\/types\/page"}],"author":[{"embeddable":true,"href":"https:\/\/estudios.umh.es\/ca\/wp-json\/wp\/v2\/users\/10"}],"replies":[{"embeddable":true,"href":"https:\/\/estudios.umh.es\/ca\/wp-json\/wp\/v2\/comments?post=17338"}],"version-history":[{"count":0,"href":"https:\/\/estudios.umh.es\/ca\/wp-json\/wp\/v2\/pages\/17338\/revisions"}],"wp:attachment":[{"href":"https:\/\/estudios.umh.es\/ca\/wp-json\/wp\/v2\/media?parent=17338"}],"curies":[{"name":"wp","href":"https:\/\/api.w.org\/{rel}","templated":true}]}}