{"id":17341,"date":"2024-03-01T13:42:49","date_gmt":"2024-03-01T12:42:49","guid":{"rendered":"https:\/\/estudios.umh.es\/?page_id=17341"},"modified":"2026-04-29T11:56:05","modified_gmt":"2026-04-29T09:56:05","slug":"becas-conselleria-de-educacion-universidades-y-empleo","status":"publish","type":"page","link":"https:\/\/estudios.umh.es\/ca\/becas-conselleria-de-educacion-universidades-y-empleo\/","title":{"rendered":"Beques Conselleria d&#8217;Educaci\u00f3, Cultura i Universitats"},"content":{"rendered":"<p><span dir=\"auto\" style=\"vertical-align: inherit\"><span dir=\"auto\" style=\"vertical-align: inherit\">La Conselleria convoca <\/span><\/span><a href=\"https:\/\/universitats.gva.es\/va\/beca-exempcio-de-taxes\"><span dir=\"auto\" style=\"vertical-align: inherit\"><span dir=\"auto\" style=\"vertical-align: inherit\">beques d&#8217;exempci\u00f3 de taxes<\/span><\/span><\/a><a href=\"https:\/\/innova.gva.es\/va\/web\/universidad\/ayudas-y-becas\" target=\"_blank\" rel=\"noopener noreferrer\"><img loading=\"lazy\" class=\"alignnone wp-image-31436 \" src=\"https:\/\/estudios.umh.es\/files\/2021\/11\/abre-en-nueva-ventana.png\" alt=\"(obriu en nova finestra)\" width=\"15\" height=\"15\"><\/a><span dir=\"auto\" style=\"vertical-align: inherit\"><span dir=\"auto\" style=\"vertical-align: inherit\"> per a la realitzaci\u00f3 d&#8217;estudis universitaris a les universitats de la Comunitat Valenciana. Per a l&#8217;adjudicaci\u00f3 de la beca cal acreditar resid\u00e8ncia administrativa a la Comunitat Valenciana, a m\u00e9s de no superar els llindars de renda i complir els requisits acad\u00e8mics establerts per la convocat\u00f2ria. La beca consisteix en l&#8217;exempci\u00f3 del pagament de les taxes per la prestaci\u00f3 de serveis acad\u00e8mics universitaris (taxes acad\u00e8miques), de primera i, si escau, segona matr\u00edcula.<\/span><\/span><\/p>\n<p><span dir=\"auto\" style=\"vertical-align: inherit\"><span dir=\"auto\" style=\"vertical-align: inherit\">Hi ha, a m\u00e9s, altres convocat\u00f2ries de la Conselleria d&#8217;Educaci\u00f3, Cultura i Universitats que us poden interessar:<\/span><\/span><\/p>\n<ul>\n<li><a href=\"https:\/\/universitats.gva.es\/va\/beca-manuela-solis\"><span dir=\"auto\" style=\"vertical-align: inherit\"><span dir=\"auto\" style=\"vertical-align: inherit\">Beques Manuela Sol\u00eds<\/span><\/span><\/a><a href=\"https:\/\/innova.gva.es\/va\/web\/universidad\/ayudas-y-becas\" target=\"_blank\" rel=\"noopener noreferrer\"><img loading=\"lazy\" class=\"alignnone wp-image-31436 \" src=\"https:\/\/estudios.umh.es\/files\/2021\/11\/abre-en-nueva-ventana.png\" alt=\"(obriu en nova finestra)\" width=\"15\" height=\"15\"><\/a><span dir=\"auto\" style=\"vertical-align: inherit\"><span dir=\"auto\" style=\"vertical-align: inherit\"> per a la realitzaci\u00f3 d&#8217;estudis universitaris a les universitats p\u00fabliques que integren el Sistema Universitari Valenci\u00e0 i centres p\u00fablics adscrits a estes.<\/span><\/span><\/li>\n<li><a href=\"https:\/\/universitats.gva.es\/va\/beca-finalitzacio-estudis-universitaris\"><span dir=\"auto\" style=\"vertical-align: inherit\"><span dir=\"auto\" style=\"vertical-align: inherit\">Beques de Finalitzaci\u00f3<\/span><\/span><\/a>&nbsp; <a href=\"https:\/\/innova.gva.es\/va\/web\/universidad\/ayudas-y-becas\" target=\"_blank\" rel=\"noopener noreferrer\"><img loading=\"lazy\" class=\"alignnone wp-image-31436 \" src=\"https:\/\/estudios.umh.es\/files\/2021\/11\/abre-en-nueva-ventana.png\" alt=\"(obriu en nova finestra)\" width=\"15\" height=\"15\"><\/a><span dir=\"auto\" style=\"vertical-align: inherit\"><span dir=\"auto\" style=\"vertical-align: inherit\"> per a la realitzaci\u00f3 d&#8217;estudis universitaris per a l&#8217;alumnat que li reste un m\u00e0xim de 24 cr\u00e8dits per finalitzar els estudis universitaris a les universitats que integren el Sistema Universitari Valenci\u00e0<\/span><\/span><\/li>\n<li><a href=\"https:\/\/ceice.gva.es\/va\/web\/universidad\/premis-excel-lencia-academica\"><span dir=\"auto\" style=\"vertical-align: inherit\"><span dir=\"auto\" style=\"vertical-align: inherit\">Premis d&#8217;excel\u00b7l\u00e8ncia acad\u00e8mica<\/span><\/span><\/a> <a href=\"https:\/\/innova.gva.es\/va\/web\/universidad\/ayudas-y-becas\" target=\"_blank\" rel=\"noopener noreferrer\"><img loading=\"lazy\" class=\"alignnone wp-image-31436 \" src=\"https:\/\/estudios.umh.es\/files\/2021\/11\/abre-en-nueva-ventana.png\" alt=\"(obriu en nova finestra)\" width=\"15\" height=\"15\"><\/a><span dir=\"auto\" style=\"vertical-align: inherit\"><span dir=\"auto\" style=\"vertical-align: inherit\"> destinats als qui hagin concl\u00f2s estudis d&#8217;educaci\u00f3 universit\u00e0ria a les universitats p\u00fabliques de la Comunitat Valenciana i estudis superiors a centres de titularitat p\u00fablica adscrits a l&#8217;Institut Superior d&#8217;Ensenyaments Art\u00edstics de la Comunitat Valenciana (ISEACV).<\/span><\/span><\/li>\n<li><a href=\"https:\/\/universitats.gva.es\/va\/beca-gv-talent\"><span dir=\"auto\" style=\"vertical-align: inherit\"><span dir=\"auto\" style=\"vertical-align: inherit\">Beca GV Talent<\/span><\/span><\/a><span dir=\"auto\" style=\"vertical-align: inherit\"><span dir=\"auto\" style=\"vertical-align: inherit\"> per a l&#8217;excel\u00b7l\u00e8ncia al rendiment acad\u00e8mic d&#8217;estudis universitaris de grau per al curs acad\u00e8mic 2024\/2025. <\/span><\/span>\n<ul>\n<li><a href=\"https:\/\/dogv.gva.es\/es\/resultat-dogv?signatura=2025\/607\"><span dir=\"auto\" style=\"vertical-align: inherit\"><span dir=\"auto\" style=\"vertical-align: inherit\">Convocat\u00f2ria<\/span><\/span><\/a><\/li>\n<\/ul>\n<\/li>\n<li>&nbsp;<\/li>\n<\/ul>\n<p><span dir=\"auto\" style=\"vertical-align: inherit\"><span dir=\"auto\" style=\"vertical-align: inherit\">Al seg\u00fcent enlla\u00e7 pots consultar el calendari previst de les diferents convocat\u00f2ries: <\/span><\/span><a href=\"https:\/\/universitats.gva.es\/va\/calendari-previst-de-convocatories\"><span dir=\"auto\" style=\"vertical-align: inherit\"><span dir=\"auto\" style=\"vertical-align: inherit\">CALENDARI<\/span><\/span><\/a><a href=\"https:\/\/innova.gva.es\/va\/web\/universidad\/ayudas-y-becas\" target=\"_blank\" rel=\"noopener noreferrer\"><img loading=\"lazy\" class=\"alignnone wp-image-31436 \" src=\"https:\/\/estudios.umh.es\/files\/2021\/11\/abre-en-nueva-ventana.png\" alt=\"(obriu en nova finestra)\" width=\"15\" height=\"15\"><\/a><\/p>\n<p><span dir=\"auto\" style=\"vertical-align: inherit\"><span dir=\"auto\" style=\"vertical-align: inherit\">Consulta la&nbsp; <\/span><\/span><a href=\"https:\/\/universitats.gva.es\/va\/convocatories\" target=\"_blank\" rel=\"noopener noreferrer\"><span dir=\"auto\" style=\"vertical-align: inherit\"><span dir=\"auto\" style=\"vertical-align: inherit\">p\u00e0gina web de la conselleria competent.&nbsp;<\/span><\/span><img loading=\"lazy\" class=\"alignnone wp-image-31436 \" src=\"https:\/\/estudios.umh.es\/files\/2021\/11\/abre-en-nueva-ventana.png\" alt=\"(obriu en nova finestra)\" width=\"15\" height=\"15\"><\/a><span dir=\"auto\" style=\"vertical-align: inherit\"><span dir=\"auto\" style=\"vertical-align: inherit\"> .&nbsp;<\/span><\/span><\/p>","protected":false},"excerpt":{"rendered":"<p>La Conselleria convoca beques d&#8217;exempci\u00f3 de taxes per a la realitzaci\u00f3 d&#8217;estudis universitaris a les universitats de la Comunitat Valenciana. Per a l&#8217;adjudicaci\u00f3 de la beca cal acreditar resid\u00e8ncia administrativa a la Comunitat Valenciana, a m\u00e9s de no superar els llindars de renda i complir els requisits acad\u00e8mics establerts per la convocat\u00f2ria. La beca consisteix [&#8230;]<\/p>\n","protected":false},"author":10,"featured_media":0,"parent":0,"menu_order":0,"comment_status":"closed","ping_status":"closed","template":"","meta":{"ngg_post_thumbnail":0,"_links_to":"","_links_to_target":""},"_links":{"self":[{"href":"https:\/\/estudios.umh.es\/ca\/wp-json\/wp\/v2\/pages\/17341"}],"collection":[{"href":"https:\/\/estudios.umh.es\/ca\/wp-json\/wp\/v2\/pages"}],"about":[{"href":"https:\/\/estudios.umh.es\/ca\/wp-json\/wp\/v2\/types\/page"}],"author":[{"embeddable":true,"href":"https:\/\/estudios.umh.es\/ca\/wp-json\/wp\/v2\/users\/10"}],"replies":[{"embeddable":true,"href":"https:\/\/estudios.umh.es\/ca\/wp-json\/wp\/v2\/comments?post=17341"}],"version-history":[{"count":0,"href":"https:\/\/estudios.umh.es\/ca\/wp-json\/wp\/v2\/pages\/17341\/revisions"}],"wp:attachment":[{"href":"https:\/\/estudios.umh.es\/ca\/wp-json\/wp\/v2\/media?parent=17341"}],"curies":[{"name":"wp","href":"https:\/\/api.w.org\/{rel}","templated":true}]}}