{"id":17353,"date":"2024-03-14T12:59:57","date_gmt":"2024-03-14T11:59:57","guid":{"rendered":"https:\/\/estudios.umh.es\/?page_id=17353"},"modified":"2026-03-23T14:06:58","modified_gmt":"2026-03-23T13:06:58","slug":"ayudas-para-sufragar-gastos-de-manutencion-programa-de-comedor-universitario","status":"publish","type":"page","link":"https:\/\/estudios.umh.es\/ca\/ayudas-para-sufragar-gastos-de-manutencion-programa-de-comedor-universitario\/","title":{"rendered":"AJUTS PROGRAMA DE MENJADOR UNIVERSITARI"},"content":{"rendered":"<p><span dir=\"auto\" style=\"vertical-align: inherit\"><span dir=\"auto\" style=\"vertical-align: inherit\">Els ajuts del programa de menjador universitari suposaran una quantia econ\u00f2mica que no excedir\u00e0 dels l\u00edmits establerts al Pla de Beques i Ajuts de la UMH. Els ajuts seran adjudicats entre l&#8217;estudiantat de la UMH que es trobin cursant estudis oficials de grau i m\u00e0ster. Per a ladjudicaci\u00f3 de les ajudes es tindran en consideraci\u00f3 criteris de nivell econ\u00f2mic familiars. Els ajuts no seran compatibles amb altres ajuts de la UMH, o d&#8217;altres institucions, que tinguin la mateixa finalitat. Les ajudes es concretaran mitjan\u00e7ant convocat\u00f2ria p\u00fablica del Vicerectorat d&#8217;Estudiants i Coordinaci\u00f3, on s&#8217;establiran els requisits i el procediment d&#8217;adjudicaci\u00f3 de les mateixes.<\/span><\/span><\/p>\n<p><strong><span dir=\"auto\" style=\"vertical-align: inherit\"><span dir=\"auto\" style=\"vertical-align: inherit\">CURS 2025\/2026<\/span><\/span><\/strong><\/p>\n<ul>\n<li><a href=\"https:\/\/boumh.umh.es\/files\/2025\/12\/RR_03603_2025.pdf\"><span dir=\"auto\" style=\"vertical-align: inherit\"><span dir=\"auto\" style=\"vertical-align: inherit\">Convocat\u00f2ria. (2.02 MB) PDF<\/span><\/span><\/a><img loading=\"lazy\" class=\"alignnone wp-image-31436 size-full\" src=\"https:\/\/estudios.umh.es\/files\/2021\/11\/abre-en-nueva-ventana.png\" alt=\"(obriu en nova finestra)\" width=\"15\" height=\"15\"><\/li>\n<li><a href=\"https:\/\/dogv.gva.es\/es\/resultat-dogv?signatura=2025\/51806\"><span dir=\"auto\" style=\"vertical-align: inherit\"><span dir=\"auto\" style=\"vertical-align: inherit\">Publicaci\u00f3 al Diari Oficial de la Generalitat Valenciana de la convocat\u00f2ria<\/span><\/span><\/a><span dir=\"auto\" style=\"vertical-align: inherit\"><span dir=\"auto\" style=\"vertical-align: inherit\"> .<\/span><\/span><img loading=\"lazy\" class=\"alignnone wp-image-31436 size-full\" src=\"https:\/\/estudios.umh.es\/files\/2021\/11\/abre-en-nueva-ventana.png\" alt=\"(obriu en nova finestra)\" width=\"15\" height=\"15\"><\/li>\n<li><span dir=\"auto\" style=\"vertical-align: inherit\"><span dir=\"auto\" style=\"vertical-align: inherit\">El termini de presentaci\u00f3 de sol\u00b7licituds: Del 8 al 21 de gener de 2026<\/span><\/span><\/li>\n<li><span dir=\"auto\" style=\"vertical-align: inherit\"><span dir=\"auto\" style=\"vertical-align: inherit\">Procediment de presentaci\u00f3 de sol\u00b7licituds:&nbsp;<\/span><\/span>\n<ul>\n<li><span dir=\"auto\" style=\"vertical-align: inherit\"><span dir=\"auto\" style=\"vertical-align: inherit\">La sol\u00b7licitud es presenta a trav\u00e9s del registre electr\u00f2nic de la Seu electr\u00f2nica de la UMH, fent \u00fas del vostre certificat electr\u00f2nic o del vostre compte d&#8217;usuari UMH. Per aix\u00f2 ha d&#8217;accedir al tr\u00e0mit Beques, Ajuts d&#8217;Estudi-Propies, que es troba disponible al seg\u00fcent <\/span><\/span><a href=\"https:\/\/sede.umh.es\/procedimientos\/becas-ayudas-de-estudio-propias\/\"><span dir=\"auto\" style=\"vertical-align: inherit\"><span dir=\"auto\" style=\"vertical-align: inherit\">enlla\u00e7<\/span><\/span><\/a><\/li>\n<\/ul>\n<\/li>\n<li><span dir=\"auto\" style=\"vertical-align: inherit\"><span dir=\"auto\" style=\"vertical-align: inherit\">Llistat de sol\u00b7licituds admeses i excloses a tr\u00e0mit (El llistat \u00e9s de sol\u00b7licituds admeses i excloses a tr\u00e0mit i NO implica la concessi\u00f3 de l&#8217;ajut):<\/span><\/span>\n<ul>\n<li style=\"list-style-type: none\">\n<ul>\n<li><a href=\"https:\/\/boumh.umh.es\/files\/2026\/02\/ES_U05500001_2026_DOCH-0000000000000000000044367.pdf\"><span dir=\"auto\" style=\"vertical-align: inherit\"><span dir=\"auto\" style=\"vertical-align: inherit\">&nbsp;Llistat provisional. 2.22 MB. PDF<\/span><\/span><img loading=\"lazy\" class=\"alignnone wp-image-31436 size-full\" src=\"https:\/\/estudios.umh.es\/files\/2021\/11\/abre-en-nueva-ventana.png\" alt=\"(obriu en nova finestra)\" width=\"15\" height=\"15\"><\/a><\/li>\n<li><span dir=\"auto\" style=\"vertical-align: inherit\"><span dir=\"auto\" style=\"vertical-align: inherit\">Al\u00b7legacions: Del 12 al 25 de febrer de 2026 <\/span><\/span><br \/>\n<span dir=\"auto\" style=\"vertical-align: inherit\"><span dir=\"auto\" style=\"vertical-align: inherit\">El procediment es realitzar\u00e0 per la Seu Electr\u00f2nica, mitjan\u00e7ant inst\u00e0ncia general, dirigida al Servei de Gesti\u00f3 d&#8217;Estudis, o b\u00e9 per escrit a trav\u00e9s de les oficines de Registre de la UMH o mitjan\u00e7ant les vies establertes a l&#8217;article 16 de la Llei 39\/2015, d&#8217;1 d&#8217;octubre, del Procediment.<\/span><\/span><\/li>\n<li><a href=\"https:\/\/boumh.umh.es\/files\/2026\/02\/RR_00527_2026.pdf\"><span dir=\"auto\" style=\"vertical-align: inherit\"><span dir=\"auto\" style=\"vertical-align: inherit\">Resoluci\u00f3 per la qual es publica la llista definitiva de sol\u00b7licituds admeses i excloses a tr\u00e0mit. 2.23 MB PDF<\/span><\/span><\/a><\/li>\n<\/ul>\n<\/li>\n<\/ul>\n<\/li>\n<li><span dir=\"auto\" style=\"vertical-align: inherit\"><span dir=\"auto\" style=\"vertical-align: inherit\">Resoluci\u00f3 concessi\u00f3:<\/span><\/span>\n<ul>\n<li><a href=\"https:\/\/boumh.umh.es\/files\/2026\/03\/ES_U05500001_2026_DOCH-0000000000000000000067602.pdf\"><span dir=\"auto\" style=\"vertical-align: inherit\"><span dir=\"auto\" style=\"vertical-align: inherit\">Proposta de concessi\u00f3 provisional. 2.46 MB PDF<\/span><\/span><\/a><\/li>\n<li><span dir=\"auto\" style=\"vertical-align: inherit\"><span dir=\"auto\" style=\"vertical-align: inherit\"><span dir=\"auto\" style=\"vertical-align: inherit\">Al\u00b7legacions: Del 5 al 18 de mar\u00e7 del 2026.<\/span><\/span><\/span><\/li>\n<\/ul>\n<\/li>\n<\/ul>\n<p><span dir=\"auto\" style=\"vertical-align: inherit\"><span dir=\"auto\" style=\"vertical-align: inherit\">Les persones excloses que hagin realitzat la seva sol\u00b7licitud d&#8217;admissi\u00f3 en aquest procediment mitjan\u00e7ant la Seu Electr\u00f2nica, han d&#8217;esmenar els errors o formular les reclamacions a trav\u00e9s del mateix expedient electr\u00f2nic, que es troba a \u00abEls meus tr\u00e0mits\/Els meus expedients\u00bb, punxant a \u00abDetall\u00bb de l&#8217;expedient, opci\u00f3 \u00abSubsanar\/altres tr\u00e0mits\u00bb. La resta de persones excloses hauran d&#8217;esmenar per escrit a trav\u00e9s de les oficines de Registre de la UMH o mitjan\u00e7ant les vies establertes a l&#8217;article 16 de la Llei 39\/2015, d&#8217;1 d&#8217;octubre, del Procediment Administratiu Com\u00fa de les Administracions P\u00fabliques.<\/span><\/span><\/p>\n<ul>\n<li style=\"list-style-type: none\">\n<ul>\n<li><span dir=\"auto\" style=\"vertical-align: inherit\"><span dir=\"auto\" style=\"vertical-align: inherit\">Resoluci\u00f3 definitiva de concessi\u00f3. PDF<\/span><\/span><\/li>\n<\/ul>\n<\/li>\n<\/ul>\n<h3><a href=\"https:\/\/estudios.umh.es\/preguntas-frecuentes-programa-comedor\/\"><span dir=\"auto\" style=\"vertical-align: inherit\"><span dir=\"auto\" style=\"vertical-align: inherit\">Preguntes freq\u00fcents<\/span><\/span><\/a><\/h3>\n<h3><a href=\"https:\/\/estudios.umh.es\/?page_id=17361&amp;preview=true\"><span dir=\"auto\" style=\"vertical-align: inherit\"><span dir=\"auto\" style=\"vertical-align: inherit\">Consulta les convocat\u00f2ries dels anys anteriors<\/span><\/span><\/a><\/h3>\n<p>&nbsp;<\/p>","protected":false},"excerpt":{"rendered":"<p>Els ajuts del programa de menjador universitari suposaran una quantia econ\u00f2mica que no excedir\u00e0 dels l\u00edmits establerts al Pla de Beques i Ajuts de la UMH. Els ajuts seran adjudicats entre l&#8217;estudiantat de la UMH que es trobin cursant estudis oficials de grau i m\u00e0ster. Per a ladjudicaci\u00f3 de les ajudes es tindran en consideraci\u00f3 [&#8230;]<\/p>\n","protected":false},"author":10,"featured_media":0,"parent":0,"menu_order":0,"comment_status":"closed","ping_status":"closed","template":"","meta":{"ngg_post_thumbnail":0,"_links_to":"","_links_to_target":""},"_links":{"self":[{"href":"https:\/\/estudios.umh.es\/ca\/wp-json\/wp\/v2\/pages\/17353"}],"collection":[{"href":"https:\/\/estudios.umh.es\/ca\/wp-json\/wp\/v2\/pages"}],"about":[{"href":"https:\/\/estudios.umh.es\/ca\/wp-json\/wp\/v2\/types\/page"}],"author":[{"embeddable":true,"href":"https:\/\/estudios.umh.es\/ca\/wp-json\/wp\/v2\/users\/10"}],"replies":[{"embeddable":true,"href":"https:\/\/estudios.umh.es\/ca\/wp-json\/wp\/v2\/comments?post=17353"}],"version-history":[{"count":0,"href":"https:\/\/estudios.umh.es\/ca\/wp-json\/wp\/v2\/pages\/17353\/revisions"}],"wp:attachment":[{"href":"https:\/\/estudios.umh.es\/ca\/wp-json\/wp\/v2\/media?parent=17353"}],"curies":[{"name":"wp","href":"https:\/\/api.w.org\/{rel}","templated":true}]}}