{"id":17358,"date":"2024-03-14T13:47:04","date_gmt":"2024-03-14T12:47:04","guid":{"rendered":"https:\/\/estudios.umh.es\/?page_id=17358"},"modified":"2026-03-11T13:32:07","modified_gmt":"2026-03-11T12:32:07","slug":"preguntas-frecuentes-programa-comedor","status":"publish","type":"page","link":"https:\/\/estudios.umh.es\/ca\/preguntas-frecuentes-programa-comedor\/","title":{"rendered":"PREGUNTES FREQ\u00dcENTS: PROGRAMA MENJADOR"},"content":{"rendered":"<p><\/p>\n<h3><strong><span dir=\"auto\" style=\"vertical-align: inherit\"><span dir=\"auto\" style=\"vertical-align: inherit\"><span dir=\"auto\" style=\"vertical-align: inherit\"><span dir=\"auto\" style=\"vertical-align: inherit\">Qui <\/span><\/span><\/span><\/span><\/strong><strong><span dir=\"auto\" style=\"vertical-align: inherit\"><span dir=\"auto\" style=\"vertical-align: inherit\"><span dir=\"auto\" style=\"vertical-align: inherit\"><span dir=\"auto\" style=\"vertical-align: inherit\">pot sol\u00b7licitar la beca <\/span><\/span><\/span><\/span><\/strong><strong><span dir=\"auto\" style=\"vertical-align: inherit\"><span dir=\"auto\" style=\"vertical-align: inherit\"><span dir=\"auto\" style=\"vertical-align: inherit\"><span dir=\"auto\" style=\"vertical-align: inherit\">?<\/span><\/span><\/span><\/span><\/strong><\/h3>\n<p><span dir=\"auto\" style=\"vertical-align: inherit\"><span dir=\"auto\" style=\"vertical-align: inherit\"><span dir=\"auto\" style=\"vertical-align: inherit\"><span dir=\"auto\" style=\"vertical-align: inherit\">Poden sol\u00b7licitar la beca els estudiants que estiguin cursant estudis de grau o m\u00e0ster universitari a temps complet a la Universitat Miguel Hern\u00e1ndez d&#8217;Elx.<\/span><\/span><\/span><\/span><\/p>\n<p><span dir=\"auto\" style=\"vertical-align: inherit\"><span dir=\"auto\" style=\"vertical-align: inherit\"><span dir=\"auto\" style=\"vertical-align: inherit\"><span dir=\"auto\" style=\"vertical-align: inherit\">L&#8217;estudiantat del programa d&#8217;intercanvi (SICUE) no la pot sol\u00b7licitar.<\/span><\/span><\/span><\/span><\/p>\n<h3><span dir=\"auto\" style=\"vertical-align: inherit\"><span dir=\"auto\" style=\"vertical-align: inherit\"><span dir=\"auto\" style=\"vertical-align: inherit\"><span dir=\"auto\" style=\"vertical-align: inherit\">Qu\u00e8 obtinc amb la concessi\u00f3 de la beca?<\/span><\/span><\/span><\/span><\/h3>\n<p><span dir=\"auto\" style=\"vertical-align: inherit\"><span dir=\"auto\" style=\"vertical-align: inherit\"><span dir=\"auto\" style=\"vertical-align: inherit\"><span dir=\"auto\" style=\"vertical-align: inherit\">Si ets beneficiari\/\u00e0ria de la beca obtindr\u00e0s bons bescanviables per men\u00fas diaris a les cafeteries de la universitat. Els bons es fan servir per dinar (migdia) en dies lectius.<\/span><\/span><\/span><\/span><\/p>\n<p><span dir=\"auto\" style=\"vertical-align: inherit\"><span dir=\"auto\" style=\"vertical-align: inherit\"><span dir=\"auto\" style=\"vertical-align: inherit\"><span dir=\"auto\" style=\"vertical-align: inherit\">A la sol\u00b7licitud has de triar si vols un bo de 20, 30, 40 o 50 \u00e0pats.<\/span><\/span><\/span><\/span><\/p>\n<p><span dir=\"auto\" style=\"vertical-align: inherit\"><span dir=\"auto\" style=\"vertical-align: inherit\"><span dir=\"auto\" style=\"vertical-align: inherit\"><span dir=\"auto\" style=\"vertical-align: inherit\">Consulta la convocat\u00f2ria per con\u00e8ixer el per\u00edode per a la utilitzaci\u00f3 dels bons concedits.&nbsp;<\/span><\/span><\/span><\/span><\/p>\n<h3><strong><span dir=\"auto\" style=\"vertical-align: inherit\"><span dir=\"auto\" style=\"vertical-align: inherit\"><span dir=\"auto\" style=\"vertical-align: inherit\"><span dir=\"auto\" style=\"vertical-align: inherit\">Requisits generals:<\/span><\/span><\/span><\/span><\/strong><\/h3>\n<ol>\n<li><span dir=\"auto\" style=\"vertical-align: inherit\"><span dir=\"auto\" style=\"vertical-align: inherit\"><span dir=\"auto\" style=\"vertical-align: inherit\"><span dir=\"auto\" style=\"vertical-align: inherit\">Estar matriculat\/ada en una titulaci\u00f3 oficial de grau i m\u00e0ster universitari durant el curs de la convocat\u00f2ria.<\/span><\/span><\/span><\/span><\/li>\n<li><span dir=\"auto\" style=\"vertical-align: inherit\"><span dir=\"auto\" style=\"vertical-align: inherit\"><span dir=\"auto\" style=\"vertical-align: inherit\"><span dir=\"auto\" style=\"vertical-align: inherit\">Si no ets ciutadana\/ana de la Uni\u00f3, aplicarem all\u00f2 que indica la normativa sobre drets i llibertats dels estrangers a Espanya i la seva integraci\u00f3 social: \u00e9s a dir, pots tenir dret a beca si tens perm\u00eds de resid\u00e8ncia, quedant exclusos els que es troben en situaci\u00f3 d&#8217;estada.<\/span><\/span><\/span><\/span><\/li>\n<\/ol>\n<h3><span dir=\"auto\" style=\"vertical-align: inherit\"><span dir=\"auto\" style=\"vertical-align: inherit\"><span dir=\"auto\" style=\"vertical-align: inherit\"><span dir=\"auto\" style=\"vertical-align: inherit\">On puc canviar els bons menjador?<\/span><\/span><\/span><\/span><\/h3>\n<p><span dir=\"auto\" style=\"vertical-align: inherit\"><span dir=\"auto\" style=\"vertical-align: inherit\"><span dir=\"auto\" style=\"vertical-align: inherit\"><span dir=\"auto\" style=\"vertical-align: inherit\">Has de triar la cafeteria vinculada al teu campus.&nbsp;<\/span><\/span><\/span><\/span><\/p>\n<p><span dir=\"auto\" style=\"vertical-align: inherit\"><span dir=\"auto\" style=\"vertical-align: inherit\"><span dir=\"auto\" style=\"vertical-align: inherit\"><span dir=\"auto\" style=\"vertical-align: inherit\">Campus de Sant Joan d\u00b4Alacant: Cafeteria de l\u00b4Edifici Javier Balmis<\/span><\/span><\/span><\/span><\/p>\n<p><span dir=\"auto\" style=\"vertical-align: inherit\"><span dir=\"auto\" style=\"vertical-align: inherit\"><span dir=\"auto\" style=\"vertical-align: inherit\"><span dir=\"auto\" style=\"vertical-align: inherit\">Campus d&#8217;Elx: Cafeteria de l&#8217;Edifici Arenals o Cafeteria de l&#8217;Edifici Altabix. (En el cas d&#8217;Elx, heu d&#8217;indicar un ordre de prefer\u00e8ncia. )<\/span><\/span><\/span><\/span><\/p>\n<p><span dir=\"auto\" style=\"vertical-align: inherit\"><span dir=\"auto\" style=\"vertical-align: inherit\"><span dir=\"auto\" style=\"vertical-align: inherit\"><span dir=\"auto\" style=\"vertical-align: inherit\">Campus d&#8217;Oriola: Cafeteria de l&#8217;Edifici Casa del Pas (Saleses) o Cafeteria de l&#8217;Edifici Tudemir (Desemparats)<\/span><\/span><\/span><\/span><\/p>\n<p><span dir=\"auto\" style=\"vertical-align: inherit\"><span dir=\"auto\" style=\"vertical-align: inherit\"><span dir=\"auto\" style=\"vertical-align: inherit\"><span dir=\"auto\" style=\"vertical-align: inherit\">Campus d&#8217;Altea: Cafeteria de l&#8217;Edifici Puig Campana<\/span><\/span><\/span><\/span><\/p>\n<p><span dir=\"auto\" style=\"vertical-align: inherit\"><span dir=\"auto\" style=\"vertical-align: inherit\"><span dir=\"auto\" style=\"vertical-align: inherit\"><span dir=\"auto\" style=\"vertical-align: inherit\">En cas que un Campus estigui sense servei de cafeteria, o no admetessin l&#8217;\u00fas dels bons esmentats, amb car\u00e0cter extraordinari, es podr\u00e0 abonar directament a la compte bancari de cada una de les persones benefici\u00e0ries l&#8217;import corresponent als bons concedits.<\/span><\/span><\/span><\/span><\/p>\n<h3><strong><span dir=\"auto\" style=\"vertical-align: inherit\"><span dir=\"auto\" style=\"vertical-align: inherit\"><span dir=\"auto\" style=\"vertical-align: inherit\"><span dir=\"auto\" style=\"vertical-align: inherit\">Com puc fer servir els bons de menjador?<\/span><\/span><\/span><\/span><\/strong><\/h3>\n<p><span dir=\"auto\" style=\"vertical-align: inherit\"><span dir=\"auto\" style=\"vertical-align: inherit\"><span dir=\"auto\" style=\"vertical-align: inherit\"><span dir=\"auto\" style=\"vertical-align: inherit\">Has de presentar a la cafeteria que tinguis assignat el codi QR des del teu m\u00f2bil. El bon menjador \u00e9s personal i intransferible.<\/span><\/span><\/span><\/span><\/p>\n<h3><strong><span dir=\"auto\" style=\"vertical-align: inherit\"><span dir=\"auto\" style=\"vertical-align: inherit\">Quins requisits acad\u00e8mics he de complir per obtenir la beca?<\/span><\/span><\/strong><\/h3>\n<p><span dir=\"auto\" style=\"vertical-align: inherit\"><span dir=\"auto\" style=\"vertical-align: inherit\">1.-Estar matriculat\/ada d&#8217;un m\u00ednim de 60 cr\u00e8dits al curs acad\u00e8mic de la convocat\u00f2ria en alguna titulaci\u00f3 oficial de grau o de m\u00e0ster universitari de la UMH. <\/span><\/span><br \/>\n<span dir=\"auto\" style=\"vertical-align: inherit\"><span dir=\"auto\" style=\"vertical-align: inherit\">Aquest m\u00ednim no ser\u00e0 exigible per a l&#8217;estudiantat d&#8217;\u00faltim curs, sempre que estigui matriculat de tots els cr\u00e8dits necessaris per finalitzar all\u00f2 establert al pla d&#8217;estudis de la titulaci\u00f3. <\/span><\/span><br \/>\n<span dir=\"auto\" style=\"vertical-align: inherit\"><span dir=\"auto\" style=\"vertical-align: inherit\">En el cas de l&#8217;estudiantat de titulacions de doble grau, haur\u00e0 d&#8217;estar matriculat de la totalitat de cr\u00e8dits per curs establert al pla d&#8217;estudis. <\/span><\/span><br \/>\n<span dir=\"auto\" style=\"vertical-align: inherit\"><span dir=\"auto\" style=\"vertical-align: inherit\">2.- Haver superat un m\u00ednim de 30 cr\u00e8dits a l&#8217;\u00faltim curs acad\u00e8mic realitzat. <\/span><\/span><br \/>\n<span dir=\"auto\" style=\"vertical-align: inherit\"><span dir=\"auto\" style=\"vertical-align: inherit\">3.- Presentar-se a avaluaci\u00f3 d&#8217;almenys el 50% de les assignatures matriculades al curs en qu\u00e8 es convoca l&#8217;ajuda.<\/span><\/span><\/p>\n<h3><strong><span dir=\"auto\" style=\"vertical-align: inherit\"><span dir=\"auto\" style=\"vertical-align: inherit\">Si s\u00f3c estudiant de darrer curs<\/span><\/span><\/strong><\/h3>\n<p><span dir=\"auto\" style=\"vertical-align: inherit\"><span dir=\"auto\" style=\"vertical-align: inherit\">En aquest cas, pots matricular-te als cr\u00e8dits que et falten per acabar els estudis i sol\u00b7licitar la beca.<\/span><\/span><\/p>\n<p><span dir=\"auto\" style=\"vertical-align: inherit\"><span dir=\"auto\" style=\"vertical-align: inherit\">Has d&#8217;estar matriculat\/da de tot all\u00f2 que et queda per finalitzar, incl\u00f2s el TFG\/TFM. Els cr\u00e8dits optatius no els tenim en compte perqu\u00e8 pots aportar compet\u00e8ncies transversals.<\/span><\/span><\/p>\n<h3><strong><span dir=\"auto\" style=\"vertical-align: inherit\"><span dir=\"auto\" style=\"vertical-align: inherit\">Com s&#8217;acredita la independ\u00e8ncia?<\/span><\/span><\/strong><\/h3>\n<p><span dir=\"auto\" style=\"vertical-align: inherit\"><span dir=\"auto\" style=\"vertical-align: inherit\">Si comptes amb mitjans econ\u00f2mics propis suficients i ets titular d&#8217;un habitatge comprat o llogat, formes una unitat familiar independent.<\/span><\/span><\/p>\n<p><span dir=\"auto\" style=\"vertical-align: inherit\"><span dir=\"auto\" style=\"vertical-align: inherit\">Per acreditar aquesta situaci\u00f3 has de presentar la documentaci\u00f3 seg\u00fcent:<\/span><\/span><\/p>\n<p><span dir=\"auto\" style=\"vertical-align: inherit\"><span dir=\"auto\" style=\"vertical-align: inherit\">1.- Declaraci\u00f3 de renda. En cas que no tingueu obligaci\u00f3 de realitzar-la heu d&#8217;aportar el certificat d&#8217;imputacions dels ingressos obtinguts en l&#8217;exercici corresponent.<\/span><\/span><\/p>\n<p><span dir=\"auto\" style=\"vertical-align: inherit\"><span dir=\"auto\" style=\"vertical-align: inherit\">2.- Contracte de lloguer de l&#8217;habitatge habitual o b\u00e9 el rebut de l&#8217;IBI si l&#8217;habitatge \u00e9s de la teva propietat.<\/span><\/span><\/p>\n<p><span dir=\"auto\" style=\"vertical-align: inherit\"><span dir=\"auto\" style=\"vertical-align: inherit\">&nbsp;&nbsp;En el cas que estiguis a la declaraci\u00f3 de la renda d&#8217;una altra persona l&#8217;any anterior al de la convocat\u00f2ria de la beca, se&#8217;t considera no independent.<\/span><\/span><\/p>\n<h3><span dir=\"auto\" style=\"vertical-align: inherit\"><span dir=\"auto\" style=\"vertical-align: inherit\">Quan puc sol\u00b7licitar la beca?<\/span><\/span><\/h3>\n<p><span dir=\"auto\" style=\"vertical-align: inherit\"><span dir=\"auto\" style=\"vertical-align: inherit\">Tens 10 dies h\u00e0bils des de l&#8217;endem\u00e0 de la publicaci\u00f3 al DOGV.<\/span><\/span><\/p>\n<h3><strong>&nbsp;<\/strong><strong><span dir=\"auto\" style=\"vertical-align: inherit\"><span dir=\"auto\" style=\"vertical-align: inherit\">Com he de sol\u00b7licitar la beca?<\/span><\/span><\/strong><\/h3>\n<p><span dir=\"auto\" style=\"vertical-align: inherit\"><span dir=\"auto\" style=\"vertical-align: inherit\">Se sol\u00b7licita a trav\u00e9s de la Seu electr\u00f2nica, Cat\u00e0leg de procediments i serveis, apartat Gesti\u00f3 d&#8217;Estudis, accedint al <\/span><\/span><a href=\"https:\/\/sede.umh.es\/procedimientos\/becas-ayudas-de-estudio-propias\/\"><span dir=\"auto\" style=\"vertical-align: inherit\"><span dir=\"auto\" style=\"vertical-align: inherit\">tr\u00e0mit Beques, Ajuts d&#8217;Estudi-Propies.<\/span><\/span><\/a><img loading=\"lazy\" class=\"alignnone wp-image-31436\" src=\"https:\/\/estudios.umh.es\/files\/2021\/11\/abre-en-nueva-ventana.png\" alt=\"(obriu en nova finestra)\" width=\"15\" height=\"15\"><span dir=\"auto\" style=\"vertical-align: inherit\"><span dir=\"auto\" style=\"vertical-align: inherit\"> L&#8217;impr\u00e8s ha d&#8217;anar signat per la persona sol\u00b7licitant i per la resta de membres de la unitat familiar.<\/span><\/span><\/p>\n<p><span dir=\"auto\" style=\"vertical-align: inherit\"><span dir=\"auto\" style=\"vertical-align: inherit\">S&#8217;ha d&#8217;adjuntar a la sol\u00b7licitud la c\u00f2pia dels DNI\/NIE de totes les persones computables de la unitat familiar i la documentaci\u00f3 requerida a la convocat\u00f2ria segons la situaci\u00f3 de cada sol\u00b7licitant.<\/span><\/span><\/p>\n<p><span dir=\"auto\" style=\"vertical-align: inherit\"><span dir=\"auto\" style=\"vertical-align: inherit\">Haureu d&#8217;indicar a la vostra sol\u00b7licitud el bo de menjador pel qual opta i la cafeteria.&nbsp;<\/span><\/span><\/p>\n<h3><strong><span dir=\"auto\" style=\"vertical-align: inherit\"><span dir=\"auto\" style=\"vertical-align: inherit\">Si he d&#8217;aportar documentaci\u00f3, com es presenta?<\/span><\/span><\/strong><\/h3>\n<p><span dir=\"auto\" style=\"vertical-align: inherit\"><span dir=\"auto\" style=\"vertical-align: inherit\">Has d&#8217;aportar-la entrant al teu expedient de sol\u00b7licitud de beca al teu acc\u00e9s identificat i esmenant, tamb\u00e9 pots aportar-la a trav\u00e9s de la seu electr\u00f2nica de la UMH, mitjan\u00e7ant <\/span><\/span><a href=\"https:\/\/sede.umh.es\/procedimientos\/instancia-general\/\"><span dir=\"auto\" style=\"vertical-align: inherit\"><span dir=\"auto\" style=\"vertical-align: inherit\">inst\u00e0ncia general<\/span><\/span><\/a><img loading=\"lazy\" class=\"alignnone wp-image-31436\" src=\"https:\/\/estudios.umh.es\/files\/2021\/11\/abre-en-nueva-ventana.png\" alt=\"(obriu en nova finestra)\" width=\"15\" height=\"15\"><span dir=\"auto\" style=\"vertical-align: inherit\"><span dir=\"auto\" style=\"vertical-align: inherit\"> adre\u00e7ada al Servei de Gesti\u00f3 d&#8217;Estudis.&nbsp;<\/span><\/span><\/p>\n<h3><strong><span dir=\"auto\" style=\"vertical-align: inherit\"><span dir=\"auto\" style=\"vertical-align: inherit\">\u00c9s compatible amb la beca del Ministeri o la Conselleria?<\/span><\/span><\/strong><\/h3>\n<p><span dir=\"auto\" style=\"vertical-align: inherit\"><span dir=\"auto\" style=\"vertical-align: inherit\"><span dir=\"auto\" style=\"vertical-align: inherit\"><span dir=\"auto\" style=\"vertical-align: inherit\">\u00c9s compatible amb altres beques sempre que no siguin ajudes destinades a la mateixa finalitat.<\/span><\/span><\/span><\/span><\/p>\n<h3><span dir=\"auto\" style=\"vertical-align: inherit\"><span dir=\"auto\" style=\"vertical-align: inherit\"><span dir=\"auto\" style=\"vertical-align: inherit\"><span dir=\"auto\" style=\"vertical-align: inherit\">Obligacions dels beneficiaris:<\/span><\/span><\/span><\/span><\/h3>\n<p><span dir=\"auto\" style=\"vertical-align: inherit\"><span dir=\"auto\" style=\"vertical-align: inherit\"><span dir=\"auto\" style=\"vertical-align: inherit\"><span dir=\"auto\" style=\"vertical-align: inherit\">Has de consumir al menys el 80% dels bons que t&#8217;assignin.<\/span><\/span><\/span><\/span><\/p>\n<p><span dir=\"auto\" style=\"vertical-align: inherit\"><span dir=\"auto\" style=\"vertical-align: inherit\"><span dir=\"auto\" style=\"vertical-align: inherit\"><span dir=\"auto\" style=\"vertical-align: inherit\">T&#8217;haur\u00e0s d&#8217;identificar mostrant el codi QR des del teu m\u00f2bil cada cop que canvi\u00efs un bo a la cafeteria. El bon menjador lliurat a les persones benefici\u00e0ries \u00e9s personal i intransferible, sent responsabilitat de la persona titular el mal \u00fas del mateix.&nbsp;<\/span><\/span><\/span><\/span><\/p>\n<p><span dir=\"auto\" style=\"vertical-align: inherit\"><span dir=\"auto\" style=\"vertical-align: inherit\"><span dir=\"auto\" style=\"vertical-align: inherit\"><span dir=\"auto\" style=\"vertical-align: inherit\">L&#8217;incompliment d&#8217;aquestes obligacions comportar\u00e0 sancions en la concessi\u00f3 de la beca del curs vinent.<\/span><\/span><\/span><\/span><\/p>\n<p>&nbsp;<\/p>\n<div>\n<h3><strong><span dir=\"auto\" style=\"vertical-align: inherit\"><span dir=\"auto\" style=\"vertical-align: inherit\"><span dir=\"auto\" style=\"vertical-align: inherit\"><span dir=\"auto\" style=\"vertical-align: inherit\">On puc trobar m\u00e9s informaci\u00f3 sobre aix\u00f2?<\/span><\/span><\/span><\/span><\/strong><\/h3>\n<p><span dir=\"auto\" style=\"vertical-align: inherit\"><span dir=\"auto\" style=\"vertical-align: inherit\"><span dir=\"auto\" style=\"vertical-align: inherit\"><span dir=\"auto\" style=\"vertical-align: inherit\">Podeu obtenir m\u00e9s informaci\u00f3 al&nbsp; <\/span><\/span><\/span><\/span><a href=\"https:\/\/estudios.umh.es\/becas\/\"><strong><span dir=\"auto\" style=\"vertical-align: inherit\"><span dir=\"auto\" style=\"vertical-align: inherit\"><span dir=\"auto\" style=\"vertical-align: inherit\"><span dir=\"auto\" style=\"vertical-align: inherit\">Servei de Gesti\u00f3 d&#8217;Estudis.<\/span><\/span><\/span><\/span><\/strong><\/a><\/p>\n<p><span dir=\"auto\" style=\"vertical-align: inherit\"><span dir=\"auto\" style=\"vertical-align: inherit\"><span dir=\"auto\" style=\"vertical-align: inherit\"><span dir=\"auto\" style=\"vertical-align: inherit\">Tot i aix\u00f2, si tens alguna dubte pots enviar un correu electr\u00f2nic a <\/span><\/span><\/span><\/span><span id=\"eeb-124564-984725\"><span dir=\"auto\" style=\"vertical-align: inherit\"><span dir=\"auto\" style=\"vertical-align: inherit\"><span dir=\"auto\" style=\"vertical-align: inherit\"><span dir=\"auto\" style=\"vertical-align: inherit\">becas@umh.es.<\/span><\/span><\/span><\/span><\/span><\/p>\n<p><span dir=\"auto\" style=\"vertical-align: inherit\"><span dir=\"auto\" style=\"vertical-align: inherit\"><span dir=\"auto\" style=\"vertical-align: inherit\"><span dir=\"auto\" style=\"vertical-align: inherit\">Tamb\u00e9 pots sol\u00b7licitar una cita perqu\u00e8 puguem atendre les teves consultes mitjan\u00e7ant videotrucada: https:\/\/consulte.umh.es\/<\/span><\/span><\/span><\/span><\/p>\n<\/div>\n<p><\/p>","protected":false},"excerpt":{"rendered":"<p>Qui pot sol\u00b7licitar la beca ?<br \/>\nPoden sol\u00b7licitar la beca els estudiants que estiguin cursant estudis de grau o m\u00e0ster universitari a temps complet a la Universitat Miguel Hern\u00e1ndez d&#8217;Elx.<br \/>\nL&#8217;estudiantat del programa d&#8217;intercanvi (SICUE) no la pot sol\u00b7licitar.<br \/>\nQu\u00e8 obtinc amb la concessi\u00f3 de la beca?<br \/>\nSi ets beneficiari\/\u00e0ria de la beca obtindr\u00e0s bons bescanviables per men\u00fas diaris [&#8230;]<\/p>\n","protected":false},"author":10,"featured_media":0,"parent":0,"menu_order":0,"comment_status":"closed","ping_status":"closed","template":"","meta":{"ngg_post_thumbnail":0,"_links_to":"","_links_to_target":""},"_links":{"self":[{"href":"https:\/\/estudios.umh.es\/ca\/wp-json\/wp\/v2\/pages\/17358"}],"collection":[{"href":"https:\/\/estudios.umh.es\/ca\/wp-json\/wp\/v2\/pages"}],"about":[{"href":"https:\/\/estudios.umh.es\/ca\/wp-json\/wp\/v2\/types\/page"}],"author":[{"embeddable":true,"href":"https:\/\/estudios.umh.es\/ca\/wp-json\/wp\/v2\/users\/10"}],"replies":[{"embeddable":true,"href":"https:\/\/estudios.umh.es\/ca\/wp-json\/wp\/v2\/comments?post=17358"}],"version-history":[{"count":0,"href":"https:\/\/estudios.umh.es\/ca\/wp-json\/wp\/v2\/pages\/17358\/revisions"}],"wp:attachment":[{"href":"https:\/\/estudios.umh.es\/ca\/wp-json\/wp\/v2\/media?parent=17358"}],"curies":[{"name":"wp","href":"https:\/\/api.w.org\/{rel}","templated":true}]}}