{"id":17428,"date":"2024-03-06T09:53:01","date_gmt":"2024-03-06T08:53:01","guid":{"rendered":"https:\/\/estudios.umh.es\/?page_id=17428"},"modified":"2025-11-26T08:58:30","modified_gmt":"2025-11-26T07:58:30","slug":"procedimiento-para-solicitar-reconocimiento-de-creditos-optativos","status":"publish","type":"page","link":"https:\/\/estudios.umh.es\/ca\/procedimiento-para-solicitar-reconocimiento-de-creditos-optativos\/","title":{"rendered":"PROCEDIMENT PER A SOL\u00b7LICITAR RECONEIXEMENT DE CR\u00c8DITS PER COMPET\u00c8NCIES TRANSVERSALS I PROFESSIONALS"},"content":{"rendered":"<p>Els cr\u00e8dits de car\u00e0cter optatiu establits en els plans d&#8217;estudis dels t\u00edtols de Grau de la UMH poden ser obtinguts acreditant el seg\u00fcent:<\/p>\n<h3>Activitats o altres ensenyaments<\/h3>\n<ul>\n<li style=\"list-style-type: none\">\n<ul>\n<li><a href=\"https:\/\/estudios.umh.es\/ca\/actividades-universitarias-solidarias-y-de-cooperacion\/\" target=\"_blank\" rel=\"noopener\">Activitats universit\u00e0ries solid\u00e0ries i de cooperaci\u00f3<\/a><\/li>\n<li><a href=\"https:\/\/estudios.umh.es\/ca\/actividades-universitarias-culturales-deportivas-de-representacion-estudiantil-solidarias-y-de-cooperacion\/\" target=\"_blank\" rel=\"noopener\">Actividats universit\u00e0ries culturals i altres actividats acad\u00e8miques<\/a>&nbsp;<\/li>\n<li><a href=\"https:\/\/estudios.umh.es\/ca\/actividades-universitarias-deportivas\/\" target=\"_blank\" rel=\"noopener\">Actividats universit\u00e0ries esportives<\/a><\/li>\n<li><a href=\"https:\/\/estudios.umh.es\/ca\/actividades-de-representacion-estudiantil\/\" target=\"_blank\" rel=\"noopener\">Actividats de representaci\u00f3 estudiantil<\/a><\/li>\n<li><a href=\"https:\/\/estudios.umh.es\/ca\/practicas-en-empresas-o-instituciones\/\">Pr\u00e0ctiques en empreses o institucions&nbsp;<\/a><\/li>\n<li><a href=\"https:\/\/estudios.umh.es\/ca\/ensenanzas-de-formacion-permanente\/\">Ensenyances de formaci\u00f3 permanent<\/a><\/li>\n<\/ul>\n<\/li>\n<\/ul>\n<h3>Quan i com tramitar la sol\u00b7licitud de reconeixement de cr\u00e8dits?<\/h3>\n<ul>\n<li>Documentaci\u00f3: certificat de l&#8217;\u00f2rgan de la UMH responsable de l&#8217;activitat.<\/li>\n<li>Termini: En qualsevol moment.<\/li>\n<li>Com presentar la sol\u00b7licitud: Des del teu acc\u00e9s identificat has d&#8217;accedir a &#8220;Sol\u00b7licitud i consulta de reconeixement de cr\u00e8dits en estudis de grau i m\u00e0ster universitari&#8221; i seguidament seleccionar l&#8217;aplicaci\u00f3 &#8220;Acreditaci\u00f3 d&#8217;Activitats Universit\u00e0ries i Acad\u00e8miques&#8221;.&nbsp;<\/li>\n<li>Pots consultar les seg\u00fcents&nbsp;<a href=\"https:\/\/estudios.umh.es\/files\/2025\/10\/Aplicacion-reconcoimiento-de-creditos-optativos.pdf\" target=\"_blank\" rel=\"noopener\">instruccions per a realitzar la sol\u00b7licitud de reconeixement de cr\u00e8dits.PDF.521Kb<\/a><img class=\"\" src=\"https:\/\/estudios.umh.es\/files\/2021\/11\/abre-en-nueva-ventana.png\" alt=\"(abre en nueva ventana)\"> o b\u00e9 visualitzar el sig\u00fcent v\u00eddeo informatiu<img class=\"\" src=\"https:\/\/estudios.umh.es\/files\/2021\/11\/abre-en-nueva-ventana.png\" alt=\"(abre en nueva ventana)\">:&nbsp; &nbsp;<iframe  style=\"display: block; margin: 0px auto;\"  id=\"_ytid_89120\"  width=\"480\" height=\"270\"  data-origwidth=\"480\" data-origheight=\"270\" src=\"https:\/\/www.youtube.com\/embed\/lqmxYBbd0Qg?enablejsapi=1&autoplay=0&cc_load_policy=0&cc_lang_pref=&iv_load_policy=1&loop=0&modestbranding=0&rel=1&fs=1&playsinline=0&autohide=2&theme=dark&color=red&controls=1&\" class=\"__youtube_prefs__  no-lazyload\" title=\"YouTube player\"  allow=\"accelerometer; autoplay; clipboard-write; encrypted-media; gyroscope; picture-in-picture\" allowfullscreen data-no-lazy=\"1\" data-skipgform_ajax_framebjll=\"\"><\/iframe><\/li>\n<\/ul>\n<h3>Quin \u00e9s el m\u00e0xim de cr\u00e8dits que em poden recon\u00e9ixer?<\/h3>\n<ul>\n<li>El m\u00e0xim de cr\u00e8dits que pots incorporar per la realitzaci\u00f3 de qualsevol de les seg\u00fcents activitats \u00e9s de 6 ECTS: &#8220;Solid\u00e0ries i de Cooperaci\u00f3&#8221;, &#8220;Culturals&#8221;, &#8220;Esportives&#8221;, &#8220;Representaci\u00f3 estudiantil&#8221; i &#8220;Altres activitats acad\u00e8miques (Jornades, Congressos, Tallers, Exposicions, Extensi\u00f3 universit\u00e0ria)&#8221; (Per tipus d&#8217;activitat i\/o en el seu conjunt).<\/li>\n<li>El m\u00e0xim de cr\u00e8dits que pots incorporar per la realitzaci\u00f3 de &#8220;Pr\u00e0ctiques en empreses o institucions&#8221;&nbsp;\u00e9s el nombre total de cr\u00e8dits optatius del pla d&#8217;estudis.<\/li>\n<li>El m\u00e0xim de cr\u00e8dits que pots incorporar per la realitzaci\u00f3 &#8220;Ensenyances de formaci\u00f3 permanent &#8221;&nbsp;\u00e9s el nombre total de cr\u00e8dits optatius del pla d&#8217;estudis.<\/li>\n<li>Les activitats presentades han de realitzar-se durant els cursos acad\u00e8mics en els quals s&#8217;est\u00e0 cursant el t\u00edtol de grau. Han d&#8217;estar organitzades i acreditades per \u00f2rgans de la UMH.<\/li>\n<\/ul>\n<h3>Com puc incorporar al meu expedient acad\u00e8mic els cr\u00e8dits reconeguts per activitats universit\u00e0ries o acad\u00e8miques?<\/h3>\n<p>Per a poder incorporar els cr\u00e8dits reconeguts pr\u00e8via i obligat\u00f2riament s&#8217;ha d&#8217;accedir a la notificaci\u00f3 de la resoluci\u00f3 posada a disposici\u00f3 en Seu Electr\u00f2nica enviada per correu electr\u00f2nic. Per a aix\u00f2:<\/p>\n<ul>\n<li>Has d&#8217;entrar en \u201cSede Electr\u00f3nica- Mis tr\u00e1mites- Mis notificaciones\u201d i polsar \u201cDetalle\u201d, marcar \u201cDoy mi consentimiento\u201d i \u201cAccedir\u201d. Aix\u00ed, podr\u00e0s descarregar la notificaci\u00f3.<\/li>\n<li>Despr\u00e9s de realitzar obligat\u00f2riament este pas, has d&#8217;accedir a la mateixa aplicaci\u00f3 de reconeixement de cr\u00e8dits i polsar \u201cConsultar\u201d.<\/li>\n<li>Haur\u00e0s d&#8217;indicar quants cr\u00e8dits dels quals t&#8217;han reconegut vols que s&#8217;incorporen en el teu expedient. Finalment has de polsar el bot\u00f3 \u201cIncorporar\u201d.<\/li>\n<li>En l&#8217;apartat \u201cEstado del expediente\u201d pots consultar un resum dels cr\u00e8dits reconeguts i incorporats en l&#8217;expedient.<\/li>\n<\/ul>\n<h3>Quin preu s\u2019ha de pagar si \u00e9s favorable el reconeixement de cr\u00e8dits?<\/h3>\n<p>El 25% del preu del cr\u00e8dit establit en el&nbsp;<a href=\"https:\/\/estudios.umh.es\/precio-de-la-matricula-primer-curso-curso\/\" target=\"_blank\" rel=\"noopener\">Decret del Consell<\/a>&nbsp;pel qual es fixen les taxes a satisfer per la prestaci\u00f3 de serveis acad\u00e8mics universitaris per al curs acad\u00e8mic 2025\/2026.<\/p>\n<h3>M\u00e9s informaci\u00f3<\/h3>\n<p>Pots dirigir-te al Servici de Gesti\u00f3 d&#8217;Estudis mitjan\u00e7ant el correu electr\u00f2nic reconocimiento@umh.es<\/p>","protected":false},"excerpt":{"rendered":"<p>Els cr\u00e8dits de car\u00e0cter optatiu establits en els plans d&#8217;estudis dels t\u00edtols de Grau de la UMH poden ser obtinguts acreditant el seg\u00fcent:<br \/>\nActivitats o altres ensenyaments<\/p>\n<p>Activitats universit\u00e0ries solid\u00e0ries i de cooperaci\u00f3<br \/>\nActividats universit\u00e0ries culturals i altres actividats acad\u00e8miques&nbsp;<br \/>\nActividats universit\u00e0ries esportives<br \/>\nActividats de representaci\u00f3 estudiantil<br \/>\nPr\u00e0ctiques en empreses o institucions&nbsp;<br \/>\nEnsenyances de formaci\u00f3 permanent<\/p>\n<p>Quan i com tramitar la sol\u00b7licitud de [&#8230;]<\/p>\n","protected":false},"author":21925,"featured_media":0,"parent":0,"menu_order":0,"comment_status":"closed","ping_status":"closed","template":"","meta":{"ngg_post_thumbnail":0,"_links_to":"","_links_to_target":""},"_links":{"self":[{"href":"https:\/\/estudios.umh.es\/ca\/wp-json\/wp\/v2\/pages\/17428"}],"collection":[{"href":"https:\/\/estudios.umh.es\/ca\/wp-json\/wp\/v2\/pages"}],"about":[{"href":"https:\/\/estudios.umh.es\/ca\/wp-json\/wp\/v2\/types\/page"}],"author":[{"embeddable":true,"href":"https:\/\/estudios.umh.es\/ca\/wp-json\/wp\/v2\/users\/21925"}],"replies":[{"embeddable":true,"href":"https:\/\/estudios.umh.es\/ca\/wp-json\/wp\/v2\/comments?post=17428"}],"version-history":[{"count":0,"href":"https:\/\/estudios.umh.es\/ca\/wp-json\/wp\/v2\/pages\/17428\/revisions"}],"wp:attachment":[{"href":"https:\/\/estudios.umh.es\/ca\/wp-json\/wp\/v2\/media?parent=17428"}],"curies":[{"name":"wp","href":"https:\/\/api.w.org\/{rel}","templated":true}]}}