{"id":17443,"date":"2024-03-05T14:48:55","date_gmt":"2024-03-05T13:48:55","guid":{"rendered":"https:\/\/estudios.umh.es\/?page_id=17443"},"modified":"2025-11-13T11:31:54","modified_gmt":"2025-11-13T10:31:54","slug":"actividades-universitarias-culturales-deportivas-de-representacion-estudiantil-solidarias-y-de-cooperacion","status":"publish","type":"page","link":"https:\/\/estudios.umh.es\/ca\/actividades-universitarias-culturales-deportivas-de-representacion-estudiantil-solidarias-y-de-cooperacion\/","title":{"rendered":"ACTIVITATS UNIVERSIT\u00c0RIES CULTURALS I ALTRES ACTIVITATS ACAD\u00c8MIQUES"},"content":{"rendered":"<p><\/p>\n<h3>Activitats Universit\u00e0ries Culturals i Altres Activitats Acad\u00e8miques<\/h3>\n<p>Tindran la consideraci\u00f3 d&#8217;activitats universit\u00e0ries recognoscibles les activitats culturals, jornades, congressos, tallers, exposicions, activitats d&#8217;extensi\u00f3 universit\u00e0ria i altres activitats acad\u00e8miques promogudes per vicerectorats, centres, departaments i instituts d&#8217;investigaci\u00f3 de la UMH,&nbsp; la realitzaci\u00f3 de la qual contribu\u00efsca a l&#8217;adquisici\u00f3 de resultats d&#8217;aprenentatge del t\u00edtol de grau per part de l&#8217;estudiantat.<\/p>\n<h3>Com s&#8217;acrediten?<\/h3>\n<p>Aportant certificat de l&#8217;\u00f2rgan de la UMH responsable de l&#8217;activitat en el qual figurar\u00e0 el nombre de cr\u00e8dits ECTS que ser\u00e0 objecte de reconeixement.<\/p>\n<h3>Quins criteris se seguixen per a determinar el n\u00fam. de cr\u00e8dits?<\/h3>\n<ul>\n<li><strong>Diplomes de cursos:&nbsp;<\/strong>\n<ul>\n<li>0,5 ECTS per cursos amb una duraci\u00f3 igual o superior a 12,5 hores docents.<\/li>\n<li>Si el cursos \u00e9s superior s&#8217;establir\u00e0 l&#8217;equival\u00e8ncia corresponent.<\/li>\n<li>No caben cursos amb una duraci\u00f3 menor a 10 hores.<\/li>\n<\/ul>\n<\/li>\n<li><strong>Certificat d&#8217;assist\u00e8ncia:<\/strong>\n<ul>\n<li>0,5 ECTS per activitats amb una duraci\u00f3 igual o superior a 12,5 hores.<\/li>\n<li>Si l&#8217;activitat \u00e9s superior s&#8217;establir\u00e0 l&#8217;equival\u00e8ncia corresponent.<\/li>\n<li>No caben activitats amb una duraci\u00f3 menor a 10 hores.<\/li>\n<\/ul>\n<\/li>\n<li><strong>Certificat de Participaci\u00f3 en l&#8217;Organitzaci\u00f3:<\/strong>\n<ul>\n<li>Presid\u00e8ncia i Vicepresid\u00e8ncia: 2 ECTS<\/li>\n<li>Secretaria i Tresoreria del comit\u00e9 organitzador: 1,5 ECTS<\/li>\n<li>Vocal del comit\u00e9 organitzador: 1 ECTS<\/li>\n<\/ul>\n<\/li>\n<li><strong>Presentaci\u00f3 de comunicacions i pon\u00e8ncies:<\/strong>\n<ul>\n<li>1 autoria: 1,5 ECTS<\/li>\n<li>2 autories: 1 ECTS<\/li>\n<li>3 autories: 0,75 ECTS<\/li>\n<li>4 o m\u00e9s: 0,5 ECTS<\/li>\n<\/ul>\n<\/li>\n<\/ul>\n<p><\/p>","protected":false},"excerpt":{"rendered":"<p>Activitats Universit\u00e0ries Culturals i Altres Activitats Acad\u00e8miques<br \/>\nTindran la consideraci\u00f3 d&#8217;activitats universit\u00e0ries recognoscibles les activitats culturals, jornades, congressos, tallers, exposicions, activitats d&#8217;extensi\u00f3 universit\u00e0ria i altres activitats acad\u00e8miques promogudes per vicerectorats, centres, departaments i instituts d&#8217;investigaci\u00f3 de la UMH,&nbsp; la realitzaci\u00f3 de la qual contribu\u00efsca a l&#8217;adquisici\u00f3 de resultats d&#8217;aprenentatge del t\u00edtol de grau per part de [&#8230;]<\/p>\n","protected":false},"author":21925,"featured_media":0,"parent":0,"menu_order":0,"comment_status":"closed","ping_status":"closed","template":"","meta":{"ngg_post_thumbnail":0,"_links_to":"","_links_to_target":""},"_links":{"self":[{"href":"https:\/\/estudios.umh.es\/ca\/wp-json\/wp\/v2\/pages\/17443"}],"collection":[{"href":"https:\/\/estudios.umh.es\/ca\/wp-json\/wp\/v2\/pages"}],"about":[{"href":"https:\/\/estudios.umh.es\/ca\/wp-json\/wp\/v2\/types\/page"}],"author":[{"embeddable":true,"href":"https:\/\/estudios.umh.es\/ca\/wp-json\/wp\/v2\/users\/21925"}],"replies":[{"embeddable":true,"href":"https:\/\/estudios.umh.es\/ca\/wp-json\/wp\/v2\/comments?post=17443"}],"version-history":[{"count":0,"href":"https:\/\/estudios.umh.es\/ca\/wp-json\/wp\/v2\/pages\/17443\/revisions"}],"wp:attachment":[{"href":"https:\/\/estudios.umh.es\/ca\/wp-json\/wp\/v2\/media?parent=17443"}],"curies":[{"name":"wp","href":"https:\/\/api.w.org\/{rel}","templated":true}]}}