{"id":17445,"date":"2025-02-19T14:15:58","date_gmt":"2025-02-19T13:15:58","guid":{"rendered":"https:\/\/estudios.umh.es\/?page_id=17445"},"modified":"2026-03-17T14:16:12","modified_gmt":"2026-03-17T13:16:12","slug":"curso-2023-2024-beca-transporte","status":"publish","type":"page","link":"https:\/\/estudios.umh.es\/ca\/curso-2023-2024-beca-transporte\/","title":{"rendered":"<span lang=\"es\">(Espa\u00f1ol) BECA TRANSPORTE<\/span>"},"content":{"rendered":"<p><\/p>\n<ul>\n<li>\n<h2><span dir=\"auto\" style=\"vertical-align: inherit\"><span dir=\"auto\" style=\"vertical-align: inherit\">Curs Acad\u00e8mic 2024\/2025<\/span><\/span><\/h2>\n<ul>\n<li><a href=\"https:\/\/boumh.umh.es\/files\/2025\/02\/RR_00468_2025.pdf\"><span dir=\"auto\" style=\"vertical-align: inherit\"><span dir=\"auto\" style=\"vertical-align: inherit\">Convocat\u00f2ria. 1.88 MB PDF<\/span><\/span><\/a><\/li>\n<li><a href=\"https:\/\/boumh.umh.es\/files\/2025\/03\/RR_00569_2025.pdf\"><span dir=\"auto\" style=\"vertical-align: inherit\"><span dir=\"auto\" style=\"vertical-align: inherit\">Correcci\u00f3 derrors. 447 KB. PDF<\/span><\/span><\/a><\/li>\n<li><a href=\"https:\/\/dogv.gva.es\/es\/resultat-dogv?signatura=2025\/3187\"><span dir=\"auto\" style=\"vertical-align: inherit\"><span dir=\"auto\" style=\"vertical-align: inherit\">Publicaci\u00f3 DOGV.<\/span><\/span><\/a>&nbsp;<img loading=\"lazy\" class=\"alignnone wp-image-31436\" src=\"https:\/\/estudios.umh.es\/files\/2021\/11\/abre-en-nueva-ventana.png\" alt=\"(obriu en nova finestra)\" width=\"15\" height=\"15\"><\/li>\n<li><span dir=\"auto\" style=\"vertical-align: inherit\"><span dir=\"auto\" style=\"vertical-align: inherit\">Termini de presentaci\u00f3 de sol\u00b7licituds: Del 26 de febrer a l&#8217;11 de mar\u00e7 del 2025.<\/span><\/span><\/li>\n<li><span dir=\"auto\" style=\"vertical-align: inherit\"><span dir=\"auto\" style=\"vertical-align: inherit\">Procediment de presentaci\u00f3 de sol\u00b7licituds: Se sol\u00b7licita a trav\u00e9s de la Seu electr\u00f2nica, Cat\u00e0leg de procediments i serveis, apartat Gesti\u00f3 d&#8217;Estudis, accedint al <\/span><\/span><a href=\"https:\/\/sede.umh.es\/procedimientos\/becas-ayudas-de-estudio-propias\/\"><span dir=\"auto\" style=\"vertical-align: inherit\"><span dir=\"auto\" style=\"vertical-align: inherit\">tr\u00e0mit Beques, Ajuts d&#8217;Estudi-Propies.<\/span><\/span><\/a><img loading=\"lazy\" class=\"alignnone wp-image-31436\" src=\"https:\/\/estudios.umh.es\/files\/2021\/11\/abre-en-nueva-ventana.png\" alt=\"(obriu en nova finestra)\" width=\"15\" height=\"15\"><\/li>\n<li><span dir=\"auto\" style=\"vertical-align: inherit\"><span dir=\"auto\" style=\"vertical-align: inherit\">Llista de sol\u00b7licituds admeses i excloses a tr\u00e0mit (El llistat de sol\u00b7licituds admeses i excloses a tr\u00e0mit NO implica la concessi\u00f3 de l&#8217;ajut):&nbsp;<\/span><\/span>\n<ul>\n<li><a href=\"https:\/\/boumh.umh.es\/files\/2025\/04\/ES_U05500001_2025_DOCH-0000000000000000000110872.pdf\"><span dir=\"auto\" style=\"vertical-align: inherit\"><span dir=\"auto\" style=\"vertical-align: inherit\">Llista provisional. 3,5 MB. PDF&nbsp;<\/span><\/span><\/a><\/li>\n<li><span dir=\"auto\" style=\"vertical-align: inherit\"><span dir=\"auto\" style=\"vertical-align: inherit\">Al\u00b7legacions: Del 04 al 17 d&#8217;abril del 2025.&nbsp;&nbsp;<\/span><\/span><\/li>\n<li><span dir=\"auto\" style=\"vertical-align: inherit\"><span dir=\"auto\" style=\"vertical-align: inherit\">Procediment per a l&#8217;esmena d&#8217;errors o l&#8217;aportaci\u00f3 de la documentaci\u00f3 requerida: Les persones excloses que hagin realitzat la seva sol\u00b7licitud d&#8217;admissi\u00f3 en aquest procediment mitjan\u00e7ant la Seu Electr\u00f2nica, han d&#8217;esmenar els errors o formular les reclamacions a trav\u00e9s del mateix expedient electr\u00f2nic, que es troba a \u00abEls meus tr\u00e0mits\/Els meus expedients\u00bb. Punxant a \u00abDetall\u00bb de l&#8217;expedient, opci\u00f3 \u00abSubsanar\/altres tr\u00e0mits\u00bb. La resta de persones excloses hauran d&#8217;esmenar per escrit a trav\u00e9s de les oficines de Registre de la UMH o mitjan\u00e7ant les vies establertes a l&#8217;article 16 de la Llei 39\/2015, d&#8217;1 d&#8217;octubre, del Procediment Administratiu Com\u00fa de les Administracions P\u00fabliques.<\/span><\/span><\/li>\n<li><a href=\"https:\/\/boumh.umh.es\/files\/2025\/05\/RR_01012_2025.pdf\"><span dir=\"auto\" style=\"vertical-align: inherit\"><span dir=\"auto\" style=\"vertical-align: inherit\">Llistat definitiu 3.97 MB. PDF&nbsp;<\/span><\/span><\/a><\/li>\n<li><a href=\"https:\/\/boumh.umh.es\/files\/2025\/05\/RR_01283_2025.pdf\"><span dir=\"auto\" style=\"vertical-align: inherit\"><span dir=\"auto\" style=\"vertical-align: inherit\">Resoluci\u00f3 Rectoral 01283\/2025, de 22 de maig, de correcci\u00f3 d&#8217;errades a la Resoluci\u00f3 Rectoral per la qual es publica la llista definitiva d&#8217;admesos i exclosos a tr\u00e0mit de la convocat\u00f2ria del Programa d&#8217;ajudes al transport universitari per al curs acad\u00e8mic 2024-2025.&nbsp;<\/span><\/span><\/a><span dir=\"auto\" style=\"vertical-align: inherit\"><span dir=\"auto\" style=\"vertical-align: inherit\"> 773,73 KB PDF<\/span><\/span><\/li>\n<\/ul>\n<\/li>\n<li><span dir=\"auto\" style=\"vertical-align: inherit\"><span dir=\"auto\" style=\"vertical-align: inherit\">Resoluci\u00f3 de Concessi\u00f3:<\/span><\/span>\n<ul>\n<li><a href=\"https:\/\/boumh.umh.es\/files\/2025\/05\/ES_U05500001_2025_DOCH-0000000000000000000143983.pdf\"><span dir=\"auto\" style=\"vertical-align: inherit\"><span dir=\"auto\" style=\"vertical-align: inherit\">Proposta de concessi\u00f3 provisional de la convocat\u00f2ria del Programa d&#8217;ajudes al transport universitari per al curs acad\u00e8mic 2024-2025. 2.95 MB. PDF<\/span><\/span><\/a><\/li>\n<li><a href=\"https:\/\/boumh.umh.es\/files\/2025\/05\/ES_U05500001_2025_DOCH-0000000000000000000154985.pdf\"><span dir=\"auto\" style=\"vertical-align: inherit\"><span dir=\"auto\" style=\"vertical-align: inherit\">Correcci\u00f3 d&#8217;errades a proposta de concessi\u00f3 i denegaci\u00f3 provisional de la convocat\u00f2ria del Programa d&#8217;ajuts al transport universitari per al curs acad\u00e8mic 2024-2025. 5,19 MB PDF<\/span><\/span><\/a><\/li>\n<li><a href=\"https:\/\/boumh.umh.es\/files\/2025\/05\/RR_01342_2025.pdf\"><span dir=\"auto\" style=\"vertical-align: inherit\"><span dir=\"auto\" style=\"vertical-align: inherit\">Resoluci\u00f3 definitiva de concessi\u00f3: 2.95 MB. PDF<\/span><\/span><\/a><\/li>\n<\/ul>\n<\/li>\n<\/ul>\n<\/li>\n<li>\n<h2><span dir=\"auto\" style=\"vertical-align: inherit\"><span dir=\"auto\" style=\"vertical-align: inherit\">Curs Acad\u00e8mic 2023\/2024<\/span><\/span><\/h2>\n<ul>\n<li><a href=\"https:\/\/boumh.umh.es\/files\/2024\/04\/RR_00915_2024.pdf\"><span dir=\"auto\" style=\"vertical-align: inherit\"><span dir=\"auto\" style=\"vertical-align: inherit\">Convocat\u00f2ria. 1.88 MB PDF<\/span><\/span><\/a><\/li>\n<li><a href=\"https:\/\/dogv.gva.es\/datos\/2024\/04\/23\/pdf\/2024_3430.pdf\"><span dir=\"auto\" style=\"vertical-align: inherit\"><span dir=\"auto\" style=\"vertical-align: inherit\">Publicaci\u00f3 al Diari Oficial de la Generalitat Valenciana de la convocat\u00f2ria. 166 KB PDF<\/span><\/span><\/a><\/li>\n<li><span dir=\"auto\" style=\"vertical-align: inherit\"><span dir=\"auto\" style=\"vertical-align: inherit\">Termini de presentaci\u00f3 de sol\u00b7licituds: del 24 d&#8217;abril al 8 de maig del 2024<\/span><\/span><\/li>\n<li><span dir=\"auto\" style=\"vertical-align: inherit\"><span dir=\"auto\" style=\"vertical-align: inherit\">Procediment de presentaci\u00f3 de sol\u00b7licituds: Se sol\u00b7licita a trav\u00e9s de la Seu electr\u00f2nica, Cat\u00e0leg de procediments i serveis, apartat Gesti\u00f3 d&#8217;Estudis, accedint al <\/span><\/span><a href=\"https:\/\/sede.umh.es\/procedimientos\/becas-ayudas-de-estudio-propias\/\"><span dir=\"auto\" style=\"vertical-align: inherit\"><span dir=\"auto\" style=\"vertical-align: inherit\">tr\u00e0mit Beques, Ajuts d&#8217;Estudi-Propies.<\/span><\/span><\/a><img loading=\"lazy\" class=\"alignnone wp-image-31436\" src=\"https:\/\/estudios.umh.es\/files\/2021\/11\/abre-en-nueva-ventana.png\" alt=\"(obriu en nova finestra)\" width=\"15\" height=\"15\"><\/li>\n<li><span dir=\"auto\" style=\"vertical-align: inherit\"><span dir=\"auto\" style=\"vertical-align: inherit\">Llista de sol\u00b7licituds admeses i excloses a tr\u00e0mit (El llistat de sol\u00b7licituds admeses i excloses a tr\u00e0mit NO implica la concessi\u00f3 de l&#8217;ajut):&nbsp;<\/span><\/span>\n<ul>\n<li><a href=\"https:\/\/boumh.umh.es\/files\/2024\/05\/ES_U05500001_2024_DOCH-0000000000000000000152466.pdf\"><span dir=\"auto\" style=\"vertical-align: inherit\"><span dir=\"auto\" style=\"vertical-align: inherit\">Llista provisional PDF (3.01 MB)<\/span><\/span><\/a><\/li>\n<li><a href=\"https:\/\/boumh.umh.es\/files\/2024\/06\/ES_U05500001_2024_DOCH-0000000000000000000180901.pdf\"><span dir=\"auto\" style=\"vertical-align: inherit\"><span dir=\"auto\" style=\"vertical-align: inherit\">Llista definitiu PDF (3.08 MB)<\/span><\/span><\/a><\/li>\n<\/ul>\n<\/li>\n<li><span dir=\"auto\" style=\"vertical-align: inherit\"><span dir=\"auto\" style=\"vertical-align: inherit\">Resoluci\u00f3 de Concessi\u00f3:<\/span><\/span>\n<ul>\n<li><a href=\"https:\/\/boumh.umh.es\/files\/2024\/06\/ES_U05500001_2024_DOCH-0000000000000000000188006.pdf\"><span dir=\"auto\" style=\"vertical-align: inherit\"><span dir=\"auto\" style=\"vertical-align: inherit\">Resoluci\u00f3 provisional de concessi\u00f3 (2.22 MB)<\/span><\/span><\/a><\/li>\n<li><span dir=\"auto\" style=\"vertical-align: inherit\"><span dir=\"auto\" style=\"vertical-align: inherit\">Al\u00b7legacions: Del 25 al 9 de juliol de 2024<\/span><\/span><\/li>\n<li><a href=\"https:\/\/boumh.umh.es\/files\/2024\/07\/RR_01785_2024.pdf\"><span dir=\"auto\" style=\"vertical-align: inherit\"><span dir=\"auto\" style=\"vertical-align: inherit\">Resoluci\u00f3 definitiva de concessi\u00f3&nbsp;<\/span><\/span><\/a><\/li>\n<\/ul>\n<\/li>\n<\/ul>\n<\/li>\n<\/ul>\n<p><\/p>","protected":false},"excerpt":{"rendered":"<p>Curs Acad\u00e8mic 2024\/2025<\/p>\n<p>Convocat\u00f2ria. 1.88 MB PDF<br \/>\nCorrecci\u00f3 derrors. 447 KB. PDF<br \/>\nPublicaci\u00f3 DOGV.&nbsp;<br \/>\nTermini de presentaci\u00f3 de sol\u00b7licituds: Del 26 de febrer a l&#8217;11 de mar\u00e7 del 2025.<br \/>\nProcediment de presentaci\u00f3 de sol\u00b7licituds: Se sol\u00b7licita a trav\u00e9s de la Seu electr\u00f2nica, Cat\u00e0leg de procediments i serveis, apartat Gesti\u00f3 d&#8217;Estudis, accedint al tr\u00e0mit Beques, Ajuts d&#8217;Estudi-Propies.<br \/>\nLlista de sol\u00b7licituds admeses i [&#8230;]<\/p>\n","protected":false},"author":10,"featured_media":0,"parent":0,"menu_order":0,"comment_status":"closed","ping_status":"closed","template":"","meta":{"ngg_post_thumbnail":0,"_links_to":"","_links_to_target":""},"_links":{"self":[{"href":"https:\/\/estudios.umh.es\/ca\/wp-json\/wp\/v2\/pages\/17445"}],"collection":[{"href":"https:\/\/estudios.umh.es\/ca\/wp-json\/wp\/v2\/pages"}],"about":[{"href":"https:\/\/estudios.umh.es\/ca\/wp-json\/wp\/v2\/types\/page"}],"author":[{"embeddable":true,"href":"https:\/\/estudios.umh.es\/ca\/wp-json\/wp\/v2\/users\/10"}],"replies":[{"embeddable":true,"href":"https:\/\/estudios.umh.es\/ca\/wp-json\/wp\/v2\/comments?post=17445"}],"version-history":[{"count":0,"href":"https:\/\/estudios.umh.es\/ca\/wp-json\/wp\/v2\/pages\/17445\/revisions"}],"wp:attachment":[{"href":"https:\/\/estudios.umh.es\/ca\/wp-json\/wp\/v2\/media?parent=17445"}],"curies":[{"name":"wp","href":"https:\/\/api.w.org\/{rel}","templated":true}]}}