{"id":17449,"date":"2024-03-06T10:01:19","date_gmt":"2024-03-06T09:01:19","guid":{"rendered":"https:\/\/estudios.umh.es\/?page_id=17449"},"modified":"2024-06-04T15:01:56","modified_gmt":"2024-06-04T13:01:56","slug":"idiomas-extranjeros","status":"publish","type":"page","link":"https:\/\/estudios.umh.es\/ca\/idiomas-extranjeros\/","title":{"rendered":"IDIOMES ESTRANGERS"},"content":{"rendered":"<p><\/p>\n<h3>Com s&#8217;acrediten?<\/h3>\n<p>Aportant certificat d&#8217;\u00f2rgan oficial que expresse el nivell aconseguit d&#8217;acord amb el Marc Com\u00fa Europeu de Refer\u00e8ncies per a les Lleng\u00fces.<\/p>\n<p>Es reconeixen certificats arreplegats en <a href=\"https:\/\/www.acles.es\/\">ACLES<\/a> <img src=\"https:\/\/estudios.umh.es\/files\/2021\/11\/abre-en-nueva-ventana.png\" alt=\"(abre en nueva ventana)\">(Nota: seleccionar el fitxer denominat Taules de certificats reconeguts per ACLES) i en <a href=\"https:\/\/proyectos.crue.org\/acreditacion\/\">CRUE<\/a> <img src=\"https:\/\/estudios.umh.es\/files\/2021\/11\/abre-en-nueva-ventana.png\" alt=\"(abre en nueva ventana)\"> (Nota: seleccionar taula ling\u00fc\u00edstica i en la part inferior consultar el document PDF).<\/p>\n<h3>Quin \u00e9s el nombre m\u00e0xim de cr\u00e8dits a recon\u00e9ixer?<\/h3>\n<p>Tots els ECTS optatius.<\/p>\n<h3>Quants cr\u00e8dits es reconeixen segons el nivell acreditat?<\/h3>\n<ul>\n<li style=\"list-style-type: none\">\n<ul>\n<li><strong>Nivell C2\/C1:<\/strong>\n<ul>\n<li>24 ECTS<\/li>\n<\/ul>\n<\/li>\n<li><strong>Nivell B2:<\/strong>\n<ul>\n<li>12 ECTS<\/li>\n<\/ul>\n<\/li>\n<li><strong>Nivell B1:<\/strong>\n<ul>\n<li>6 ECTS<\/li>\n<\/ul>\n<\/li>\n<\/ul>\n<\/li>\n<\/ul>\n<p><\/p>","protected":false},"excerpt":{"rendered":"<p>Com s&#8217;acrediten?<br \/>\nAportant certificat d&#8217;\u00f2rgan oficial que expresse el nivell aconseguit d&#8217;acord amb el Marc Com\u00fa Europeu de Refer\u00e8ncies per a les Lleng\u00fces.<br \/>\nEs reconeixen certificats arreplegats en ACLES (Nota: seleccionar el fitxer denominat Taules de certificats reconeguts per ACLES) i en CRUE  (Nota: seleccionar taula ling\u00fc\u00edstica i en la part inferior consultar el document PDF).<br \/>\nQuin [&#8230;]<\/p>\n","protected":false},"author":21925,"featured_media":0,"parent":0,"menu_order":0,"comment_status":"closed","ping_status":"closed","template":"","meta":{"ngg_post_thumbnail":0,"_links_to":"","_links_to_target":""},"_links":{"self":[{"href":"https:\/\/estudios.umh.es\/ca\/wp-json\/wp\/v2\/pages\/17449"}],"collection":[{"href":"https:\/\/estudios.umh.es\/ca\/wp-json\/wp\/v2\/pages"}],"about":[{"href":"https:\/\/estudios.umh.es\/ca\/wp-json\/wp\/v2\/types\/page"}],"author":[{"embeddable":true,"href":"https:\/\/estudios.umh.es\/ca\/wp-json\/wp\/v2\/users\/21925"}],"replies":[{"embeddable":true,"href":"https:\/\/estudios.umh.es\/ca\/wp-json\/wp\/v2\/comments?post=17449"}],"version-history":[{"count":0,"href":"https:\/\/estudios.umh.es\/ca\/wp-json\/wp\/v2\/pages\/17449\/revisions"}],"wp:attachment":[{"href":"https:\/\/estudios.umh.es\/ca\/wp-json\/wp\/v2\/media?parent=17449"}],"curies":[{"name":"wp","href":"https:\/\/api.w.org\/{rel}","templated":true}]}}