{"id":17452,"date":"2024-03-06T10:02:07","date_gmt":"2024-03-06T09:02:07","guid":{"rendered":"https:\/\/estudios.umh.es\/?page_id=17452"},"modified":"2024-06-05T09:29:59","modified_gmt":"2024-06-05T07:29:59","slug":"lengua-valenciana","status":"publish","type":"page","link":"https:\/\/estudios.umh.es\/ca\/lengua-valenciana\/","title":{"rendered":"LLENGUA VALENCIANA"},"content":{"rendered":"<p><\/p>\n<h3>Com s&#8217;acredita?<\/h3>\n<p>Aportant certificat d&#8217;\u00f2rgan oficial que expresse el nivell aconseguit d&#8217;acord amb el Marc Com\u00fa Europeu de Refer\u00e8ncies per a les lleng\u00fces. Pots consultar estos \u00f2rgans <a href=\"https:\/\/estudios.umh.es\/files\/2016\/07\/Certificaci\u00f3n-Idiomas_Valenciano_Reconocimiento-de-Cr\u00e9ditos_v4.pdf\" target=\"_blank\" rel=\"noopener\">ac\u00ed<\/a>.<img src=\"https:\/\/estudios.umh.es\/files\/2021\/11\/abre-en-nueva-ventana.png\" alt=\"(abre en nueva ventana)\"><\/p>\n<h3>Quin \u00e9s el nombre m\u00e0xim de cr\u00e8dits a recon\u00e9ixer?<\/h3>\n<p>Tots els ECTS optatius.<\/p>\n<h3>Quants cr\u00e8dits es reconeixen segons el nivell acreditat?<\/h3>\n<ul>\n<li style=\"list-style-type: none\">\n<ul>\n<li><strong>Nivell C2<\/strong>\n<ul>\n<li>24 ECTS<\/li>\n<\/ul>\n<\/li>\n<li><strong>Nivell C1<\/strong>\n<ul>\n<li>12 ECTS<\/li>\n<\/ul>\n<\/li>\n<li><strong>Nivell B2<\/strong>\n<ul>\n<li>6 ECTS<\/li>\n<\/ul>\n<\/li>\n<li><strong>Nivell B1<\/strong>\n<ul>\n<li>3 ECTS<\/li>\n<\/ul>\n<\/li>\n<\/ul>\n<\/li>\n<\/ul>\n<p><\/p>","protected":false},"excerpt":{"rendered":"<p>Com s&#8217;acredita?<br \/>\nAportant certificat d&#8217;\u00f2rgan oficial que expresse el nivell aconseguit d&#8217;acord amb el Marc Com\u00fa Europeu de Refer\u00e8ncies per a les lleng\u00fces. Pots consultar estos \u00f2rgans ac\u00ed.<br \/>\nQuin \u00e9s el nombre m\u00e0xim de cr\u00e8dits a recon\u00e9ixer?<br \/>\nTots els ECTS optatius.<br \/>\nQuants cr\u00e8dits es reconeixen segons el nivell acreditat?<\/p>\n<p>Nivell C2<\/p>\n<p>24 ECTS<\/p>\n<p>Nivell C1<\/p>\n<p>12 ECTS<\/p>\n<p>Nivell B2<\/p>\n<p>6 ECTS<\/p>\n<p>Nivell B1<\/p>\n<p>3 ECTS<\/p>\n","protected":false},"author":21925,"featured_media":0,"parent":0,"menu_order":0,"comment_status":"closed","ping_status":"closed","template":"","meta":{"ngg_post_thumbnail":0,"_links_to":"","_links_to_target":""},"_links":{"self":[{"href":"https:\/\/estudios.umh.es\/ca\/wp-json\/wp\/v2\/pages\/17452"}],"collection":[{"href":"https:\/\/estudios.umh.es\/ca\/wp-json\/wp\/v2\/pages"}],"about":[{"href":"https:\/\/estudios.umh.es\/ca\/wp-json\/wp\/v2\/types\/page"}],"author":[{"embeddable":true,"href":"https:\/\/estudios.umh.es\/ca\/wp-json\/wp\/v2\/users\/21925"}],"replies":[{"embeddable":true,"href":"https:\/\/estudios.umh.es\/ca\/wp-json\/wp\/v2\/comments?post=17452"}],"version-history":[{"count":0,"href":"https:\/\/estudios.umh.es\/ca\/wp-json\/wp\/v2\/pages\/17452\/revisions"}],"wp:attachment":[{"href":"https:\/\/estudios.umh.es\/ca\/wp-json\/wp\/v2\/media?parent=17452"}],"curies":[{"name":"wp","href":"https:\/\/api.w.org\/{rel}","templated":true}]}}