{"id":17455,"date":"2024-03-06T10:02:31","date_gmt":"2024-03-06T09:02:31","guid":{"rendered":"https:\/\/estudios.umh.es\/?page_id=17455"},"modified":"2026-01-09T12:43:18","modified_gmt":"2026-01-09T11:43:18","slug":"practicas-en-empresas-o-instituciones","status":"publish","type":"page","link":"https:\/\/estudios.umh.es\/ca\/practicas-en-empresas-o-instituciones\/","title":{"rendered":"PR\u00c0CTIQUES EN EMPRESES O INSTITUCIONS I PR\u00c0CTIQUES INTERNES EN LA UMH"},"content":{"rendered":"<p><\/p>\n<h3>Com s&#8217;acrediten?<\/h3>\n<p>Per a la sol\u00b7licitud de reconeixement de cr\u00e8dits no es requerix l&#8217;aportaci\u00f3 de cap documentaci\u00f3.<\/p>\n<p>Perqu\u00e8 les teues pr\u00e0ctiques puguen ser seleccionades dins de l&#8217;aplicaci\u00f3, \u00e9s imprescindible que hages gestionat i obtingut amb anterioritat, a trav\u00e9s de l&#8217;Observatori Ocupacional, l&#8217;annex&nbsp; al conveni de col\u00b7laboraci\u00f3&nbsp;i el&nbsp;certificat em\u00e9s pel tutor\/a acad\u00e8mic\/a.<\/p>\n<h3>Quin \u00e9s el nombre m\u00e0xim de cr\u00e8dits a recon\u00e9ixer?<\/h3>\n<p>Tots els ECTS optatius.<\/p>\n<h3>Quins criteris se seguixen per a determinar el n\u00fam. de cr\u00e8dits?<\/h3>\n<p>1 cr\u00e8dit ECTS per 25 hores o fracci\u00f3, amb un m\u00ednim de 0,5 ECTS. No cap el reconeixement de pr\u00e0ctiques amb una duraci\u00f3 menor a 10 hores.<\/p>","protected":false},"excerpt":{"rendered":"<p>Com s&#8217;acrediten?<br \/>\nPer a la sol\u00b7licitud de reconeixement de cr\u00e8dits no es requerix l&#8217;aportaci\u00f3 de cap documentaci\u00f3.<br \/>\nPerqu\u00e8 les teues pr\u00e0ctiques puguen ser seleccionades dins de l&#8217;aplicaci\u00f3, \u00e9s imprescindible que hages gestionat i obtingut amb anterioritat, a trav\u00e9s de l&#8217;Observatori Ocupacional, l&#8217;annex&nbsp; al conveni de col\u00b7laboraci\u00f3&nbsp;i el&nbsp;certificat em\u00e9s pel tutor\/a acad\u00e8mic\/a.<br \/>\nQuin \u00e9s el nombre m\u00e0xim de cr\u00e8dits [&#8230;]<\/p>\n","protected":false},"author":21925,"featured_media":0,"parent":0,"menu_order":0,"comment_status":"closed","ping_status":"closed","template":"","meta":{"ngg_post_thumbnail":0,"_links_to":"","_links_to_target":""},"_links":{"self":[{"href":"https:\/\/estudios.umh.es\/ca\/wp-json\/wp\/v2\/pages\/17455"}],"collection":[{"href":"https:\/\/estudios.umh.es\/ca\/wp-json\/wp\/v2\/pages"}],"about":[{"href":"https:\/\/estudios.umh.es\/ca\/wp-json\/wp\/v2\/types\/page"}],"author":[{"embeddable":true,"href":"https:\/\/estudios.umh.es\/ca\/wp-json\/wp\/v2\/users\/21925"}],"replies":[{"embeddable":true,"href":"https:\/\/estudios.umh.es\/ca\/wp-json\/wp\/v2\/comments?post=17455"}],"version-history":[{"count":0,"href":"https:\/\/estudios.umh.es\/ca\/wp-json\/wp\/v2\/pages\/17455\/revisions"}],"wp:attachment":[{"href":"https:\/\/estudios.umh.es\/ca\/wp-json\/wp\/v2\/media?parent=17455"}],"curies":[{"name":"wp","href":"https:\/\/api.w.org\/{rel}","templated":true}]}}