{"id":17673,"date":"2024-03-15T11:49:55","date_gmt":"2024-03-15T10:49:55","guid":{"rendered":"https:\/\/estudios.umh.es\/?page_id=17673"},"modified":"2026-04-21T14:51:22","modified_gmt":"2026-04-21T12:51:22","slug":"beca-de-colaboracion-convocatorias-anteriores","status":"publish","type":"page","link":"https:\/\/estudios.umh.es\/ca\/beca-de-colaboracion-convocatorias-anteriores\/","title":{"rendered":"<span lang=\"es\">(Espa\u00f1ol) Beca de colaboraci\u00f3n: Convocatorias anteriores<\/span>"},"content":{"rendered":"<p><\/p>\n<h3><span dir=\"auto\" style=\"vertical-align: inherit\"><span dir=\"auto\" style=\"vertical-align: inherit\">CURS 2024\/2025<\/span><\/span><\/h3>\n<ul>\n<li><a href=\"https:\/\/boumh.umh.es\/files\/2024\/12\/RR_03533_2024.pdf\"><span dir=\"auto\" style=\"vertical-align: inherit\"><span dir=\"auto\" style=\"vertical-align: inherit\">Convocat\u00f2ria de les Beques del Programa d&#8217;Atenci\u00f3 a l&#8217;Estudiant i l&#8217;Orientaci\u00f3 Universit\u00e0ria (AEIOU) per al curs 2024-2025. (2.2 MB) PDF<\/span><\/span><\/a><\/li>\n<li><a href=\"https:\/\/dogv.gva.es\/datos\/2024\/12\/30\/pdf\/2024_13804_es.pdf\"><span dir=\"auto\" style=\"vertical-align: inherit\"><span dir=\"auto\" style=\"vertical-align: inherit\">Publicaci\u00f3 de lextracte de la convocat\u00f2ria el Diari Oficial de la Generalitat Valenciana. (399 KB). PDF<\/span><\/span><\/a><\/li>\n<li><a href=\"https:\/\/boumh.umh.es\/files\/2025\/01\/ES_U05500001_2025_DOCH-0000000000000000000013451.pdf\"><span dir=\"auto\" style=\"vertical-align: inherit\"><span dir=\"auto\" style=\"vertical-align: inherit\">Llistat provisional de sol\u00b7licituds admeses i excloses. PDF<\/span><\/span><\/a>\n<ul>\n<li><span dir=\"auto\" style=\"vertical-align: inherit\"><span dir=\"auto\" style=\"vertical-align: inherit\">Termini d&#8217;al\u00b7legacions: Del 22 de gener al 4 de febrer de 2025. Hauran d&#8217;esmenar els errors o formular les reclamacions a trav\u00e9s del propi expedient electr\u00f2nic, que es troba a \u00abEls meus tr\u00e0mits\/Els meus expedients\u00bb, punxant a \u00abDetall\u00bb de l&#8217;expedient, opci\u00f3 \u00abSubsanar\/altres tr\u00e0mits\u00bb<\/span><\/span><\/li>\n<\/ul>\n<\/li>\n<li><a href=\"https:\/\/boumh.umh.es\/files\/2025\/02\/RR_00404_2025.pdf\"><span dir=\"auto\" style=\"vertical-align: inherit\"><span dir=\"auto\" style=\"vertical-align: inherit\">Llistat definitiu de sol\u00b7licituds admeses i excloses a tr\u00e0mit de la convocat\u00f2ria de beques dins el marc del Programa d&#8217;Atenci\u00f3 a l&#8217;Estudiant i Orientaci\u00f3 Universit\u00e0ria (AEIOU)&nbsp;<\/span><\/span><\/a><span dir=\"auto\" style=\"vertical-align: inherit\"><span dir=\"auto\" style=\"vertical-align: inherit\"> (1.13 MB)<\/span><\/span><\/li>\n<li><a href=\"https:\/\/boumh.umh.es\/files\/2025\/05\/ES_U05500001_2025_DOCH-0000000000000000000142727.pdf\"><span dir=\"auto\" style=\"vertical-align: inherit\"><span dir=\"auto\" style=\"vertical-align: inherit\">Proposta de concessi\u00f3 provisional de la convocat\u00f2ria anticipada, per a l&#8217;exercici 2025 de les beques en el marc del Programa de Suport a l&#8217;Estudiant i Orientaci\u00f3 Universit\u00e0ria (AEIOU) (2.27 MB)<\/span><\/span><\/a><\/li>\n<li><a href=\"https:\/\/boumh.umh.es\/files\/2025\/05\/RR_01332_2025.pdf\"><span dir=\"auto\" style=\"vertical-align: inherit\"><span dir=\"auto\" style=\"vertical-align: inherit\">Resoluci\u00f3 Rectoral 01332\/2025, de 27 de maig, per la qual es concedeix les beques del Programa de Suport a l&#8217;Estudiant i Orientaci\u00f3 Universit\u00e0ria (AEIOU) per al curs 2024-2025 1.56 MB PDF<\/span><\/span><\/a> <img loading=\"lazy\" class=\"alignnone wp-image-31436 size-full\" src=\"https:\/\/estudios.umh.es\/files\/2021\/11\/abre-en-nueva-ventana.png\" alt=\"(obriu en nova finestra)\" width=\"15\" height=\"15\"><\/li>\n<li><a href=\"https:\/\/boumh.umh.es\/files\/2025\/09\/RR_02684_2025.pdf\"><span dir=\"auto\" style=\"vertical-align: inherit\"><span dir=\"auto\" style=\"vertical-align: inherit\">Resoluci\u00f3 Rectoral 02684\/2025, de 30 de setembre, per la qual s&#8217;accepten les ren\u00fancies de les persones benefici\u00e0ries de les subvencions de la convocat\u00f2ria anticipada per a l&#8217;exercici 2025 de les beques en el marc del programa de Suport a l&#8217;Estudiant i Orientaci\u00f3 Universit\u00e0ria (AEIOU) per al curs 2024\/2025. PDF 588,21 k<\/span><\/span><\/a><\/li>\n<\/ul>\n<h3><span dir=\"auto\" style=\"vertical-align: inherit\"><span dir=\"auto\" style=\"vertical-align: inherit\">CURS 2023\/2024<\/span><\/span><\/h3>\n<ul>\n<li><a href=\"https:\/\/boumh.umh.es\/files\/2023\/07\/RR_02128_2023.pdf\"><span dir=\"auto\" style=\"vertical-align: inherit\"><span dir=\"auto\" style=\"vertical-align: inherit\">Resoluci\u00f3 Rectoral 02128\/2023, de 25 de juliol, per la qual es convoquen les Beques al Marc del Programa d&#8217;Atenci\u00f3 a l&#8217;Estudiant i Orientaci\u00f3 Universit\u00e0ria (AEIOU) per al curs 2023-2024.&nbsp;<\/span><\/span><\/a><span dir=\"auto\" style=\"vertical-align: inherit\"><span dir=\"auto\" style=\"vertical-align: inherit\"> (2.02 MB) PDF<\/span><\/span><\/li>\n<li><a href=\"https:\/\/dogv.gva.es\/datos\/2023\/09\/07\/pdf\/2023_9051.pdf\"><span dir=\"auto\" style=\"vertical-align: inherit\"><span dir=\"auto\" style=\"vertical-align: inherit\">Publicaci\u00f3 de lextracte de la convocat\u00f2ria el Diari Oficial de la Generalitat Valenciana. (167 kb) PDF<\/span><\/span><\/a><\/li>\n<li><span dir=\"auto\" style=\"vertical-align: inherit\"><span dir=\"auto\" style=\"vertical-align: inherit\">Termini de presentaci\u00f3 de les sol\u00b7licituds: Del 12 al 25 de setembre de 2023<\/span><\/span><\/li>\n<li><span dir=\"auto\" style=\"vertical-align: inherit\"><span dir=\"auto\" style=\"vertical-align: inherit\">La persona sol\u00b7licitant ha de presentar la seva sol\u00b7licitud a trav\u00e9s del registre electr\u00f2nic de la Seu electr\u00f2nica de la UMH, Cat\u00e0leg de procediments i serveis, apartat de Gesti\u00f3 d&#8217;Estudis, accedint la tr\u00e0mit d&#8217;Ajuts, Ajuts d&#8217;Estudi-Propies, que es troba disponible al seg\u00fcent enlla\u00e7&nbsp; <\/span><span dir=\"auto\" style=\"vertical-align: inherit\">&nbsp;: <\/span><\/span><a href=\"https:\/\/sede.umh.es\/procedimientos\/becas-ayudas-de-estudio-propias\/\"><span dir=\"auto\" style=\"vertical-align: inherit\"><span dir=\"auto\" style=\"vertical-align: inherit\">https:\/\/sede.umh.es\/procedimientos\/Ayudas-ayudas<\/span><\/span><\/a><span dir=\"auto\" style=\"vertical-align: inherit\"><span dir=\"auto\" style=\"vertical-align: inherit\"> compte d&#8217;usuari UMH.<\/span><\/span><\/li>\n<li><a href=\"https:\/\/boumh.umh.es\/files\/2023\/10\/ES_U05500001_2023_DOCH-0000000000000000000346224.pdf\"><span dir=\"auto\" style=\"vertical-align: inherit\"><span dir=\"auto\" style=\"vertical-align: inherit\">Llistat provisional de sol\u00b7licituds admeses i excloses. 905KB. PDF<\/span><\/span><\/a><\/li>\n<li><a href=\"https:\/\/boumh.umh.es\/files\/2023\/10\/ES_U05500001_2023_DOCH-0000000000000000000360684.pdf\"><span dir=\"auto\" style=\"vertical-align: inherit\"><span dir=\"auto\" style=\"vertical-align: inherit\">Llistat definitiu de sol\u00b7licituds admeses i excloses de la convocat\u00f2ria de beques en el marc del Programa d&#8217;Atenci\u00f3 a l&#8217;Estudiant i Orientaci\u00f3 Universit\u00e0ria (AEIOU) 1.189 KB<\/span><\/span><\/a><a href=\"https:\/\/boumh.umh.es\/files\/2023\/10\/ES_U05500001_2023_DOCH-0000000000000000000360684.pdf\"><br \/>\n<\/a><\/li>\n<li><a href=\"https:\/\/boumh.umh.es\/files\/2023\/11\/ES_U05500001_2023_DOCH-0000000000000000000379956.pdf\"><span dir=\"auto\" style=\"vertical-align: inherit\"><span dir=\"auto\" style=\"vertical-align: inherit\">Llistat provisional de sol\u00b7licituds concedides i denegades de les beques en el marc del Programa d&#8217;Atenci\u00f3 a l&#8217;Estudiant i l&#8217;Orientaci\u00f3 Universit\u00e0ria en virtut de l&#8217;acord de col\u00b7laboraci\u00f3 entre la Delegaci\u00f3 d&#8217;Estudiants i el Vicerectorat d&#8217;Estudiants i Coordinaci\u00f3 de la Universitat Miguel Hern\u00e1ndez d&#8217;Elx per al curs acad\u00e8mic 2023\/2024. 1,55 MB<\/span><\/span><\/a><\/li>\n<li><a href=\"https:\/\/boumh.umh.es\/files\/2023\/11\/RR_03555_2023.pdf\"><span dir=\"auto\" style=\"vertical-align: inherit\"><span dir=\"auto\" style=\"vertical-align: inherit\">Resoluci\u00f3 Rectoral 03555\/2023, de 29 de novembre, per la qual es publica la concessi\u00f3 o denegaci\u00f3 definitiva de les beques en el marc del Programa d&#8217;Atenci\u00f3 a l&#8217;Estudiant i Orientaci\u00f3 Universit\u00e0ria (AEIOU) en virtut de l&#8217;acord de col\u00b7laboraci\u00f3 entre la Delegaci\u00f3 d&#8217;Estudiants i el Vicerectorat d&#8217;Estudiants i Coordinaci\u00f3 de la Universitat Miguel Hern\u00e1nde2. 1.00 MB PDF&nbsp;<\/span><\/span><img loading=\"lazy\" class=\"alignnone wp-image-31436 size-full\" src=\"https:\/\/estudios.umh.es\/files\/2021\/11\/abre-en-nueva-ventana.png\" alt=\"(obriu en nova finestra)\" width=\"15\" height=\"15\"><\/a><\/li>\n<\/ul>\n<h3><span dir=\"auto\" style=\"vertical-align: inherit\"><span dir=\"auto\" style=\"vertical-align: inherit\">CURS 2022\/2023<\/span><\/span><\/h3>\n<ul>\n<li><a href=\"https:\/\/boumh.umh.es\/files\/2022\/04\/RR_01127_2022.pdf\" target=\"_blank\" rel=\"noopener noreferrer\"><span dir=\"auto\" style=\"vertical-align: inherit\"><span dir=\"auto\" style=\"vertical-align: inherit\">Resoluci\u00f3 Rectoral de la UMH per la qual es convoquen les beques en el marc del programa d&#8217;atenci\u00f3 a l&#8217;estudiant i l&#8217;orientaci\u00f3 universit\u00e0ria. 366 KB PDF<\/span><\/span><img loading=\"lazy\" class=\"alignnone wp-image-31436 size-full\" src=\"https:\/\/estudios.umh.es\/files\/2021\/11\/abre-en-nueva-ventana.png\" alt=\"(obriu en nova finestra)\" width=\"15\" height=\"15\"><\/a><\/li>\n<li><a href=\"https:\/\/dogv.gva.es\/datos\/2022\/04\/20\/pdf\/2022_3367.pdf\"><span dir=\"auto\" style=\"vertical-align: inherit\"><span dir=\"auto\" style=\"vertical-align: inherit\">Publicaci\u00f3 al Diari Oficial de la Generalitat Valenciana de la convocat\u00f2ria.PDF<\/span><\/span><\/a><img loading=\"lazy\" class=\"alignnone wp-image-31436 size-full\" src=\"https:\/\/estudios.umh.es\/files\/2021\/11\/abre-en-nueva-ventana.png\" alt=\"(obriu en nova finestra)\" width=\"15\" height=\"15\"><\/li>\n<li><span dir=\"auto\" style=\"vertical-align: inherit\"><span dir=\"auto\" style=\"vertical-align: inherit\">El termini de presentaci\u00f3 de les sol\u00b7licituds: Del 21 d&#8217;abril al 4 de maig de 2022, ambd\u00f3s inclosos.<\/span><\/span><\/li>\n<li><span dir=\"auto\" style=\"vertical-align: inherit\"><span dir=\"auto\" style=\"vertical-align: inherit\">La sol\u00b7licitud l&#8217;ha de presentar la <\/span><\/span><a href=\"https:\/\/sede.umh.es\/\" target=\"_blank\" rel=\"noopener noreferrer\"><span dir=\"auto\" style=\"vertical-align: inherit\"><span dir=\"auto\" style=\"vertical-align: inherit\">Seu Electr\u00f2nica de la UMH<\/span><\/span><\/a><img loading=\"lazy\" class=\"alignnone wp-image-31436 size-full\" src=\"https:\/\/estudios.umh.es\/files\/2021\/11\/abre-en-nueva-ventana.png\" alt=\"(obriu en nova finestra)\" width=\"15\" height=\"15\"><span dir=\"auto\" style=\"vertical-align: inherit\"><span dir=\"auto\" style=\"vertical-align: inherit\"> adre\u00e7ada al Servei de Gesti\u00f3 d&#8217;Estudis.<\/span><\/span><\/li>\n<li><a href=\"https:\/\/boumh.umh.es\/files\/2022\/06\/ES_U05500001_2022_DOCH-0000000000000000000092103.pdf\"><span dir=\"auto\" style=\"vertical-align: inherit\"><span dir=\"auto\" style=\"vertical-align: inherit\">Llistat provisional de sol\u00b7licituds admeses i excloses. 267 KB. PDF<\/span><\/span><\/a><\/li>\n<li><a href=\"https:\/\/boumh.umh.es\/files\/2022\/07\/ES_U05500001_2022_DOCH-0000000000000000000153406.pdf\"><span dir=\"auto\" style=\"vertical-align: inherit\"><span dir=\"auto\" style=\"vertical-align: inherit\">Llistat definitiu de sol\u00b7licituds admeses i excloses. 248 KB. PDF<\/span><\/span><\/a><\/li>\n<li><a href=\"https:\/\/boumh.umh.es\/files\/2022\/07\/ES_U05500001_2022_DOCH-0000000000000000000154782.pdf\"><span dir=\"auto\" style=\"vertical-align: inherit\"><span dir=\"auto\" style=\"vertical-align: inherit\">Proposta de concessi\u00f3 provisional.282 KB. PDF<\/span><\/span><\/a><img loading=\"lazy\" class=\"alignnone wp-image-31436 size-full\" src=\"https:\/\/estudios.umh.es\/files\/2021\/11\/abre-en-nueva-ventana.png\" alt=\"(obriu en nova finestra)\" width=\"15\" height=\"15\"><\/li>\n<li><a href=\"https:\/\/boumh.umh.es\/files\/2022\/09\/RR_02176_2022.pdf\"><span dir=\"auto\" style=\"vertical-align: inherit\"><span dir=\"auto\" style=\"vertical-align: inherit\">Resoluci\u00f3 Rectoral de la UMH per la qual es concedeixen les beques en el marc del programa d&#8217;atenci\u00f3 a l&#8217;estudiant i orientaci\u00f3 universit\u00e0ria (AEIOU) <\/span><\/span><\/a><a title=\"obre en una finestra nova\" href=\"https:\/\/boumh.umh.es\/files\/2022\/09\/RR_02176_2022.pdf\" target=\"_blank\" rel=\"noopener\" aria-labelledby=\"cat-323926-post-99706\"><span dir=\"auto\" style=\"vertical-align: inherit\"><span dir=\"auto\" style=\"vertical-align: inherit\">(268.89 KB) <\/span><\/span><\/a><a href=\"https:\/\/boumh.umh.es\/files\/2022\/09\/RR_02176_2022.pdf\"><span dir=\"auto\" style=\"vertical-align: inherit\"><span dir=\"auto\" style=\"vertical-align: inherit\">.PDF<\/span><\/span><\/a><img loading=\"lazy\" class=\"alignnone wp-image-31436 size-full\" src=\"https:\/\/estudios.umh.es\/files\/2021\/11\/abre-en-nueva-ventana.png\" alt=\"(obriu en nova finestra)\" width=\"15\" height=\"15\"><\/li>\n<\/ul>\n<p><\/p>","protected":false},"excerpt":{"rendered":"<p>CURS 2024\/2025<\/p>\n<p>Convocat\u00f2ria de les Beques del Programa d&#8217;Atenci\u00f3 a l&#8217;Estudiant i l&#8217;Orientaci\u00f3 Universit\u00e0ria (AEIOU) per al curs 2024-2025. (2.2 MB) PDF<br \/>\nPublicaci\u00f3 de lextracte de la convocat\u00f2ria el Diari Oficial de la Generalitat Valenciana. (399 KB). PDF<br \/>\nLlistat provisional de sol\u00b7licituds admeses i excloses. PDF<\/p>\n<p>Termini d&#8217;al\u00b7legacions: Del 22 de gener al 4 de febrer de 2025. Hauran [&#8230;]<\/p>\n","protected":false},"author":10,"featured_media":0,"parent":0,"menu_order":0,"comment_status":"closed","ping_status":"closed","template":"","meta":{"ngg_post_thumbnail":0,"_links_to":"","_links_to_target":""},"_links":{"self":[{"href":"https:\/\/estudios.umh.es\/ca\/wp-json\/wp\/v2\/pages\/17673"}],"collection":[{"href":"https:\/\/estudios.umh.es\/ca\/wp-json\/wp\/v2\/pages"}],"about":[{"href":"https:\/\/estudios.umh.es\/ca\/wp-json\/wp\/v2\/types\/page"}],"author":[{"embeddable":true,"href":"https:\/\/estudios.umh.es\/ca\/wp-json\/wp\/v2\/users\/10"}],"replies":[{"embeddable":true,"href":"https:\/\/estudios.umh.es\/ca\/wp-json\/wp\/v2\/comments?post=17673"}],"version-history":[{"count":0,"href":"https:\/\/estudios.umh.es\/ca\/wp-json\/wp\/v2\/pages\/17673\/revisions"}],"wp:attachment":[{"href":"https:\/\/estudios.umh.es\/ca\/wp-json\/wp\/v2\/media?parent=17673"}],"curies":[{"name":"wp","href":"https:\/\/api.w.org\/{rel}","templated":true}]}}