{"id":17679,"date":"2024-03-15T11:58:11","date_gmt":"2024-03-15T10:58:11","guid":{"rendered":"https:\/\/estudios.umh.es\/?page_id=17679"},"modified":"2026-03-03T09:43:48","modified_gmt":"2026-03-03T08:43:48","slug":"beca-santander-estudios","status":"publish","type":"page","link":"https:\/\/estudios.umh.es\/ca\/beca-santander-estudios\/","title":{"rendered":"Beca Santander Ajuda Econ\u00f2mica"},"content":{"rendered":"<p><\/p>\n<h3><span dir=\"auto\" style=\"vertical-align: inherit\"><span dir=\"auto\" style=\"vertical-align: inherit\">Curs 2025\/2026<\/span><\/span><\/h3>\n<ul>\n<li><a href=\"https:\/\/app.santanderopenacademy.com\/es\/program\/ayuda-economica-2025\"><span dir=\"auto\" style=\"vertical-align: inherit\"><span dir=\"auto\" style=\"vertical-align: inherit\">Consulta la convocat\u00f2ria pel curs 2025\/2026<\/span><\/span><\/a><\/li>\n<li><a href=\"https:\/\/boumh.umh.es\/files\/2025\/05\/RR_01407_2025.pdf\"><span dir=\"auto\" style=\"vertical-align: inherit\"><span dir=\"auto\" style=\"vertical-align: inherit\">Convocat\u00f2ria Beques Santander Ajuda Econ\u00f2mica, per a estudiants matriculats a titulacions oficials de grau i m\u00e0ster de la Universitat Miguel Hern\u00e1ndez d&#8217;Elx, per al curs 2025\/2026. 1.05 MB. PDF<\/span><\/span><\/a><\/li>\n<li><a href=\"https:\/\/boumh.umh.es\/files\/2025\/06\/RR_01578_2025.pdf\"><span dir=\"auto\" style=\"vertical-align: inherit\"><span dir=\"auto\" style=\"vertical-align: inherit\">Correcci\u00f3 d&#8217;errors Convocat\u00f2ria Beques Santander Ajuda Econ\u00f2mica. 452 KB. PDF<\/span><\/span><\/a><\/li>\n<li><a href=\"https:\/\/boumh.umh.es\/files\/2025\/11\/RR_03230_2025.pdf\"><span dir=\"auto\" style=\"vertical-align: inherit\"><span dir=\"auto\" style=\"vertical-align: inherit\">Resoluci\u00f3 Rectoral de la Universitat Miguel Hern\u00e1ndez per la qual s&#8217;amplia el cr\u00e8dits assignat a la convocat\u00f2ria de Beques Santander Ajuda Econ\u00f2mica. (451 KB) PDF<\/span><\/span><\/a><\/li>\n<li><span dir=\"auto\" style=\"vertical-align: inherit\"><span dir=\"auto\" style=\"vertical-align: inherit\">Termini de presentaci\u00f3 de sol\u00b7licituds: fins al 15 doctubre de 2025.&nbsp;<\/span><\/span><\/li>\n<li><span dir=\"auto\" style=\"vertical-align: inherit\"><span dir=\"auto\" style=\"vertical-align: inherit\">Per sol\u00b7licitar-la has d&#8217;entrar al seg\u00fcent <\/span><\/span><a href=\"https:\/\/sso.santanderopenacademy.com\/auth\/realms\/Becas\/protocol\/openid-connect\/registrations?client_id=becas&amp;redirect_uri=https%3A%2F%2Fapp.santanderopenacademy.com%2Fes%2Fapplication%2Fnew%2F667a7c24ff389e045990b773&amp;state=1954a9f4-251a-46a3-8070-2caeefa7d612&amp;response_mode=fragment&amp;response_type=code&amp;scope=openid&amp;nonce=bb0fbb05-497a-45ac-81fa-74941f87757b&amp;ui_locales=es&amp;code_challenge=YNGHUWWs50cxdkwx_a7JR3amxxLJ0VQhtIe9GygNY1Y&amp;code_challenge_method=S256\"><span dir=\"auto\" style=\"vertical-align: inherit\"><span dir=\"auto\" style=\"vertical-align: inherit\">enlla\u00e7<\/span><\/span><\/a><\/li>\n<li><a href=\"https:\/\/boumh.umh.es\/files\/2025\/11\/ES_U05500001_2025_DOCH-0000000000000000000376673.pdf\"><span dir=\"auto\" style=\"vertical-align: inherit\"><span dir=\"auto\" style=\"vertical-align: inherit\">Llistat provisional de persones admeses i excloses del programa \u00abBeques-Santander Ajuda Econ\u00f2mica 2025\u00bb. PDF 5.23 MB<\/span><\/span><\/a><\/li>\n<li><span dir=\"auto\" style=\"vertical-align: inherit\"><span dir=\"auto\" style=\"vertical-align: inherit\">Termini de reclamaci\u00f3: Del 8 al 17 de novembre del 2025<\/span><\/span><\/li>\n<li><span dir=\"auto\" style=\"vertical-align: inherit\"><span dir=\"auto\" style=\"vertical-align: inherit\">Les reclamacions es presentaran, mitjan\u00e7ant escrit dirigit al Servei de Gesti\u00f3 d&#8217;Estudis de la Universitat Miguel Hern\u00e1ndez d&#8217;Elx, preferentment a trav\u00e9s de la Seu Electr\u00f2nica de la UMH, a trav\u00e9s del seg\u00fcent <\/span><\/span><a href=\"https:\/\/sede.umh.es\/procedimientos\/instanciageneral\/\"><span dir=\"auto\" style=\"vertical-align: inherit\"><span dir=\"auto\" style=\"vertical-align: inherit\">enlla\u00e7<\/span><\/span><\/a><span dir=\"auto\" style=\"vertical-align: inherit\"><span dir=\"auto\" style=\"vertical-align: inherit\"> , o mitjan\u00e7ant les vies establertes a l&#8217; <\/span><\/span><br \/>\n<span dir=\"auto\" style=\"vertical-align: inherit\"><span dir=\"auto\" style=\"vertical-align: inherit\">article 16 de la Llei 39\/2015, d&#8217;1 d&#8217;octubre, del Procediment Administratiu Com\u00fa de les Administracions.<\/span><\/span><\/li>\n<li><a href=\"https:\/\/boumh.umh.es\/files\/2025\/11\/RR_03299_2025.pdf\"><span dir=\"auto\" style=\"vertical-align: inherit\"><span dir=\"auto\" style=\"vertical-align: inherit\">Resoluci\u00f3 Rectoral 03299\/2025, de 21 de novembre, per la qual es concedeix o denega el programa Beques Santander Ajuda Econ\u00f2mica 2025. PDF 624,85 KB<\/span><\/span><\/a><\/li>\n<li><a href=\"https:\/\/boumh.umh.es\/files\/2025\/12\/RR_03588_2025.pdf\"><span dir=\"auto\" style=\"vertical-align: inherit\"><span dir=\"auto\" style=\"vertical-align: inherit\">Resoluci\u00f3 Rectoral 03588\/2025, de 18 de desembre, de revocaci\u00f3 de la concessi\u00f3 del Programa Beques Santander Ajuda Econ\u00f2mica 2025. 452.95 KB<\/span><\/span><\/a><\/li>\n<\/ul>\n<h3><span dir=\"auto\" style=\"vertical-align: inherit\"><span dir=\"auto\" style=\"vertical-align: inherit\">Curs 2024\/2025<\/span><\/span><\/h3>\n<ul>\n<li><a href=\"https:\/\/app.santanderopenacademy.com\/es\/program\/ayuda-economica-2024-2025?utm_source=Web&amp;utm_medium=Referral&amp;utm_campaign=AE_Espana_Web_Publica_SE\"><span dir=\"auto\" style=\"vertical-align: inherit\"><span dir=\"auto\" style=\"vertical-align: inherit\">Consulta la convocat\u00f2ria pel curs 2024\/2025<\/span><\/span><\/a><\/li>\n<li><span dir=\"auto\" style=\"vertical-align: inherit\"><span dir=\"auto\" style=\"vertical-align: inherit\">Termini de presentaci\u00f3 de sol\u00b7licituds: del 30 d&#8217;abril al 31 d&#8217;octubre del 2024.<\/span><\/span><\/li>\n<li><span dir=\"auto\" style=\"vertical-align: inherit\"><span dir=\"auto\" style=\"vertical-align: inherit\">Per sol\u00b7licitar-la has d&#8217;entrar al seg\u00fcent <\/span><\/span><a href=\"https:\/\/app.santanderopenacademy.com\/es\/program\/ayuda-economica-2024-2025?utm_source=Web&amp;utm_medium=Referral&amp;utm_campaign=AE_Espana_Web_Publica_SE\"><span dir=\"auto\" style=\"vertical-align: inherit\"><span dir=\"auto\" style=\"vertical-align: inherit\">enlla\u00e7<\/span><\/span><\/a><\/li>\n<li><a href=\"https:\/\/boumh.umh.es\/files\/2024\/11\/ES_U05500001_2024_DOCH-0000000000000000000370356.pdf\"><span dir=\"auto\" style=\"vertical-align: inherit\"><span dir=\"auto\" style=\"vertical-align: inherit\">Consulta el llistat provisional de persones admeses i excloses del programa Ajuda Econ\u00f2mica convocat\u00f2ria 2024\/2025 Banco Santander. PDF (7,16 MB)<\/span><\/span><\/a><\/li>\n<li><a href=\"https:\/\/boumh.umh.es\/files\/2024\/12\/RR_03535_2024.pdf\"><span dir=\"auto\" style=\"vertical-align: inherit\"><span dir=\"auto\" style=\"vertical-align: inherit\">Consulta el llistat definitiu pel qual es concedeix o denega el programa ajut econ\u00f2mic per al curs 2024\/2025. PDF (729 KB)<\/span><\/span><\/a><\/li>\n<li><a href=\"https:\/\/boumh.umh.es\/files\/2025\/01\/RR_00032_2025.pdf\"><span dir=\"auto\" style=\"vertical-align: inherit\"><span dir=\"auto\" style=\"vertical-align: inherit\">Resoluci\u00f3 Rectoral 00032\/2025, de 10 de gener, de revocaci\u00f3 de la concessi\u00f3 del programa de Beques Santander Ajuda Econ\u00f2mica, convocat\u00f2ria 2024\/2025. PDF (453 KB)<\/span><\/span><\/a><\/li>\n<\/ul>\n<p><\/p>","protected":false},"excerpt":{"rendered":"<p>Curs 2025\/2026<\/p>\n<p>Consulta la convocat\u00f2ria pel curs 2025\/2026<br \/>\nConvocat\u00f2ria Beques Santander Ajuda Econ\u00f2mica, per a estudiants matriculats a titulacions oficials de grau i m\u00e0ster de la Universitat Miguel Hern\u00e1ndez d&#8217;Elx, per al curs 2025\/2026. 1.05 MB. PDF<br \/>\nCorrecci\u00f3 d&#8217;errors Convocat\u00f2ria Beques Santander Ajuda Econ\u00f2mica. 452 KB. PDF<br \/>\nResoluci\u00f3 Rectoral de la Universitat Miguel Hern\u00e1ndez per la qual s&#8217;amplia el [&#8230;]<\/p>\n","protected":false},"author":10,"featured_media":0,"parent":0,"menu_order":0,"comment_status":"closed","ping_status":"closed","template":"","meta":{"ngg_post_thumbnail":0,"_links_to":"","_links_to_target":""},"_links":{"self":[{"href":"https:\/\/estudios.umh.es\/ca\/wp-json\/wp\/v2\/pages\/17679"}],"collection":[{"href":"https:\/\/estudios.umh.es\/ca\/wp-json\/wp\/v2\/pages"}],"about":[{"href":"https:\/\/estudios.umh.es\/ca\/wp-json\/wp\/v2\/types\/page"}],"author":[{"embeddable":true,"href":"https:\/\/estudios.umh.es\/ca\/wp-json\/wp\/v2\/users\/10"}],"replies":[{"embeddable":true,"href":"https:\/\/estudios.umh.es\/ca\/wp-json\/wp\/v2\/comments?post=17679"}],"version-history":[{"count":0,"href":"https:\/\/estudios.umh.es\/ca\/wp-json\/wp\/v2\/pages\/17679\/revisions"}],"wp:attachment":[{"href":"https:\/\/estudios.umh.es\/ca\/wp-json\/wp\/v2\/media?parent=17679"}],"curies":[{"name":"wp","href":"https:\/\/api.w.org\/{rel}","templated":true}]}}