{"id":17682,"date":"2024-03-15T11:59:18","date_gmt":"2024-03-15T10:59:18","guid":{"rendered":"https:\/\/estudios.umh.es\/?page_id=17682"},"modified":"2026-04-23T14:33:39","modified_gmt":"2026-04-23T12:33:39","slug":"beca-para-estudiantes-del-master-universitario-en-estudios-culturales-y-artes-visuales","status":"publish","type":"page","link":"https:\/\/estudios.umh.es\/ca\/beca-para-estudiantes-del-master-universitario-en-estudios-culturales-y-artes-visuales\/","title":{"rendered":"<span lang=\"es\">(Espa\u00f1ol) Beca para estudiantes del m\u00e1ster universitario en estudios culturales y artes visuales (perspectivas feministas y cuir\/queer) A\u00f1os anteriores<\/span>"},"content":{"rendered":"<p><strong><span dir=\"auto\" style=\"vertical-align: inherit\"><span dir=\"auto\" style=\"vertical-align: inherit\">CURS 2024\/2025<\/span><\/span><\/strong><\/p>\n<ul>\n<li><a href=\"https:\/\/boumh.umh.es\/files\/2025\/04\/RR_00953_2025.pdf\"><span dir=\"auto\" style=\"vertical-align: inherit\"><span dir=\"auto\" style=\"vertical-align: inherit\">Convocat\u00f2ria. 667,91 KB. PDF.<\/span><\/span><\/a><\/li>\n<li><a href=\"https:\/\/dogv.gva.es\/es\/resultat-dogv?signatura=2025\/14603\"><span dir=\"auto\" style=\"vertical-align: inherit\"><span dir=\"auto\" style=\"vertical-align: inherit\">Publicaci\u00f3 DOGV<\/span><\/span><\/a><\/li>\n<li><span dir=\"auto\" style=\"vertical-align: inherit\"><span dir=\"auto\" style=\"vertical-align: inherit\">El termini de presentaci\u00f3 de sol\u00b7licituds: Del 8 al 21 de maig del 2025.<\/span><\/span><\/li>\n<li><span dir=\"auto\" style=\"vertical-align: inherit\"><span dir=\"auto\" style=\"vertical-align: inherit\">Procediment de presentaci\u00f3 de sol\u00b7licituds:&nbsp;<\/span><\/span><\/li>\n<li><span dir=\"auto\" style=\"vertical-align: inherit\"><span dir=\"auto\" style=\"vertical-align: inherit\">La sol\u00b7licitud es presenta a trav\u00e9s del registre electr\u00f2nic de la Seu electr\u00f2nica de la UMH, fent \u00fas del vostre certificat electr\u00f2nic o del vostre compte d&#8217;usuari UMH. Per aix\u00f2 ha d&#8217;accedir al tr\u00e0mit Beques, Ajuts d&#8217;Estudi-Propies, que es troba disponible al seg\u00fcent enlla\u00e7: https:\/\/sede.umh.es\/procedimientos\/becas-ayudas-deestudio-propias\/<\/span><\/span><\/li>\n<li><a href=\"https:\/\/boumh.umh.es\/files\/2025\/06\/ES_U05500001_2025_DOCH-0000000000000000000204039.pdf\"><span dir=\"auto\" style=\"vertical-align: inherit\"><span dir=\"auto\" style=\"vertical-align: inherit\">Llista provisional d&#8217;admesos i exclosos a tr\u00e0mit de la convocat\u00f2ria de beques per a estudiants del m\u00e0ster universitari en Estudis Culturals i Arts Visuals (Perspectives Feministes i Cuir\/Queer) de la UMH<\/span><\/span><\/a><\/li>\n<li><a href=\"https:\/\/boumh.umh.es\/files\/2025\/06\/ES_U05500001_2025_DOCH-0000000000000000000220694.pdf\"><span dir=\"auto\" style=\"vertical-align: inherit\"><span dir=\"auto\" style=\"vertical-align: inherit\">Correcci\u00f3 d&#8217;errades a la llista provisional d&#8217;admesos i exclosos a tr\u00e0mit 449 KB.<\/span><\/span><\/a><\/li>\n<li><span dir=\"auto\" style=\"vertical-align: inherit\"><span dir=\"auto\" style=\"vertical-align: inherit\">Al\u00b7legacions: Del 25 de juny al 8 de juliol de 2025<\/span><\/span><\/li>\n<li><a href=\"https:\/\/boumh.umh.es\/files\/2025\/07\/RR_01870_2025.pdf\"><span dir=\"auto\" style=\"vertical-align: inherit\"><span dir=\"auto\" style=\"vertical-align: inherit\">Llistat definitiu d&#8217;admesos i exclosos a tr\u00e0mit de la convocat\u00f2ria de beques per a estudiants del m\u00e0ster universitari en Estudis Culturals i Arts Visuals (Perspectives Feministes i Cuir\/Queer) de la UMH 599 KB<\/span><\/span><\/a><\/li>\n<li><a href=\"https:\/\/boumh.umh.es\/files\/2025\/09\/RR_02256_2025.pdf\"><span dir=\"auto\" style=\"vertical-align: inherit\"><span dir=\"auto\" style=\"vertical-align: inherit\">Correcci\u00f3 d&#8217;errades a la llista definitiva d&#8217;admesos i exclosos a tr\u00e0mit 455 KB.<\/span><\/span><\/a><\/li>\n<li><a href=\"https:\/\/boumh.umh.es\/files\/2025\/09\/ES_U05500001_2025_DOCH-0000000000000000000321422.pdf\"><span dir=\"auto\" style=\"vertical-align: inherit\"><span dir=\"auto\" style=\"vertical-align: inherit\">Proposta de concessi\u00f3 provisional de la convocat\u00f2ria de beques per a estudiants del m\u00e0ster universitari en Estudis Culturals i Arts Visuals (Perspectives Feministes i Cuir\/Queer) de la UMH, curs acad\u00e8mic 2024\/2025, finan\u00e7ades per l&#8217;Institut de les Dones. PDF. 626.67 KB<\/span><\/span><\/a><\/li>\n<li><a href=\"https:\/\/boumh.umh.es\/files\/2025\/10\/RR_02859_2025.pdf\"><span dir=\"auto\" style=\"vertical-align: inherit\"><span dir=\"auto\" style=\"vertical-align: inherit\">Resoluci\u00f3 definitiva de concessi\u00f3 convocat\u00f2ria de beques per a estudiants del m\u00e0ster universitari en Estudis Culturals i Arts Visuals (Perspectives Feministes i Cuir\/Queer) de la UMH, curs acad\u00e8mic 2024\/2025, finan\u00e7ades per l&#8217;Institut de les Dones. PDF.595.14 KB<\/span><\/span><\/a><\/li>\n<li><a href=\"https:\/\/boumh.umh.es\/files\/2025\/12\/RR_03473_2025.pdf\"><span dir=\"auto\" style=\"vertical-align: inherit\"><span dir=\"auto\" style=\"vertical-align: inherit\">Resoluci\u00f3 Rectoral 03473\/2025, de 9 de desembre, de correcci\u00f3 d&#8217;errades de la Resoluci\u00f3 Rectoral 02859\/2025, de 15 d&#8217;octubre, per la qual es concedeixen beques per a estudiants del m\u00e0ster universitari en Estudis Culturals i Arts Visuals (Perspectives Feministes i CUIR\/QUE2) de la 2 l&#8217;Institut de les Dones&nbsp;<\/span><\/span><\/a><\/li>\n<\/ul>\n<p>&nbsp;<\/p>\n<p><strong><span dir=\"auto\" style=\"vertical-align: inherit\"><span dir=\"auto\" style=\"vertical-align: inherit\">CURS 2023\/2024<\/span><\/span><\/strong><\/p>\n<ul>\n<li><a href=\"https:\/\/boumh.umh.es\/files\/2024\/07\/RR_01644_2024.pdf\"><span dir=\"auto\" style=\"vertical-align: inherit\"><span dir=\"auto\" style=\"vertical-align: inherit\">Convocat\u00f2ria. (657 KB) PDF<\/span><\/span><\/a><img loading=\"lazy\" class=\"alignnone wp-image-31436 size-full\" src=\"https:\/\/estudios.umh.es\/files\/2021\/11\/abre-en-nueva-ventana.png\" alt=\"(obriu en nova finestra)\" width=\"15\" height=\"15\"><\/li>\n<li><a href=\"https:\/\/boumh.umh.es\/dogv-num-9890-de-11-de-julio-de-2024-extracto-de-la-convocatoria-de-becas-para-estudiantes-del-master-universitario-en-estudios-culturales-y-artes-visuales-perspectivas-feministas-y-cuir-queer-de\/\"><span dir=\"auto\" style=\"vertical-align: inherit\"><span dir=\"auto\" style=\"vertical-align: inherit\">Publicaci\u00f3 al Diari Oficial de la Generalitat Valenciana de la convocat\u00f2ria. PDF<\/span><\/span><img loading=\"lazy\" class=\"alignnone wp-image-31436 size-full\" src=\"https:\/\/estudios.umh.es\/files\/2021\/11\/abre-en-nueva-ventana.png\" alt=\"(obriu en nova finestra)\" width=\"15\" height=\"15\"><\/a><\/li>\n<li><span dir=\"auto\" style=\"vertical-align: inherit\"><span dir=\"auto\" style=\"vertical-align: inherit\">El termini de presentaci\u00f3 de sol\u00b7licituds: Del 12 de juliol al 25 de juliol de 2024<\/span><\/span><\/li>\n<li><span dir=\"auto\" style=\"vertical-align: inherit\"><span dir=\"auto\" style=\"vertical-align: inherit\">Procediment de presentaci\u00f3 de sol\u00b7licituds:&nbsp;<\/span><\/span><\/li>\n<li><span dir=\"auto\" style=\"vertical-align: inherit\"><span dir=\"auto\" style=\"vertical-align: inherit\">La sol\u00b7licitud es presenta a trav\u00e9s del registre electr\u00f2nic de la Seu electr\u00f2nica de la UMH, fent \u00fas del vostre certificat electr\u00f2nic o del vostre compte d&#8217;usuari UMH. Per aix\u00f2 ha d&#8217;accedir al tr\u00e0mit Beques, Ajuts d&#8217;Estudi-Propies, que es troba disponible al seg\u00fcent enlla\u00e7: https:\/\/sede.umh.es\/procedimientos\/becas-ayudas-deestudio-propias\/<\/span><\/span><\/li>\n<li><span dir=\"auto\" style=\"vertical-align: inherit\"><span dir=\"auto\" style=\"vertical-align: inherit\">Llistat de sol\u00b7licituds admeses i excloses a tr\u00e0mit (El llistat de sol\u00b7licituds admeses i excloses a tr\u00e0mit i NO implica la concessi\u00f3 de l&#8217;ajut):<\/span><\/span>\n<ul>\n<li><a href=\"https:\/\/boumh.umh.es\/files\/2024\/07\/ES_U05500001_2024_DOCH-0000000000000000000239786.pdf\"><span dir=\"auto\" style=\"vertical-align: inherit\"><span dir=\"auto\" style=\"vertical-align: inherit\">Llistat provisional.<\/span><\/span><\/a>&nbsp;<img loading=\"lazy\" class=\"alignnone wp-image-31436 \" src=\"https:\/\/estudios.umh.es\/files\/2021\/11\/abre-en-nueva-ventana.png\" alt=\"(obriu en nova finestra)\" width=\"15\" height=\"15\">&nbsp;<\/li>\n<li><a href=\"https:\/\/boumh.umh.es\/files\/2024\/09\/RR_02184_2024.pdf\"><span dir=\"auto\" style=\"vertical-align: inherit\"><span dir=\"auto\" style=\"vertical-align: inherit\">Llistat definitiu<\/span><\/span><\/a><span dir=\"auto\" style=\"vertical-align: inherit\"><span dir=\"auto\" style=\"vertical-align: inherit\"> .<\/span><\/span><img loading=\"lazy\" class=\"alignnone wp-image-31436 size-full\" src=\"https:\/\/estudios.umh.es\/files\/2021\/11\/abre-en-nueva-ventana.png\" alt=\"(obriu en nova finestra)\" width=\"15\" height=\"15\"><\/li>\n<\/ul>\n<\/li>\n<li><span dir=\"auto\" style=\"vertical-align: inherit\"><span dir=\"auto\" style=\"vertical-align: inherit\">Resoluci\u00f3 concessi\u00f3:<\/span><\/span>\n<ul>\n<li><a href=\"https:\/\/boumh.umh.es\/files\/2024\/10\/ES_U05500001_2024_DOCH-0000000000000000000313815.pdf\"><span dir=\"auto\" style=\"vertical-align: inherit\"><span dir=\"auto\" style=\"vertical-align: inherit\">Resoluci\u00f3 provisional de concessi\u00f3<\/span><\/span><\/a><img loading=\"lazy\" class=\"alignnone wp-image-31436 \" src=\"https:\/\/estudios.umh.es\/files\/2021\/11\/abre-en-nueva-ventana.png\" alt=\"(obriu en nova finestra)\" width=\"15\" height=\"15\"><\/li>\n<li><span dir=\"auto\" style=\"vertical-align: inherit\"><span dir=\"auto\" style=\"vertical-align: inherit\">Al\u00b7legacions: Del 8 al 22 d&#8217;octubre del 2024<\/span><\/span><\/li>\n<\/ul>\n<ul>\n<li><a href=\"https:\/\/boumh.umh.es\/files\/2024\/10\/RR_02621_2024.pdf\"><span dir=\"auto\" style=\"vertical-align: inherit\"><span dir=\"auto\" style=\"vertical-align: inherit\">Resoluci\u00f3 definitiva de concessi\u00f3<\/span><\/span><\/a><img loading=\"lazy\" class=\"alignnone wp-image-31436 \" src=\"https:\/\/estudios.umh.es\/files\/2021\/11\/abre-en-nueva-ventana.png\" alt=\"(obriu en nova finestra)\" width=\"15\" height=\"15\"><\/li>\n<\/ul>\n<\/li>\n<\/ul>\n<p><\/p>","protected":false},"excerpt":{"rendered":"<p>CURS 2024\/2025<\/p>\n<p>Convocat\u00f2ria. 667,91 KB. PDF.<br \/>\nPublicaci\u00f3 DOGV<br \/>\nEl termini de presentaci\u00f3 de sol\u00b7licituds: Del 8 al 21 de maig del 2025.<br \/>\nProcediment de presentaci\u00f3 de sol\u00b7licituds:&nbsp;<br \/>\nLa sol\u00b7licitud es presenta a trav\u00e9s del registre electr\u00f2nic de la Seu electr\u00f2nica de la UMH, fent \u00fas del vostre certificat electr\u00f2nic o del vostre compte d&#8217;usuari UMH. Per aix\u00f2 ha d&#8217;accedir al [&#8230;]<\/p>\n","protected":false},"author":10,"featured_media":0,"parent":0,"menu_order":0,"comment_status":"closed","ping_status":"closed","template":"","meta":{"ngg_post_thumbnail":0,"_links_to":"","_links_to_target":""},"_links":{"self":[{"href":"https:\/\/estudios.umh.es\/ca\/wp-json\/wp\/v2\/pages\/17682"}],"collection":[{"href":"https:\/\/estudios.umh.es\/ca\/wp-json\/wp\/v2\/pages"}],"about":[{"href":"https:\/\/estudios.umh.es\/ca\/wp-json\/wp\/v2\/types\/page"}],"author":[{"embeddable":true,"href":"https:\/\/estudios.umh.es\/ca\/wp-json\/wp\/v2\/users\/10"}],"replies":[{"embeddable":true,"href":"https:\/\/estudios.umh.es\/ca\/wp-json\/wp\/v2\/comments?post=17682"}],"version-history":[{"count":0,"href":"https:\/\/estudios.umh.es\/ca\/wp-json\/wp\/v2\/pages\/17682\/revisions"}],"wp:attachment":[{"href":"https:\/\/estudios.umh.es\/ca\/wp-json\/wp\/v2\/media?parent=17682"}],"curies":[{"name":"wp","href":"https:\/\/api.w.org\/{rel}","templated":true}]}}