{"id":1816,"date":"2015-05-25T12:47:10","date_gmt":"2015-05-25T12:47:10","guid":{"rendered":"http:\/\/estudios.umh.es\/?page_id=1816"},"modified":"2026-02-17T14:37:48","modified_gmt":"2026-02-17T13:37:48","slug":"otras-becas","status":"publish","type":"page","link":"https:\/\/estudios.umh.es\/ca\/becas\/otras-becas\/","title":{"rendered":"Altres Beques"},"content":{"rendered":"<p><\/p>\n<ul>\n<li><a href=\"https:\/\/ifisc.uib-csic.es\/en\/about-ifisc\/join-us\/surf\/surf-2026\/\"><span dir=\"auto\" style=\"vertical-align: inherit\"><span dir=\"auto\" style=\"vertical-align: inherit\">Convocat\u00f2ria de beques d&#8217;Introducci\u00f3 a la Investigaci\u00f3 a l&#8217;Institut de F\u00edsica Interdisciplinar i Sistemes Complexos IFISC (CSIC-UIB), a Palma de Mallorca, per a estudiants de grau.<\/span><\/span><\/a><\/li>\n<li><a href=\"https:\/\/estudios.umh.es\/becas-internacionales-para-el-master-en-neurociencias-del-laboratorio-a-la-practica-clinica\/\"><span dir=\"auto\" style=\"vertical-align: inherit\"><span dir=\"auto\" style=\"vertical-align: inherit\">International Scholarships for the &#8220;Master&#8217;s Degree in Neurosciences: from the bench to the bedside&#8221;<\/span><\/span><\/a><\/li>\n<li><a href=\"https:\/\/www.bde.es\/wbe\/es\/sobre-banco\/trabajar-banco\/becas-investigacion-ayudas-bde\/programa-de-ayudas-para-el-fomento-de-estudios-en-economia-y-finanzas-curso-2026-2027.html\"><span dir=\"auto\" style=\"vertical-align: inherit\"><span dir=\"auto\" style=\"vertical-align: inherit\">Banc d&#8217;Espanya &#8211; Programa de deu ajuts per a estudis en economia i finances, curs 2026-2027<\/span><\/span><\/a><\/li>\n<li><a href=\"https:\/\/www.universidadesvirtuales.es\/talentos-e-learning-2025\/\"><span dir=\"auto\" style=\"vertical-align: inherit\"><span dir=\"auto\" style=\"vertical-align: inherit\">Talents e-Learning 2025: de l&#8217;Educaci\u00f3 a Dist\u00e0ncia a la Universitat Online<\/span><\/span><\/a><\/li>\n<li><a href=\"https:\/\/www.redleonardo.es\/informacion-bases-becas-red-leonardo\/?cid=eml::eip:00049481-leonardo_2025_mailing--:-comun-::bases::::::esp::\"><span dir=\"auto\" style=\"vertical-align: inherit\"><span dir=\"auto\" style=\"vertical-align: inherit\">Beques Leonardo de la Fundaci\u00f3 BBVA<\/span><\/span><\/a><\/li>\n<li><a href=\"https:\/\/www.icex.es\/es\/todos-nuestros-servicios\/formacion\/becas\/nuestras-becas\/becas-activas\/becas-icex-50-promocion\"><span dir=\"auto\" style=\"vertical-align: inherit\"><span dir=\"auto\" style=\"vertical-align: inherit\">Beques ICEX &#8211; 50a Promoci\u00f3. Resoluci\u00f3 per la qual es convoquen les beques d&#8217;Internacionalitzaci\u00f3 Empresarial d&#8217;ICEX Espanya Exportaci\u00f3 i Inversions, EPE<\/span><\/span><img loading=\"lazy\" class=\"alignnone wp-image-31436 size-full\" src=\"https:\/\/estudios.umh.es\/files\/2021\/11\/abre-en-nueva-ventana.png\" alt=\"(obriu en nova finestra)\" width=\"15\" height=\"15\"><\/a><\/li>\n<li><a href=\"https:\/\/www.airef.es\/es\/noticias\/la-airef-convoca-la-decima-edicion-de-becas-para-el-fomento-de-la-formacion-e-investigacion-y-mejora-la-dotacion-economica\/\"><span dir=\"auto\" style=\"vertical-align: inherit\"><span dir=\"auto\" style=\"vertical-align: inherit\">Convocat\u00f2ria per a l&#8217;edici\u00f3 2025-2026 de les ajudes destinades a Universitats i altres Centres Acad\u00e8mics per al foment de la formaci\u00f3 i investigaci\u00f3 en l&#8217;\u00e0mbit de l&#8217;an\u00e0lisi econ\u00f2mica i pressupost\u00e0ria per a l&#8217;estabilitat i la sostenibilitat fiscal.<\/span><\/span><\/a><\/li>\n<li><a href=\"https:\/\/www.rtve.es\/rtve\/20241104\/impulsa-vision-rtve-ayuda-economica-beca-investigacion-tfm-master-discursos-de-odio\/16307852.shtml\"><span dir=\"auto\" style=\"vertical-align: inherit\"><span dir=\"auto\" style=\"vertical-align: inherit\">VII Convocat\u00f2ria d&#8217;Impulsa Visi\u00f3 RTVE &#8211; Ajuts a la Investigaci\u00f3 per a Projectes de Fi de M\u00e0ster Oficial<\/span><\/span><\/a><\/li>\n<li><a href=\"https:\/\/www.wonnowawards.com\/convocatoria\"><span dir=\"auto\" style=\"vertical-align: inherit\"><span dir=\"auto\" style=\"vertical-align: inherit\">Premis WONNOW<\/span><\/span><\/a><\/li>\n<li><a href=\"https:\/\/fundacionlacaixa.org\/es\/becas-grado-convocatoria\"><span dir=\"auto\" style=\"vertical-align: inherit\"><span dir=\"auto\" style=\"vertical-align: inherit\">Programa de beques de grau universitari de la Fundaci\u00f3 &#8220;La Caixa&#8221;<\/span><\/span><\/a><b><img loading=\"lazy\" class=\"alignnone wp-image-31436 size-full\" src=\"https:\/\/estudios.umh.es\/files\/2021\/11\/abre-en-nueva-ventana.png\" alt=\"(obriu en nova finestra)\" width=\"15\" height=\"15\"><\/b><\/li>\n<li><a href=\"https:\/\/www.biophilia-fbbva.es\/\"><span dir=\"auto\" style=\"vertical-align: inherit\"><span dir=\"auto\" style=\"vertical-align: inherit\">XVII edici\u00f3 Premis Fundaci\u00f3 BBVA a la Conservaci\u00f3 de la Biodiversitat &#8211; 17th edition BBVA Foundation Awards for Biodiversity Conservation<\/span><\/span><\/a><a href=\"https:\/\/ifisc.uib-csic.es\/en\/about-ifisc\/join-us\/surf\/surf-2024\/\"><img loading=\"lazy\" class=\"alignnone wp-image-31436 size-full\" src=\"https:\/\/estudios.umh.es\/files\/2021\/11\/abre-en-nueva-ventana.png\" alt=\"(obriu en nova finestra)\" width=\"15\" height=\"15\"><\/a><\/li>\n<\/ul>\n<p><\/p>","protected":false},"excerpt":{"rendered":"<p>Convocat\u00f2ria de beques d&#8217;Introducci\u00f3 a la Investigaci\u00f3 a l&#8217;Institut de F\u00edsica Interdisciplinar i Sistemes Complexos IFISC (CSIC-UIB), a Palma de Mallorca, per a estudiants de grau.<br \/>\nInternational Scholarships for the &#8220;Master&#8217;s Degree in Neurosciences: from the bench to the bedside&#8221;<br \/>\nBanc d&#8217;Espanya &#8211; Programa de deu ajuts per a estudis en economia i finances, curs 2026-2027<br \/>\nTalents e-Learning [&#8230;]<\/p>\n","protected":false},"author":53,"featured_media":0,"parent":22,"menu_order":80,"comment_status":"closed","ping_status":"open","template":"","meta":{"ngg_post_thumbnail":0,"_links_to":"","_links_to_target":""},"_links":{"self":[{"href":"https:\/\/estudios.umh.es\/ca\/wp-json\/wp\/v2\/pages\/1816"}],"collection":[{"href":"https:\/\/estudios.umh.es\/ca\/wp-json\/wp\/v2\/pages"}],"about":[{"href":"https:\/\/estudios.umh.es\/ca\/wp-json\/wp\/v2\/types\/page"}],"author":[{"embeddable":true,"href":"https:\/\/estudios.umh.es\/ca\/wp-json\/wp\/v2\/users\/53"}],"replies":[{"embeddable":true,"href":"https:\/\/estudios.umh.es\/ca\/wp-json\/wp\/v2\/comments?post=1816"}],"version-history":[{"count":0,"href":"https:\/\/estudios.umh.es\/ca\/wp-json\/wp\/v2\/pages\/1816\/revisions"}],"up":[{"embeddable":true,"href":"https:\/\/estudios.umh.es\/ca\/wp-json\/wp\/v2\/pages\/22"}],"wp:attachment":[{"href":"https:\/\/estudios.umh.es\/ca\/wp-json\/wp\/v2\/media?parent=1816"}],"curies":[{"name":"wp","href":"https:\/\/api.w.org\/{rel}","templated":true}]}}