{"id":1869,"date":"2015-06-24T10:43:03","date_gmt":"2015-06-24T10:43:03","guid":{"rendered":"http:\/\/estudios.umh.es\/?page_id=1869"},"modified":"2023-05-03T09:57:13","modified_gmt":"2023-05-03T07:57:13","slug":"criterios-de-permanencia","status":"publish","type":"page","link":"https:\/\/estudios.umh.es\/ca\/criterios-de-permanencia\/","title":{"rendered":"INFORMACI\u00d3 SOBRE ELS CRITERIS DE PERMAN\u00c8NCIA I PROGR\u00c9S EN GRAU I M\u00c0STER UNIVERSITARI"},"content":{"rendered":"<p><\/p>\n<h4><b><\/b>T\u00cdTOLS DE GRAU<\/h4>\n<ul>\n<li><strong>Estudiantat de nou ingr\u00e9s.<\/strong>\n<ul>\n<li>Requisits: S&#8217;ha de superar com a m\u00ednim 6 cr\u00e8dits.<\/li>\n<li>Conseq\u00fc\u00e8ncies de l&#8217;incompliment: nom\u00e9s podr\u00e0s realitzar una nova matr\u00edcula en el mateix t\u00edtol i en el mateix centre per una sola vegada pr\u00e8via autoritzaci\u00f3 del Rector o Rectora acreditant una causa justificada.<\/li>\n<li>Les assignatures reconegudes no es consideren assignatures superades. \u00c9s a dir, s&#8217;ha de superar almenys una assignatura.<\/li>\n<\/ul>\n<\/li>\n<li><strong>Estudiantat matriculat per segona vegada o posterior en un mateix grau.<\/strong>\n<ul>\n<li>Requisits: Superar com a m\u00ednim, entre el curs en el qual est\u00e0s matriculat i el seg\u00fcent, el 50% dels cr\u00e8dits matriculats; o b\u00e9, el 75% en el curs seg\u00fcent. Nota: El reconeixement de cr\u00e8dits no comptabilitza per al c\u00e0lcul dels cr\u00e8dits exigits.<\/li>\n<li>Conseq\u00fc\u00e8ncies de l&#8217;incompliment:\n<ul>\n<li>Estudiantat a temps complet (estar matriculat entre m\u00e9s de 36 i 78 cr\u00e8dits i entre 49 i 90 cr\u00e8dits en el cas de l&#8217;estudiantat matriculat en un programa de doble titulaci\u00f3): nom\u00e9s podr\u00e0s matricular-te en els dos cursos seg\u00fcents a temps parcial. Nota: Podries matricular-te a temps complet sempre que superes el 75% dels cr\u00e8dits matriculats en el primer any d&#8217;estar matriculat a temps parcial.<\/li>\n<li>Estudiantat a temps parcial (estar matriculat entre 12 i 36 cr\u00e8dits i entre 18 i 48 cr\u00e8dits en el cas de l&#8217;estudiantat matriculat en un programa de doble titulaci\u00f3): En aquesta situaci\u00f3, si no compleixes els requisits indicats haur\u00e0s d&#8217;abandonar els estudis corresponents, podent iniciar altres estudis universitaris en aquesta o una altra universitat o b\u00e9, transcorreguts un curs acad\u00e8mic des de l&#8217;aband\u00f3, continuar amb els estudis que hagueres iniciat.<\/li>\n<\/ul>\n<\/li>\n<\/ul>\n<\/li>\n<\/ul>\n<h4>T\u00cdTOLS&nbsp;DE M\u00c0STER<\/h4>\n<ul>\n<li><strong>Estudiantat de nou ingr\u00e9s.<\/strong>\n<ul>\n<li>Requisits: S&#8217;ha de superar com a m\u00ednim 6 cr\u00e8dits.<\/li>\n<li>Conseq\u00fc\u00e8ncies de l&#8217;incompliment: nom\u00e9s podr\u00e0s realitzar una nova matr\u00edcula en el mateix t\u00edtol i en el mateix centre per una sola vegada pr\u00e8via autoritzaci\u00f3 del Rector o Rectora acreditant una causa justificada.<\/li>\n<\/ul>\n<\/li>\n<li><strong>Estudiantat matriculat per segona vegada o posterior en un mateix m\u00e0ster universitari.<\/strong>\n<ul>\n<li>Requisits: Superar com a m\u00ednim, entre el curs en el qual est\u00e0s matriculat i el seg\u00fcent, el 50% dels cr\u00e8dits matriculats; o b\u00e9, el 75% en el curs seg\u00fcent. Nota: El reconeixement de cr\u00e8dits no comptabilitza per al c\u00e0lcul dels cr\u00e8dits exigits.<\/li>\n<li>Conseq\u00fc\u00e8ncies de l&#8217;incompliment:\n<ul>\n<li>Estudiantat a temps complet (estar matriculat entre m\u00e9s de 30 i 72 cr\u00e8dits): nom\u00e9s podr\u00e0s matricular-te en els dos cursos seg\u00fcents a temps parcial.<\/li>\n<li>Estudiantat a temps parcial (estar matriculat entre 18 i 30 cr\u00e8dits): haur\u00e0s d&#8217;abandonar els estudis. Posteriorment pots iniciar altres estudis en aquesta o una altra universitat, amb subjecci\u00f3 al procediment general d&#8217;ingr\u00e9s legalment establit o b\u00e9 continuar els mateixos estudis despr\u00e9s de transcorreguts un curs acad\u00e8mic.<\/li>\n<\/ul>\n<\/li>\n<\/ul>\n<\/li>\n<\/ul>\n<h4 style=\"text-align: justify\">Estudiantat amb discapacitat, necessitats espec\u00edfiques de suport educatiu i circumst\u00e0ncies personals de car\u00e0cter excepcional.<\/h4>\n<ol>\n<li>Totes aquestes situacions podran ser causa d&#8217;exempci\u00f3 total o parcial del compliment de les normes de progr\u00e9s i perman\u00e8ncia acreditant documentalment aquestes situacions.<\/li>\n<li>El Rector o la Rectora, resoldr\u00e0 les sol\u00b7licituds presentades sobre aquest tema per l&#8217;estudiantat.<\/li>\n<\/ol>\n<ul>\n<li>\n<h4>Normativa<\/h4>\n<p>La <a href=\"https:\/\/estudios.umh.es\/files\/2021\/12\/Normativa-progreso-y-permanencia_UMH_cast_Consolidada.pdf\" target=\"_blank\" rel=\"noopener\">Normativa de progr\u00e9s i perman\u00e8ncia de la UMH.PDF.217kB<img loading=\"lazy\" class=\"alignnone wp-image-31436 size-full\" src=\"https:\/\/estudios.umh.es\/files\/2021\/11\/abre-en-nueva-ventana.png\" alt=\"(abre en nueva ventana)\" width=\"15\" height=\"15\"><\/a> va comen\u00e7ar a aplicar-se a partir del curs 2015\/2016<b>.<\/b><\/li>\n<\/ul>\n<p><\/p>","protected":false},"excerpt":{"rendered":"<p>T\u00cdTOLS DE GRAU<\/p>\n<p>Estudiantat de nou ingr\u00e9s.<\/p>\n<p>Requisits: S&#8217;ha de superar com a m\u00ednim 6 cr\u00e8dits.<br \/>\nConseq\u00fc\u00e8ncies de l&#8217;incompliment: nom\u00e9s podr\u00e0s realitzar una nova matr\u00edcula en el mateix t\u00edtol i en el mateix centre per una sola vegada pr\u00e8via autoritzaci\u00f3 del Rector o Rectora acreditant una causa justificada.<br \/>\nLes assignatures reconegudes no es consideren assignatures superades. \u00c9s a dir, [&#8230;]<\/p>\n","protected":false},"author":9,"featured_media":0,"parent":0,"menu_order":22,"comment_status":"closed","ping_status":"open","template":"","meta":{"ngg_post_thumbnail":0,"_links_to":"","_links_to_target":""},"_links":{"self":[{"href":"https:\/\/estudios.umh.es\/ca\/wp-json\/wp\/v2\/pages\/1869"}],"collection":[{"href":"https:\/\/estudios.umh.es\/ca\/wp-json\/wp\/v2\/pages"}],"about":[{"href":"https:\/\/estudios.umh.es\/ca\/wp-json\/wp\/v2\/types\/page"}],"author":[{"embeddable":true,"href":"https:\/\/estudios.umh.es\/ca\/wp-json\/wp\/v2\/users\/9"}],"replies":[{"embeddable":true,"href":"https:\/\/estudios.umh.es\/ca\/wp-json\/wp\/v2\/comments?post=1869"}],"version-history":[{"count":0,"href":"https:\/\/estudios.umh.es\/ca\/wp-json\/wp\/v2\/pages\/1869\/revisions"}],"wp:attachment":[{"href":"https:\/\/estudios.umh.es\/ca\/wp-json\/wp\/v2\/media?parent=1869"}],"curies":[{"name":"wp","href":"https:\/\/api.w.org\/{rel}","templated":true}]}}