{"id":18719,"date":"2024-12-20T10:42:46","date_gmt":"2024-12-20T09:42:46","guid":{"rendered":"https:\/\/estudios.umh.es\/?page_id=18719"},"modified":"2026-03-31T11:01:48","modified_gmt":"2026-03-31T09:01:48","slug":"politica-ambiental-de-la-umh","status":"publish","type":"page","link":"https:\/\/estudios.umh.es\/ca\/presentacion\/politica-ambiental-de-la-umh\/","title":{"rendered":"POL\u00cdTICA AMBIENTAL DE LA UMH"},"content":{"rendered":"<p>El Servei de Gesti\u00f3 d&#8217;Estudis de la UMH participa anualmente en el <a href=\"https:\/\/www.umhsostenible.com\/objetivos-ambientales\/\" target=\"_blank\" rel=\"noopener\">Programa d&#8217;Objectius Ambientals<\/a><a href=\"https:\/\/cartadeservicios.umh.es\/cartas_servicio\/gestionEstudios\/index.html\" target=\"_blank\" rel=\"noopener\"><img loading=\"lazy\" class=\"alignnone wp-image-31436 size-full\" src=\"https:\/\/estudios.umh.es\/files\/2021\/11\/abre-en-nueva-ventana.png\" alt=\"(abre en nueva ventana)\" width=\"15\" height=\"15\"><\/a> com a ferramenta per a la millora i el reconeixement de nostre comportament ambienta, i act\u00faa d&#8217;acord a la <a href=\"https:\/\/www.umhsostenible.com\/el-area-ambiental-y-desarrollo-sostenible-de-la-umh\/#politica\" target=\"_blank\" rel=\"noopener\">Pol\u00edtica Ambiental de la UMH<\/a><a href=\"https:\/\/cartadeservicios.umh.es\/cartas_servicio\/gestionEstudios\/index.html\" target=\"_blank\" rel=\"noopener\"><img loading=\"lazy\" class=\"alignnone wp-image-31436 size-full\" src=\"https:\/\/estudios.umh.es\/files\/2021\/11\/abre-en-nueva-ventana.png\" alt=\"(abre en nueva ventana)\" width=\"15\" height=\"15\"><\/a>, a qual arreplega els <strong>compromisos ambientals<\/strong> de la Universitat Miguel Hern\u00e1ndez d&#8217;Elx per a la millora del seu acompliment ambiental en les seues activitats de gesti\u00f3, investigaci\u00f3, transfer\u00e8ncia de coneixement i formaci\u00f3.<\/p>","protected":false},"excerpt":{"rendered":"<p>El Servei de Gesti\u00f3 d&#8217;Estudis de la UMH participa anualmente en el Programa d&#8217;Objectius Ambientals com a ferramenta per a la millora i el reconeixement de nostre comportament ambienta, i act\u00faa d&#8217;acord a la Pol\u00edtica Ambiental de la UMH, a qual arreplega els compromisos ambientals de la Universitat Miguel Hern\u00e1ndez d&#8217;Elx per a la millora [&#8230;]<\/p>\n","protected":false},"author":9,"featured_media":0,"parent":166,"menu_order":56,"comment_status":"closed","ping_status":"closed","template":"","meta":{"ngg_post_thumbnail":0,"_links_to":"","_links_to_target":""},"_links":{"self":[{"href":"https:\/\/estudios.umh.es\/ca\/wp-json\/wp\/v2\/pages\/18719"}],"collection":[{"href":"https:\/\/estudios.umh.es\/ca\/wp-json\/wp\/v2\/pages"}],"about":[{"href":"https:\/\/estudios.umh.es\/ca\/wp-json\/wp\/v2\/types\/page"}],"author":[{"embeddable":true,"href":"https:\/\/estudios.umh.es\/ca\/wp-json\/wp\/v2\/users\/9"}],"replies":[{"embeddable":true,"href":"https:\/\/estudios.umh.es\/ca\/wp-json\/wp\/v2\/comments?post=18719"}],"version-history":[{"count":0,"href":"https:\/\/estudios.umh.es\/ca\/wp-json\/wp\/v2\/pages\/18719\/revisions"}],"up":[{"embeddable":true,"href":"https:\/\/estudios.umh.es\/ca\/wp-json\/wp\/v2\/pages\/166"}],"wp:attachment":[{"href":"https:\/\/estudios.umh.es\/ca\/wp-json\/wp\/v2\/media?parent=18719"}],"curies":[{"name":"wp","href":"https:\/\/api.w.org\/{rel}","templated":true}]}}