{"id":18954,"date":"2025-01-28T13:12:55","date_gmt":"2025-01-28T12:12:55","guid":{"rendered":"https:\/\/estudios.umh.es\/?page_id=18954"},"modified":"2026-02-16T12:25:23","modified_gmt":"2026-02-16T11:25:23","slug":"exposicion-publica","status":"publish","type":"page","link":"https:\/\/estudios.umh.es\/ca\/exposicion-publica\/","title":{"rendered":"CONSULTA P\u00daBLICA"},"content":{"rendered":"<p>En este espai es pot consultar les seg\u00fcents propostes d&#8217;implantaci\u00f3 de t\u00edtols universitaris.<\/p>\n<p>D&#8217;acord amb el procediment establit sol est\u00e0 accessible als directors o directores de departament i a la delegada general d&#8217;estudiants.<\/p>\n<ul>\n<li>Grau en&nbsp;Educaci\u00f3 Social.\n<ul>\n<li>Data inicie d&#8217;exposici\u00f3: 3 de setembre de 2025 a les 12:00 h.<\/li>\n<li>Data fi d&#8217;exposici\u00f3: 12 de setembre de 2025 a les 12:00 h.<\/li>\n<\/ul>\n<\/li>\n<li>Grau en Enginyeria en Tecnologies Industrials.\n<ul>\n<li>Data inicie d&#8217;exposici\u00f3: 6 de febrer de 2025<\/li>\n<li>Data fi d&#8217;exposici\u00f3: 12 de febrer de 2025 a les 12:00 h.<\/li>\n<\/ul>\n<\/li>\n<li>Grau en Infermeria\n<ul>\n<li>Data inicie d&#8217;exposici\u00f3: 7 de febrer de 2025<\/li>\n<li>Data fi d&#8217;exposici\u00f3: 13 de febrer de 2025 a les 12:00 h.<\/li>\n<\/ul>\n<\/li>\n<\/ul>\n<p><\/p>","protected":false},"excerpt":{"rendered":"<p>En este espai es pot consultar les seg\u00fcents propostes d&#8217;implantaci\u00f3 de t\u00edtols universitaris.<br \/>\nD&#8217;acord amb el procediment establit sol est\u00e0 accessible als directors o directores de departament i a la delegada general d&#8217;estudiants.<\/p>\n<p>Grau en&nbsp;Educaci\u00f3 Social.<\/p>\n<p>Data inicie d&#8217;exposici\u00f3: 3 de setembre de 2025 a les 12:00 h.<br \/>\nData fi d&#8217;exposici\u00f3: 12 de setembre de 2025 a les 12:00 [&#8230;]<\/p>\n","protected":false},"author":21955,"featured_media":0,"parent":0,"menu_order":95,"comment_status":"closed","ping_status":"closed","template":"","meta":{"ngg_post_thumbnail":0,"_links_to":"","_links_to_target":""},"_links":{"self":[{"href":"https:\/\/estudios.umh.es\/ca\/wp-json\/wp\/v2\/pages\/18954"}],"collection":[{"href":"https:\/\/estudios.umh.es\/ca\/wp-json\/wp\/v2\/pages"}],"about":[{"href":"https:\/\/estudios.umh.es\/ca\/wp-json\/wp\/v2\/types\/page"}],"author":[{"embeddable":true,"href":"https:\/\/estudios.umh.es\/ca\/wp-json\/wp\/v2\/users\/21955"}],"replies":[{"embeddable":true,"href":"https:\/\/estudios.umh.es\/ca\/wp-json\/wp\/v2\/comments?post=18954"}],"version-history":[{"count":0,"href":"https:\/\/estudios.umh.es\/ca\/wp-json\/wp\/v2\/pages\/18954\/revisions"}],"wp:attachment":[{"href":"https:\/\/estudios.umh.es\/ca\/wp-json\/wp\/v2\/media?parent=18954"}],"curies":[{"name":"wp","href":"https:\/\/api.w.org\/{rel}","templated":true}]}}