{"id":190,"date":"2014-04-09T10:47:01","date_gmt":"2014-04-09T10:47:01","guid":{"rendered":"http:\/\/estudios.zeus.umh.es\/?page_id=190"},"modified":"2026-03-24T12:03:34","modified_gmt":"2026-03-24T11:03:34","slug":"carta-de-servicios-2","status":"publish","type":"page","link":"https:\/\/estudios.umh.es\/ca\/presentacion\/carta-de-servicios-2\/","title":{"rendered":"CARTA DE SERVEIS"},"content":{"rendered":"<p>La Carta de Servei \u00e9s una ferramenta utilitzada per les Administracions P\u00fabliques i les empreses per a comunicar p\u00fablicament als seus usuaris:<\/p>\n<ul>\n<li>Els servicis que oferixen<\/li>\n<li>Els compromisos que assumixen en la prestaci\u00f3 dels seus servicis<\/li>\n<li>Els drets i obligacions que els assistixen<\/li>\n<\/ul>\n<p>L&#8217;establiment d&#8217;estos compromisos \u00e9s una mesura de responsabilitat social amb la qual ens comprometem a mantindre el nostre nivell de qualitat.<\/p>\n<p>Consulte a\u00e7\u00ed la <a href=\"https:\/\/cartadeservicios.umh.es\/cartas_servicio\/gestionEstudios\/index.html#p=1\" target=\"_blank\" rel=\"noopener\">Carta de Servei (versi\u00f3 en castell\u00e0)<\/a><img src=\"https:\/\/estudios.umh.es\/files\/2021\/11\/abre-en-nueva-ventana.png\" alt=\"(abre en nueva ventana)\"> del Servei de Gesti\u00f3 d&#8217;Estudis.<\/p>\n<p>&nbsp;<\/p>","protected":false},"excerpt":{"rendered":"<p>La Carta de Servei \u00e9s una ferramenta utilitzada per les Administracions P\u00fabliques i les empreses per a comunicar p\u00fablicament als seus usuaris:<\/p>\n<p>Els servicis que oferixen<br \/>\nEls compromisos que assumixen en la prestaci\u00f3 dels seus servicis<br \/>\nEls drets i obligacions que els assistixen<\/p>\n<p>L&#8217;establiment d&#8217;estos compromisos \u00e9s una mesura de responsabilitat social amb la qual ens comprometem a mantindre [&#8230;]<\/p>\n","protected":false},"author":10,"featured_media":0,"parent":166,"menu_order":30,"comment_status":"closed","ping_status":"open","template":"","meta":{"ngg_post_thumbnail":0,"_links_to":"","_links_to_target":""},"_links":{"self":[{"href":"https:\/\/estudios.umh.es\/ca\/wp-json\/wp\/v2\/pages\/190"}],"collection":[{"href":"https:\/\/estudios.umh.es\/ca\/wp-json\/wp\/v2\/pages"}],"about":[{"href":"https:\/\/estudios.umh.es\/ca\/wp-json\/wp\/v2\/types\/page"}],"author":[{"embeddable":true,"href":"https:\/\/estudios.umh.es\/ca\/wp-json\/wp\/v2\/users\/10"}],"replies":[{"embeddable":true,"href":"https:\/\/estudios.umh.es\/ca\/wp-json\/wp\/v2\/comments?post=190"}],"version-history":[{"count":0,"href":"https:\/\/estudios.umh.es\/ca\/wp-json\/wp\/v2\/pages\/190\/revisions"}],"up":[{"embeddable":true,"href":"https:\/\/estudios.umh.es\/ca\/wp-json\/wp\/v2\/pages\/166"}],"wp:attachment":[{"href":"https:\/\/estudios.umh.es\/ca\/wp-json\/wp\/v2\/media?parent=190"}],"curies":[{"name":"wp","href":"https:\/\/api.w.org\/{rel}","templated":true}]}}