{"id":19050,"date":"2025-02-06T13:57:31","date_gmt":"2025-02-06T12:57:31","guid":{"rendered":"https:\/\/estudios.umh.es\/?page_id=19050"},"modified":"2026-02-17T10:49:24","modified_gmt":"2026-02-17T09:49:24","slug":"beca-santander-excelencia-360o","status":"publish","type":"page","link":"https:\/\/estudios.umh.es\/ca\/beca-santander-excelencia-360o\/","title":{"rendered":"Beca Santander Excel\u00b7l\u00e8ncia 360\u00ba"},"content":{"rendered":"<p><\/p>\n<h2><span dir=\"auto\" style=\"vertical-align: inherit\"><span dir=\"auto\" style=\"vertical-align: inherit\">Beca Santander Excel\u00b7l\u00e8ncia 360\u00ba<\/span><\/span><\/h2>\n<p><span dir=\"auto\" style=\"vertical-align: inherit\"><span dir=\"auto\" style=\"vertical-align: inherit\">El Banc de Santander en col\u00b7laboraci\u00f3 amb les universitats espanyoles, ha convocat la beca Santander Excel\u00b7l\u00e8ncia 360 \u00ba.<\/span><\/span><\/p>\n<p><span dir=\"auto\" style=\"vertical-align: inherit\"><span dir=\"auto\" style=\"vertical-align: inherit\">A la Universitat Miguel Hern\u00e1ndez d&#8217;Elx correspon una \u00fanica beca per import de 12.000\u20ac.<\/span><\/span><\/p>\n<p><span dir=\"auto\" style=\"vertical-align: inherit\"><span dir=\"auto\" style=\"vertical-align: inherit\">El Programa Beques Santander Excel\u00b7l\u00e8ncia 360\u00ba t\u00e9 com a objectiu premiar el talent universitari, reconeixent el m\u00e8rit acad\u00e8mic i la participaci\u00f3 activa a la vida universit\u00e0ria dels estudiants matriculats en un grau de les universitats espanyoles participants. S&#8217;atorgaran fins a un m\u00e0xim de 77 beques de 12.000 euros cadascuna en reconeixement a l&#8217;excel\u00b7l\u00e8ncia acad\u00e8mica i la formaci\u00f3 integral durant el curs en qu\u00e8 l&#8217;alumne estigui matriculat en el moment de l&#8217;adjudicaci\u00f3 de les ajudes.<\/span><\/span><\/p>\n<h3><span dir=\"auto\" style=\"vertical-align: inherit\"><span dir=\"auto\" style=\"vertical-align: inherit\">CURS 2025\/2026<\/span><\/span><\/h3>\n<p><a href=\"https:\/\/boumh.umh.es\/files\/2026\/02\/RR_00430_2026.pdf\"><span dir=\"auto\" style=\"vertical-align: inherit\"><span dir=\"auto\" style=\"vertical-align: inherit\">Resoluci\u00f3 Rectoral per la qual s&#8217;aprova i fa p\u00fablic el procediment d&#8217;adjudicaci\u00f3 d&#8217;una beca del Programa de Beques Santander Excel\u00b7l\u00e8ncia 360\u00e8 curs 2025\/2026. 1.515 KB. PDF<\/span><\/span><\/a><\/p>\n<p><span dir=\"auto\" style=\"vertical-align: inherit\"><span dir=\"auto\" style=\"vertical-align: inherit\">Accedeix a la <\/span><\/span><a href=\"https:\/\/app.santanderopenacademy.com\/es\/program\/excelencia-360o-2026\"><span dir=\"auto\" style=\"vertical-align: inherit\"><span dir=\"auto\" style=\"vertical-align: inherit\">sol\u00b7licitud<\/span><\/span><\/a><\/p>\n<p><span dir=\"auto\" style=\"vertical-align: inherit\"><span dir=\"auto\" style=\"vertical-align: inherit\">Termini de presentaci\u00f3 de sol\u00b7licituds: Del 3 de febrer al 7 de maig de 2026<\/span><\/span><\/p>\n<p><span dir=\"auto\" style=\"vertical-align: inherit\"><span dir=\"auto\" style=\"vertical-align: inherit\">A m\u00e9s dels requisits generals establerts pel Banc de Santander a la seva convocat\u00f2ria, per a la resoluci\u00f3 de la beca es tindran en compte una s\u00e8rie de requisits espec\u00edfics fixats per la UMH.&nbsp;<\/span><\/span><\/p>\n<h3><span dir=\"auto\" style=\"vertical-align: inherit\"><span dir=\"auto\" style=\"vertical-align: inherit\">CURS 2024\/2025<\/span><\/span><\/h3>\n<p><a href=\"https:\/\/boumh.umh.es\/files\/2025\/04\/RR_00950_2025.pdf\"><span dir=\"auto\" style=\"vertical-align: inherit\"><span dir=\"auto\" style=\"vertical-align: inherit\">Resoluci\u00f3 Rectoral 00950\/2025, de 16 d&#8217;abril, per la qual es convoca una beca del Programa de Beques Santander Excel\u00b7l\u00e8ncia 360 \u00ba per a estudiants matriculats en titulacions de grau de la Universitat Miguel Hern\u00e1ndez d&#8217;Elx per al curs 2024\/2025. 1.21 MB. PDF<\/span><\/span><\/a><\/p>\n<p><a href=\"http:\/\/Resoluci\u00f3n Rectoral 00973\/2025, de 17 de abril, correcci\u00f3n de errores a la Resoluci\u00f3n Rectoral por la que se publica la convocatoria de una beca del Programa de Becas Santander Excelencia 360 \u00b0 para estudiantes matriculados en titulaciones de grado de la Universidad Miguel Hern\u00e1ndez de Elche para el curso 2024\/2025.\"><span dir=\"auto\" style=\"vertical-align: inherit\"><span dir=\"auto\" style=\"vertical-align: inherit\">Resoluci\u00f3 Rectoral 00973\/2025, de 17 d&#8217;abril, correcci\u00f3 d&#8217;errades a la Resoluci\u00f3 Rectoral per la qual es publica la convocat\u00f2ria d&#8217;una beca del Programa de Beques Santander Excel\u00b7l\u00e8ncia 360\u00b0 per a estudiants matriculats en titulacions de grau de la Universitat Miguel Hern\u00e1ndez d&#8217;Elx per al curs 2024\/2025. 4.53 KB. PDF<\/span><\/span><\/a><\/p>\n<p><span dir=\"auto\" style=\"vertical-align: inherit\"><span dir=\"auto\" style=\"vertical-align: inherit\">Accedeix a la <\/span><\/span><a href=\"https:\/\/app.santanderopenacademy.com\/es\/program\/excelencia-360o-2025\"><span dir=\"auto\" style=\"vertical-align: inherit\"><span dir=\"auto\" style=\"vertical-align: inherit\">sol\u00b7licitud<\/span><\/span><\/a><\/p>\n<p><span dir=\"auto\" style=\"vertical-align: inherit\"><span dir=\"auto\" style=\"vertical-align: inherit\">Termini de presentaci\u00f3 de sol\u00b7licituds: De l&#8217;1 de febrer al 15 de maig del 2025&nbsp;<\/span><\/span><\/p>\n<p><span dir=\"auto\" style=\"vertical-align: inherit\"><span dir=\"auto\" style=\"vertical-align: inherit\">A m\u00e9s dels requisits generals establerts pel Banc de Santander a la seva convocat\u00f2ria, per a la resoluci\u00f3 de la beca es tindran en compte una s\u00e8rie de <\/span><\/span><a href=\"https:\/\/estudios.umh.es\/requisitos-especificos-umh\/\"><span dir=\"auto\" style=\"vertical-align: inherit\"><span dir=\"auto\" style=\"vertical-align: inherit\">requisits espec\u00edfics fixats per la UMH.&nbsp;<\/span><\/span><\/a><\/p>\n<p><a href=\"https:\/\/boumh.umh.es\/files\/2025\/05\/ES_U05500001_2025_DOCH-0000000000000000000156150.pdf\"><span dir=\"auto\" style=\"vertical-align: inherit\"><span dir=\"auto\" style=\"vertical-align: inherit\">Llistat provisional de persones admeses i excloses de la convocat\u00f2ria del Programa de Beques Santander Excel\u00b7l\u00e8ncia 360 \u00ba per a estudiants matriculats en titulacions de grau de la Universitat Miguel Hern\u00e1ndez d&#8217;Elx per al curs 2024-2025. 1.13 MB<\/span><\/span><\/a><\/p>\n<p><a href=\"https:\/\/boumh.umh.es\/files\/2025\/06\/ES_U05500001_2025_DOCH-0000000000000000000184892.pdf\"><span dir=\"auto\" style=\"vertical-align: inherit\"><span dir=\"auto\" style=\"vertical-align: inherit\">Proposta de concessi\u00f3 provisional de la convocat\u00f2ria del Programa de Beques Santander Excel\u00b7l\u00e8ncia 360\u00ba. PDF 899 KB<\/span><\/span><\/a><\/p>\n<p><a href=\"https:\/\/boumh.umh.es\/files\/2025\/06\/RR_01567_2025.pdf\"><span dir=\"auto\" style=\"vertical-align: inherit\"><span dir=\"auto\" style=\"vertical-align: inherit\">Resoluci\u00f3 Rectoral 01567\/2025, de 16 de juny, per la qual es concedeixen o deneguen les Beques Santander Excel\u00b7l\u00e8ncia 360\u00ba per a estudiants matriculats en titulacions de grau de la Universitat Miguel Hern\u00e1ndez d&#8217;Elx per al curs 2024\/2025. PDF 763.46 KB<\/span><\/span><\/a><\/p>","protected":false},"excerpt":{"rendered":"<p>Beca Santander Excel\u00b7l\u00e8ncia 360\u00ba<br \/>\nEl Banc de Santander en col\u00b7laboraci\u00f3 amb les universitats espanyoles, ha convocat la beca Santander Excel\u00b7l\u00e8ncia 360 \u00ba.<br \/>\nA la Universitat Miguel Hern\u00e1ndez d&#8217;Elx correspon una \u00fanica beca per import de 12.000\u20ac.<br \/>\nEl Programa Beques Santander Excel\u00b7l\u00e8ncia 360\u00ba t\u00e9 com a objectiu premiar el talent universitari, reconeixent el m\u00e8rit acad\u00e8mic i la participaci\u00f3 activa [&#8230;]<\/p>\n","protected":false},"author":10,"featured_media":0,"parent":0,"menu_order":0,"comment_status":"closed","ping_status":"closed","template":"","meta":{"ngg_post_thumbnail":0,"_links_to":"","_links_to_target":""},"_links":{"self":[{"href":"https:\/\/estudios.umh.es\/ca\/wp-json\/wp\/v2\/pages\/19050"}],"collection":[{"href":"https:\/\/estudios.umh.es\/ca\/wp-json\/wp\/v2\/pages"}],"about":[{"href":"https:\/\/estudios.umh.es\/ca\/wp-json\/wp\/v2\/types\/page"}],"author":[{"embeddable":true,"href":"https:\/\/estudios.umh.es\/ca\/wp-json\/wp\/v2\/users\/10"}],"replies":[{"embeddable":true,"href":"https:\/\/estudios.umh.es\/ca\/wp-json\/wp\/v2\/comments?post=19050"}],"version-history":[{"count":0,"href":"https:\/\/estudios.umh.es\/ca\/wp-json\/wp\/v2\/pages\/19050\/revisions"}],"wp:attachment":[{"href":"https:\/\/estudios.umh.es\/ca\/wp-json\/wp\/v2\/media?parent=19050"}],"curies":[{"name":"wp","href":"https:\/\/api.w.org\/{rel}","templated":true}]}}