{"id":191,"date":"2014-04-09T10:55:36","date_gmt":"2014-04-09T10:55:36","guid":{"rendered":"http:\/\/estudios.zeus.umh.es\/?page_id=191"},"modified":"2026-03-25T15:10:55","modified_gmt":"2026-03-25T14:10:55","slug":"estudios-propios","status":"publish","type":"page","link":"https:\/\/estudios.umh.es\/ca\/presentacion\/normativas\/estudios-propios\/","title":{"rendered":"ENSENYAMENTS DE FORMACI\u00d3 PERMANENT"},"content":{"rendered":"<p>Els estudis propis de la Universitat Miguel Hern\u00e1ndez d&#8217;Elx es regixen per la seg\u00fcent normativa.<\/p>\n<ul>\n<li style=\"list-style-type: none\">\n<ul>\n<li><a href=\"https:\/\/estudios.umh.es\/files\/2023\/07\/RCOGO-174-23-Not-acu.-Normativa-de-Ensenanzas-de-Formacion-Permanente.pdf\" target=\"_blank\" rel=\"noopener\">Normativa d&#8217;Ensenyaments de Formaci\u00f3 Permanent.PDF.460Kb<\/a><a href=\"https:\/\/estudios.umh.es\/files\/2019\/05\/10959_BOUMH-RS-262_19-COGO-NOT.-ACUER.-CONSEJO-DE-GOBIERNO-GERENTE-MODIFICACION-PRECIOS-P\u00daBLICOS.pdf\" target=\"_blank\" rel=\"noopener noreferrer\"><img loading=\"lazy\" class=\"alignnone wp-image-31436 \" src=\"https:\/\/estudios.umh.es\/files\/2021\/11\/abre-en-nueva-ventana.png\" alt=\"(abre en nueva ventana)\" width=\"15\" height=\"15\"><\/a><\/li>\n<li><a href=\"https:\/\/estudios.umh.es\/files\/2026\/03\/Anexo-N-X_Normativa-Ensenanzas-Formacion-permanente_Acuerdos-Precios.pdf\" target=\"_blank\" rel=\"noopener\">Acord d&#8217;aprovaci\u00f3 de l&#8217;adaptaci\u00f3 de les Bases d&#8217;Execuci\u00f3 i Funcionament del Pressupost vigent, que actualitza el punt c) de l&#8217;ANNEX N-X &#8220;Normatives reguladores de T\u00edtols Propis i Activitats de Formaci\u00f3 Cont\u00ednua de la Universitat Miguel Hern\u00e1ndez d&#8217;Elx&#8221;.PDF.301Kb<\/a><a href=\"https:\/\/boumh.umh.es\/files\/2022\/07\/bil-RCOGO-186-22-Not-acu.-modificacion-reglamento-contratacion-vr.-Transferencia-e-Inter.-copia-autentica.pdf\" target=\"_blank\" rel=\"noopener\"><img src=\"https:\/\/estudios.umh.es\/files\/2021\/11\/abre-en-nueva-ventana.png\" alt=\"(abre en nueva ventana)\"><\/a><\/li>\n<li><a href=\"https:\/\/estudios.umh.es\/files\/2019\/05\/10959_BOUMH-RS-262_19-COGO-NOT.-ACUER.-CONSEJO-DE-GOBIERNO-GERENTE-MODIFICACION-PRECIOS-P\u00daBLICOS.pdf\" target=\"_blank\" rel=\"noopener noreferrer\">Criteris econ\u00f2mics del Consell Social sobre els estudis propis de la UMH. PDF.304Kb<img loading=\"lazy\" class=\"alignnone wp-image-31436 size-full\" src=\"https:\/\/estudios.umh.es\/files\/2021\/11\/abre-en-nueva-ventana.png\" alt=\"(abre en nueva ventana)\" width=\"15\" height=\"15\"> <\/a><\/li>\n<li><a href=\"https:\/\/www.boe.es\/buscar\/act.php?id=BOE-A-2021-15781\" target=\"_blank\" rel=\"noopener\">Reial Decret 822\/2021, de 28 de setembre, pel qual s&#8217;estableix l&#8217;organitzaci\u00f3 dels ensenyaments universitaris i del procediment d&#8217;assegurament de la seua qualitat (castell\u00e0).<img loading=\"lazy\" class=\"alignnone wp-image-31436 size-full\" src=\"https:\/\/estudios.umh.es\/files\/2021\/11\/abre-en-nueva-ventana.png\" alt=\"(abre en nueva ventana)\" width=\"15\" height=\"15\"><\/a><\/li>\n<li><a href=\"https:\/\/boumh.umh.es\/files\/2022\/07\/bil-RCOGO-186-22-Not-acu.-modificacion-reglamento-contratacion-vr.-Transferencia-e-Inter.-copia-autentica.pdf\" target=\"_blank\" rel=\"noopener\">Reglament per a la contractaci\u00f3 de treballs de car\u00e0cter cient\u00edfic, t\u00e8cnic o art\u00edstic i d&#8217;ensenyaments d&#8217;especialitzaci\u00f3 o activitats espec\u00edfiques de formaci\u00f3 de la Universitat Miguel Hern\u00e1ndez.PDF.460Kb.<img src=\"https:\/\/estudios.umh.es\/files\/2021\/11\/abre-en-nueva-ventana.png\" alt=\"(abre en nueva ventana)\"><\/a><\/li>\n<\/ul>\n<\/li>\n<\/ul>\n<p>&nbsp;<\/p>","protected":false},"excerpt":{"rendered":"<p>Els estudis propis de la Universitat Miguel Hern\u00e1ndez d&#8217;Elx es regixen per la seg\u00fcent normativa.<\/p>\n<p>Normativa d&#8217;Ensenyaments de Formaci\u00f3 Permanent.PDF.460Kb<br \/>\nAcord d&#8217;aprovaci\u00f3 de l&#8217;adaptaci\u00f3 de les Bases d&#8217;Execuci\u00f3 i Funcionament del Pressupost vigent, que actualitza el punt c) de l&#8217;ANNEX N-X &#8220;Normatives reguladores de T\u00edtols Propis i Activitats de Formaci\u00f3 Cont\u00ednua de la Universitat Miguel Hern\u00e1ndez d&#8217;Elx&#8221;.PDF.301Kb<br \/>\nCriteris [&#8230;]<\/p>\n","protected":false},"author":10,"featured_media":0,"parent":31,"menu_order":60,"comment_status":"closed","ping_status":"open","template":"","meta":{"ngg_post_thumbnail":0,"_links_to":"","_links_to_target":""},"_links":{"self":[{"href":"https:\/\/estudios.umh.es\/ca\/wp-json\/wp\/v2\/pages\/191"}],"collection":[{"href":"https:\/\/estudios.umh.es\/ca\/wp-json\/wp\/v2\/pages"}],"about":[{"href":"https:\/\/estudios.umh.es\/ca\/wp-json\/wp\/v2\/types\/page"}],"author":[{"embeddable":true,"href":"https:\/\/estudios.umh.es\/ca\/wp-json\/wp\/v2\/users\/10"}],"replies":[{"embeddable":true,"href":"https:\/\/estudios.umh.es\/ca\/wp-json\/wp\/v2\/comments?post=191"}],"version-history":[{"count":0,"href":"https:\/\/estudios.umh.es\/ca\/wp-json\/wp\/v2\/pages\/191\/revisions"}],"up":[{"embeddable":true,"href":"https:\/\/estudios.umh.es\/ca\/wp-json\/wp\/v2\/pages\/31"}],"wp:attachment":[{"href":"https:\/\/estudios.umh.es\/ca\/wp-json\/wp\/v2\/media?parent=191"}],"curies":[{"name":"wp","href":"https:\/\/api.w.org\/{rel}","templated":true}]}}