{"id":19101,"date":"2025-02-12T14:33:20","date_gmt":"2025-02-12T13:33:20","guid":{"rendered":"https:\/\/estudios.umh.es\/?page_id=19101"},"modified":"2026-02-17T17:25:53","modified_gmt":"2026-02-17T16:25:53","slug":"admision-condicionada-a-master-universitario","status":"publish","type":"page","link":"https:\/\/estudios.umh.es\/ca\/admision-condicionada-a-master-universitario\/","title":{"rendered":"ADMISSI\u00d3 CONDICIONADA EN M\u00c0STER"},"content":{"rendered":"<p><span dir=\"auto\" style=\"vertical-align: inherit\"><span dir=\"auto\" style=\"vertical-align: inherit\">En aquest v\u00eddeo podeu consultar informaci\u00f3 sobre l&#8217;admissi\u00f3 condicionada per a estudis de m\u00e0ster universitari:<\/span><\/span><\/p>\n<p><span dir=\"auto\" style=\"vertical-align: inherit\"><span dir=\"auto\" style=\"vertical-align: inherit\">[incrustat] https:\/\/www.youtube.com\/watch?v=OsfMtiHXgiU[\/incrustat]<\/span><\/span><\/p>\n<p>&nbsp;<\/p>\n<p><span dir=\"auto\" style=\"vertical-align: inherit\"><span dir=\"auto\" style=\"vertical-align: inherit\">El Reial decret 822\/2021, de 28 de setembre, permet l&#8217;acc\u00e9s als estudis de m\u00e0sters universitaris, a l&#8217;estudiantat que no hagi finalitzat els estudis de grau. Es relaciona a continuaci\u00f3 la informaci\u00f3 relativa a aquesta&nbsp; <\/span><\/span><strong><span dir=\"auto\" style=\"vertical-align: inherit\"><span dir=\"auto\" style=\"vertical-align: inherit\">admissi\u00f3 condicionada<\/span><\/span><\/strong><span dir=\"auto\" style=\"vertical-align: inherit\"><span dir=\"auto\" style=\"vertical-align: inherit\"> :<\/span><\/span><\/p>\n<ul>\n<li><span dir=\"auto\" style=\"vertical-align: inherit\"><span dir=\"auto\" style=\"vertical-align: inherit\">Podeu optar l&#8217;estudiantat de Grau d&#8217;una universitat espanyola o pertanyent a l&#8217;Espai Europeu d&#8217;Educaci\u00f3 Superior (EEES) que tingui pendents de superar el Treball de fi de grau (TFG) i com a m\u00e0xim fins a 9 cr\u00e8dits ECTS.<\/span><\/span><\/li>\n<li><span dir=\"auto\" style=\"vertical-align: inherit\"><span dir=\"auto\" style=\"vertical-align: inherit\">L&#8217;estudiantat que disposi de t\u00edtol universitari, tindr\u00e0 prioritat a la matr\u00edcula.<\/span><\/span><\/li>\n<li><span dir=\"auto\" style=\"vertical-align: inherit\"><span dir=\"auto\" style=\"vertical-align: inherit\">No podreu obtenir el t\u00edtol de M\u00e0ster si pr\u00e8viament no heu obtingut el t\u00edtol de Grau.<\/span><\/span><\/li>\n<li><span dir=\"auto\" style=\"vertical-align: inherit\"><span dir=\"auto\" style=\"vertical-align: inherit\">L&#8217;estudiantat ali\u00e8 a l&#8217;Espai Europeu d&#8217;Educaci\u00f3 Superior (EEES) no podr\u00e0 optar a l&#8217;admissi\u00f3 condicionada.<\/span><\/span><\/li>\n<\/ul>\n<p><span dir=\"auto\" style=\"vertical-align: inherit\"><span dir=\"auto\" style=\"vertical-align: inherit\">No es permetr\u00e0 l&#8217;admissi\u00f3 condicionada al M\u00e0ster Universitari en Advocacia i Procura. Finalitzat el per\u00edode d&#8217;esmena l&#8217;estudiantat que hagi sol\u00b7licitat l&#8217;admissi\u00f3 al m\u00e0ster esmentat i no hagi finalitzat el grau en dret, en quedar\u00e0 excl\u00f2s.<\/span><\/span><\/p>\n<p><strong><span dir=\"auto\" style=\"vertical-align: inherit\"><span dir=\"auto\" style=\"vertical-align: inherit\">Consideracions a tenir en compte:<\/span><\/span><\/strong><\/p>\n<p><span dir=\"auto\" style=\"vertical-align: inherit\"><span dir=\"auto\" style=\"vertical-align: inherit\">No heu d&#8217;aportar el t\u00edtol, ni el certificat acad\u00e8mic personal, amb aportar un extracte del vostre expedient \u00e9s suficient. Per\u00f2 un cop finalitzis i perqu\u00e8 es tingui en compte el teu acc\u00e9s com a estudiant titulat, haur\u00e0s d&#8217;aportar el resguard de dip\u00f2sit de t\u00edtol juntament amb el justificant de pagament de la taxa d&#8217;expedici\u00f3 del mateix i el certificat acad\u00e8mic personal.<\/span><\/span><\/p>\n<p><span dir=\"auto\" style=\"vertical-align: inherit\"><span dir=\"auto\" style=\"vertical-align: inherit\">L&#8217;estudiantat UMH haur\u00e0 d&#8217;aportar l&#8217;extracte d&#8217;expedient en qu\u00e8 estigui reflectida la data en qu\u00e8 ha pagat l&#8217;expedici\u00f3 del t\u00edtol de grau.<\/span><\/span><\/p>","protected":false},"excerpt":{"rendered":"<p>En aquest v\u00eddeo podeu consultar informaci\u00f3 sobre l&#8217;admissi\u00f3 condicionada per a estudis de m\u00e0ster universitari:<br \/>\n[incrustat] https:\/\/www.youtube.com\/watch?v=OsfMtiHXgiU[\/incrustat]<br \/>\n&nbsp;<br \/>\nEl Reial decret 822\/2021, de 28 de setembre, permet l&#8217;acc\u00e9s als estudis de m\u00e0sters universitaris, a l&#8217;estudiantat que no hagi finalitzat els estudis de grau. Es relaciona a continuaci\u00f3 la informaci\u00f3 relativa a aquesta&nbsp; admissi\u00f3 condicionada :<\/p>\n<p>Podeu optar l&#8217;estudiantat de [&#8230;]<\/p>\n","protected":false},"author":1607,"featured_media":0,"parent":0,"menu_order":0,"comment_status":"closed","ping_status":"closed","template":"","meta":{"ngg_post_thumbnail":0,"_links_to":"","_links_to_target":""},"_links":{"self":[{"href":"https:\/\/estudios.umh.es\/ca\/wp-json\/wp\/v2\/pages\/19101"}],"collection":[{"href":"https:\/\/estudios.umh.es\/ca\/wp-json\/wp\/v2\/pages"}],"about":[{"href":"https:\/\/estudios.umh.es\/ca\/wp-json\/wp\/v2\/types\/page"}],"author":[{"embeddable":true,"href":"https:\/\/estudios.umh.es\/ca\/wp-json\/wp\/v2\/users\/1607"}],"replies":[{"embeddable":true,"href":"https:\/\/estudios.umh.es\/ca\/wp-json\/wp\/v2\/comments?post=19101"}],"version-history":[{"count":0,"href":"https:\/\/estudios.umh.es\/ca\/wp-json\/wp\/v2\/pages\/19101\/revisions"}],"wp:attachment":[{"href":"https:\/\/estudios.umh.es\/ca\/wp-json\/wp\/v2\/media?parent=19101"}],"curies":[{"name":"wp","href":"https:\/\/api.w.org\/{rel}","templated":true}]}}