{"id":19132,"date":"2025-02-18T18:42:00","date_gmt":"2025-02-18T17:42:00","guid":{"rendered":"https:\/\/estudios.umh.es\/?page_id=19132"},"modified":"2025-02-18T18:42:00","modified_gmt":"2025-02-18T17:42:00","slug":"video-informativo-sobre-el-procedimiento-de-preinscripcion-estudiantado-extranjero-de-master","status":"publish","type":"page","link":"https:\/\/estudios.umh.es\/ca\/video-informativo-sobre-el-procedimiento-de-preinscripcion-estudiantado-extranjero-de-master\/","title":{"rendered":"<span lang=\"es\">(Espa\u00f1ol) V\u00cdDEO INFORMATIVO SOBRE EL PROCEDIMIENTO DE PREINSCRIPCI\u00d3N ESTUDIANTADO EXTRANJERO DE M\u00c1STER<\/span>"},"content":{"rendered":"<p class=\"qtranxs-available-languages-message qtranxs-available-languages-message-ca\">Ho sentim, aquesta entrada es troba disponible \u00fanicament en <a href=\"https:\/\/estudios.umh.es\/es\/wp-json\/wp\/v2\/pages\/19132\" class=\"qtranxs-available-language-link qtranxs-available-language-link-es\" title=\"Espa\u00f1ol\">Espanyol Europeu<\/a>.<\/p>","protected":false},"excerpt":{"rendered":"<p>Ho sentim, aquesta entrada es troba disponible \u00fanicament en Espanyol Europeu.<\/p>\n","protected":false},"author":1607,"featured_media":0,"parent":0,"menu_order":0,"comment_status":"closed","ping_status":"closed","template":"","meta":{"ngg_post_thumbnail":0,"_links_to":"","_links_to_target":""},"_links":{"self":[{"href":"https:\/\/estudios.umh.es\/ca\/wp-json\/wp\/v2\/pages\/19132"}],"collection":[{"href":"https:\/\/estudios.umh.es\/ca\/wp-json\/wp\/v2\/pages"}],"about":[{"href":"https:\/\/estudios.umh.es\/ca\/wp-json\/wp\/v2\/types\/page"}],"author":[{"embeddable":true,"href":"https:\/\/estudios.umh.es\/ca\/wp-json\/wp\/v2\/users\/1607"}],"replies":[{"embeddable":true,"href":"https:\/\/estudios.umh.es\/ca\/wp-json\/wp\/v2\/comments?post=19132"}],"version-history":[{"count":0,"href":"https:\/\/estudios.umh.es\/ca\/wp-json\/wp\/v2\/pages\/19132\/revisions"}],"wp:attachment":[{"href":"https:\/\/estudios.umh.es\/ca\/wp-json\/wp\/v2\/media?parent=19132"}],"curies":[{"name":"wp","href":"https:\/\/api.w.org\/{rel}","templated":true}]}}