{"id":19418,"date":"2025-04-01T08:47:23","date_gmt":"2025-04-01T06:47:23","guid":{"rendered":"https:\/\/estudios.umh.es\/?page_id=19418"},"modified":"2025-11-13T11:38:49","modified_gmt":"2025-11-13T10:38:49","slug":"actividades-universitarias-deportivas","status":"publish","type":"page","link":"https:\/\/estudios.umh.es\/ca\/actividades-universitarias-deportivas\/","title":{"rendered":"ACTIVITATS UNIVERSIT\u00c0RIES ESPORTIVES"},"content":{"rendered":"<p><\/p>\n<h3>Activitats Universit\u00e0ries Esportives<\/h3>\n<p>Les activitats universit\u00e0ries esportives que podran ser objecte de reconeixement de cr\u00e8dits seran proposades pel vicerectorat o c\u00e0rrec competent en mat\u00e8ria esportiva. Aix\u00ed mateix, ser\u00e0 objecte de reconeixement de cr\u00e8dits la participaci\u00f3 en equips esportius de la UMH.<\/p>\n<h3>Com s&#8217;acrediten?<\/h3>\n<p>Aportant certificat de l&#8217;\u00f2rgan de la UMH responsable de l&#8217;activitat en el qual figurar\u00e0 el nombre de cr\u00e8dits *ECTS que ser\u00e0 objecte de reconeixement.<\/p>\n<h3>Quins criteris se seguixen per a determinar el n\u00famero de cr\u00e8dits?<\/h3>\n<ul>\n<li style=\"list-style-type: none\">\n<ul>\n<li>0,5 ECTS per activitats amb una duraci\u00f3 igual o superior a 12,5 hores.<\/li>\n<li>Si l&#8217;activitat \u00e9s superior s&#8217;establir\u00e0 l&#8217;equival\u00e8ncia corresponent.<\/li>\n<li>No caben activitats amb una duraci\u00f3 menor a 10 hores.<\/li>\n<\/ul>\n<\/li>\n<\/ul>\n<h3>Cr\u00e9dits reconeguts d&#8217;acord amb l&#8217;\u00e0mbit de competici\u00f3:<\/h3>\n<ul>\n<li style=\"list-style-type: none\">\n<ul>\n<li style=\"list-style-type: none\">\n<ul>\n<li>Auton\u00f2mica o local: 1 ECTS<\/li>\n<li>Nacional: 1,5 ECTS<\/li>\n<li>Internacional: 2 ECTS<\/li>\n<\/ul>\n<\/li>\n<\/ul>\n<\/li>\n<\/ul>\n<p><\/p>","protected":false},"excerpt":{"rendered":"<p>Activitats Universit\u00e0ries Esportives<br \/>\nLes activitats universit\u00e0ries esportives que podran ser objecte de reconeixement de cr\u00e8dits seran proposades pel vicerectorat o c\u00e0rrec competent en mat\u00e8ria esportiva. Aix\u00ed mateix, ser\u00e0 objecte de reconeixement de cr\u00e8dits la participaci\u00f3 en equips esportius de la UMH.<br \/>\nCom s&#8217;acrediten?<br \/>\nAportant certificat de l&#8217;\u00f2rgan de la UMH responsable de l&#8217;activitat en el qual figurar\u00e0 el [&#8230;]<\/p>\n","protected":false},"author":21925,"featured_media":0,"parent":0,"menu_order":0,"comment_status":"closed","ping_status":"closed","template":"","meta":{"ngg_post_thumbnail":0,"_links_to":"","_links_to_target":""},"_links":{"self":[{"href":"https:\/\/estudios.umh.es\/ca\/wp-json\/wp\/v2\/pages\/19418"}],"collection":[{"href":"https:\/\/estudios.umh.es\/ca\/wp-json\/wp\/v2\/pages"}],"about":[{"href":"https:\/\/estudios.umh.es\/ca\/wp-json\/wp\/v2\/types\/page"}],"author":[{"embeddable":true,"href":"https:\/\/estudios.umh.es\/ca\/wp-json\/wp\/v2\/users\/21925"}],"replies":[{"embeddable":true,"href":"https:\/\/estudios.umh.es\/ca\/wp-json\/wp\/v2\/comments?post=19418"}],"version-history":[{"count":0,"href":"https:\/\/estudios.umh.es\/ca\/wp-json\/wp\/v2\/pages\/19418\/revisions"}],"wp:attachment":[{"href":"https:\/\/estudios.umh.es\/ca\/wp-json\/wp\/v2\/media?parent=19418"}],"curies":[{"name":"wp","href":"https:\/\/api.w.org\/{rel}","templated":true}]}}