{"id":19424,"date":"2025-03-31T14:25:00","date_gmt":"2025-03-31T12:25:00","guid":{"rendered":"https:\/\/estudios.umh.es\/?page_id=19424"},"modified":"2025-11-13T11:42:26","modified_gmt":"2025-11-13T10:42:26","slug":"actividades-de-representacion-estudiantil","status":"publish","type":"page","link":"https:\/\/estudios.umh.es\/ca\/actividades-de-representacion-estudiantil\/","title":{"rendered":"ACTIVITATS DE REPRESENTACI\u00d3 ESTUDIANTIL"},"content":{"rendered":"<p><\/p>\n<h3>Activitats de Representaci\u00f3 Estudiantil<\/h3>\n<p>Procedir\u00e0 el reconeixement de cr\u00e8dits per activitats de representaci\u00f3 estudiantil quan estes es corresponguen amb l&#8217;assumpci\u00f3 de c\u00e0rrecs de representaci\u00f3 estudiantil unipersonals, o per la seua pertinen\u00e7a a \u00f2rgans col\u00b7legiats de la UMH.<\/p>\n<h3>Com s&#8217;acrediten?<\/h3>\n<p>Aportant certificat de l&#8217;\u00f2rgan de la UMH responsable de l&#8217;activitat en el qual figurar\u00e0 el nombre de cr\u00e8dits ECTS que ser\u00e0 objecte de reconeixement.<\/p>\n<h3>Representaci\u00f3 estudiantil (n\u00fam. de ECTS per curs acad\u00e8mic):<\/h3>\n<ul>\n<li>Pertinen\u00e7a al Claustre: 1<\/li>\n<li>Pertinen\u00e7a al Consell de Govern: 1<\/li>\n<li>Pertinen\u00e7a al Consell Social: 1<\/li>\n<li>Delegat\/a de Grup: 1<\/li>\n<li>Subdelegat\/a de Grup: 0,5<\/li>\n<li>Delegat\/a de Centre: 1,5<\/li>\n<li>Vicedelegado\/a de Centre: 1<\/li>\n<li>Secretari\/a de Delegaci\u00f3 d&#8217;Estudiants de Centre: 1<\/li>\n<li>Delegat\/a de Departament: 0,5<\/li>\n<li>Delegat\/a General d&#8217;Estudiants: 3<\/li>\n<li>Vicedelegado\/a General d&#8217;Estudiants: 1,5<\/li>\n<li>Secretari\/a General de la Delegaci\u00f3 d&#8217;Estudiants: 1,5<\/li>\n<\/ul>\n<p><\/p>","protected":false},"excerpt":{"rendered":"<p>Activitats de Representaci\u00f3 Estudiantil<br \/>\nProcedir\u00e0 el reconeixement de cr\u00e8dits per activitats de representaci\u00f3 estudiantil quan estes es corresponguen amb l&#8217;assumpci\u00f3 de c\u00e0rrecs de representaci\u00f3 estudiantil unipersonals, o per la seua pertinen\u00e7a a \u00f2rgans col\u00b7legiats de la UMH.<br \/>\nCom s&#8217;acrediten?<br \/>\nAportant certificat de l&#8217;\u00f2rgan de la UMH responsable de l&#8217;activitat en el qual figurar\u00e0 el nombre de cr\u00e8dits ECTS [&#8230;]<\/p>\n","protected":false},"author":21925,"featured_media":0,"parent":0,"menu_order":0,"comment_status":"closed","ping_status":"closed","template":"","meta":{"ngg_post_thumbnail":0,"_links_to":"","_links_to_target":""},"_links":{"self":[{"href":"https:\/\/estudios.umh.es\/ca\/wp-json\/wp\/v2\/pages\/19424"}],"collection":[{"href":"https:\/\/estudios.umh.es\/ca\/wp-json\/wp\/v2\/pages"}],"about":[{"href":"https:\/\/estudios.umh.es\/ca\/wp-json\/wp\/v2\/types\/page"}],"author":[{"embeddable":true,"href":"https:\/\/estudios.umh.es\/ca\/wp-json\/wp\/v2\/users\/21925"}],"replies":[{"embeddable":true,"href":"https:\/\/estudios.umh.es\/ca\/wp-json\/wp\/v2\/comments?post=19424"}],"version-history":[{"count":0,"href":"https:\/\/estudios.umh.es\/ca\/wp-json\/wp\/v2\/pages\/19424\/revisions"}],"wp:attachment":[{"href":"https:\/\/estudios.umh.es\/ca\/wp-json\/wp\/v2\/media?parent=19424"}],"curies":[{"name":"wp","href":"https:\/\/api.w.org\/{rel}","templated":true}]}}