{"id":19442,"date":"2025-03-31T14:33:12","date_gmt":"2025-03-31T12:33:12","guid":{"rendered":"https:\/\/estudios.umh.es\/?page_id=19442"},"modified":"2025-11-13T11:46:48","modified_gmt":"2025-11-13T10:46:48","slug":"ensenanzas-de-formacion-permanente","status":"publish","type":"page","link":"https:\/\/estudios.umh.es\/ca\/ensenanzas-de-formacion-permanente\/","title":{"rendered":"ENSENYANCES DE FORMACI\u00d3 PERMANENT"},"content":{"rendered":"<p><\/p>\n<h3>Ensenyances de Formaci\u00f3 Permanent de duraci\u00f3 inferior a 15 ECTS<\/h3>\n<p>Aquelles ensenyances de formaci\u00f3 permanent certificades per la UMH, amb una c\u00e0rrega lectiva inferior a 15 ECTS (certificats de formaci\u00f3 permanent i microcredencials universit\u00e0ries UMH) que contribu\u00efsquen a l&#8217;adquisici\u00f3 de resultats d&#8217;aprenentatge propis del t\u00edtol de grau cursat.<\/p>\n<h3>Com s&#8217;acrediten?<\/h3>\n<p>Aportant certificat de l&#8217;\u00f2rgan de la UMH responsable de l&#8217;activitat en el qual figurar\u00e0 el nombre de cr\u00e8dits ECTS que ser\u00e0 objecte de reconeixement. Es reconeixeran exclusivament les hores lectives d&#8217;este. A un cr\u00e8dit corresponen 25 hores, de les quals el 40% corresponen a les hores lectives impartides en el curs.&nbsp;<\/p>\n<h3>Quins criteris se seguixen per a determinar el n\u00fam. de cr\u00e8dits?<\/h3>\n<ul>\n<li style=\"list-style-type: none\">\n<ul>\n<li>0,5 ECTS per ensenyances de formaci\u00f3 permanent amb una duraci\u00f3 igual o superior a 12,5 hores lectives.<\/li>\n<\/ul>\n<\/li>\n<\/ul>\n<p><\/p>","protected":false},"excerpt":{"rendered":"<p>Ensenyances de Formaci\u00f3 Permanent de duraci\u00f3 inferior a 15 ECTS<br \/>\nAquelles ensenyances de formaci\u00f3 permanent certificades per la UMH, amb una c\u00e0rrega lectiva inferior a 15 ECTS (certificats de formaci\u00f3 permanent i microcredencials universit\u00e0ries UMH) que contribu\u00efsquen a l&#8217;adquisici\u00f3 de resultats d&#8217;aprenentatge propis del t\u00edtol de grau cursat.<br \/>\nCom s&#8217;acrediten?<br \/>\nAportant certificat de l&#8217;\u00f2rgan de la UMH responsable [&#8230;]<\/p>\n","protected":false},"author":21925,"featured_media":0,"parent":0,"menu_order":0,"comment_status":"closed","ping_status":"closed","template":"","meta":{"ngg_post_thumbnail":0,"_links_to":"","_links_to_target":""},"_links":{"self":[{"href":"https:\/\/estudios.umh.es\/ca\/wp-json\/wp\/v2\/pages\/19442"}],"collection":[{"href":"https:\/\/estudios.umh.es\/ca\/wp-json\/wp\/v2\/pages"}],"about":[{"href":"https:\/\/estudios.umh.es\/ca\/wp-json\/wp\/v2\/types\/page"}],"author":[{"embeddable":true,"href":"https:\/\/estudios.umh.es\/ca\/wp-json\/wp\/v2\/users\/21925"}],"replies":[{"embeddable":true,"href":"https:\/\/estudios.umh.es\/ca\/wp-json\/wp\/v2\/comments?post=19442"}],"version-history":[{"count":0,"href":"https:\/\/estudios.umh.es\/ca\/wp-json\/wp\/v2\/pages\/19442\/revisions"}],"wp:attachment":[{"href":"https:\/\/estudios.umh.es\/ca\/wp-json\/wp\/v2\/media?parent=19442"}],"curies":[{"name":"wp","href":"https:\/\/api.w.org\/{rel}","templated":true}]}}