{"id":19454,"date":"2025-03-31T14:51:14","date_gmt":"2025-03-31T12:51:14","guid":{"rendered":"https:\/\/estudios.umh.es\/?page_id=19454"},"modified":"2025-11-13T11:15:28","modified_gmt":"2025-11-13T10:15:28","slug":"actividades-universitarias-solidarias-y-de-cooperacion","status":"publish","type":"page","link":"https:\/\/estudios.umh.es\/ca\/actividades-universitarias-solidarias-y-de-cooperacion\/","title":{"rendered":"ACTIVITATS UNIVERSIT\u00c0RIES SOLID\u00c0RIES I DE COOPERACI\u00d3"},"content":{"rendered":"<p><\/p>\n<h3>Activitats Universit\u00e0ries Solid\u00e0ries i de Cooperaci\u00f3<\/h3>\n<p>Les activitats universit\u00e0ries solid\u00e0ries i de cooperaci\u00f3 s\u00f3n aquelles accions dirigides a fomentar la participaci\u00f3 social, el voluntariat, la cooperaci\u00f3 internacional i l&#8217;acompanyament d&#8217;estudiants estrangers d&#8217;intercanvi.<\/p>\n<h3>Com s&#8217;acrediten?<\/h3>\n<p>Aportant certificat de l&#8217;\u00f2rgan de la UMH responsable de l&#8217;activitat en el qual figurar\u00e0 el nombre de cr\u00e8dits *ECTS que ser\u00e0 objecte de reconeixement.<\/p>\n<h3>Quins criteris se seguixen per a determinar el n\u00fam. de cr\u00e8dits?<\/h3>\n<ul>\n<li style=\"list-style-type: none\">\n<ul>\n<li>0,5 ECTS per activitats amb una duraci\u00f3 igual o superior a 12,5 hores.<\/li>\n<li>Si l&#8217;activitat \u00e9s superior s&#8217;establir\u00e0 l&#8217;equival\u00e8ncia corresponent.<\/li>\n<li>No caben activitats amb una duraci\u00f3 menor a 10 hores.<\/li>\n<\/ul>\n<\/li>\n<\/ul>\n<p><\/p>","protected":false},"excerpt":{"rendered":"<p>Activitats Universit\u00e0ries Solid\u00e0ries i de Cooperaci\u00f3<br \/>\nLes activitats universit\u00e0ries solid\u00e0ries i de cooperaci\u00f3 s\u00f3n aquelles accions dirigides a fomentar la participaci\u00f3 social, el voluntariat, la cooperaci\u00f3 internacional i l&#8217;acompanyament d&#8217;estudiants estrangers d&#8217;intercanvi.<br \/>\nCom s&#8217;acrediten?<br \/>\nAportant certificat de l&#8217;\u00f2rgan de la UMH responsable de l&#8217;activitat en el qual figurar\u00e0 el nombre de cr\u00e8dits *ECTS que ser\u00e0 objecte de reconeixement.<br \/>\nQuins [&#8230;]<\/p>\n","protected":false},"author":21925,"featured_media":0,"parent":0,"menu_order":0,"comment_status":"closed","ping_status":"closed","template":"","meta":{"ngg_post_thumbnail":0,"_links_to":"","_links_to_target":""},"_links":{"self":[{"href":"https:\/\/estudios.umh.es\/ca\/wp-json\/wp\/v2\/pages\/19454"}],"collection":[{"href":"https:\/\/estudios.umh.es\/ca\/wp-json\/wp\/v2\/pages"}],"about":[{"href":"https:\/\/estudios.umh.es\/ca\/wp-json\/wp\/v2\/types\/page"}],"author":[{"embeddable":true,"href":"https:\/\/estudios.umh.es\/ca\/wp-json\/wp\/v2\/users\/21925"}],"replies":[{"embeddable":true,"href":"https:\/\/estudios.umh.es\/ca\/wp-json\/wp\/v2\/comments?post=19454"}],"version-history":[{"count":0,"href":"https:\/\/estudios.umh.es\/ca\/wp-json\/wp\/v2\/pages\/19454\/revisions"}],"wp:attachment":[{"href":"https:\/\/estudios.umh.es\/ca\/wp-json\/wp\/v2\/media?parent=19454"}],"curies":[{"name":"wp","href":"https:\/\/api.w.org\/{rel}","templated":true}]}}