{"id":19837,"date":"2025-06-30T08:39:29","date_gmt":"2025-06-30T06:39:29","guid":{"rendered":"https:\/\/estudios.umh.es\/?page_id=19837"},"modified":"2025-07-01T13:33:42","modified_gmt":"2025-07-01T11:33:42","slug":"resultados-provisionales-de-admision-en-masteres-universitarios-correspondientes-al-primer-plazo-de-preinscripcion-2","status":"publish","type":"page","link":"https:\/\/estudios.umh.es\/ca\/resultados-provisionales-de-admision-en-masteres-universitarios-correspondientes-al-primer-plazo-de-preinscripcion-2\/","title":{"rendered":"<span lang=\"es\">(Espa\u00f1ol) RESULTADOS PROVISIONALES DE ADMISI\u00d3N EN M\u00c1STERES UNIVERSITARIOS CORRESPONDIENTES AL PRIMER PLAZO DE PREINSCRIPCI\u00d3N<\/span>"},"content":{"rendered":"<p class=\"qtranxs-available-languages-message qtranxs-available-languages-message-ca\">Ho sentim, aquesta entrada es troba disponible \u00fanicament en <a href=\"https:\/\/estudios.umh.es\/es\/wp-json\/wp\/v2\/pages\/19837\" class=\"qtranxs-available-language-link qtranxs-available-language-link-es\" title=\"Espa\u00f1ol\">Espanyol Europeu<\/a>.<\/p>","protected":false},"excerpt":{"rendered":"<p>Ho sentim, aquesta entrada es troba disponible \u00fanicament en Espanyol Europeu.<\/p>\n","protected":false},"author":3329,"featured_media":0,"parent":0,"menu_order":0,"comment_status":"closed","ping_status":"closed","template":"","meta":{"ngg_post_thumbnail":0,"_links_to":"","_links_to_target":""},"_links":{"self":[{"href":"https:\/\/estudios.umh.es\/ca\/wp-json\/wp\/v2\/pages\/19837"}],"collection":[{"href":"https:\/\/estudios.umh.es\/ca\/wp-json\/wp\/v2\/pages"}],"about":[{"href":"https:\/\/estudios.umh.es\/ca\/wp-json\/wp\/v2\/types\/page"}],"author":[{"embeddable":true,"href":"https:\/\/estudios.umh.es\/ca\/wp-json\/wp\/v2\/users\/3329"}],"replies":[{"embeddable":true,"href":"https:\/\/estudios.umh.es\/ca\/wp-json\/wp\/v2\/comments?post=19837"}],"version-history":[{"count":0,"href":"https:\/\/estudios.umh.es\/ca\/wp-json\/wp\/v2\/pages\/19837\/revisions"}],"wp:attachment":[{"href":"https:\/\/estudios.umh.es\/ca\/wp-json\/wp\/v2\/media?parent=19837"}],"curies":[{"name":"wp","href":"https:\/\/api.w.org\/{rel}","templated":true}]}}